{"id":5582,"date":"2023-02-23T11:06:56","date_gmt":"2023-02-23T17:06:56","guid":{"rendered":"https:\/\/tecsecmty.com\/index.php\/producto\/kit-de-5-rd-5g30-antena-direccional-para-punto-de-acceso-5-ghz-ganancia-30dbi-mimo-y-1-rd-5g-31ac-ofertasubiquiti-losindispensables\/"},"modified":"2023-03-22T23:23:37","modified_gmt":"2023-03-23T05:23:37","slug":"kit-de-5-rd-5g30-antena-direccional-para-punto-de-acceso-5-ghz-ganancia-30dbi-mimo-y-1-rd-5g-31ac-ofertasubiquiti-losindispensables","status":"publish","type":"product","link":"https:\/\/tecsecmty.com\/index.php\/producto\/kit-de-5-rd-5g30-antena-direccional-para-punto-de-acceso-5-ghz-ganancia-30dbi-mimo-y-1-rd-5g-31ac-ofertasubiquiti-losindispensables\/","title":{"rendered":"KIT de 5 RD-5G30 ANTENA DIRECCIONAL PARA PUNTO DE ACCESO\/ 5 GHZ\/ GANANCIA 30DBI\/ MIMO Y 1 RD-5G-31AC #OfertasUbiquiti #LosIndispensables"},"content":{"rendered":"<div class=\"col-md-5 order-md-2\"><img decoding=\"async\" class=\"d-block m-auto img-thumbnail\" src=\"https:\/\/tvc.mx\/media\/430379\/CP-UBIQUITINETWORKS-RD-5G30-1-%281%29.png\" alt=\" \" \/><\/div>\n<div class=\"col-md-7 order-md-1 text-md-left text-center\">\n<h2>ROCKETDISH RD5G30<\/h2>\n<p class=\"text-muted\">\n<p>Instant\u00e1neamente se empareja con el Rocket M5 para crear un Bridge inal\u00e1mbrico punto a punto MIMO 2\u00d72. La base de montaje para el Rocket M y los pigtails se incluyen con la antena.<\/p>\n<\/div>\n<p>&nbsp;<\/p>\n<p>&nbsp;<\/p>\n<p>&nbsp;<\/p>\n<p>&nbsp;<\/p>\n<p>&nbsp;<\/p>\n<p>&nbsp;<\/p>\n<p>&nbsp;<\/p>\n<p>&nbsp;<\/p>\n<p>&nbsp;<\/p>\n<hr class=\"padding-bottom-2x\" \/>\n<div class=\"row align-items-center padding-bottom-2x\">\n<div class=\"col-md-5\"><img decoding=\"async\" class=\"d-block m-auto img-thumbnail\" src=\"https:\/\/tvc.mx\/media\/430383\/fvwfef-%281%29.png\" alt=\" \" \/><\/div>\n<div class=\"col-md-7 text-md-left text-center\">\n<h2>Dise\u00f1o Breakthrough y rendimiento<\/h2>\n<p class=\"text-muted\">\n<p>Tanto el Rocket M como el Rocket Dish han sido desarrollados para operar juntos de modo transparente. No es necesaria ninguna herramienta especial para montar el Rocket M en la antena Rocket Dish, simplemente se desliza en el montaje espec\u00edficamente dise\u00f1ado para este prop\u00f3sito.<\/p>\n<p>Los poderosos AIRMAX\u00a0\u00ae\u00a0RocketDish\u00a0\u2122\u00a0Antenas cuentan la construcci\u00f3n de clase portadora y 2\u00d72, rendimiento de doble polaridad.<\/p>\n<p>&nbsp;<\/p>\n<\/div>\n<\/div>\n<hr class=\"padding-bottom-2x\" \/>\n<div class=\"row align-items-center padding-bottom-2x\">\n<div class=\"col-md-5 order-md-2\"><img decoding=\"async\" class=\"d-block m-auto img-thumbnail\" src=\"https:\/\/tvc.mx\/media\/430387\/RocketDish5g31Back.png\" alt=\" \" \/><\/div>\n<div class=\"col-md-7 order-md-1 text-md-left text-center\">\n<h2>RD-5G31-AC<\/h2>\n<p class=\"text-muted\">\n<p>Las antenas RocketDish AC cuentan con avances significativos en escalabilidad, aislamiento de ruido y rendimiento del haz de transmisi\u00f3n que complementan a los equipos Rocket 5ac para las funciones de punto a punto (PtP). Estos equipos son compatibles con los equipos Rocket M5; sin embargo, para tener un \u00f3ptimo funcionamiento en el rendimiento se requiere de equipos Rocket 5ac.<\/p>\n<p>&nbsp;<\/p>\n<\/div>\n<\/div>\n<hr class=\"padding-bottom-2x\" \/>\n<div class=\"row align-items-center padding-bottom-2x\">\n<div class=\"col-md-5\"><img decoding=\"async\" class=\"d-block m-auto img-thumbnail\" src=\"https:\/\/tvc.mx\/media\/430391\/FeatureInterference.png\" alt=\" \" \/><\/div>\n<div class=\"col-md-7 text-md-left text-center\">\n<h2>Reducci\u00f3n de interferencia para una alta ganancia<\/h2>\n<p class=\"text-muted\">\n<p>Las mejoras en el rango F\/B y la disminuci\u00f3n de los l\u00f3bulos laterales reducen significativamente la interferencia, por tal motivo la innovaci\u00f3n en este tipo de antenas es para proveer una ganancia superior y un rendimiento superior del haz para una alta capacidad.<\/p>\n<p>&nbsp;<\/p>\n<\/div>\n<\/div>\n<hr class=\"padding-bottom-2x\" \/>\n<div class=\"row align-items-center padding-bottom-2x\">\n<div class=\"col-md-5 order-md-2\"><img decoding=\"async\" class=\"d-block m-auto img-thumbnail\" src=\"https:\/\/tvc.mx\/media\/430395\/Dise%C3%B1o-sin-t%C3%ADtulo%282%29-min%281%29.png\" alt=\" \" \/><\/div>\n<div class=\"col-md-7 order-md-1 text-md-left text-center\">\n<h2>Caracter\u00edsticas del kit<\/h2>\n<p class=\"text-muted\">\n<p>Incluye:<\/p>\n<ul>\n<li>5 x Antena RD-5G-30<\/li>\n<li>1 x Antena RD-5G-31AC<\/li>\n<\/ul>\n<\/div>\n<\/div>\n","protected":false},"excerpt":{"rendered":"<p>ROCKETDISH RD5G30 Instant\u00e1neamente se empareja con el Rocket M5 para crear un Bridge inal\u00e1mbrico punto a punto MIMO 2\u00d72. La base de montaje para el Rocket M y los pigtails se incluyen con la antena. &nbsp; &nbsp; &nbsp; &nbsp; &nbsp; &nbsp; &nbsp; &nbsp; &nbsp; Dise\u00f1o&hellip;<\/p>\n","protected":false},"featured_media":5581,"comment_status":"open","ping_status":"closed","template":"","meta":{"om_disable_all_campaigns":false,"_monsterinsights_skip_tracking":false,"_monsterinsights_sitenote_active":false,"_monsterinsights_sitenote_note":"","_monsterinsights_sitenote_category":0},"product_brand":[],"product_cat":[487],"product_tag":[438,437,431,436,434,439,432,433,435,185,430],"class_list":{"0":"post-5582","1":"product","2":"type-product","3":"status-publish","4":"has-post-thumbnail","6":"product_cat-paquetes","7":"product_tag-controladores","8":"product_tag-fibra","9":"product_tag-networkin","10":"product_tag-poe","11":"product_tag-ptp-y-ptmp","12":"product_tag-punto-de-acceso","13":"product_tag-redes","14":"product_tag-sectoriales","15":"product_tag-switches-poe","16":"product_tag-tranceptores","17":"product_tag-ubiquiti","19":"first","20":"instock","21":"sale","22":"taxable","23":"shipping-taxable","24":"purchasable","25":"product-type-simple"},"aioseo_notices":[],"_links":{"self":[{"href":"https:\/\/tecsecmty.com\/index.php\/wp-json\/wp\/v2\/product\/5582","targetHints":{"allow":["GET"]}}],"collection":[{"href":"https:\/\/tecsecmty.com\/index.php\/wp-json\/wp\/v2\/product"}],"about":[{"href":"https:\/\/tecsecmty.com\/index.php\/wp-json\/wp\/v2\/types\/product"}],"replies":[{"embeddable":true,"href":"https:\/\/tecsecmty.com\/index.php\/wp-json\/wp\/v2\/comments?post=5582"}],"version-history":[{"count":0,"href":"https:\/\/tecsecmty.com\/index.php\/wp-json\/wp\/v2\/product\/5582\/revisions"}],"wp:featuredmedia":[{"embeddable":true,"href":"https:\/\/tecsecmty.com\/index.php\/wp-json\/wp\/v2\/media\/5581"}],"wp:attachment":[{"href":"https:\/\/tecsecmty.com\/index.php\/wp-json\/wp\/v2\/media?parent=5582"}],"wp:term":[{"taxonomy":"product_brand","embeddable":true,"href":"https:\/\/tecsecmty.com\/index.php\/wp-json\/wp\/v2\/product_brand?post=5582"},{"taxonomy":"product_cat","embeddable":true,"href":"https:\/\/tecsecmty.com\/index.php\/wp-json\/wp\/v2\/product_cat?post=5582"},{"taxonomy":"product_tag","embeddable":true,"href":"https:\/\/tecsecmty.com\/index.php\/wp-json\/wp\/v2\/product_tag?post=5582"}],"curies":[{"name":"wp","href":"https:\/\/api.w.org\/{rel}","templated":true}]}}