{"id":5584,"date":"2023-02-23T11:06:58","date_gmt":"2023-02-23T17:06:58","guid":{"rendered":"https:\/\/tecsecmty.com\/index.php\/producto\/kit-switch-utepo-con-protector-contra-descargas-electricas-y-electrostaticas-switch-poe-de-5-puertos-fast-ethernet-4-puertos-poe-60-watts-totales-802-3af-at-no-administrable-protector-de-descar\/"},"modified":"2023-03-22T23:23:37","modified_gmt":"2023-03-23T05:23:37","slug":"kit-switch-utepo-con-protector-contra-descargas-electricas-y-electrostaticas-switch-poe-de-5-puertos-fast-ethernet-4-puertos-poe-60-watts-totales-802-3af-at-no-administrable-protector-de-descar","status":"publish","type":"product","link":"https:\/\/tecsecmty.com\/index.php\/producto\/kit-switch-utepo-con-protector-contra-descargas-electricas-y-electrostaticas-switch-poe-de-5-puertos-fast-ethernet-4-puertos-poe-60-watts-totales-802-3af-at-no-administrable-protector-de-descar\/","title":{"rendered":"KIT- Switch UTEPO con protector contra descargas el\u00e9ctricas y electrost\u00e1ticas\/ Switch PoE de 5 Puertos Fast Ethernet\/ 4 Puertos PoE\/ 60 Watts Totales\/802.3af &amp; at\/ No administrable\/Protector de descargas el\u00e9ctricas y electrost\u00e1ticas para equipos de red"},"content":{"rendered":"<div class=\"row aling-items-center padding-bottom-2x\">\n<div class=\"col-lg-12\">\n<h5 class=\"card-title text-center\">Puertos Fast Ethernet<\/h5>\n<p>El switch Utepo UTP1SW0401TP60 cuenta con 4 puertos PoE completamente para la descarga (Downlink) de informaci\u00f3n, puede conectar hasta 4 c\u00e1maras PoE sin necesidad de conectarlas a una fuente externa (siempre y cuando su consumo de corriente no sobrepase el total que soporta el equipo). Adicionalmente cuenta con 1 puerto para subida (Uplink) de informaci\u00f3n y as\u00ed poder tener comunicaci\u00f3n con su NVR, servidor.<\/p>\n<p><img decoding=\"async\" class=\"overview-center-img-web\" src=\"https:\/\/tvc.mx\/media\/632622\/App1.png\" alt=\"\" \/><\/div>\n<\/div>\n<div class=\"row aling-items-center padding-bottom-2x\">\n<div class=\"col-lg-12\">\n<h5 class=\"card-title text-center\">Funci\u00f3n One key CCTV.<\/h5>\n<p>Cuenta con la capacidad de que \u00fanicamente moviendo un interruptor active la funci\u00f3n de \u00abone key CCTV\u00bb lo cual automaticamente habilita una VLAN para que los dispositivos que conecte en sus 4 puertos PoE no se puedan ver entre ellos mismos y a su vez ayuda a reducir las tormentas de red para proteger su informaci\u00f3n y gracias a esta funci\u00f3n permite poder expander su red ethernet hasta 250m de distancia.<\/p>\n<p>El puerto Uplink sigue manteniendo su est\u00e1ndar de distancia de transmisi\u00f3n: 100m.<\/p>\n<p><img decoding=\"async\" class=\"overview-center-img-web\" src=\"https:\/\/tvc.mx\/media\/632638\/ONEKEYCCTV.png\" alt=\"\" \/><\/div>\n<\/div>\n<div class=\"row aling-items-center padding-bottom-2x\">\n<div class=\"col-lg-12\">\n<h5 class=\"card-title text-center\">Adaptable para ambientes complejos.<\/h5>\n<p>Gracias a su capacidad y funcionamiento, este modelo de switches Saxxon cuentan con la capacidad de trabajar en ambientes extremos de temperaturas, as\u00ed como su gran capacidad de inmunidad de sobrecargas.<\/p>\n<p><img decoding=\"async\" class=\"overview-center-img-web\" src=\"https:\/\/tvc.mx\/media\/632642\/clima.png\" alt=\"\" \/><\/div>\n<\/div>\n<div class=\"row aling-items-center padding-bottom-2x\">\n<div class=\"col-lg-12\">\n<h5 class=\"card-title text-center\">Especificaciones t\u00e9cnicas<\/h5>\n<p>Est\u00e1ndar PoE: 802.3af\/at.<\/p>\n<p>Corriente de entrada: 48V ~ 54VDC<\/p>\n<p>Temperatura de operaci\u00f3n: -10\u00b0C\u00a0~ 55\u00b0C.<\/p>\n<p>Dimensiones: 135mm * 85.6mm * 27mm.<\/p>\n<p><img decoding=\"async\" class=\"overview-center-img-web\" src=\"https:\/\/tvc.mx\/media\/632662\/LogoUtepo.png\" alt=\"\" \/><\/div>\n<\/div>\n<div class=\"row aling-items-center padding-bottom-2x\">\n<div class=\"col-lg-12\">\n<h5 class=\"card-title text-center\">Protecci\u00f3n contra descargas superior.<\/h5>\n<p class=\"ql-align-justify\">Los supresores de descargas USP201E est\u00e1n basados en el est\u00e1ndar IEC61643-21:2000, ya que cuentan con una protecci\u00f3n contra descargas integrada tanto para la se\u00f1al de red como para la corriente. Cuentan con caracter\u00edsticas de protecci\u00f3n multi nivel tales como; descarga de corriente m\u00e1xima, limitaci\u00f3n de voltaje bajo reacci\u00f3n r\u00e1pida en tiempo corto, etc.<\/p>\n<h5>Ideal para video vigilancia.<\/h5>\n<p>Estos supresores de voltaje pueden ser adaptados en la se\u00f1al de datos para la protecci\u00f3n de la corriente sobre voltaje en c\u00e1maras IP HD y exenta el da\u00f1o causado por la reacci\u00f3n de un sobre voltaje, operaci\u00f3n de sobre voltaje, descargas de electricidad est\u00e1tica, etc. Por tal motivo es ampliamente utilizada en video vigilancia y ambientes si<\/p>\n<h5>Especificaciones t\u00e9cnicas.<\/h5>\n<p class=\"ql-align-justify\">Voltaje de funcionamiento: 5V.<\/p>\n<p class=\"ql-align-justify\">Corriente nominal de descarga: 3KA.<\/p>\n<p class=\"ql-align-justify\">Nivel de protecci\u00f3n: 25V.<\/p>\n<p class=\"ql-align-justify\">Tasa de transferencia: 10\/100Mbps.<\/p>\n<p class=\"ql-align-justify\">Temperatura de funcionamiento: -40\u00b0C ~ 85\u00b0C.<\/p>\n<p class=\"ql-align-justify\">Temperatura de almacenamiento: -40\u00b0C ~ 75\u00b0C.<\/p>\n<p class=\"ql-align-justify\">Humedad: 0 ~ 95% (sin condensaci\u00f3n).<\/p>\n<\/div>\n<\/div>\n","protected":false},"excerpt":{"rendered":"<p>Puertos Fast Ethernet El switch Utepo UTP1SW0401TP60 cuenta con 4 puertos PoE completamente para la descarga (Downlink) de informaci\u00f3n, puede conectar hasta 4 c\u00e1maras PoE sin necesidad de conectarlas a una fuente externa (siempre y cuando su consumo de corriente no sobrepase el total que&hellip;<\/p>\n","protected":false},"featured_media":5583,"comment_status":"open","ping_status":"closed","template":"","meta":{"om_disable_all_campaigns":false,"_monsterinsights_skip_tracking":false,"_monsterinsights_sitenote_active":false,"_monsterinsights_sitenote_note":"","_monsterinsights_sitenote_category":0},"product_brand":[],"product_cat":[489],"product_tag":[438,437,431,436,434,439,432,433,435,185,430],"class_list":{"0":"post-5584","1":"product","2":"type-product","3":"status-publish","4":"has-post-thumbnail","6":"product_cat-paquetes-soluciones-de-red-utepo","7":"product_tag-controladores","8":"product_tag-fibra","9":"product_tag-networkin","10":"product_tag-poe","11":"product_tag-ptp-y-ptmp","12":"product_tag-punto-de-acceso","13":"product_tag-redes","14":"product_tag-sectoriales","15":"product_tag-switches-poe","16":"product_tag-tranceptores","17":"product_tag-ubiquiti","19":"first","20":"instock","21":"sale","22":"taxable","23":"shipping-taxable","24":"purchasable","25":"product-type-simple"},"aioseo_notices":[],"_links":{"self":[{"href":"https:\/\/tecsecmty.com\/index.php\/wp-json\/wp\/v2\/product\/5584","targetHints":{"allow":["GET"]}}],"collection":[{"href":"https:\/\/tecsecmty.com\/index.php\/wp-json\/wp\/v2\/product"}],"about":[{"href":"https:\/\/tecsecmty.com\/index.php\/wp-json\/wp\/v2\/types\/product"}],"replies":[{"embeddable":true,"href":"https:\/\/tecsecmty.com\/index.php\/wp-json\/wp\/v2\/comments?post=5584"}],"version-history":[{"count":0,"href":"https:\/\/tecsecmty.com\/index.php\/wp-json\/wp\/v2\/product\/5584\/revisions"}],"wp:featuredmedia":[{"embeddable":true,"href":"https:\/\/tecsecmty.com\/index.php\/wp-json\/wp\/v2\/media\/5583"}],"wp:attachment":[{"href":"https:\/\/tecsecmty.com\/index.php\/wp-json\/wp\/v2\/media?parent=5584"}],"wp:term":[{"taxonomy":"product_brand","embeddable":true,"href":"https:\/\/tecsecmty.com\/index.php\/wp-json\/wp\/v2\/product_brand?post=5584"},{"taxonomy":"product_cat","embeddable":true,"href":"https:\/\/tecsecmty.com\/index.php\/wp-json\/wp\/v2\/product_cat?post=5584"},{"taxonomy":"product_tag","embeddable":true,"href":"https:\/\/tecsecmty.com\/index.php\/wp-json\/wp\/v2\/product_tag?post=5584"}],"curies":[{"name":"wp","href":"https:\/\/api.w.org\/{rel}","templated":true}]}}