{"id":5588,"date":"2023-02-23T11:07:02","date_gmt":"2023-02-23T17:07:02","guid":{"rendered":"https:\/\/tecsecmty.com\/index.php\/producto\/kit-de-10-litebeam-2x2-mimo-airmax-ac-gen2-cpe-hasta-450-mbps-5-ghz-5150-5875-mhz-con-antena-integrada-de-23-dbi-hotsale-ofertasubiquiti-losindispensables\/"},"modified":"2023-03-22T23:23:37","modified_gmt":"2023-03-23T05:23:37","slug":"kit-de-10-litebeam-2x2-mimo-airmax-ac-gen2-cpe-hasta-450-mbps-5-ghz-5150-5875-mhz-con-antena-integrada-de-23-dbi-hotsale-ofertasubiquiti-losindispensables","status":"publish","type":"product","link":"https:\/\/tecsecmty.com\/index.php\/producto\/kit-de-10-litebeam-2x2-mimo-airmax-ac-gen2-cpe-hasta-450-mbps-5-ghz-5150-5875-mhz-con-antena-integrada-de-23-dbi-hotsale-ofertasubiquiti-losindispensables\/","title":{"rendered":"Kit de 10 LiteBeam 2&#215;2 MIMO airMAX AC GEN2 CPE hasta 450 Mbps, 5 GHz (5150 &#8211; 5875 MHz) con antena integrada de 23 dBi # HOTSALE #OfertasUbiquiti #LosIndispensables"},"content":{"rendered":"<p><img decoding=\"async\" class=\"d-block m-auto img-thumbnail\" src=\"https:\/\/tvc.mx\/media\/434359\/LBE5ACGEN2a-%281%29.png\" alt=\" \" \/><\/p>\n<h2>Descripci\u00f3n General<\/h2>\n<p class=\"text-muted\">\n<p>Ubiquiti Networks lanza la \u00faltima generaci\u00f3n de CPE airMAX\u00ae (Equipo Local del Cliente), el LiteBeam\u00ae 5AC Gen 2, con Gesti\u00f3n de Wi-Fi.<\/p>\n<p>Inmunidad al Ruido Mejorada, La LiteBeam 5AC Gen 2 dirige la energ\u00eda de RF en una anchura de haz m\u00e1s estrecha, Con el enfoque en una direcci\u00f3n, el LiteBeam 5AC Gen 2 bloquea o filtra espacialmente el ruido, por lo que se mejora la inmunidad al ruido. Esta caracter\u00edstica es especialmente importante en un \u00e1rea llena de otras se\u00f1ales de RF o de una frecuencia similar.<\/p>\n<p>&nbsp;<\/p>\n<p>&nbsp;<\/p>\n<hr class=\"padding-bottom-2x\" \/>\n<div class=\"row align-items-center padding-bottom-2x\">\n<div class=\"col-md-5\"><img decoding=\"async\" class=\"d-block m-auto img-thumbnail\" src=\"https:\/\/tvc.mx\/media\/434363\/FeatureMobile1-%281%29.png\" alt=\" \" \/><\/div>\n<div class=\"col-md-7 text-md-left text-center\">\n<h2>Administraci\u00f3n del equipo mediante Wi-Fi<\/h2>\n<p class=\"text-muted\">\n<p>El LiteBeam\u00ae AC integra una radio Wifi separada para una configuraci\u00f3n r\u00e1pida y f\u00e1cil con su dispositivo m\u00f3vil.<\/p>\n<\/div>\n<\/div>\n<p>&nbsp;<\/p>\n<hr class=\"padding-bottom-2x\" \/>\n<div class=\"row align-items-center padding-bottom-2x\">\n<div class=\"col-md-5 order-md-2\"><img decoding=\"async\" class=\"d-block m-auto img-thumbnail\" src=\"https:\/\/tvc.mx\/media\/434367\/litebeam-features-surge-%281%29.png\" alt=\" \" \/><\/div>\n<div class=\"col-md-7 order-md-1 text-md-left text-center\">\n<h2>Protecci\u00f3n contra descargas mejorada y f\u00e1cil montaje<\/h2>\n<p class=\"text-muted\">\n<p>Con una protecci\u00f3n mejorada contra eventos ESD, el LiteBeam\u00ae AC ofrece un montaje m\u00e1s robusto con ajustes de acimut y elevaci\u00f3n por separado.<\/p>\n<\/div>\n<\/div>\n<p>&nbsp;<\/p>\n<hr class=\"padding-bottom-2x\" \/>\n<div class=\"row align-items-center padding-bottom-2x\">\n<div class=\"col-md-5\"><img decoding=\"async\" class=\"d-block m-auto img-thumbnail\" src=\"https:\/\/tvc.mx\/media\/434371\/hrthtyhn-%281%29.png\" alt=\" \" \/><\/div>\n<div class=\"col-md-7 text-md-left text-center\">\n<h2>Principales Caracter\u00edsticas<\/h2>\n<p class=\"text-muted\">\n<ul>\n<li>1 puerto de datos 10\/100\/1000 Mbps.<\/li>\n<li>airOS\u00ae 8.<\/li>\n<li>Modos de operaci\u00f3n: Access Point, Estaci\u00f3n.<\/li>\n<li>Anchos de canal ajustable: PtP: 10\/20\/30\/40\/50\/60\/80 MHz.<\/li>\n<li>PtMP: 10\/20\/30\/40 MHz.<\/li>\n<li>Dise\u00f1o radio con antena integrada.<\/li>\n<li>Radio con administraci\u00f3n en 2.4 GHz.<\/li>\n<li>Inmunidad al ruido mejorada.<\/li>\n<li>Alimentaci\u00f3n: 24 VDC, 0.3 A.<\/li>\n<li>Dimensiones: 358 x 271.95 x 272.5 mm.<\/li>\n<li>Peso: 800 g.<\/li>\n<li>Temperatura de operaci\u00f3n: -40 a 70 \u00b0C.<\/li>\n<\/ul>\n<\/div>\n<\/div>\n<p>&nbsp;<\/p>\n<p>&nbsp;<\/p>\n<hr class=\"padding-bottom-2x\" \/>\n<div class=\"row align-items-center padding-bottom-2x\">\n<div class=\"col-md-5 order-md-2\"><img decoding=\"async\" class=\"d-block m-auto img-thumbnail\" src=\"https:\/\/tvc.mx\/media\/434375\/rgdgf-%281%29.png\" alt=\" \" \/><\/div>\n<div class=\"col-md-7 order-md-1 text-md-left text-center\">\n<h2>Incluye<\/h2>\n<p class=\"text-muted\">\n<ul>\n<li>LBE-5AC-GEN2 (10)<\/li>\n<li>Bocina de alimentaci\u00f3n<\/li>\n<li>Panel reflector central<\/li>\n<li>Paneles reflectores laterales (cant.: 2)<\/li>\n<li>Receptor de alimentaci\u00f3n<\/li>\n<li>Montaje de acimut<\/li>\n<li>Montaje de elevaci\u00f3n<\/li>\n<li>Tira de metal<\/li>\n<li>Kit de tuerca de mariposa<\/li>\n<li>Gigabit PoE* (24 Vcd, 0.3A) con soporte de montaje<\/li>\n<li>Cable de alimentaci\u00f3n<\/li>\n<\/ul>\n<\/div>\n<\/div>\n","protected":false},"excerpt":{"rendered":"<p>Descripci\u00f3n General Ubiquiti Networks lanza la \u00faltima generaci\u00f3n de CPE airMAX\u00ae (Equipo Local del Cliente), el LiteBeam\u00ae 5AC Gen 2, con Gesti\u00f3n de Wi-Fi. Inmunidad al Ruido Mejorada, La LiteBeam 5AC Gen 2 dirige la energ\u00eda de RF en una anchura de haz m\u00e1s estrecha,&hellip;<\/p>\n","protected":false},"featured_media":5587,"comment_status":"open","ping_status":"closed","template":"","meta":{"om_disable_all_campaigns":false,"_monsterinsights_skip_tracking":false,"_monsterinsights_sitenote_active":false,"_monsterinsights_sitenote_note":"","_monsterinsights_sitenote_category":0},"product_brand":[],"product_cat":[487],"product_tag":[438,437,431,436,434,439,432,433,435,185,430],"class_list":{"0":"post-5588","1":"product","2":"type-product","3":"status-publish","4":"has-post-thumbnail","6":"product_cat-paquetes","7":"product_tag-controladores","8":"product_tag-fibra","9":"product_tag-networkin","10":"product_tag-poe","11":"product_tag-ptp-y-ptmp","12":"product_tag-punto-de-acceso","13":"product_tag-redes","14":"product_tag-sectoriales","15":"product_tag-switches-poe","16":"product_tag-tranceptores","17":"product_tag-ubiquiti","19":"first","20":"instock","21":"sale","22":"taxable","23":"shipping-taxable","24":"purchasable","25":"product-type-simple"},"aioseo_notices":[],"_links":{"self":[{"href":"https:\/\/tecsecmty.com\/index.php\/wp-json\/wp\/v2\/product\/5588","targetHints":{"allow":["GET"]}}],"collection":[{"href":"https:\/\/tecsecmty.com\/index.php\/wp-json\/wp\/v2\/product"}],"about":[{"href":"https:\/\/tecsecmty.com\/index.php\/wp-json\/wp\/v2\/types\/product"}],"replies":[{"embeddable":true,"href":"https:\/\/tecsecmty.com\/index.php\/wp-json\/wp\/v2\/comments?post=5588"}],"version-history":[{"count":0,"href":"https:\/\/tecsecmty.com\/index.php\/wp-json\/wp\/v2\/product\/5588\/revisions"}],"wp:featuredmedia":[{"embeddable":true,"href":"https:\/\/tecsecmty.com\/index.php\/wp-json\/wp\/v2\/media\/5587"}],"wp:attachment":[{"href":"https:\/\/tecsecmty.com\/index.php\/wp-json\/wp\/v2\/media?parent=5588"}],"wp:term":[{"taxonomy":"product_brand","embeddable":true,"href":"https:\/\/tecsecmty.com\/index.php\/wp-json\/wp\/v2\/product_brand?post=5588"},{"taxonomy":"product_cat","embeddable":true,"href":"https:\/\/tecsecmty.com\/index.php\/wp-json\/wp\/v2\/product_cat?post=5588"},{"taxonomy":"product_tag","embeddable":true,"href":"https:\/\/tecsecmty.com\/index.php\/wp-json\/wp\/v2\/product_tag?post=5588"}],"curies":[{"name":"wp","href":"https:\/\/api.w.org\/{rel}","templated":true}]}}