{"id":5594,"date":"2023-02-23T11:07:07","date_gmt":"2023-02-23T17:07:07","guid":{"rendered":"https:\/\/tecsecmty.com\/index.php\/producto\/kit-para-enlace-ptp-airfiber-af-5xhd-con-antena-fiber-34-dbi-slam-45-incluye-protectores-de-linea-ofertasubiquiti-losindispensables\/"},"modified":"2023-03-22T23:23:37","modified_gmt":"2023-03-23T05:23:37","slug":"kit-para-enlace-ptp-airfiber-af-5xhd-con-antena-fiber-34-dbi-slam-45-incluye-protectores-de-linea-ofertasubiquiti-losindispensables","status":"publish","type":"product","link":"https:\/\/tecsecmty.com\/index.php\/producto\/kit-para-enlace-ptp-airfiber-af-5xhd-con-antena-fiber-34-dbi-slam-45-incluye-protectores-de-linea-ofertasubiquiti-losindispensables\/","title":{"rendered":"Kit para enlace PTP Airfiber AF-5XHD con Antena Fiber 34 dBi Slam-45 incluye protectores de linea #OfertasUbiquiti #LosIndispensables"},"content":{"rendered":"<div class=\"row align-items-center padding-bottom-2x\">\n<div class=\"col-md-7 order-md-1 text-md-left text-center\">\n<h2>AF-5XHD<\/h2>\n<p class=\"text-muted\">\n<p>Ubiquiti contin\u00faa revolucionando el mercado de banda ancha inal\u00e1mbrica con la revolucionaria tecnolog\u00eda LTU que supera las limitaciones de la tecnolog\u00eda Wi-Fi 802.11.\u00a0Dise\u00f1ado para su uso en la banda de frecuencia de 5 GHz, la nueva AirFiber\u00ae AF-5XHD es la primera radio LTU de Ubiquiti, que ofrece mayores anchos de banda de canales de hasta 100 MHz y componentes de RF m\u00e1s avanzados.<\/p>\n<p>Empareje el AF-5XHD con una antena Ubiquiti\u00ae airFiber X compatible o una antena RocketDish\u2122 para obtener una soluci\u00f3n punto a punto (PtP) completa de 5 GHz.\u00a0Se incluye un kit de actualizaci\u00f3n IP67 para brindar una mayor protecci\u00f3n contra el polvo y el agua.<\/p>\n<\/div>\n<\/div>\n<hr class=\"padding-bottom-2x\" \/>\n<div class=\"row align-items-center padding-bottom-2x\">\n<div class=\"col-md-5\"><img decoding=\"async\" class=\"d-block m-auto img-thumbnail\" src=\"https:\/\/tvc.mx\/media\/493688\/rocket.png\" alt=\" \" \/><\/div>\n<div class=\"col-md-7 text-md-left text-center\">\n<h2>Hardware personalizado completo para el WISP<\/h2>\n<p class=\"text-muted\">\n<p>Nuestro motor de procesamiento de comunicaciones centrales supera todas las limitaciones inherentes a los chips Wi-Fi gen\u00e9ricos.<\/p>\n<p>&nbsp;<\/p>\n<\/div>\n<\/div>\n<hr class=\"padding-bottom-2x\" \/>\n<div class=\"row align-items-center padding-bottom-2x\">\n<div class=\"col-md-5 order-md-2\"><img decoding=\"async\" class=\"d-block m-auto img-thumbnail\" src=\"https:\/\/tvc.mx\/media\/493690\/AF-5G34-S45_FrontAngle_grande.png\" alt=\" \" \/><\/div>\n<div class=\"col-md-7 order-md-1 text-md-left text-center\">\n<h2>AF-5G34-S45<\/h2>\n<p class=\"text-muted\">\n<p>Las antenas airFiber\u00ae X cuentan con avances significativos en el aislamiento de ruido y el rendimiento del haz para complementar las radios airFiber X para backhauls de portadores y puentes punto a punto (PtP).<\/p>\n<\/div>\n<\/div>\n","protected":false},"excerpt":{"rendered":"<p>AF-5XHD Ubiquiti contin\u00faa revolucionando el mercado de banda ancha inal\u00e1mbrica con la revolucionaria tecnolog\u00eda LTU que supera las limitaciones de la tecnolog\u00eda Wi-Fi 802.11.\u00a0Dise\u00f1ado para su uso en la banda de frecuencia de 5 GHz, la nueva AirFiber\u00ae AF-5XHD es la primera radio LTU de&hellip;<\/p>\n","protected":false},"featured_media":5593,"comment_status":"open","ping_status":"closed","template":"","meta":{"om_disable_all_campaigns":false,"_monsterinsights_skip_tracking":false,"_monsterinsights_sitenote_active":false,"_monsterinsights_sitenote_note":"","_monsterinsights_sitenote_category":0},"product_brand":[],"product_cat":[487],"product_tag":[438,437,431,436,434,439,432,433,435,185,430],"class_list":{"0":"post-5594","1":"product","2":"type-product","3":"status-publish","4":"has-post-thumbnail","6":"product_cat-paquetes","7":"product_tag-controladores","8":"product_tag-fibra","9":"product_tag-networkin","10":"product_tag-poe","11":"product_tag-ptp-y-ptmp","12":"product_tag-punto-de-acceso","13":"product_tag-redes","14":"product_tag-sectoriales","15":"product_tag-switches-poe","16":"product_tag-tranceptores","17":"product_tag-ubiquiti","19":"first","20":"instock","21":"sale","22":"taxable","23":"shipping-taxable","24":"purchasable","25":"product-type-simple"},"aioseo_notices":[],"_links":{"self":[{"href":"https:\/\/tecsecmty.com\/index.php\/wp-json\/wp\/v2\/product\/5594","targetHints":{"allow":["GET"]}}],"collection":[{"href":"https:\/\/tecsecmty.com\/index.php\/wp-json\/wp\/v2\/product"}],"about":[{"href":"https:\/\/tecsecmty.com\/index.php\/wp-json\/wp\/v2\/types\/product"}],"replies":[{"embeddable":true,"href":"https:\/\/tecsecmty.com\/index.php\/wp-json\/wp\/v2\/comments?post=5594"}],"version-history":[{"count":0,"href":"https:\/\/tecsecmty.com\/index.php\/wp-json\/wp\/v2\/product\/5594\/revisions"}],"wp:featuredmedia":[{"embeddable":true,"href":"https:\/\/tecsecmty.com\/index.php\/wp-json\/wp\/v2\/media\/5593"}],"wp:attachment":[{"href":"https:\/\/tecsecmty.com\/index.php\/wp-json\/wp\/v2\/media?parent=5594"}],"wp:term":[{"taxonomy":"product_brand","embeddable":true,"href":"https:\/\/tecsecmty.com\/index.php\/wp-json\/wp\/v2\/product_brand?post=5594"},{"taxonomy":"product_cat","embeddable":true,"href":"https:\/\/tecsecmty.com\/index.php\/wp-json\/wp\/v2\/product_cat?post=5594"},{"taxonomy":"product_tag","embeddable":true,"href":"https:\/\/tecsecmty.com\/index.php\/wp-json\/wp\/v2\/product_tag?post=5594"}],"curies":[{"name":"wp","href":"https:\/\/api.w.org\/{rel}","templated":true}]}}