{"id":5596,"date":"2023-02-23T11:07:09","date_gmt":"2023-02-23T17:07:09","guid":{"rendered":"https:\/\/tecsecmty.com\/index.php\/producto\/dahua-s5500-48gt4xf-e-switch-de-agregacion-de-48-puertos-gigabit-y-4-puertos-para-fibra-10g\/"},"modified":"2023-03-22T23:23:07","modified_gmt":"2023-03-23T05:23:07","slug":"dahua-s5500-48gt4xf-e-switch-de-agregacion-de-48-puertos-gigabit-y-4-puertos-para-fibra-10g","status":"publish","type":"product","link":"https:\/\/tecsecmty.com\/index.php\/producto\/dahua-s5500-48gt4xf-e-switch-de-agregacion-de-48-puertos-gigabit-y-4-puertos-para-fibra-10g\/","title":{"rendered":"DAHUA S5500-48GT4XF-E &#8211; Switch de agregaci\u00f3n de 48 puertos Gigabit y 4 puertos para fibra 10G."},"content":{"rendered":"<div class=\"row aling-items-center padding-bottom-2x\">\n<div class=\"col-lg-12\">\n<h5 class=\"card-title text-center\">Informaci\u00f3n General<\/h5>\n<p>El switch DH-S5500-48GT4XF-E es una soluci\u00f3n de conmutaci\u00f3n de acceso de capa 2+ simple, rentable y f\u00e1cil de implementar. Ofrece seguridad mejorada, enlaces ascendentes GE y 10GE de alta densidad, ruta est\u00e1tica, RIP, OSPF e IRF, administraci\u00f3n flexible, que cumple con los requisitos de acceso a SME, acceso a escritorio empresarial y acceso a campus de alta densidad.<\/p>\n<p><img decoding=\"async\" class=\"overview-center-img-web\" src=\"https:\/\/tvc.mx\/media\/502512\/Switch_48_puertos_Gigabit_4_puertos_fibra_10G_Dahua_S5500-48GT4XF-E_Over_Ppal.png\" alt=\"\" \/><\/div>\n<\/div>\n<div class=\"row align-items-center padding-bottom-2x\">\n<div class=\"col-md-5\"><img decoding=\"async\" class=\"d-block m-auto img-thumbnail\" src=\"https:\/\/tvc.mx\/media\/503088\/Switch_48_puertos_Gigabit_4_puertos_fibra_10G_Dahua_S5500-48GT4XF-E_Over_M2.png\" alt=\" \" \/><\/div>\n<div class=\"col-md-7 text-md-left text-center\">\n<h2>Alta disponibilidad<\/h2>\n<p class=\"text-muted\">\n<p class=\"ql-align-justify\">El switch DH-S5500-48GT4XF-E admite el filtrado de paquetes en la capa 2 a la capa 4 y la clasificaci\u00f3n del tr\u00e1fico seg\u00fan las direcciones MAC de origen, las direcciones MAC de destino, las direcciones IP de origen, las direcciones IP de destino, los n\u00fameros de puerto TCP\/UDP, los tipos de protocolo y las VLAN.<\/p>\n<p>&nbsp;<\/p>\n<\/div>\n<\/div>\n<hr class=\"padding-bottom-2x\" \/>\n<div class=\"row align-items-center padding-bottom-2x\">\n<div class=\"col-md-5 order-md-2\"><img decoding=\"async\" class=\"d-block m-auto img-thumbnail\" src=\"https:\/\/tvc.mx\/media\/503092\/Switch_48_puertos_Gigabit_4_puertos_fibra_10G_Dahua_S5500-48GT4XF-E_Over_M3.png\" alt=\" \" \/><\/div>\n<div class=\"col-md-7 order-md-1 text-md-left text-center\">\n<h2>Administraci\u00f3n de redes<\/h2>\n<p class=\"text-muted\">\n<ul>\n<li>Configuraci\u00f3n de la interfaz de l\u00ednea de comandos (CLI)<\/li>\n<li>Configuraci\u00f3n remota de Telnet<\/li>\n<li>Configuraci\u00f3n v\u00eda puerto de consola<\/li>\n<li>SNMP V1\/V2\/V3<\/li>\n<li>Gesti\u00f3n de redes WEB<\/li>\n<\/ul>\n<p>&nbsp;<\/p>\n<\/div>\n<\/div>\n<hr class=\"padding-bottom-2x\" \/>\n<div class=\"row align-items-center padding-bottom-2x\">\n<div class=\"col-md-5\"><img decoding=\"async\" class=\"d-block m-auto img-thumbnail\" src=\"https:\/\/tvc.mx\/media\/503100\/Switch_48_puertos_Gigabit_4_puertos_fibra_10G_Dahua_S5500-48GT4XF-E_Over_M.png\" alt=\" \" \/><\/div>\n<div class=\"col-md-7 text-md-left text-center\">\n<h2>Especificaciones<\/h2>\n<p class=\"text-muted\">\n<ul>\n<li>Puertos Ethernet 48 puertos 10\/100\/1000 Mbp<\/li>\n<li>Puerto \u00f3ptico 4 puertos Base-X de 1\/10 Gbp<\/li>\n<li>Peso neto 3.5 kg (7.72 libras)<\/li>\n<li>Dimensiones del producto 440 mm \u00d7 230 mm \u00d7 43,6 mm (17,32&#8243; \u00d7 9,06&#8243; \u00d7 1,72&#8243;)<\/li>\n<li>Fuente de alimentaci\u00f3n 100\u2013240 V CA 50\u201360 Hz (interno)<\/li>\n<li>El consumo de energ\u00eda Carga completa: 44W<\/li>\n<\/ul>\n<\/div>\n<\/div>\n","protected":false},"excerpt":{"rendered":"<p>Informaci\u00f3n General El switch DH-S5500-48GT4XF-E es una soluci\u00f3n de conmutaci\u00f3n de acceso de capa 2+ simple, rentable y f\u00e1cil de implementar. Ofrece seguridad mejorada, enlaces ascendentes GE y 10GE de alta densidad, ruta est\u00e1tica, RIP, OSPF e IRF, administraci\u00f3n flexible, que cumple con los requisitos&hellip;<\/p>\n","protected":false},"featured_media":5595,"comment_status":"open","ping_status":"closed","template":"","meta":{"om_disable_all_campaigns":false,"_monsterinsights_skip_tracking":false,"_monsterinsights_sitenote_active":false,"_monsterinsights_sitenote_note":"","_monsterinsights_sitenote_category":0},"product_brand":[],"product_cat":[491],"product_tag":[438,437,431,436,434,439,432,433,435,185,430],"class_list":{"0":"post-5596","1":"product","2":"type-product","3":"status-publish","4":"has-post-thumbnail","6":"product_cat-switches-switches-dahua-redes","7":"product_tag-controladores","8":"product_tag-fibra","9":"product_tag-networkin","10":"product_tag-poe","11":"product_tag-ptp-y-ptmp","12":"product_tag-punto-de-acceso","13":"product_tag-redes","14":"product_tag-sectoriales","15":"product_tag-switches-poe","16":"product_tag-tranceptores","17":"product_tag-ubiquiti","19":"first","20":"instock","21":"sale","22":"taxable","23":"shipping-taxable","24":"purchasable","25":"product-type-simple"},"aioseo_notices":[],"_links":{"self":[{"href":"https:\/\/tecsecmty.com\/index.php\/wp-json\/wp\/v2\/product\/5596","targetHints":{"allow":["GET"]}}],"collection":[{"href":"https:\/\/tecsecmty.com\/index.php\/wp-json\/wp\/v2\/product"}],"about":[{"href":"https:\/\/tecsecmty.com\/index.php\/wp-json\/wp\/v2\/types\/product"}],"replies":[{"embeddable":true,"href":"https:\/\/tecsecmty.com\/index.php\/wp-json\/wp\/v2\/comments?post=5596"}],"version-history":[{"count":0,"href":"https:\/\/tecsecmty.com\/index.php\/wp-json\/wp\/v2\/product\/5596\/revisions"}],"wp:featuredmedia":[{"embeddable":true,"href":"https:\/\/tecsecmty.com\/index.php\/wp-json\/wp\/v2\/media\/5595"}],"wp:attachment":[{"href":"https:\/\/tecsecmty.com\/index.php\/wp-json\/wp\/v2\/media?parent=5596"}],"wp:term":[{"taxonomy":"product_brand","embeddable":true,"href":"https:\/\/tecsecmty.com\/index.php\/wp-json\/wp\/v2\/product_brand?post=5596"},{"taxonomy":"product_cat","embeddable":true,"href":"https:\/\/tecsecmty.com\/index.php\/wp-json\/wp\/v2\/product_cat?post=5596"},{"taxonomy":"product_tag","embeddable":true,"href":"https:\/\/tecsecmty.com\/index.php\/wp-json\/wp\/v2\/product_tag?post=5596"}],"curies":[{"name":"wp","href":"https:\/\/api.w.org\/{rel}","templated":true}]}}