{"id":5607,"date":"2023-02-23T11:35:32","date_gmt":"2023-02-23T17:35:32","guid":{"rendered":"https:\/\/tecsecmty.com\/index.php\/producto\/bosch-f-d273-detector-de-humo-convencional-cuatro-cables-compatible-panel-alarma-bosch-risco-dsc-ihorn\/"},"modified":"2023-03-22T23:21:17","modified_gmt":"2023-03-23T05:21:17","slug":"bosch-f-d273-detector-de-humo-convencional-cuatro-cables-compatible-panel-alarma-bosch-risco-dsc-ihorn","status":"publish","type":"product","link":"https:\/\/tecsecmty.com\/index.php\/producto\/bosch-f-d273-detector-de-humo-convencional-cuatro-cables-compatible-panel-alarma-bosch-risco-dsc-ihorn\/","title":{"rendered":"BOSCH F-D273 &#8211; Detector de Humo Convencional Cuatro Cables \/ Compatible panel alarma BOSCH \/ RISCO \/ DSC \/ IHORN"},"content":{"rendered":"<h5 class=\"card-title text-center\">Detector de humo de cuatro cables D273<\/h5>\n<p class=\"ql-align-justify\">El grupo D273 incluye los siguientes modelos de detectores:<\/p>\n<ul>\n<li class=\"ql-align-justify\">D273: Cuatro cables.<\/li>\n<li class=\"ql-align-justify\">D273IS1: Cuatro cables con sensor t\u00e9rmico de 57 \u00b0C (135 \u00b0F) aislado y sirena.<\/li>\n<li class=\"ql-align-justify\">D273TH: Cuatro cables con sensor t\u00e9rmico de 57 \u00b0C (135 \u00b0F).<\/li>\n<li class=\"ql-align-justify\">D273THC: Cuatro cables con sensor t\u00e9rmico de 57 \u00b0C (135 \u00b0F) y rel\u00e9 auxiliar.<\/li>\n<li class=\"ql-align-justify\">D273THCS1: Cuatro cables con sensor t\u00e9rmico de 57 \u00b0C (135 \u00b0F) rel\u00e9 auxiliar y sirena.<\/li>\n<li class=\"ql-align-justify\">D273THE Cuatro cables con sensor t\u00e9rmico de 57 \u00b0C (135 \u00b0F) y rel\u00e9 de final de l\u00ednea (EOL, end-of-line).<\/li>\n<li class=\"ql-align-justify\">D273THR2: Cuatro cables con sensor t\u00e9rmico de 57 \u00b0C (135 \u00b0F) y rel\u00e9 de aver\u00eda.<\/li>\n<li class=\"ql-align-justify\">D273THS1: Cuatro cables con sensor t\u00e9rmico de 57 \u00b0C (135 \u00b0F) y sirena.<\/li>\n<li class=\"ql-align-justify\">D273THES1: Cuatro cables con sensor t\u00e9rmico de 57 \u00b0C (135 \u00b0F), sirena y rel\u00e9 de EOL.<\/li>\n<\/ul>\n<p class=\"ql-align-justify\">Cada uno de los modelos de detectores forma parte del listado UL y funciona con sistemas comerciales de se\u00f1alizaci\u00f3n de protecci\u00f3n contra incendios y con sistemas dom\u00e9sticos de aviso de incendio. Cada modelo detecta las part\u00edculas de humo producidas durante la combusti\u00f3n de madera, papel y tejidos.<\/p>\n<p class=\"ql-align-justify\"><strong>Resumen del sistema<\/strong><\/p>\n<p class=\"ql-align-justify\">Estos modelos de detectores usan una fuente de luz LED infrarroja (IR) y un fotodiodo de silicona para medir la luz en una c\u00e1mara. Una delgada pantalla cubre la c\u00e1mara para impedir el ingreso de insectos y reducir la acumulaci\u00f3n de polvo, y as\u00ed minimizar las falsas alarmas. Durante un incendio, las part\u00edculas de humo reflejan la luz en el fotodiodo. Cuando las mediciones del fotodiodo superan el umbral de alarma, el detector emite una se\u00f1al que indica la presencia de una condici\u00f3n de alarma. Una vez despejada la condici\u00f3n de alarma, interrumpa el suministro de energ\u00eda en el panel de control para restablecer el detector. Cuando se usa un m\u00f3dulo de inversi\u00f3n de rel\u00e9 D132B, la luz de LED no bloquea la alarma.<\/p>\n<p class=\"ql-align-justify\"><strong>Funciones b\u00e1sicas<\/strong><\/p>\n<p class=\"ql-align-justify\">Pruebas de calibraci\u00f3n de la c\u00e1mara Verifique la sensibilidad y la calibraci\u00f3n de cualquiera<\/p>\n<p class=\"ql-align-justify\">de estos detectores mediante una verificaci\u00f3n visual, una prueba con im\u00e1n o una prueba de medici\u00f3n del voltaje. Consulte la Gu\u00eda de instalaci\u00f3n de los grupos D273 para obtener instrucciones espec\u00edficas sobre c\u00f3mo realizar estas pruebas de sensibilidad.<\/p>\n<p class=\"ql-align-justify\"><strong>Planificaci\u00f3n<\/strong><\/p>\n<p class=\"ql-align-justify\">Utilice los detectores de humo en circuitos de detecci\u00f3n destinados a la protecci\u00f3n de las personas.<\/p>\n<p class=\"ql-align-justify\">Utilice los detectores de calor en circuitos destinados a la protecci\u00f3n de propiedades.<\/p>\n<p class=\"ql-align-justify\">El detector tiene una placa de montaje que se conecta a una caja posterior est\u00e1ndar de 10 cm (4 in).<\/p>\n<p class=\"ql-align-justify\">Para las instalaciones comerciales e industriales de acuerdo con la normativa NFPA 72, debe dejarse un espacio de 9,2 m (30 ft) entre cada detector..<\/p>\n<p class=\"ql-align-justify\"><strong>Cables<\/strong><\/p>\n<p class=\"ql-align-justify\">El bloque de terminales admite cables de hasta 2,5 mm2 ISO (12 AWG). Puede quitar el bloque de<\/p>\n<p class=\"ql-align-justify\">terminales del detector para obtener un cableado m\u00e1s sencillo. El bloque de terminales se coloca y quita a presi\u00f3n.<\/p>\n<p class=\"ql-align-justify\"><strong>Piezas incluidas<\/strong><\/p>\n<ul>\n<li class=\"ql-align-justify\">1 Detector<\/li>\n<li class=\"ql-align-justify\">1 Paquete de documentaci\u00f3n: Manual de instalaci\u00f3n y Nota sobre instalaci\u00f3n proporcionada por el servicio t\u00e9cnico.<\/li>\n<\/ul>\n<p class=\"ql-align-justify\"><strong>Nota: Detector de humo de cuatro cables D273<\/strong><\/p>\n<p class=\"ql-align-justify\"><strong>Detector de humo de cuatro hilos.<\/strong><\/p>\n<p class=\"ql-align-justify\"><strong>N\u00famero de pedido: D273<\/strong><\/p>\n<p class=\"ql-align-justify\"><strong>Principales caracter\u00edsticas<\/strong><\/p>\n<ul>\n<li class=\"ql-align-justify\">Entrada de 12 VCC o 24 VCC.<\/li>\n<li class=\"ql-align-justify\">Dise\u00f1ados para el uso comercial o residencial.<\/li>\n<li class=\"ql-align-justify\">Aplicaci\u00f3n de cuatro cables.<\/li>\n<li class=\"ql-align-justify\">Diodos electroluminiscentes (LED) que indican el estado de la c\u00e1mara, la alimentaci\u00f3n y la alarma.<\/li>\n<li class=\"ql-align-justify\">Bloque de terminales extra\u00edble para simplificar las conexiones de cableado.<\/li>\n<\/ul>\n<p class=\"ql-align-justify\"><strong>Especificaciones<\/strong><\/p>\n<p class=\"ql-align-justify\"><strong>Ambientales<\/strong><\/p>\n<ul>\n<li class=\"ql-align-justify\">Humedad relativa: Hasta 93%, sin condensaci\u00f3n.<\/li>\n<li class=\"ql-align-justify\">Funcionamiento y almacenamiento Temperatura: De 0 \u00b0C a +40 \u00b0C (de +32 \u00b0F a +120 \u00b0F).<\/li>\n<li class=\"ql-align-justify\">Inmunidad a la interferencia de radiofrecuencia (RFI, Radio Frequency Interference): Sin configuraci\u00f3n ni alarma en frecuencias cr\u00edticas dentro del rango de 26 MHz a 950 MHz.<\/li>\n<\/ul>\n<p class=\"ql-align-justify\"><strong>Mec\u00e1nicas<\/strong><\/p>\n<ul>\n<li class=\"ql-align-justify\">Dimensiones (di\u00e1metro x altura): 12,7 cm x 5,1 cm (5 in x 2 in).<\/li>\n<li class=\"ql-align-justify\">Material: Pl\u00e1stico ABS retardante de fuego y resistente a altos impactos.<\/li>\n<\/ul>\n<p class=\"ql-align-justify\"><strong>Alimentaci\u00f3n<\/strong><\/p>\n<ul>\n<li class=\"ql-align-justify\">Tiempo de encendido: 22 segundos como m\u00e1ximo.<\/li>\n<li class=\"ql-align-justify\">Fluctuaci\u00f3n RMS: 25 % de CC de entrada m\u00e1xima.<\/li>\n<li class=\"ql-align-justify\">Voltaje (reposo): De 10 VDC a 30 VDC.<\/li>\n<\/ul>\n<p class=\"ql-align-justify\"><strong>Consumo de corriente (alarma) a 30 VCC<\/strong><\/p>\n<ul>\n<li class=\"ql-align-justify\">D273, D273TH: 18 mA m\u00e1ximo.<\/li>\n<li class=\"ql-align-justify\">D273THC: 33 mA m\u00e1ximo.<\/li>\n<li class=\"ql-align-justify\">D273THE, D273THR: 36 mA m\u00e1ximo.<\/li>\n<li class=\"ql-align-justify\">D273THS: 78 mA m\u00e1ximo.<\/li>\n<li class=\"ql-align-justify\">D273THCS: 90 mA m\u00e1ximo.<\/li>\n<li class=\"ql-align-justify\">D273THES: 96 mA m\u00e1ximo.<\/li>\n<li class=\"ql-align-justify\">D273IS: 100 mA como m\u00e1ximo.<\/li>\n<\/ul>\n<p class=\"ql-align-justify\"><strong>Consumo de corriente (reposo)<\/strong><\/p>\n<ul>\n<li class=\"ql-align-justify\">D273, D273TH, D27THC, D273THCS, D273THS: 0,1 mA como m\u00e1ximo.<\/li>\n<li class=\"ql-align-justify\">D273IS: 15 mA.<\/li>\n<li class=\"ql-align-justify\">D273THE, D273THES: 15 mA.<\/li>\n<li class=\"ql-align-justify\">D273THR: 18 mA como m\u00e1ximo.<\/li>\n<\/ul>\n<p><img decoding=\"async\" class=\"overview-center-img-web\" src=\"https:\/\/tvc.mx\/media\/34127\/Logoopaginas-oficial-1920x400.png\" alt=\"\" \/><\/p>\n","protected":false},"excerpt":{"rendered":"<p>Detector de humo de cuatro cables D273 El grupo D273 incluye los siguientes modelos de detectores: D273: Cuatro cables. D273IS1: Cuatro cables con sensor t\u00e9rmico de 57 \u00b0C (135 \u00b0F) aislado y sirena. D273TH: Cuatro cables con sensor t\u00e9rmico de 57 \u00b0C (135 \u00b0F). D273THC:&hellip;<\/p>\n","protected":false},"featured_media":5606,"comment_status":"open","ping_status":"closed","template":"","meta":{"om_disable_all_campaigns":false,"_monsterinsights_skip_tracking":false,"_monsterinsights_sitenote_active":false,"_monsterinsights_sitenote_note":"","_monsterinsights_sitenote_category":0},"product_brand":[],"product_cat":[494],"product_tag":[495,497,498,499,500,501,496,502],"class_list":{"0":"post-5607","1":"product","2":"type-product","3":"status-publish","4":"has-post-thumbnail","6":"product_cat-detectores","7":"product_tag-control-de-incendio","8":"product_tag-detectores","9":"product_tag-estacion-manual","10":"product_tag-estrobos-y-sirenas","11":"product_tag-modulos","12":"product_tag-paneles-de-control","13":"product_tag-sistemas-de-incendio","14":"product_tag-teclados","16":"first","17":"instock","18":"sale","19":"taxable","20":"shipping-taxable","21":"purchasable","22":"product-type-simple"},"aioseo_notices":[],"_links":{"self":[{"href":"https:\/\/tecsecmty.com\/index.php\/wp-json\/wp\/v2\/product\/5607","targetHints":{"allow":["GET"]}}],"collection":[{"href":"https:\/\/tecsecmty.com\/index.php\/wp-json\/wp\/v2\/product"}],"about":[{"href":"https:\/\/tecsecmty.com\/index.php\/wp-json\/wp\/v2\/types\/product"}],"replies":[{"embeddable":true,"href":"https:\/\/tecsecmty.com\/index.php\/wp-json\/wp\/v2\/comments?post=5607"}],"version-history":[{"count":0,"href":"https:\/\/tecsecmty.com\/index.php\/wp-json\/wp\/v2\/product\/5607\/revisions"}],"wp:featuredmedia":[{"embeddable":true,"href":"https:\/\/tecsecmty.com\/index.php\/wp-json\/wp\/v2\/media\/5606"}],"wp:attachment":[{"href":"https:\/\/tecsecmty.com\/index.php\/wp-json\/wp\/v2\/media?parent=5607"}],"wp:term":[{"taxonomy":"product_brand","embeddable":true,"href":"https:\/\/tecsecmty.com\/index.php\/wp-json\/wp\/v2\/product_brand?post=5607"},{"taxonomy":"product_cat","embeddable":true,"href":"https:\/\/tecsecmty.com\/index.php\/wp-json\/wp\/v2\/product_cat?post=5607"},{"taxonomy":"product_tag","embeddable":true,"href":"https:\/\/tecsecmty.com\/index.php\/wp-json\/wp\/v2\/product_tag?post=5607"}],"curies":[{"name":"wp","href":"https:\/\/api.w.org\/{rel}","templated":true}]}}