{"id":5611,"date":"2023-02-23T11:35:37","date_gmt":"2023-02-23T17:35:37","guid":{"rendered":"https:\/\/tecsecmty.com\/index.php\/producto\/bosch-f_-d340-carcasa-de-humo-para-conductos-de-dos-cables-para-sistema-h-vac\/"},"modified":"2023-03-22T23:21:02","modified_gmt":"2023-03-23T05:21:02","slug":"bosch-f_-d340-carcasa-de-humo-para-conductos-de-dos-cables-para-sistema-h-vac","status":"publish","type":"product","link":"https:\/\/tecsecmty.com\/index.php\/producto\/bosch-f_-d340-carcasa-de-humo-para-conductos-de-dos-cables-para-sistema-h-vac\/","title":{"rendered":"BOSCH F_ D340 &#8211; Carcasa de humo para conductos de dos cables \/ Para sistema H VAC"},"content":{"rendered":"<h5 class=\"card-title text-center\">Carcasa del detector D340 de conductos, 2 hilos<\/h5>\n<p class=\"ql-align-justify\"><strong>Las carcasas de humo de conducto de dos hilos D340 se montan en los conductos de calefacci\u00f3n, ventilaci\u00f3n y aire acondicionado (HVAC) sistemas.\u00a0<\/strong>La carcasa funciona con la D285DH conducto de humo de la cabeza. El detector D285DH en el la vivienda controla la presencia de humo en el<\/p>\n<p class=\"ql-align-justify\">Aire acondicionado. El dise\u00f1o eficiente de la vivienda muestra el paso del aire a trav\u00e9s de un conducto y detecta potencialmente peligrosos condiciones Cuando se detecta humo, el detector<\/p>\n<p class=\"ql-align-justify\">env\u00eda una se\u00f1al de alarma al panel de control o HVAC equipo de control El panel de control o control HVAC el equipo inicia las acciones necesarias para controlar el aire sistemas de manejo.<\/p>\n<p class=\"ql-align-justify\"><strong>Finciones b\u00e1sicas<\/strong><\/p>\n<p class=\"ql-align-justify\"><strong>Indicaci\u00f3n de alarma \/ problema<\/strong><\/p>\n<p class=\"ql-align-justify\">Un D344 \u2011 RT, un D344 \u2011 RL o un DRA \u2011 5 pueden proporcionar Indicaci\u00f3n LED de alarma y estado de falla. El rojo Luces LED para alarma. Un bucle abierto provoca la el LED amarillo de problemas parpadea.<\/p>\n<p class=\"ql-align-justify\"><strong>Muestreo de aire<\/strong><\/p>\n<p class=\"ql-align-justify\">Utilice las carcasas del detector de conductos en conductos de aire entre 1 pie (30.5 cm) y 10 pies (3.05 m) de ancho. Velocidades del aire debe estar entre 300 pies \/ min. y 4000 pies \/ min. (1,52 m \/ sa 20,3 m \/ s). El aire es forzado al detector a trav\u00e9s de un tubo de muestreo y regres\u00f3 al conducto a trav\u00e9s de un tubo de escape.<\/p>\n<p class=\"ql-align-justify\">Los tubos de muestreo deben extenderse a lo ancho del conducto. Bosch Security Systems, Inc. ofrece muestreo tubos en tres tama\u00f1os diferentes combina o corta el tubos para hacer otras longitudes. Tubos de muestreo de m\u00e1s de 3 pies (91,4 cm) se debe apoyar en el extremo opuesto al detector de conductos. Los tubos de muestreo est\u00e1n provistos de un tap\u00f3n final que debe instalarse en el extremo abierto.<\/p>\n<p class=\"ql-align-justify\"><strong>Prueba de sistema<\/strong><\/p>\n<p class=\"ql-align-justify\">Probar el sistema por:<\/p>\n<ul>\n<li class=\"ql-align-justify\">Colocar un im\u00e1n externo en la carcasa del detector.<\/li>\n<li class=\"ql-align-justify\">Cambiar una se\u00f1al desde una estaci\u00f3n de prueba remota (requiere un suministro externo de 24 V). Reinicie el sistema mediante apagado o, si es un D344-RT est\u00e1 conectado, utilice el interruptor de llave.<\/li>\n<\/ul>\n<p class=\"ql-align-justify\"><strong>Notas de instalaci\u00f3n \/ configuraci\u00f3n<\/strong><\/p>\n<p class=\"ql-align-justify\"><strong>Paneles compatibles<\/strong><\/p>\n<p class=\"ql-align-justify\">Bosch no hace reclamos, ya sea escritos, orales o impl\u00edcitos que las carcasas de humo de conducto de dos hilos D340 funcionan con cualquier panel de control distinto de los paneles enumerados en los detectores de humo de dos hilos 285\/286\/263\/603\/340 nota de servicio t\u00e9cnico.<\/p>\n<p class=\"ql-align-justify\"><strong>Indicadores remotos<\/strong><\/p>\n<p class=\"ql-align-justify\">NFPA 72 requiere que los detectores tengan alarma remota Indicadores donde se instalan detectores de humo de conducto:<\/p>\n<ul>\n<li class=\"ql-align-justify\">En lugares ocultos.<\/li>\n<li class=\"ql-align-justify\">Est\u00e1 a m\u00e1s de 10 pies (3 m) del piso.<\/li>\n<li class=\"ql-align-justify\">Donde el indicador de alarma del detector no es visible para personal de respuesta.<\/li>\n<\/ul>\n<p class=\"ql-align-justify\">La placa de prueba \/ indicador remoto opcional D344-RT, D344 \u2011 RL Placa indicadora del control remoto o DRA \u2011 5 Remote la placa indicadora puede satisfacer este requisito.<\/p>\n<p class=\"ql-align-justify\"><strong>Consideraciones de poder<\/strong><\/p>\n<p class=\"ql-align-justify\">La carcasa del detector de conductos est\u00e1 dise\u00f1ada para dos cables lazo de alimentaci\u00f3n de 8,5 V CC a 32 V CC. Si un control remoto se utiliza el anunciador, un suministro externo de 24 V CC \/ V CA capaz de suministrar 170 mA es necesario.<\/p>\n<p class=\"ql-align-justify\"><strong>Nota: Carcasa del detector D340 de conductos, 2 hilos<\/strong><\/p>\n<p class=\"ql-align-justify\"><strong>Caja del detector de conducto de dos hilos para el conducto D285DH cabeza de humo Usar con paneles de control compatibles.<\/strong><\/p>\n<p class=\"ql-align-justify\"><strong>N\u00famero de peido: D340<\/strong><\/p>\n<p class=\"ql-align-justify\"><strong>Principales caracter\u00edsticas<\/strong><\/p>\n<ul>\n<li class=\"ql-align-justify\">Para conductos de 1 pie (30,5 cm) a 10 pies (3 m) con aire velocidad entre 300 pies \/ min. a 4000 pies \/ min. (1,52 m \/ sa 20,3 m \/ s).<\/li>\n<li class=\"ql-align-justify\">F\u00e1cil instalaci\u00f3n del tubo de conducto a trav\u00e9s de los cortes de la carcasa tiempo de instalaci\u00f3n.<\/li>\n<li class=\"ql-align-justify\">Prueba del detector y reinicio sin quitar las cubiertas la cubierta transparente permite una inspecci\u00f3n visual r\u00e1pida.<\/li>\n<li class=\"ql-align-justify\">Filtros de tubo, detector de humo inmune al polvo, y f\u00e1cil Desmontaje para limpieza reduce el tiempo de mantenimiento y costo.<\/li>\n<\/ul>\n<p class=\"ql-align-justify\"><strong>Especificaciones<\/strong><\/p>\n<p class=\"ql-align-justify\"><strong>El\u00e9ctrico<\/strong><\/p>\n<ul>\n<li class=\"ql-align-justify\">Corriente (alarma) Depende del panel de control que debe limitar la corriente de alarma a 100 mA como m\u00e1ximo.<\/li>\n<li class=\"ql-align-justify\">Corriente (en espera) 0.12 mA m\u00e1ximo.<\/li>\n<li class=\"ql-align-justify\">RMS m\u00e1ximo: 25% de entrada DC.<\/li>\n<li class=\"ql-align-justify\">Tiempo de encendido: 22 segundos m\u00e1ximo.<\/li>\n<li class=\"ql-align-justify\">Voltaje operando: 8.5 VDC a 32 VDC desde un lazo de dos hilos. Opcional 24 VDC \/ VAC desde el panel de control o suministro externo.<\/li>\n<\/ul>\n<p class=\"ql-align-justify\"><strong>Ambiental<\/strong><\/p>\n<ul>\n<li class=\"ql-align-justify\">Velocidad del aire 300 pies \/ min a 4000 pies \/ min (1.5 m \/ s a 20,3 m \/ s).<\/li>\n<li class=\"ql-align-justify\">Humedad relativa 0% a 95%, sin condensaci\u00f3n<\/li>\n<li class=\"ql-align-justify\">Temperatura, operando: De + 32F a + 120 \u00b0 F (0 \u00b0 C a + 49 \u00b0 C). Para los requisitos de la lista UL, el funcionamiento el rango de temperatura es de + 32 \u00b0 F a + 100 \u00b0 F (0 \u00b0 C a + 37.8 \u00b0 C).<\/li>\n<\/ul>\n<p class=\"ql-align-justify\"><strong>Mec\u00e1nico<\/strong><\/p>\n<ul>\n<li class=\"ql-align-justify\">Dimensiones del paquete (LxWxH): 18,9 pulg. X 7,5 pulg. X 7,8 pulg. (48 cm x 19 cm x 19,8 cm).<\/li>\n<li class=\"ql-align-justify\">Dimensiones del producto (LxWxH): 15.5 pulg.x 4.3 pulg.x 6.5 pulg. (39.5 cm x 11 cm x 16,5 cm).<\/li>\n<li class=\"ql-align-justify\">Material: Pl\u00e1stico polim\u00e9rico ign\u00edfugo de alto impacto<\/li>\n<\/ul>\n<p class=\"ql-align-justify\"><strong>Peso<\/strong><\/p>\n<ul>\n<li class=\"ql-align-justify\">Bruto: 4,23 libras (1,92 kg).<\/li>\n<li class=\"ql-align-justify\">Neto: 3.84 lb. (1.74 kg).<\/li>\n<\/ul>\n<p><img decoding=\"async\" class=\"overview-center-img-web\" src=\"https:\/\/tvc.mx\/media\/34309\/Logoopaginas-oficial-1920x400.png\" alt=\"\" \/><\/p>\n","protected":false},"excerpt":{"rendered":"<p>Carcasa del detector D340 de conductos, 2 hilos Las carcasas de humo de conducto de dos hilos D340 se montan en los conductos de calefacci\u00f3n, ventilaci\u00f3n y aire acondicionado (HVAC) sistemas.\u00a0La carcasa funciona con la D285DH conducto de humo de la cabeza. El detector D285DH&hellip;<\/p>\n","protected":false},"featured_media":5610,"comment_status":"open","ping_status":"closed","template":"","meta":{"om_disable_all_campaigns":false,"_monsterinsights_skip_tracking":false,"_monsterinsights_sitenote_active":false,"_monsterinsights_sitenote_note":"","_monsterinsights_sitenote_category":0},"product_brand":[],"product_cat":[494],"product_tag":[495,497,498,499,500,501,496,502],"class_list":{"0":"post-5611","1":"product","2":"type-product","3":"status-publish","4":"has-post-thumbnail","6":"product_cat-detectores","7":"product_tag-control-de-incendio","8":"product_tag-detectores","9":"product_tag-estacion-manual","10":"product_tag-estrobos-y-sirenas","11":"product_tag-modulos","12":"product_tag-paneles-de-control","13":"product_tag-sistemas-de-incendio","14":"product_tag-teclados","16":"first","17":"instock","18":"sale","19":"taxable","20":"shipping-taxable","21":"purchasable","22":"product-type-simple"},"aioseo_notices":[],"_links":{"self":[{"href":"https:\/\/tecsecmty.com\/index.php\/wp-json\/wp\/v2\/product\/5611","targetHints":{"allow":["GET"]}}],"collection":[{"href":"https:\/\/tecsecmty.com\/index.php\/wp-json\/wp\/v2\/product"}],"about":[{"href":"https:\/\/tecsecmty.com\/index.php\/wp-json\/wp\/v2\/types\/product"}],"replies":[{"embeddable":true,"href":"https:\/\/tecsecmty.com\/index.php\/wp-json\/wp\/v2\/comments?post=5611"}],"version-history":[{"count":0,"href":"https:\/\/tecsecmty.com\/index.php\/wp-json\/wp\/v2\/product\/5611\/revisions"}],"wp:featuredmedia":[{"embeddable":true,"href":"https:\/\/tecsecmty.com\/index.php\/wp-json\/wp\/v2\/media\/5610"}],"wp:attachment":[{"href":"https:\/\/tecsecmty.com\/index.php\/wp-json\/wp\/v2\/media?parent=5611"}],"wp:term":[{"taxonomy":"product_brand","embeddable":true,"href":"https:\/\/tecsecmty.com\/index.php\/wp-json\/wp\/v2\/product_brand?post=5611"},{"taxonomy":"product_cat","embeddable":true,"href":"https:\/\/tecsecmty.com\/index.php\/wp-json\/wp\/v2\/product_cat?post=5611"},{"taxonomy":"product_tag","embeddable":true,"href":"https:\/\/tecsecmty.com\/index.php\/wp-json\/wp\/v2\/product_tag?post=5611"}],"curies":[{"name":"wp","href":"https:\/\/api.w.org\/{rel}","templated":true}]}}