{"id":5613,"date":"2023-02-23T11:35:42","date_gmt":"2023-02-23T17:35:42","guid":{"rendered":"https:\/\/tecsecmty.com\/index.php\/producto\/bosch-f_-fapo520p-detector-de-humo-optico-ultrapla-no-tecnologia-lsni\/"},"modified":"2023-03-22T23:21:02","modified_gmt":"2023-03-23T05:21:02","slug":"bosch-f_-fapo520p-detector-de-humo-optico-ultrapla-no-tecnologia-lsni","status":"publish","type":"product","link":"https:\/\/tecsecmty.com\/index.php\/producto\/bosch-f_-fapo520p-detector-de-humo-optico-ultrapla-no-tecnologia-lsni\/","title":{"rendered":"BOSCH F_ FAPO520P &#8211; Detector de humo optico ULTRAPLA NO \/ Tecnologia LSNI"},"content":{"rendered":"<div class=\"row aling-items-center padding-bottom-2x\">\n<div class=\"col-lg-12\">\n<h5 class=\"card-title text-center\">FAP-O 520-P Detector humo, \u00f3ptico, inser. color<\/h5>\n<p class=\"ql-align-justify\"><strong>Los Detectores Autom\u00e1ticos de Incendio FAP\u2011520<\/strong>\u00a0combinan las ventajas de la\u00a0<strong>tecnolog\u00eda LSN improved<\/strong>\u00a0con los beneficios est\u00e9ticos del montaje empotrado y la posibilidad de elegir el color. Los detectores est\u00e1n especialmente dise\u00f1ados para conectarse a la versi\u00f3n LSN improved de la red de seguridad local, con los par\u00e1metros del sistema ampliados de forma considerable. El FAP\u2011520 est\u00e1 disponible como detector de humos de dispersi\u00f3n de luz o como detector multisensor con un sensor de gas adicional. Las versiones respectivas de los detectores est\u00e1n disponibles en blanco o en transparente con anillos de colores.<\/p>\n<p class=\"ql-align-justify\"><strong>Funciones b\u00e1sicas<\/strong><\/p>\n<p class=\"ql-align-justify\">Su superficie uniforme y el montaje empotrado de los detectores permite su instalaci\u00f3n en zonas con exigentes requisitos est\u00e9ticos. Adem\u00e1s, estos detectores son aptos para zonas expuestas a acumulaci\u00f3n de polvo en alturas.\u00a0<strong>Los detectores y biseles de la versi\u00f3n \u00abtransparente\u00bb se suministran con anillos de colores impresos reversibles, ofreciendo una gama de 16 colores para diferentes combinaciones de color.<\/strong><\/p>\n<p class=\"ql-align-justify\"><strong>Nota: Tenga en cuenta que el color de las siguientes im\u00e1genes puede que no refleje fielmente el color real. Para determinar el color de manera fiable, use las gu\u00edas de color RAL originales.<\/strong><\/p>\n<p class=\"ql-align-justify\"><strong>Tecnolog\u00eda de sensores y procesamiento de se\u00f1ales<\/strong><\/p>\n<p class=\"ql-align-justify\">Todos los detectores de la serie FAP\u2011520 est\u00e1n equipados con dos sensores \u00f3pticos y un sensor de poluci\u00f3n. El detector multisensor\u00a0<strong>FAP\u2011OC\u2011520<\/strong>\u00a0dispone de un sensor de gas como canal de detecci\u00f3n adicional.<\/p>\n<p class=\"ql-align-justify\"><strong>Los sensores individuales se pueden programar con el software RPS o WinPara a trav\u00e9s de la red LSN.<\/strong>\u00a0Todas las se\u00f1ales del sensor son analizadas constantemente por las se\u00f1ales electr\u00f3nicas de evaluaci\u00f3n internas y est\u00e1n enlazadas entre s\u00ed a trav\u00e9s de algoritmos.<\/p>\n<p class=\"ql-align-justify\"><strong>La combinaci\u00f3n de los sensores \u00f3pticos y el sensor de gas hacen que el detector OC pueda utilizarse en lugares donde el trabajo realizado provoque peque\u00f1as cantidades de humo, vapor o polvo.<\/strong>\u00a0La alarma solo se activa autom\u00e1ticamente si la combinaci\u00f3n de se\u00f1ales corresponde con el diagrama caracter\u00edstico de la instalaci\u00f3n seleccionado para la ubicaci\u00f3n durante la configuraci\u00f3n del equipo. Por tanto, se consigue una gran fiabilidad contra falsas alarmas.<\/p>\n<p class=\"ql-align-justify\"><strong>Sensor qu\u00edmico (sensor de gas CO)<\/strong><\/p>\n<p class=\"ql-align-justify\"><strong>El sensor de gas (4) detecta principalmente el mon\u00f3xido de carbono (CO) producido por el fuego, pero tambi\u00e9n detecta el hidr\u00f3geno (H) y el mon\u00f3xido de nitr\u00f3geno (NO).<\/strong>\u00a0El principio de medici\u00f3n b\u00e1sico es la oxidaci\u00f3n del CO en un electrodo y la medici\u00f3n de la corriente el\u00e9ctrica generada. El valor de la se\u00f1al del sensor es proporcional a la concentraci\u00f3n de gas.<\/p>\n<p class=\"ql-align-justify\"><strong>Sensor de poluci\u00f3n<\/strong><\/p>\n<p class=\"ql-align-justify\">El nivel de contaminaci\u00f3n sobre la superficie del detector se mide continuamente mediante el sensor de poluci\u00f3n, se eval\u00faa el resultado y se indica en tres pasos en la central de incendios (CDI). La contaminaci\u00f3n de la superficie del detector conlleva un ajuste activo del umbral (compensaci\u00f3n de la tendencia) y que se produzca una indicaci\u00f3n de aver\u00eda en el caso de contaminaci\u00f3n acusada.<\/p>\n<p class=\"ql-align-justify\"><strong>Caracter\u00edsticas de LSN improved<\/strong><\/p>\n<p class=\"ql-align-justify\">El detector ofrece todas las caracter\u00edsticas de la tecnolog\u00eda LSN improved:<\/p>\n<ul>\n<li class=\"ql-align-justify\">Estructuras de red flexibles, incluyendo \u00abderivaciones en T\u00bb sin elementos adicionales.<\/li>\n<li class=\"ql-align-justify\">Hasta 254 elementos LSN improved por l\u00ednea de lazos o ramal.<\/li>\n<li class=\"ql-align-justify\">Asignaci\u00f3n de direcciones autom\u00e1tica o manual del detector seleccionable mediante conmutador giratorio, en cada caso con o sin detecci\u00f3n autom\u00e1tica.<\/li>\n<li class=\"ql-align-justify\">Fuente de alimentaci\u00f3n para componentes conectados mediante bus LSN.<\/li>\n<li class=\"ql-align-justify\">Se puede utilizar un cable de detecci\u00f3n de incendios sin apantallar Longitud de cable de hasta 3.000 m (con LSN 1500 A).<\/li>\n<li class=\"ql-align-justify\">Compatibilidad con versiones anteriores de sistemas LSN y paneles de control existentes.<\/li>\n<\/ul>\n<p class=\"ql-align-justify\"><strong>Planificaci\u00f3n<\/strong><\/p>\n<ul>\n<li class=\"ql-align-justify\">Se puede conectar a las centrales de incendios FPA\u20115000 y FPA\u20111200 con los par\u00e1metros del sistema LSN improved.<\/li>\n<li class=\"ql-align-justify\">En el modo cl\u00e1sico se puede conectar a las centrales de incendios LSN BZ 500 LSN, UEZ 2000 LSN, UGM 2020 y a otras centrales o a sus m\u00f3dulos receptores con id\u00e9nticas condiciones de conexi\u00f3n, pero con los par\u00e1metros del sistema LSN anteriores.<\/li>\n<li class=\"ql-align-justify\">Los detectores y las bases de detectores se pueden utilizar con la l\u00e1mpara \u00abRotaris\u00bb de Philips.<\/li>\n<li class=\"ql-align-justify\">Los detectores se deben instalar exclusivamente en las bases FAA\u2011500 LSN proporcionadas. Adem\u00e1s, la base del detector se debe instalar en una caja 3 | FAP\u2011520 Detectores de incendios autom\u00e1ticos LSN improved posterior para montaje en el techo FAA\u2011500\u2011BB o en una caja posterior para montaje en superficie FAA\u2011500\u2011SB.<\/li>\n<\/ul>\n<p class=\"ql-align-justify\"><strong>Nota: FAP-O 520-P Detector humo, \u00f3ptico, inser. color detector anal\u00f3gico direccionable con sensor \u00f3ptico y dise\u00f1o ultraplano, transparente con anillos de colores.<\/strong><\/p>\n<p class=\"ql-align-justify\"><strong>N\u00famero de pedido: FAP-O 520-P<\/strong><\/p>\n<p><img decoding=\"async\" class=\"overview-center-img- aligncenter\" src=\"https:\/\/tvc.mx\/media\/6762\/Logoopaginas-oficial.png\" alt=\"\" \/><\/div>\n<\/div>\n<div class=\"row aling-items-center padding-bottom-2x\">\n<div class=\"col-lg-12\">\n<p class=\"ql-align-justify\"><strong>Principales Caracter\u00edsticas<\/strong><\/p>\n<ul>\n<li class=\"ql-align-justify\">Dise\u00f1o moderno y ultraplano.<\/li>\n<li class=\"ql-align-justify\">Superficie plana y de f\u00e1cil limpieza u Innovador mecanismo de ajuste u Alta fiabilidad.<\/li>\n<li class=\"ql-align-justify\">Dos aisladores integrados que conservan las funciones del lazo LSN en caso de cortocircuito o interrupci\u00f3n de cables.<\/li>\n<\/ul>\n<p class=\"ql-align-justify\"><strong>Especificaciones<\/strong><\/p>\n<p class=\"ql-align-justify\"><strong>El\u00e9ctricas<\/strong><\/p>\n<ul>\n<li class=\"ql-align-justify\">Tensi\u00f3n de funcionamiento: De 15 V CC a 33 V CC.<\/li>\n<li class=\"ql-align-justify\">Consumo de corriente: &lt; 3,25 mA.<\/li>\n<li class=\"ql-align-justify\">Salida de alarma: Por datos mediante l\u00ednea con se\u00f1al de dos cables.<\/li>\n<li class=\"ql-align-justify\">Salida del indicador remoto Colector abierto que conmuta 0 V sobre 1,5 kilohmios, m\u00e1x. 15 mA.<\/li>\n<\/ul>\n<p class=\"ql-align-justify\"><strong>Mec\u00e1nicos<\/strong><\/p>\n<p class=\"ql-align-justify\"><strong>Dimensiones:<\/strong><\/p>\n<ul>\n<li class=\"ql-align-justify\">Detector: \u00d8 113 x 55 mm.<\/li>\n<li class=\"ql-align-justify\">Detector con bisel: \u00d8 150 x 55 mm.<\/li>\n<li class=\"ql-align-justify\">Detector con bisel, base y caja posterior para montaje en el techo \u00d8 150 x 55 mm.<\/li>\n<li class=\"ql-align-justify\">Material de la carcasa: Policarbonato.<\/li>\n<\/ul>\n<p class=\"ql-align-justify\"><strong>Color:<\/strong><\/p>\n<ul>\n<li class=\"ql-align-justify\">Carcasa del detector: Blanco, RAL 9003<\/li>\n<li class=\"ql-align-justify\">Placa frontal del detector FAP\u2011O 520\/ FAP\u2011OC 520: Blanco mate<\/li>\n<li class=\"ql-align-justify\">Placa frontal del detector FAP\u2011O 520\u2011P\/ FAP\u2011OC 520\u2011P: Transparente\/plateado.<\/li>\n<\/ul>\n<p class=\"ql-align-justify\"><strong>Peso Sin\/con embalaje:<\/strong><\/p>\n<ul>\n<li class=\"ql-align-justify\">FAP-OC 520(-P): 180 g\/370 g.<\/li>\n<li class=\"ql-align-justify\">FAP-O 520(-P): 170 g\/360 g.<\/li>\n<li class=\"ql-align-justify\">Bisel: 30 g\/60 g.<\/li>\n<\/ul>\n<p class=\"ql-align-justify\"><strong>Ambientales<\/strong><\/p>\n<p class=\"ql-align-justify\"><strong>Temperatura de funcionamiento permitida:<\/strong><\/p>\n<ul>\n<li class=\"ql-align-justify\">FAP-O 520 (-P) De -20 \u00b0C a +65 \u00b0C.<\/li>\n<li class=\"ql-align-justify\">FAP-OC 520 (-P) De &#8211; 10 \u00b0C a + 50 \u00b0C.<\/li>\n<li class=\"ql-align-justify\">Humedad relativa permitida: 95% (sin condensaci\u00f3n).<\/li>\n<\/ul>\n<p class=\"ql-align-justify\">Velocidad de aire permitida: 20 m\/s Clase de protecci\u00f3n conforme a EN 60529:<\/p>\n<ul>\n<li class=\"ql-align-justify\">FAP-O 520 (-P) IP 53.<\/li>\n<li class=\"ql-align-justify\">FAP-OC 520 (-P) IP 33.<\/li>\n<\/ul>\n<\/div>\n<\/div>\n","protected":false},"excerpt":{"rendered":"<p>FAP-O 520-P Detector humo, \u00f3ptico, inser. color Los Detectores Autom\u00e1ticos de Incendio FAP\u2011520\u00a0combinan las ventajas de la\u00a0tecnolog\u00eda LSN improved\u00a0con los beneficios est\u00e9ticos del montaje empotrado y la posibilidad de elegir el color. Los detectores est\u00e1n especialmente dise\u00f1ados para conectarse a la versi\u00f3n LSN improved de&hellip;<\/p>\n","protected":false},"featured_media":5612,"comment_status":"open","ping_status":"closed","template":"","meta":{"om_disable_all_campaigns":false,"_monsterinsights_skip_tracking":false,"_monsterinsights_sitenote_active":false,"_monsterinsights_sitenote_note":"","_monsterinsights_sitenote_category":0},"product_brand":[],"product_cat":[494],"product_tag":[495,497,498,499,500,501,496,502],"class_list":{"0":"post-5613","1":"product","2":"type-product","3":"status-publish","4":"has-post-thumbnail","6":"product_cat-detectores","7":"product_tag-control-de-incendio","8":"product_tag-detectores","9":"product_tag-estacion-manual","10":"product_tag-estrobos-y-sirenas","11":"product_tag-modulos","12":"product_tag-paneles-de-control","13":"product_tag-sistemas-de-incendio","14":"product_tag-teclados","16":"first","17":"instock","18":"sale","19":"taxable","20":"shipping-taxable","21":"purchasable","22":"product-type-simple"},"aioseo_notices":[],"_links":{"self":[{"href":"https:\/\/tecsecmty.com\/index.php\/wp-json\/wp\/v2\/product\/5613","targetHints":{"allow":["GET"]}}],"collection":[{"href":"https:\/\/tecsecmty.com\/index.php\/wp-json\/wp\/v2\/product"}],"about":[{"href":"https:\/\/tecsecmty.com\/index.php\/wp-json\/wp\/v2\/types\/product"}],"replies":[{"embeddable":true,"href":"https:\/\/tecsecmty.com\/index.php\/wp-json\/wp\/v2\/comments?post=5613"}],"version-history":[{"count":0,"href":"https:\/\/tecsecmty.com\/index.php\/wp-json\/wp\/v2\/product\/5613\/revisions"}],"wp:featuredmedia":[{"embeddable":true,"href":"https:\/\/tecsecmty.com\/index.php\/wp-json\/wp\/v2\/media\/5612"}],"wp:attachment":[{"href":"https:\/\/tecsecmty.com\/index.php\/wp-json\/wp\/v2\/media?parent=5613"}],"wp:term":[{"taxonomy":"product_brand","embeddable":true,"href":"https:\/\/tecsecmty.com\/index.php\/wp-json\/wp\/v2\/product_brand?post=5613"},{"taxonomy":"product_cat","embeddable":true,"href":"https:\/\/tecsecmty.com\/index.php\/wp-json\/wp\/v2\/product_cat?post=5613"},{"taxonomy":"product_tag","embeddable":true,"href":"https:\/\/tecsecmty.com\/index.php\/wp-json\/wp\/v2\/product_tag?post=5613"}],"curies":[{"name":"wp","href":"https:\/\/api.w.org\/{rel}","templated":true}]}}