{"id":5617,"date":"2023-02-23T11:35:48","date_gmt":"2023-02-23T17:35:48","guid":{"rendered":"https:\/\/tecsecmty.com\/index.php\/producto\/bosch-f_-fireray5000ul-detector-de-humo-lineal-alineacion-de-laser-integral\/"},"modified":"2023-03-22T23:21:02","modified_gmt":"2023-03-23T05:21:02","slug":"bosch-f_-fireray5000ul-detector-de-humo-lineal-alineacion-de-laser-integral","status":"publish","type":"product","link":"https:\/\/tecsecmty.com\/index.php\/producto\/bosch-f_-fireray5000ul-detector-de-humo-lineal-alineacion-de-laser-integral\/","title":{"rendered":"BOSCH F_ FIRERAY5000UL &#8211; Detector de humo lineal \/ Alineacion de LASER integral"},"content":{"rendered":"<h5 class=\"card-title text-center\">Detector de humos lineal reflectante FIRERAY5000-UL<\/h5>\n<p class=\"ql-align-justify\"><strong>El detector de humos lineal Fireray5000\u2011UL cubre distancias de entre 8 m y 100 m (26,25 pies y 330 pies).<\/strong>\u00a0Un prisma reflectante permite detectar de forma precisa part\u00edculas de humo dentro de un rango de distancia determinado. Para rangos de entre 8 m y 50 m (26,25 pies y 164 pies), es suficiente con un prisma.<\/p>\n<p class=\"ql-align-justify\">Para rangos de entre 50 m y 100 m (164 pies y 330 pies), se requieren cuatro prismas. Los prismas adicionales se incluyen en el kit de largo alcance FRay5000\u2011LR\u2011Kit. Las principales zonas de aplicaci\u00f3n son salas amplias como las de edificios hist\u00f3ricos, iglesias, museos, centros comerciales, naves industriales, almacenes, etc.<\/p>\n<p class=\"ql-align-justify\">El detector lineal de humos Fireray5000\u2011UL es apto para su uso en zonas en las que no resulta pr\u00e1ctico el uso de detectores autom\u00e1ticos de tipo pulsador. El detector de humos lineal Fireray5000-UL se puede actualizar con un cabezal del detector adicional FRAY5000-HEAD-UL. El controlador del sistema puede controlar dos detectores. Cada cabezal se puede programar de forma independiente.<\/p>\n<p class=\"ql-align-justify\"><strong>Funciones b\u00e1sicas<\/strong><\/p>\n<p class=\"ql-align-justify\">El transmisor emite un haz infrarrojo (850 nm) que se enfoca a trav\u00e9s de una lente. El prisma montado en el lado opuesto, refleja el haz y \u00e9ste vuelve a la combinaci\u00f3n transmisor\/receptor. Si el humo oculta el haz IR y la se\u00f1al recibida desciende por debajo del valor del umbral seleccionado (est\u00e1ndar: 10 seg., ajustable) el detector activa una alarma de incendio y el rel\u00e9 de la alarma se cierra. La sensibilidad se puede ajustar a las condiciones ambientales. La configuraci\u00f3n por defecto de 25% (sensible), 35% y 50% (no sensible) puede cambiarse en incrementos de 1%. Todos los detectores se pueden ajustar de forma individual. El ajuste est\u00e1ndar es 35%. El rel\u00e9 de alarma puede establecerse en modo de reset autom\u00e1tico o bloqueado.<\/p>\n<p class=\"ql-align-justify\"><strong>Los LED indican tres estados de funcionamiento diferentes:<\/strong><\/p>\n<ul>\n<li class=\"ql-align-justify\">Alarma.<\/li>\n<li class=\"ql-align-justify\">Aver\u00eda.<\/li>\n<li class=\"ql-align-justify\">Funcionamiento.<\/li>\n<\/ul>\n<p class=\"ql-align-justify\">Puede controlar y configurar todos los par\u00e1metros mediante el controlador del sistema y la pantalla LCD de cada cabezal de detector.<\/p>\n<p class=\"ql-align-justify\">Los cambios lentos en los estados de funcionamiento (por ejemplo, el deterioro de los componentes, la contaminaci\u00f3n de la \u00f3ptica, etc.) no provocan falsas alarmas, pero se compensan con el control autom\u00e1tico de ganancia. Cada 15 minutos, se compara el estado del sistema con un valor de referencia predeterminado y cuando se producen desviaciones, se corrigen autom\u00e1ticamente a 0,17 dB\/h. Si se alcanza el l\u00edmite de compensaci\u00f3n, aparece la se\u00f1al de aver\u00eda. Si, en los 2 segundos siguientes, se oculta el haz IR durante 10 segundos o m\u00e1s y el oscurecimiento es superior al 87% (configurable por el operador), el rel\u00e9 de aver\u00eda se conmuta. La existencia de obst\u00e1culos en el recorrido del haz o el hecho de cubrir el reflector pueden causar aver\u00edas. Tan pronto como desaparezca la causa de la aver\u00eda, el rel\u00e9 de aver\u00eda desaparece tambi\u00e9n y transcurridos 5 segundos, el detector vuelve autom\u00e1ticamente al funcionamiento est\u00e1ndar. La central de incendios se debe restablecer por separado.<\/p>\n<p class=\"ql-align-justify\">El sistema dispone de una salida de alarma que es un rel\u00e9 con contacto de conmutaci\u00f3n sin tensi\u00f3n.<\/p>\n<p class=\"ql-align-justify\"><strong>Notas de configuraci\u00f3n\/instalaci\u00f3n<\/strong><\/p>\n<ul>\n<li class=\"ql-align-justify\">Para la conexi\u00f3n a FPA-1000 y cualquier panel de control de 24 V homologado conforme a UL.<\/li>\n<li class=\"ql-align-justify\">La l\u00ednea de visi\u00f3n entre el detector y el reflector debe estar despejada y no debe haber objetos en movimiento que causen interferencias (p. ej. gr\u00faa en alto).<\/li>\n<li class=\"ql-align-justify\">La acumulaci\u00f3n de calor bajo el tejado puede evitar que el humo ascienda al techo. Por tanto, el detector debe montarse debajo de la acumulaci\u00f3n de calor estimada. De este modo, deben superarse los valores de referencia de X1 especificados en la tabla.<\/li>\n<li class=\"ql-align-justify\">La superficie de montaje del detector debe estar firme y libre de vibraciones. Los soportes met\u00e1licos que se puedan ver afectados por el calor o el fr\u00edo no resultan aptos para la instalaci\u00f3n.<\/li>\n<li class=\"ql-align-justify\">El detector y el reflector suelen instalarse a la misma altura y alineados el uno con el otro. El amplio \u00e1ngulo del haz IR facilita los ajustes para una estabilidad fiable a largo plazo.<\/li>\n<li class=\"ql-align-justify\">El detector debe montarse en una posici\u00f3n desde donde su sistema \u00f3ptico no quede expuesto directamente a la luz solar o artificial. La luz ambiental normal no influye en el haz IR ni en el an\u00e1lisis.<\/li>\n<li class=\"ql-align-justify\">Dado que el humo de un incendio no asciende verticalmente, sino que se extiende como una nube en forma de seta (seg\u00fan la corriente y la acumulaci\u00f3n de aire), el alcance de control es mucho mayor que el di\u00e1metro del haz IR.<\/li>\n<li class=\"ql-align-justify\">La detecci\u00f3n lateral en cualquier lado del haz es de 7,5 m (24,6 pies).<\/li>\n<li class=\"ql-align-justify\">Durante el dise\u00f1o, se deben respetar los est\u00e1ndares y directrices espec\u00edficos del pa\u00eds.<\/li>\n<\/ul>\n<p class=\"ql-align-justify\"><strong>Distribuci\u00f3n de los detectores<\/strong><\/p>\n<p class=\"ql-align-justify\">Los detectores se deben distribuir de acuerdo con las siguientes distancias:<\/p>\n<ul>\n<li class=\"ql-align-justify\">X1 Distancia desde el techo: De 0,3 m a 0,6 m (de 1 pie a 2 pies)<\/li>\n<li class=\"ql-align-justify\">X2 Distancia horizontal pared\/ detector M\u00edn.: 0,5 m (1,6 pies).<\/li>\n<li class=\"ql-align-justify\">X3 Distancia horizontal entre dos detectores situados bajo un tejado a dos aguas.<\/li>\n<\/ul>\n<p class=\"ql-align-justify\"><strong>Piezas incluidas<\/strong><\/p>\n<ul>\n<li class=\"ql-align-justify\">1 Detector de humos lineal Fireray5000 UL: dispositivo compacto con transmisor y receptor integrados.<\/li>\n<li class=\"ql-align-justify\">1 Prisma reflectante.<\/li>\n<li class=\"ql-align-justify\">1 Unidad de control.<\/li>\n<li class=\"ql-align-justify\">1 Kit de instalaci\u00f3n.<\/li>\n<\/ul>\n<p class=\"ql-align-justify\"><strong>Nota: Detector de humos lineal reflectante FIRERAY5000-UL<\/strong><\/p>\n<p class=\"ql-align-justify\"><strong>Detector de humos lineal reflectante que dispone de un cabezal del detector, un prisma y un rango m\u00edn. de 26,25 pies y m\u00e1x. de 164 pies; para rangos de entre 164 pies y 330 pies se necesitan cuatro prismas. El sistema cumple con UL.<\/strong><\/p>\n<p class=\"ql-align-justify\"><strong>N\u00famero de pedido: FIRERAY5000-UL<\/strong><\/p>\n<p class=\"ql-align-justify\"><strong>Principales caracter\u00edsticas<\/strong><\/p>\n<ul>\n<li class=\"ql-align-justify\">Alcance de control ampliado.<\/li>\n<li class=\"ql-align-justify\">Hasta 2 detectores por controlador del sistema.<\/li>\n<li class=\"ql-align-justify\">Dos pares de rel\u00e9s de fuego y de fallo (uno por detector).<\/li>\n<li class=\"ql-align-justify\">Transmisor y receptor integrados en una s\u00f3lida carcasa.<\/li>\n<li class=\"ql-align-justify\">Alineaci\u00f3n de L\u00c1SER integral.<\/li>\n<\/ul>\n<p class=\"ql-align-justify\"><strong>Especificaciones<\/strong><\/p>\n<p class=\"ql-align-justify\"><strong>El\u00e9ctricas<\/strong><\/p>\n<ul>\n<li class=\"ql-align-justify\">Tensi\u00f3n de funcionamiento: De 14 V CC a 36 V CC.<\/li>\n<li class=\"ql-align-justify\">Control de reinicio mediante interrupci\u00f3n de alimentaci\u00f3n &gt; 5 s.<\/li>\n<li class=\"ql-align-justify\">Rel\u00e9 de alarma (carga de contacto) 100 mA a 36 V.<\/li>\n<li class=\"ql-align-justify\">Rel\u00e9 de aver\u00eda (carga de contacto) 100 mA a 36 V.<\/li>\n<\/ul>\n<p class=\"ql-align-justify\"><strong>Consumo de energ\u00eda<\/strong><\/p>\n<ul>\n<li class=\"ql-align-justify\">En reposo, alarma o aver\u00eda (1 cabeza del detector) 5,5 mA.<\/li>\n<li class=\"ql-align-justify\">En reposo, alarma o aver\u00eda (2 cabezas del detector) 8 mA.<\/li>\n<li class=\"ql-align-justify\">En modo de alineaci\u00f3n (con 1 o 2 cabezas del detector) 36 mA (HiA) 5,5 mA \/ 8 mA (LoA).<\/li>\n<\/ul>\n<p class=\"ql-align-justify\"><strong>Mec\u00e1nicas<\/strong><\/p>\n<p class=\"ql-align-justify\"><strong>Indicadores LED para:<\/strong><\/p>\n<ul>\n<li class=\"ql-align-justify\">Alarma Parpadeo rojo cada 10 segundos.<\/li>\n<li class=\"ql-align-justify\">Aver\u00eda Parpadeo amarillo cada 10 segundos.<\/li>\n<li class=\"ql-align-justify\">Funcionamiento Parpadeo verde cada 10 segundos.<\/li>\n<\/ul>\n<p class=\"ql-align-justify\"><strong>Dimensiones (An. x Al. x Pr.)<\/strong><\/p>\n<ul>\n<li class=\"ql-align-justify\">Detector 135 x 135 x 135 mm (5.3 x 5.3 x 5.3 pulg.)<\/li>\n<li class=\"ql-align-justify\">Reflector de prisma 100 x 100 x 10 mm (3.9 x 3.9 x 0.4 pulg.)<\/li>\n<li class=\"ql-align-justify\">Unidad de control 200 x 235 x 81 mm (7.9 x 9.3 x 3.2 pulg.)<\/li>\n<\/ul>\n<p class=\"ql-align-justify\"><strong>Carcasa<\/strong><\/p>\n<ul>\n<li class=\"ql-align-justify\">Color Gris claro\/negro.<\/li>\n<li class=\"ql-align-justify\">Material C6600, no-inflamable.<\/li>\n<\/ul>\n<p class=\"ql-align-justify\"><strong>Peso<\/strong><\/p>\n<ul>\n<li class=\"ql-align-justify\">Detector 500 g (1,1 libras).<\/li>\n<li class=\"ql-align-justify\">Prism reflector 100 g (0,22 libras).<\/li>\n<li class=\"ql-align-justify\">Unidad de control 1000 g (2,2 libras).<\/li>\n<\/ul>\n<p class=\"ql-align-justify\"><strong>Ambientales<\/strong><\/p>\n<ul>\n<li class=\"ql-align-justify\">Clase de protecci\u00f3n conforme a EN 60529 IP 54.<\/li>\n<li class=\"ql-align-justify\">Temperatura de funcionamiento permitida: De -20\u00b0C a 55\u00b0C (De -22\u00b0F a 131\u00b0F).<\/li>\n<li class=\"ql-align-justify\">Temperatura de funcionamiento permitida, instalaci\u00f3n listada en UL: De 0\u00b0C a 37,8\u00b0C (De 32\u00b0F a 100\u00b0F).<\/li>\n<\/ul>\n<p class=\"ql-align-justify\"><strong>Dise\u00f1o<\/strong><\/p>\n<ul>\n<li class=\"ql-align-justify\">Distancia permitida detectorreflector Min. 8 m (26,25 pies) &#8211; max. 50 m (164 pies).<\/li>\n<li class=\"ql-align-justify\">Con el Kit de largo alcance FRay5000\u2011LR\u2011Kit Min. 50 m (164 pies) &#8211; max. 100 m (330 pies).<\/li>\n<li class=\"ql-align-justify\">Detecci\u00f3n lateral (en ambos lados del haz) Max. 9,1 m (30 pies) (respete las directivas locales).<\/li>\n<li class=\"ql-align-justify\">Detectores conectables por controlador del sistema 1 o 2.<\/li>\n<\/ul>\n<p class=\"ql-align-justify\"><strong>Caracter\u00edsticas especiales<\/strong><\/p>\n<ul>\n<li class=\"ql-align-justify\">Longitud de onda \u00f3ptica 850 nm Tolerancia de la desviaci\u00f3n axial.<\/li>\n<li class=\"ql-align-justify\">Detector \u00b1 0,3\u00b0.<\/li>\n<li class=\"ql-align-justify\">Prisma reflectante \u00b1 5,0\u00b0.<\/li>\n<\/ul>\n<p><img decoding=\"async\" class=\"overview-center-img-web\" src=\"https:\/\/tvc.mx\/media\/34005\/Logoopaginas-oficial-1920x400.png\" alt=\"\" \/><\/p>\n","protected":false},"excerpt":{"rendered":"<p>Detector de humos lineal reflectante FIRERAY5000-UL El detector de humos lineal Fireray5000\u2011UL cubre distancias de entre 8 m y 100 m (26,25 pies y 330 pies).\u00a0Un prisma reflectante permite detectar de forma precisa part\u00edculas de humo dentro de un rango de distancia determinado. Para rangos&hellip;<\/p>\n","protected":false},"featured_media":5616,"comment_status":"open","ping_status":"closed","template":"","meta":{"om_disable_all_campaigns":false,"_monsterinsights_skip_tracking":false,"_monsterinsights_sitenote_active":false,"_monsterinsights_sitenote_note":"","_monsterinsights_sitenote_category":0},"product_brand":[],"product_cat":[494],"product_tag":[495,497,498,499,500,501,496,502],"class_list":{"0":"post-5617","1":"product","2":"type-product","3":"status-publish","4":"has-post-thumbnail","6":"product_cat-detectores","7":"product_tag-control-de-incendio","8":"product_tag-detectores","9":"product_tag-estacion-manual","10":"product_tag-estrobos-y-sirenas","11":"product_tag-modulos","12":"product_tag-paneles-de-control","13":"product_tag-sistemas-de-incendio","14":"product_tag-teclados","16":"first","17":"instock","18":"sale","19":"taxable","20":"shipping-taxable","21":"purchasable","22":"product-type-simple"},"aioseo_notices":[],"_links":{"self":[{"href":"https:\/\/tecsecmty.com\/index.php\/wp-json\/wp\/v2\/product\/5617","targetHints":{"allow":["GET"]}}],"collection":[{"href":"https:\/\/tecsecmty.com\/index.php\/wp-json\/wp\/v2\/product"}],"about":[{"href":"https:\/\/tecsecmty.com\/index.php\/wp-json\/wp\/v2\/types\/product"}],"replies":[{"embeddable":true,"href":"https:\/\/tecsecmty.com\/index.php\/wp-json\/wp\/v2\/comments?post=5617"}],"version-history":[{"count":0,"href":"https:\/\/tecsecmty.com\/index.php\/wp-json\/wp\/v2\/product\/5617\/revisions"}],"wp:featuredmedia":[{"embeddable":true,"href":"https:\/\/tecsecmty.com\/index.php\/wp-json\/wp\/v2\/media\/5616"}],"wp:attachment":[{"href":"https:\/\/tecsecmty.com\/index.php\/wp-json\/wp\/v2\/media?parent=5617"}],"wp:term":[{"taxonomy":"product_brand","embeddable":true,"href":"https:\/\/tecsecmty.com\/index.php\/wp-json\/wp\/v2\/product_brand?post=5617"},{"taxonomy":"product_cat","embeddable":true,"href":"https:\/\/tecsecmty.com\/index.php\/wp-json\/wp\/v2\/product_cat?post=5617"},{"taxonomy":"product_tag","embeddable":true,"href":"https:\/\/tecsecmty.com\/index.php\/wp-json\/wp\/v2\/product_tag?post=5617"}],"curies":[{"name":"wp","href":"https:\/\/api.w.org\/{rel}","templated":true}]}}