{"id":5619,"date":"2023-02-23T11:35:52","date_gmt":"2023-02-23T17:35:52","guid":{"rendered":"https:\/\/tecsecmty.com\/index.php\/producto\/bosch-f_d273th-detector-de-humo-y-calor-cuatro-cables-57-grados-centigrados\/"},"modified":"2023-03-22T23:21:03","modified_gmt":"2023-03-23T05:21:03","slug":"bosch-f_d273th-detector-de-humo-y-calor-cuatro-cables-57-grados-centigrados","status":"publish","type":"product","link":"https:\/\/tecsecmty.com\/index.php\/producto\/bosch-f_d273th-detector-de-humo-y-calor-cuatro-cables-57-grados-centigrados\/","title":{"rendered":"BOSCH F_D273TH &#8211; Detector de humo y calor \/ Cuatro cables \/ 57 Grados centigrados"},"content":{"rendered":"<h5 class=\"card-title text-center\">Detector de humo y calor de cuatro cables D273TH<\/h5>\n<p><strong>El grupo D273 incluye los siguientes modelos de detectores:<\/strong><\/p>\n<p><strong>Descripci\u00f3n de Modelo<\/strong><\/p>\n<ul>\n<li>D273 Cuatro cables D273IS1 Cuatro cables con sensor t\u00e9rmico de 57 \u00b0C (135 \u00b0F) aislado y sirena.<\/li>\n<li>D273TH Cuatro cables con sensor t\u00e9rmico de 57 \u00b0C (135 \u00b0F).<\/li>\n<li>D273THC Cuatro cables con sensor t\u00e9rmico de 57 \u00b0C (135 \u00b0F) y rel\u00e9 auxiliar.<\/li>\n<li>D273THCS1 Cuatro cables con sensor t\u00e9rmico de 57 \u00b0C (135 \u00b0F), rel\u00e9 auxiliar y sirena.<\/li>\n<li>D273THE Cuatro cables con sensor t\u00e9rmico de 57 \u00b0C (135 \u00b0F) y rel\u00e9 de final de l\u00ednea (EOL, end-of-line).<\/li>\n<li>D273THR2 Cuatro cables con sensor t\u00e9rmico de 57 \u00b0C (135 \u00b0F) y rel\u00e9 de aver\u00eda.<\/li>\n<li>D273THS1 Cuatro cables con sensor t\u00e9rmico de 57 \u00b0C (135 \u00b0F) y sirena.<\/li>\n<li>D273THES1 Cuatro cables con sensor t\u00e9rmico de 57 \u00b0C (135 \u00b0F), sirena y rel\u00e9 de EOL.<\/li>\n<\/ul>\n<p>Cada uno de los modelos de detectores forma parte del listado UL y funciona con sistemas comerciales de se\u00f1alizaci\u00f3n de protecci\u00f3n contra incendios y con sistemas dom\u00e9sticos de aviso de incendio. Cada modelo detecta las part\u00edculas de humo producidas durante la combusti\u00f3n de madera, papel y tejidos.<\/p>\n<p><strong>Resumen del sistema<\/strong><\/p>\n<p>Estos modelos de detectores usan una fuente de luz LED infrarroja (IR) y un fotodiodo de silicona para medir la luz en una c\u00e1mara. Una delgada pantalla cubre la c\u00e1mara para impedir el ingreso de insectos y reducir la acumulaci\u00f3n de polvo, y as\u00ed minimizar las falsas alarmas. Durante un incendio, las part\u00edculas de humo reflejan la luz en el fotodiodo. Cuando las mediciones del fotodiodo superan el umbral de alarma, el detector emite una se\u00f1al que indica la presencia de una condici\u00f3n de alarma. Una vez despejada la condici\u00f3n de alarma, interrumpa el suministro de energ\u00eda en el panel de control para restablecer el detector. Cuando se usa un m\u00f3dulo de inversi\u00f3n de rel\u00e9 D132B, la luz de LED no bloquea la alarma.<\/p>\n<p><strong>Funciones b\u00e1sicas<\/strong><\/p>\n<p><strong>Pruebas de calibraci\u00f3n de la c\u00e1mara<\/strong><\/p>\n<p>Verifique la sensibilidad y la calibraci\u00f3n de cualquiera de estos detectores mediante una verificaci\u00f3n visual, una prueba con im\u00e1n o una prueba de medici\u00f3n del voltaje. Consulte la Gu\u00eda de instalaci\u00f3n de los grupos D263\/D273 para obtener instrucciones espec\u00edficas sobre c\u00f3mo realizar estas pruebas de sensibilidad.<\/p>\n<p><strong>Certificados y homologaciones<\/strong><\/p>\n<ul>\n<li>EE. UU. UL UROX: Smoke &#8211; Automatic Fire Detectors (UL268 and A), UROX7: Smoke &#8211; Automatic Fire Detectors Certified for Canada (cULus).<\/li>\n<li>CSFM see our website NYC- -MEA 274-93-E, Vol. VII.<\/li>\n<li>MSFM.<\/li>\n<li>Hong Kong HKFSD J-005\/C\/023.<\/li>\n<\/ul>\n<p><strong>Planificaci\u00f3n<\/strong><\/p>\n<p>Utilice los detectores de humo en circuitos de detecci\u00f3n destinados a la protecci\u00f3n de las personas. Utilice los detectores de calor en circuitos destinados a la protecci\u00f3n de propiedades.<\/p>\n<p><strong>Productos compatibles<\/strong><\/p>\n<p>Los siguientes productos son compatibles con los detectores del grupo D273:<\/p>\n<ul>\n<li>Paneles de control Estos modelos de detectores son compatibles con los paneles de control de cuatro cables que forman parte del listado UL. Para seleccionar la resistencia de EOL correcta, consulte las instrucciones de instalaci\u00f3n del fabricante.<\/li>\n<li>M\u00f3dulos D132B M\u00f3dulo de inversi\u00f3n de rel\u00e9.<\/li>\n<\/ul>\n<p><strong>Supervisi\u00f3n de lazo<\/strong><\/p>\n<p>Para la supervisi\u00f3n de lazo, instale un m\u00f3dulo de supervisi\u00f3n de alimentaci\u00f3n D275 de Bosch Security Systems y una resistencia de EOL despu\u00e9s del \u00faltimo dispositivo en el lazo.<\/p>\n<p><strong>Montaje<\/strong><\/p>\n<p>El detector tiene una placa de montaje que se conecta a una caja posterior est\u00e1ndar de 10 cm (4 in). Para las instalaciones comerciales e industriales de acuerdo con la normativa NFPA 72, debe dejarse un espacio de 9,2 m (30 ft) entre cada detector.<\/p>\n<p><strong>Cables<\/strong><\/p>\n<p>El bloque de terminales admite cables de hasta 2,5 mm2 ISO (12 AWG). Puede quitar el bloque de terminales del detector para obtener un cableado m\u00e1s sencillo. El bloque de terminales se coloca y quita a presi\u00f3n.<\/p>\n<p><strong>Piezas incluidas<\/strong><\/p>\n<ul>\n<li>1 Detector.<\/li>\n<li>1 Paquete de documentaci\u00f3n: Manual de instalaci\u00f3n y Nota sobre instalaci\u00f3n proporcionada por el servicio t\u00e9cnico.<\/li>\n<\/ul>\n<p><strong>Nota: Detector de humo y calor de cuatro cables D273TH<\/strong><\/p>\n<p><strong>Detector de humo de cuatro cables con sensor t\u00e9rmico de 57 \u00b0C (135 \u00b0F).<\/strong><\/p>\n<p><strong>N\u00famero de pedido: D273T<\/strong>H<\/p>\n<p><strong>Principales caracter\u00edsticas<\/strong><\/p>\n<ul>\n<li>Entrada de 12 VCC o 24 VCC.<\/li>\n<li>Dise\u00f1ados para el uso comercial o residencial.<\/li>\n<li>Aplicaci\u00f3n de cuatro cables.<\/li>\n<li>Diodos electroluminiscentes (LED) que indican el estado de la c\u00e1mara, la alimentaci\u00f3n y la alarma.<\/li>\n<li>Bloque de terminales extra\u00edble para simplificar las conexiones de cableado.<\/li>\n<\/ul>\n<p><strong>Especificaciones<\/strong><\/p>\n<p><strong>Ambientales<\/strong><\/p>\n<ul>\n<li>Humedad relativa: Hasta 93%, sin condensaci\u00f3n Funcionamiento y almacenamiento.<\/li>\n<li>Temperatura: De 0 \u00b0C a +40 \u00b0C (de +32 \u00b0F a +120 \u00b0F) Inmunidad a la interferencia de radiofrecuencia (RFI, Radio Frequency Interference) Sin configuraci\u00f3n ni alarma en frecuencias cr\u00edticas dentro del rango de 26 MHz a 950 MHz.<\/li>\n<\/ul>\n<p><strong>Mec\u00e1nicas<\/strong><\/p>\n<ul>\n<li>Dimensiones (di\u00e1metro x altura): 12,7 cm x 5,1 cm (5 in x 2 in).<\/li>\n<li>Material: Pl\u00e1stico ABS retardante de fuego y resistente a altos impactos.<\/li>\n<\/ul>\n<p><strong>Alimentaci\u00f3n<\/strong><\/p>\n<ul>\n<li>Tiempo de encendido: 22 segundos como m\u00e1ximo.<\/li>\n<li>Fluctuaci\u00f3n RMS: 25 % de CC de entrada m\u00e1xima.<\/li>\n<li>Voltaje (reposo): De 10 VDC a 30 VDC.<\/li>\n<\/ul>\n<p><strong>Consumo de corriente (alarma) a 30 VCC<\/strong><\/p>\n<ul>\n<li>D273, D273TH: 18 mA m\u00e1ximo.<\/li>\n<li>D273THC: 33 mA m\u00e1ximo.<\/li>\n<li>D273THE, D273THR: 36 mA m\u00e1ximo.<\/li>\n<li>D273THS: 78 mA m\u00e1ximo.<\/li>\n<li>D273THCS: 90 mA m\u00e1ximo.<\/li>\n<li>D273THES: 96 mA m\u00e1ximo.<\/li>\n<li>D273IS: 100 mA como m\u00e1ximo.<\/li>\n<\/ul>\n<p><strong>Consumo de corriente (reposo)<\/strong><\/p>\n<ul>\n<li>D273, D273TH, D27THC, D273THCS, D273THS: 0,1 mA como m\u00e1ximo.<\/li>\n<li>D273IS: 15 mA.<\/li>\n<li>D273THE, D273THES: 15 mA.<\/li>\n<li>D273THR: 18 mA como m\u00e1ximo.<\/li>\n<\/ul>\n<p><img decoding=\"async\" class=\"overview-center-img-web\" src=\"https:\/\/tvc.mx\/media\/33421\/Logoopaginas-oficial-1920x400.png\" alt=\"\" \/><\/p>\n","protected":false},"excerpt":{"rendered":"<p>Detector de humo y calor de cuatro cables D273TH El grupo D273 incluye los siguientes modelos de detectores: Descripci\u00f3n de Modelo D273 Cuatro cables D273IS1 Cuatro cables con sensor t\u00e9rmico de 57 \u00b0C (135 \u00b0F) aislado y sirena. D273TH Cuatro cables con sensor t\u00e9rmico de&hellip;<\/p>\n","protected":false},"featured_media":5618,"comment_status":"open","ping_status":"closed","template":"","meta":{"om_disable_all_campaigns":false,"_monsterinsights_skip_tracking":false,"_monsterinsights_sitenote_active":false,"_monsterinsights_sitenote_note":"","_monsterinsights_sitenote_category":0},"product_brand":[],"product_cat":[494],"product_tag":[495,497,498,499,500,501,496,502],"class_list":{"0":"post-5619","1":"product","2":"type-product","3":"status-publish","4":"has-post-thumbnail","6":"product_cat-detectores","7":"product_tag-control-de-incendio","8":"product_tag-detectores","9":"product_tag-estacion-manual","10":"product_tag-estrobos-y-sirenas","11":"product_tag-modulos","12":"product_tag-paneles-de-control","13":"product_tag-sistemas-de-incendio","14":"product_tag-teclados","16":"first","17":"instock","18":"sale","19":"taxable","20":"shipping-taxable","21":"purchasable","22":"product-type-simple"},"aioseo_notices":[],"_links":{"self":[{"href":"https:\/\/tecsecmty.com\/index.php\/wp-json\/wp\/v2\/product\/5619","targetHints":{"allow":["GET"]}}],"collection":[{"href":"https:\/\/tecsecmty.com\/index.php\/wp-json\/wp\/v2\/product"}],"about":[{"href":"https:\/\/tecsecmty.com\/index.php\/wp-json\/wp\/v2\/types\/product"}],"replies":[{"embeddable":true,"href":"https:\/\/tecsecmty.com\/index.php\/wp-json\/wp\/v2\/comments?post=5619"}],"version-history":[{"count":0,"href":"https:\/\/tecsecmty.com\/index.php\/wp-json\/wp\/v2\/product\/5619\/revisions"}],"wp:featuredmedia":[{"embeddable":true,"href":"https:\/\/tecsecmty.com\/index.php\/wp-json\/wp\/v2\/media\/5618"}],"wp:attachment":[{"href":"https:\/\/tecsecmty.com\/index.php\/wp-json\/wp\/v2\/media?parent=5619"}],"wp:term":[{"taxonomy":"product_brand","embeddable":true,"href":"https:\/\/tecsecmty.com\/index.php\/wp-json\/wp\/v2\/product_brand?post=5619"},{"taxonomy":"product_cat","embeddable":true,"href":"https:\/\/tecsecmty.com\/index.php\/wp-json\/wp\/v2\/product_cat?post=5619"},{"taxonomy":"product_tag","embeddable":true,"href":"https:\/\/tecsecmty.com\/index.php\/wp-json\/wp\/v2\/product_tag?post=5619"}],"curies":[{"name":"wp","href":"https:\/\/api.w.org\/{rel}","templated":true}]}}