{"id":5621,"date":"2023-02-23T11:35:54","date_gmt":"2023-02-23T17:35:54","guid":{"rendered":"https:\/\/tecsecmty.com\/index.php\/producto\/bosch-f_d285dh-cabezal-detector-de-humo-especial-para-ductos-compatible-con-d340\/"},"modified":"2023-03-22T23:21:03","modified_gmt":"2023-03-23T05:21:03","slug":"bosch-f_d285dh-cabezal-detector-de-humo-especial-para-ductos-compatible-con-d340","status":"publish","type":"product","link":"https:\/\/tecsecmty.com\/index.php\/producto\/bosch-f_d285dh-cabezal-detector-de-humo-especial-para-ductos-compatible-con-d340\/","title":{"rendered":"BOSCH F_D285DH &#8211; Cabezal detector de humo especial para DUCTOS \/ Compatible con D340"},"content":{"rendered":"<h5 class=\"card-title text-center\">Cabezal de humo de conducto D285DH, 2\/4 hilos, 12\/24 V<\/h5>\n<p class=\"ql-align-justify\"><strong>El cabezal detector de conductos D285DH detecta los grandes part\u00edculas de humo que t\u00edpicamente resultan de la madera, papel y tela de combusti\u00f3n.<\/strong><\/p>\n<p class=\"ql-align-justify\">El detector es parte de un sistema de dos componentes: El carcasa del detector de conductos y la cabeza del detector de conductos, la carcasa est\u00e1 unida permanentemente en el conducto, los<\/p>\n<p class=\"ql-align-justify\">la cabeza del detector de conducto intercambiable se separa r\u00e1pidamente para reemplazo y limpieza sin afectar el circuito alambrado. La cabeza del detector de conductos se conecta al<\/p>\n<p class=\"ql-align-justify\">siguientes carcasas de detectores de conductos:<\/p>\n<ul>\n<li class=\"ql-align-justify\">Carcasa del detector de conductos de dos cables D340 (12 V CC o 24 VDC).<\/li>\n<li class=\"ql-align-justify\">Carcasa del detector de conductos de cuatro hilos D341 (24 V CC o 120 VAC).<\/li>\n<li class=\"ql-align-justify\">Carcasa del detector de conductos de cuatro hilos D342 (24 V CC o 220\/240 VAC).<\/li>\n<\/ul>\n<p class=\"ql-align-justify\"><strong>Funciones b\u00e1sicas<\/strong><\/p>\n<p class=\"ql-align-justify\"><strong>Funcionamiento de la c\u00e1mara de detecci\u00f3n<\/strong><\/p>\n<p class=\"ql-align-justify\">El detector de conducto utiliza una fuente de luz LED infrarroja y un fotodiodo de silicio para medir la luz en un c\u00e1mara. En condiciones normales, la luz se absorbe en la C\u00e1mara, la presencia de un n\u00famero significativo de las part\u00edculas permiten que la luz se refleje en fotodiodo despu\u00e9s de tres mediciones consecutivas, superando el nivel b\u00e1sico, la unidad emite una alarma condici\u00f3n. El detector se puede reiniciar desde el panel, despu\u00e9s de que se borra una condici\u00f3n de alarma, interrumpiendo poder.<\/p>\n<p class=\"ql-align-justify\">La c\u00e1mara de detecci\u00f3n, dise\u00f1ada para humo confiable caracter\u00edsticas de entrada, est\u00e1 protegido por una microfina mosquitera. La pantalla reduce la acumulaci\u00f3n de polvo, la penetraci\u00f3n de insectos y minimiza las alarmas molestas.<\/p>\n<p class=\"ql-align-justify\"><strong>Funci\u00f3n de verificaci\u00f3n de c\u00e1mara<\/strong><\/p>\n<p class=\"ql-align-justify\">Para reducir a\u00fan m\u00e1s las alarmas molestas, la cabeza del detector comprueba su calibraci\u00f3n. Esta funci\u00f3n de verificaci\u00f3n de c\u00e1mara es autom\u00e1tico. Si el cabezal no est\u00e1 calibrado durante&gt; 24 horas, el LED de alarma de problemas parpadea una vez por segundo esto es tres veces la tasa normal.<\/p>\n<p class=\"ql-align-justify\"><strong>Pruebas<\/strong><\/p>\n<p class=\"ql-align-justify\"><strong>Prueba de diagn\u00f3stico interno<\/strong><\/p>\n<p class=\"ql-align-justify\">Esta cabeza tiene un interruptor de l\u00e1minas a prueba de humedad que reacciona a un im\u00e1n externo para pruebas. La prueba del im\u00e1n simula un oscurecimiento del humo del 4% al 6%, que<\/p>\n<p class=\"ql-align-justify\">coloca el detector en una condici\u00f3n de alarma. Esta prueba da como resultado respuestas espec\u00edficas de LED y circuito de alarma indicando el:<\/p>\n<ul>\n<li class=\"ql-align-justify\">El detector est\u00e1 dentro de los est\u00e1ndares de calibraci\u00f3n.<\/li>\n<li class=\"ql-align-justify\">La configuraci\u00f3n del detector est\u00e1 fuera de los est\u00e1ndares de sensibilidad<\/li>\n<li class=\"ql-align-justify\">El detector no est\u00e1 operativo.<\/li>\n<\/ul>\n<p class=\"ql-align-justify\">Esta prueba es especialmente \u00fatil en el medio ambiente de \u00e1reas inestables o sucias.<\/p>\n<p class=\"ql-align-justify\"><strong>Prueba de tensi\u00f3n de sensibilidad<\/strong><\/p>\n<p class=\"ql-align-justify\">Este cabezal detector tiene una toma que acepta cable de prueba D1005. El D1005 se conecta a la detector y permite que un volt\u00edmetro lea el sensibilidad del dispositivo<\/p>\n<p class=\"ql-align-justify\"><strong>LEDs<\/strong><\/p>\n<p class=\"ql-align-justify\">El detector tiene un LED incorporado que parpadea para indicar el dispositivo est\u00e1 alimentado. El LED se enclava constantemente una condici\u00f3n de alarma.<\/p>\n<p class=\"ql-align-justify\"><strong>Notas de instalaci\u00f3n \/ configuraci\u00f3n<\/strong><\/p>\n<p class=\"ql-align-justify\"><strong>Instalaci\u00f3n<\/strong><\/p>\n<p class=\"ql-align-justify\">La cabeza del detector de conductos es parte de un dispositivo compuesto, la carcasa del detector de ductos se instala en el ducto y contiene todo el cableado. La cabeza del detector de conductos<\/p>\n<p class=\"ql-align-justify\">se adhiere a la base alineando la cabeza con el base y gir\u00e1ndolo en sentido horario. No se requieren herramientas para una instalaci\u00f3n que no sea un destornillador para apretar tornillo de sabotaje opcional.<\/p>\n<p class=\"ql-align-justify\"><strong>Alambrado<\/strong><\/p>\n<p class=\"ql-align-justify\">El bloque de terminales en la carcasa del conducto acepta hasta 12 AWG (ISO 4 mm2 ) cable.<\/p>\n<p class=\"ql-align-justify\"><strong>Partes incluidas<\/strong><\/p>\n<ul>\n<li class=\"ql-align-justify\">1 cabezal detector con guardapolvo<\/li>\n<li class=\"ql-align-justify\">1 Literatura &#8211; Manual de instalaci\u00f3n, servicio t\u00e9cnico y Nota sobre la instalaci\u00f3n.<\/li>\n<\/ul>\n<p class=\"ql-align-justify\"><strong>Nota: Cabezal de humo de conducto D285DH, 2\/4 hilos, 12\/24 V<\/strong><\/p>\n<p class=\"ql-align-justify\"><strong>Detecta las grandes part\u00edculas de humo que t\u00edpicamente resultado de la combusti\u00f3n de madera, papel y tela.<\/strong><\/p>\n<p class=\"ql-align-justify\"><strong>N\u00famero de pedido: D285DH<\/strong><\/p>\n<p class=\"ql-align-justify\"><strong>Principales caracter\u00edsticas<\/strong><\/p>\n<ul>\n<li class=\"ql-align-justify\">Aplicaciones comerciales o residenciales.<\/li>\n<li class=\"ql-align-justify\">Aplicaci\u00f3n de dos o cuatro hilos, dependiendo de base.<\/li>\n<li class=\"ql-align-justify\">C\u00e1mara Comprobar LED de parpadeo r\u00e1pido Problema autom\u00e1tico Indicaci\u00f3n de c\u00e1mara contaminada.<\/li>\n<li class=\"ql-align-justify\">Indicador de energ\u00eda LED parpadeante.<\/li>\n<li class=\"ql-align-justify\">Indicador de alarma LED fijo.<\/li>\n<\/ul>\n<p class=\"ql-align-justify\"><strong>Especificaciones<\/strong><\/p>\n<p class=\"ql-align-justify\"><strong>El\u00e9ctricas<\/strong><\/p>\n<ul>\n<li class=\"ql-align-justify\">RMS Ripple (m\u00e1ximo) 25% de entrada DC.<\/li>\n<\/ul>\n<p class=\"ql-align-justify\"><strong>Voltaje (entrada)\u00a0<\/strong><\/p>\n<ul>\n<li class=\"ql-align-justify\">Dos hilos: 8.5 VDC a 33 VDC<\/li>\n<li class=\"ql-align-justify\">Cuatro hilos: 10 VDC a 30 VDC<\/li>\n<\/ul>\n<p class=\"ql-align-justify\"><strong>Alarma\u00a0<\/strong><\/p>\n<ul>\n<li class=\"ql-align-justify\">Dos hilos: depende del panel de control que debe limitar la corriente de alarma a 100 mA m\u00e1ximo.<\/li>\n<li class=\"ql-align-justify\">Cuatro hilos: depende de la base del detector, consulte especificaciones de base pertinentes<\/li>\n<\/ul>\n<p class=\"ql-align-justify\"><strong>En espera\u00a0<\/strong><\/p>\n<ul>\n<li class=\"ql-align-justify\">Dos hilos: 0.08 mA a 12 V CC, 0.09 mA a 24 VDC.<\/li>\n<li class=\"ql-align-justify\">Cuatro hilos: 24 mA a 12 V CC o 24 V CC.<\/li>\n<\/ul>\n<p class=\"ql-align-justify\"><strong>Ambiental<\/strong><\/p>\n<ul>\n<li class=\"ql-align-justify\">Humedad relativa: hasta 93%, sin condensaci\u00f3n.<\/li>\n<li class=\"ql-align-justify\">Temperatura (operando): + 32 \u00b0 F a + 100 \u00b0 F (0 \u00b0 C a + 38 \u00b0 C).<\/li>\n<\/ul>\n<p class=\"ql-align-justify\"><strong>Frecuencia de radio<\/strong><\/p>\n<ul>\n<li class=\"ql-align-justify\">Interferencia (RFI) Inmunidad: Sin alarma o bloqueo en frecuencias cr\u00edticas en el rango de 26 MHz a 950 MHz en el campo fuerzas inferiores a 50 V \/ m.<\/li>\n<\/ul>\n<p class=\"ql-align-justify\"><strong>Mec\u00e1nico<\/strong><\/p>\n<ul>\n<li class=\"ql-align-justify\">Color: hueso blanco.<\/li>\n<li class=\"ql-align-justify\">Dimensiones (di\u00e1metro x D): 4 pulg. X 1.25 pulg. (10.2 cm x 3.2 cm).<\/li>\n<\/ul>\n<p><img decoding=\"async\" class=\"overview-center-img-web\" src=\"https:\/\/tvc.mx\/media\/34363\/Logoopaginas-oficial-1920x400.png\" alt=\"\" \/><\/p>\n","protected":false},"excerpt":{"rendered":"<p>Cabezal de humo de conducto D285DH, 2\/4 hilos, 12\/24 V El cabezal detector de conductos D285DH detecta los grandes part\u00edculas de humo que t\u00edpicamente resultan de la madera, papel y tela de combusti\u00f3n. El detector es parte de un sistema de dos componentes: El carcasa&hellip;<\/p>\n","protected":false},"featured_media":5620,"comment_status":"open","ping_status":"closed","template":"","meta":{"om_disable_all_campaigns":false,"_monsterinsights_skip_tracking":false,"_monsterinsights_sitenote_active":false,"_monsterinsights_sitenote_note":"","_monsterinsights_sitenote_category":0},"product_brand":[],"product_cat":[494],"product_tag":[495,497,498,499,500,501,496,502],"class_list":{"0":"post-5621","1":"product","2":"type-product","3":"status-publish","4":"has-post-thumbnail","6":"product_cat-detectores","7":"product_tag-control-de-incendio","8":"product_tag-detectores","9":"product_tag-estacion-manual","10":"product_tag-estrobos-y-sirenas","11":"product_tag-modulos","12":"product_tag-paneles-de-control","13":"product_tag-sistemas-de-incendio","14":"product_tag-teclados","16":"first","17":"instock","18":"sale","19":"taxable","20":"shipping-taxable","21":"purchasable","22":"product-type-simple"},"aioseo_notices":[],"_links":{"self":[{"href":"https:\/\/tecsecmty.com\/index.php\/wp-json\/wp\/v2\/product\/5621","targetHints":{"allow":["GET"]}}],"collection":[{"href":"https:\/\/tecsecmty.com\/index.php\/wp-json\/wp\/v2\/product"}],"about":[{"href":"https:\/\/tecsecmty.com\/index.php\/wp-json\/wp\/v2\/types\/product"}],"replies":[{"embeddable":true,"href":"https:\/\/tecsecmty.com\/index.php\/wp-json\/wp\/v2\/comments?post=5621"}],"version-history":[{"count":0,"href":"https:\/\/tecsecmty.com\/index.php\/wp-json\/wp\/v2\/product\/5621\/revisions"}],"wp:featuredmedia":[{"embeddable":true,"href":"https:\/\/tecsecmty.com\/index.php\/wp-json\/wp\/v2\/media\/5620"}],"wp:attachment":[{"href":"https:\/\/tecsecmty.com\/index.php\/wp-json\/wp\/v2\/media?parent=5621"}],"wp:term":[{"taxonomy":"product_brand","embeddable":true,"href":"https:\/\/tecsecmty.com\/index.php\/wp-json\/wp\/v2\/product_brand?post=5621"},{"taxonomy":"product_cat","embeddable":true,"href":"https:\/\/tecsecmty.com\/index.php\/wp-json\/wp\/v2\/product_cat?post=5621"},{"taxonomy":"product_tag","embeddable":true,"href":"https:\/\/tecsecmty.com\/index.php\/wp-json\/wp\/v2\/product_tag?post=5621"}],"curies":[{"name":"wp","href":"https:\/\/api.w.org\/{rel}","templated":true}]}}