{"id":5623,"date":"2023-02-23T11:35:57","date_gmt":"2023-02-23T17:35:57","guid":{"rendered":"https:\/\/tecsecmty.com\/index.php\/producto\/bosch-f_d296-barrera-de-deteccion-de-humo-cobertura-107-metros\/"},"modified":"2023-03-22T23:21:03","modified_gmt":"2023-03-23T05:21:03","slug":"bosch-f_d296-barrera-de-deteccion-de-humo-cobertura-107-metros","status":"publish","type":"product","link":"https:\/\/tecsecmty.com\/index.php\/producto\/bosch-f_d296-barrera-de-deteccion-de-humo-cobertura-107-metros\/","title":{"rendered":"BOSCH F_D296 &#8211; Barrera de deteccion de humo \/ Cobertura 107 METROS."},"content":{"rendered":"<div class=\"row aling-items-center padding-bottom-2x\">\n<div class=\"col-lg-12\">\n<h5 class=\"card-title text-center\">Detector de humo de haz de largo alcance D296 de 24 V<\/h5>\n<p class=\"ql-align-justify\">\n<p><img decoding=\"async\" class=\"overview-center-img- aligncenter\" src=\"https:\/\/tvc.mx\/media\/11222\/Logoopaginas-oficial.png\" alt=\"\" \/><\/div>\n<\/div>\n<div class=\"row align-items-center padding-bottom-2x\">\n<div class=\"col-md-5\"><img decoding=\"async\" class=\"d-block m-auto img-thumbnail\" src=\"https:\/\/tvc.mx\/media\/81432\/D296.config5.png\" alt=\" \" \/><\/div>\n<div class=\"col-md-7 text-md-left text-center\">\n<h2>Resumen del sistema<\/h2>\n<p class=\"text-muted\">\n<p class=\"ql-align-justify\"><strong>El detector de humo de haz de largo alcance D296 (de 24 V) se utiliza en \u00e1reas abiertas.<\/strong>\u00a0Por ejemplo, en estadios, atrios, auditorios, salones, iglesias, f\u00e1bricas, museos y dep\u00f3sitos. Cada detector consta de un transmisor, un receptor y una placa de indicador remoto. El transmisor y el receptor por lo general se colocan en el techo o en la parte alta de paredes o columnas. Proporcionan un medio eficaz y discreto para supervisar \u00e1reas p\u00fablicas con fines de protecci\u00f3n contra incendios.<\/p>\n<p class=\"ql-align-justify\">La placa de indicador remoto, que se incluye con el detector, proporciona un medio pr\u00e1ctico para verificar el estado del detector. Instale la placa en cualquier lugar a una distancia que est\u00e9 dentro de los 152 m (500 pies) del receptor de haz con un cable de 18 AWG (ISO 0,75 mm2). Las tres luces LED indican una condici\u00f3n normal, una condici\u00f3n problem\u00e1tica y una condici\u00f3n de alarma, y los puntos de prueba monitorean el circuito del detector.<\/p>\n<p>&nbsp;<\/p>\n<\/div>\n<\/div>\n<hr class=\"padding-bottom-2x\" \/>\n<div class=\"row align-items-center padding-bottom-2x\">\n<div class=\"col-md-5 order-md-2\"><img decoding=\"async\" class=\"d-block m-auto img-thumbnail\" src=\"https:\/\/tvc.mx\/media\/81436\/D296.config6.png\" alt=\" \" \/><\/div>\n<div class=\"col-md-7 order-md-1 text-md-left text-center\">\n<h2>Funciones b\u00e1sicas<\/h2>\n<p class=\"text-muted\">\n<p class=\"ql-align-justify\"><strong>Modo de objetivo<\/strong><\/p>\n<p class=\"ql-align-justify\">Cuando se retira la cubierta del receptor, este ingresa al modo de objetivo. Cuando se retira la cubierta del transmisor, este deja de transmitir. Al presionar el bot\u00f3n del Modo de objetivo en el transmisor, se permite la transmisi\u00f3n sin la cubierta. Para realizar un ajuste preciso, que requiere un voltaje medible en el receptor, retire ambas cubiertas y active la transmisi\u00f3n.<\/p>\n<p class=\"ql-align-justify\"><strong>Funcionamiento de la alarma<\/strong><\/p>\n<p class=\"ql-align-justify\">El transmisor emite un haz infrarrojo intermitente. El receptor compara la intensidad del haz durante un per\u00edodo con un umbral de alarma. Seleccione uno de seis niveles de sensibilidad para el umbral de alarma a trav\u00e9s de un interruptor en el receptor.<\/p>\n<p class=\"ql-align-justify\">Si la potencia de la se\u00f1al es inferior al umbral predeterminado durante m\u00e1s tiempo que el per\u00edodo de la alarma, el receptor emitir\u00e1 una se\u00f1al de advertencia.<\/p>\n<p class=\"ql-align-justify\"><strong>Compensaci\u00f3n de p\u00e9rdida de se\u00f1al<\/strong><\/p>\n<p class=\"ql-align-justify\">El receptor compensa autom\u00e1ticamente la p\u00e9rdida gradual de la se\u00f1al debido al polvo y la suciedad acumulados en la cubierta. El receptor mide la intensidad del haz infrarrojo intermitente que el<\/p>\n<p class=\"ql-align-justify\">transmisor emite durante un per\u00edodo. El receptor compara los datos con un umbral predeterminado de problemas. El receptor env\u00eda una se\u00f1al de problemas al panel de control cuando ocurre lo siguiente:<\/p>\n<ul>\n<li class=\"ql-align-justify\">Se pierde el 50 % de la se\u00f1al o.<\/li>\n<li class=\"ql-align-justify\">La se\u00f1al aumenta un 20 %.<\/li>\n<\/ul>\n<p class=\"ql-align-justify\">Cuando se limpia la acumulaci\u00f3n de polvo y suciedad o cuando se elimina la obstrucci\u00f3n, el detector se reinicia autom\u00e1ticamente.<\/p>\n<p class=\"ql-align-justify\"><strong>Detecci\u00f3n antisabotaje<\/strong><\/p>\n<p class=\"ql-align-justify\">Si se retiran las cubiertas del transmisor o del receptor, el detector env\u00eda una se\u00f1al de problemas al panel.<\/p>\n<p class=\"ql-align-justify\"><strong>Detecci\u00f3n de problemas<\/strong><\/p>\n<p class=\"ql-align-justify\">El receptor compara la intensidad del haz infrarrojo del transmisor durante un per\u00edodo con un umbral predeterminado de problemas. Si un objeto bloquea el haz, se puede perder \u226590 % de la se\u00f1al durante m\u00e1s de 20 segundos. Si esto sucede, el receptor env\u00eda una<\/p>\n<p class=\"ql-align-justify\">se\u00f1al de problemas al panel de control.<\/p>\n<p class=\"ql-align-justify\"><strong>Espacio entre los sistemas<\/strong><\/p>\n<p class=\"ql-align-justify\">Para una cobertura adecuada, el espacio lateral entre sistemas de detectores adyacentes no debe sobrepasar los 18 m (60 pies).<\/p>\n<p class=\"ql-align-justify\"><strong>Cableado<\/strong><\/p>\n<p class=\"ql-align-justify\">Los terminales de cables del sistema aceptan cables s\u00f3lidos de 18 AWG hasta 12 AWG (ISO 0,75 mm2 hasta 4 mm2).<\/p>\n<p class=\"ql-align-justify\"><strong>Piezas incluidas<\/strong><\/p>\n<ul>\n<li class=\"ql-align-justify\">1 Transmisor D296.<\/li>\n<li class=\"ql-align-justify\">1 Receptor D296.<\/li>\n<li class=\"ql-align-justify\">1 Placa de indicador remoto D344-RL.<\/li>\n<li class=\"ql-align-justify\">1 Kit de prueba de campo D308.<\/li>\n<li class=\"ql-align-justify\">1 Cable de prueba D1005.<\/li>\n<li class=\"ql-align-justify\">1 Paquete de hardware.<\/li>\n<li class=\"ql-align-justify\">1 Paquete de documentaci\u00f3n.<\/li>\n<\/ul>\n<p>&nbsp;<\/p>\n<\/div>\n<\/div>\n<hr class=\"padding-bottom-2x\" \/>\n<div class=\"row align-items-center padding-bottom-2x\">\n<div class=\"col-md-5\"><img decoding=\"async\" class=\"d-block m-auto img-thumbnail\" src=\"https:\/\/tvc.mx\/media\/81456\/D296.config7.png\" alt=\" \" \/><\/div>\n<div class=\"col-md-7 text-md-left text-center\">\n<h2>Caracter\u00edsticas y Especificaciones<\/h2>\n<p class=\"text-muted\">\n<p class=\"ql-align-justify\"><strong>Nota: Detector de humo de haz de largo alcance D296 de 24 V<\/strong><\/p>\n<p class=\"ql-align-justify\"><strong>El D296 proporciona un medio eficaz y discreto para supervisar \u00e1reas p\u00fablicas con fines de protecci\u00f3n contra incendios. Consta de un transmisor y un receptor que, por lo general, se montan en el techo o en la parte alta de paredes o columnas. Por lo general, se coloca una placa de indicador remoto al nivel de los ojos.<\/strong><\/p>\n<p class=\"ql-align-justify\"><strong>N\u00famero de pedido: D296.<\/strong><\/p>\n<p class=\"ql-align-justify\"><strong>Principales Caracter\u00edsticas<\/strong><\/p>\n<ul>\n<li class=\"ql-align-justify\">Funciona en distancias entre 9 m (30 pies) y 107 m (350 pies).<\/li>\n<li class=\"ql-align-justify\">Seis niveles de sensibilidad seleccionables mediante interruptor.<\/li>\n<li class=\"ql-align-justify\">Marcas de alineaci\u00f3n y protecci\u00f3n antisabotaje integrados.<\/li>\n<li class=\"ql-align-justify\">Ajuste de rango autom\u00e1tico, sincronizaci\u00f3n de se\u00f1al y ajuste de contaminaci\u00f3n.<\/li>\n<li class=\"ql-align-justify\">La placa de indicador remoto indica el estado del detector y proporciona puntos de prueba que monitorean el voltaje.<\/li>\n<\/ul>\n<p class=\"ql-align-justify\"><strong>Especificaciones<\/strong><\/p>\n<p class=\"ql-align-justify\"><strong>El\u00e9ctricas<\/strong><\/p>\n<ul>\n<li class=\"ql-align-justify\">Corriente de alarma (receptor): 70 mA como m\u00e1ximo a 24 VCC<\/li>\n<li class=\"ql-align-justify\">Corriente en reposo Receptor: 45 mA a 24 VCC<\/li>\n<li class=\"ql-align-justify\">Transmisor: 20 mA a 24 VCC<\/li>\n<li class=\"ql-align-justify\">Tensi\u00f3n en Operaci\u00f3n: De 18,0 VCC a 32,0 VCC<\/li>\n<\/ul>\n<p class=\"ql-align-justify\"><strong>Contactos de alarma<\/strong><\/p>\n<ul>\n<li class=\"ql-align-justify\">Tensi\u00f3n nominal de los contactos normalmente abiertos (normally open, N\/O): 1 A, 60 VCC m\u00e1ximo para cargas resistivas DC. No utilizar con cargas capacitivas o inductivas.<\/li>\n<\/ul>\n<p class=\"ql-align-justify\"><strong>Contactos de alarma auxiliares<\/strong><\/p>\n<ul>\n<li class=\"ql-align-justify\">Tensi\u00f3n nominal de los contactos normalmente abiertos (normally open, N\/O): 1 A, 60 VCC m\u00e1ximo para cargas resistivas DC. No utilizar con cargas capacitivas o inductivas.<\/li>\n<\/ul>\n<p class=\"ql-align-justify\"><strong>Contactos de problema<\/strong><\/p>\n<ul>\n<li class=\"ql-align-justify\">Tensi\u00f3n nominal de los contactos normalmente cerrados (normally closed, N\/C): 1 A, 60 VCC m\u00e1ximo para cargas resistivas DC. No utilizar con cargas capacitivas o inductivas.<\/li>\n<\/ul>\n<p class=\"ql-align-justify\"><strong>Ambientales<\/strong><\/p>\n<p class=\"ql-align-justify\"><strong>Entorno Interior, seco<\/strong><\/p>\n<ul>\n<li class=\"ql-align-justify\">Humedad relativa: Del 0 % al 95 %, sin condensaci\u00f3n<\/li>\n<li class=\"ql-align-justify\">Temperatura (de almacenamiento y funcionamiento): -30 \u00b0C hasta +54 \u00b0C (-22 \u00b0F hasta +130 \u00b0F).<\/li>\n<li class=\"ql-align-justify\">Para instalaciones que figuran en el listado de UL, el rango es de 0 \u00b0C hasta +54 \u00b0C (+32 \u00b0F hasta +130 \u00b0F).<\/li>\n<\/ul>\n<p class=\"ql-align-justify\"><strong>Mec\u00e1nicos<\/strong><\/p>\n<ul>\n<li class=\"ql-align-justify\">Dimensiones 17,8 cm x 14 cm x 14 cm (7 in x 5,5 in x 5,5 in)<\/li>\n<li class=\"ql-align-justify\">Montaje Colocar en cajas europeas Beza o cajas el\u00e9ctricas octogonales o cuadradas de 3,5 in o de 4 in.<\/li>\n<li class=\"ql-align-justify\">Capacidad de ajuste \u00d3pticas ajustables internas para ajuste horizontal de \u00b190\u00b0 y ajuste vertical de \u00b110\u00b0.<\/li>\n<li class=\"ql-align-justify\">Sensibilidad Campo seleccionable de 20 %, 30 %, 40 %, 50 %, 60 % o 70 % para oscurecimiento del haz.<\/li>\n<\/ul>\n<p class=\"ql-align-justify\"><strong>Se\u00f1alizaci\u00f3n del sistema<\/strong><\/p>\n<ul>\n<li class=\"ql-align-justify\">Sistema convencional de cuatro cables, no utilizar con sistemas que cuenten con una funci\u00f3n de verificaci\u00f3n de alarmas.<\/li>\n<li class=\"ql-align-justify\">Demora de se\u00f1al Fuego: seleccionable a 30 seg. o 5 seg.<\/li>\n<li class=\"ql-align-justify\">Problema: 20 \u00b1 2 seg.<\/li>\n<\/ul>\n<p class=\"ql-align-justify\"><strong>Espacio (distancia entre sistemas).<\/strong><\/p>\n<ul>\n<li class=\"ql-align-justify\">M\u00e1ximo de 18 m (60 pies), de acuerdo a las pruebas realizadas por Underwriters Laboratories (UL).<\/li>\n<li class=\"ql-align-justify\">Rango de transmisi\u00f3n 9 m (30 pies) hasta 107 m (350 pies).<\/li>\n<li class=\"ql-align-justify\">Antisabotaje Receptor: interruptor antisabotaje de la puerta de acceso en serie con los contactos de problema.<\/li>\n<li class=\"ql-align-justify\">Transmisor: cuando se retira la cubierta, el interruptor antisabotaje de la cubierta interrumpe la transmisi\u00f3n.<\/li>\n<\/ul>\n<\/div>\n<\/div>\n","protected":false},"excerpt":{"rendered":"<p>Detector de humo de haz de largo alcance D296 de 24 V Resumen del sistema El detector de humo de haz de largo alcance D296 (de 24 V) se utiliza en \u00e1reas abiertas.\u00a0Por ejemplo, en estadios, atrios, auditorios, salones, iglesias, f\u00e1bricas, museos y dep\u00f3sitos. Cada&hellip;<\/p>\n","protected":false},"featured_media":5622,"comment_status":"open","ping_status":"closed","template":"","meta":{"om_disable_all_campaigns":false,"_monsterinsights_skip_tracking":false,"_monsterinsights_sitenote_active":false,"_monsterinsights_sitenote_note":"","_monsterinsights_sitenote_category":0},"product_brand":[],"product_cat":[494],"product_tag":[495,497,498,499,500,501,496,502],"class_list":{"0":"post-5623","1":"product","2":"type-product","3":"status-publish","4":"has-post-thumbnail","6":"product_cat-detectores","7":"product_tag-control-de-incendio","8":"product_tag-detectores","9":"product_tag-estacion-manual","10":"product_tag-estrobos-y-sirenas","11":"product_tag-modulos","12":"product_tag-paneles-de-control","13":"product_tag-sistemas-de-incendio","14":"product_tag-teclados","16":"first","17":"instock","18":"sale","19":"taxable","20":"shipping-taxable","21":"purchasable","22":"product-type-simple"},"aioseo_notices":[],"_links":{"self":[{"href":"https:\/\/tecsecmty.com\/index.php\/wp-json\/wp\/v2\/product\/5623","targetHints":{"allow":["GET"]}}],"collection":[{"href":"https:\/\/tecsecmty.com\/index.php\/wp-json\/wp\/v2\/product"}],"about":[{"href":"https:\/\/tecsecmty.com\/index.php\/wp-json\/wp\/v2\/types\/product"}],"replies":[{"embeddable":true,"href":"https:\/\/tecsecmty.com\/index.php\/wp-json\/wp\/v2\/comments?post=5623"}],"version-history":[{"count":0,"href":"https:\/\/tecsecmty.com\/index.php\/wp-json\/wp\/v2\/product\/5623\/revisions"}],"wp:featuredmedia":[{"embeddable":true,"href":"https:\/\/tecsecmty.com\/index.php\/wp-json\/wp\/v2\/media\/5622"}],"wp:attachment":[{"href":"https:\/\/tecsecmty.com\/index.php\/wp-json\/wp\/v2\/media?parent=5623"}],"wp:term":[{"taxonomy":"product_brand","embeddable":true,"href":"https:\/\/tecsecmty.com\/index.php\/wp-json\/wp\/v2\/product_brand?post=5623"},{"taxonomy":"product_cat","embeddable":true,"href":"https:\/\/tecsecmty.com\/index.php\/wp-json\/wp\/v2\/product_cat?post=5623"},{"taxonomy":"product_tag","embeddable":true,"href":"https:\/\/tecsecmty.com\/index.php\/wp-json\/wp\/v2\/product_tag?post=5623"}],"curies":[{"name":"wp","href":"https:\/\/api.w.org\/{rel}","templated":true}]}}