{"id":5633,"date":"2023-02-23T11:36:07","date_gmt":"2023-02-23T17:36:07","guid":{"rendered":"https:\/\/tecsecmty.com\/index.php\/producto\/bosch-f_d7050-detector-de-humo-fotoelectrico-direcionable-compatible-fpd7024\/"},"modified":"2023-03-22T23:21:04","modified_gmt":"2023-03-23T05:21:04","slug":"bosch-f_d7050-detector-de-humo-fotoelectrico-direcionable-compatible-fpd7024","status":"publish","type":"product","link":"https:\/\/tecsecmty.com\/index.php\/producto\/bosch-f_d7050-detector-de-humo-fotoelectrico-direcionable-compatible-fpd7024\/","title":{"rendered":"BOSCH F_D7050 &#8211; Detector de humo fotoelectrico DIRECIONABLE compatible FPD7024"},"content":{"rendered":"<div class=\"row aling-items-center padding-bottom-2x\">\n<div class=\"col-lg-12\">\n<h5 class=\"card-title text-center\">Cabezal detector de humo fotoel\u00e9ctrico direccionable D7050<\/h5>\n<p><img decoding=\"async\" class=\"overview-center-img-web\" src=\"https:\/\/tvc.mx\/media\/169189\/BANNER-OFICIAL-A.png\" alt=\"\" \/><\/p>\n<\/div>\n<\/div>\n<div class=\"row align-items-center padding-bottom-2x\">\n<div class=\"col-md-5\"><img decoding=\"async\" class=\"d-block m-auto img-thumbnail\" src=\"https:\/\/tvc.mx\/media\/80564\/D7050.coonfig5.png\" alt=\" \" \/><\/div>\n<div class=\"col-md-7 text-md-left text-center\">\n<h2>Descripci\u00f3n inicial<\/h2>\n<p class=\"ql-align-justify\"><strong>El humo fotoel\u00e9ctrico D7050<\/strong>\u00a0y el calor del humo los cabezales detectores est\u00e1n listados en UL,\u00a0 fotoel\u00e9ctricos de \u00e1rea abierta detectores de humo dise\u00f1ados para uso con fuego comercial.<\/p>\n<p class=\"ql-align-justify\">Sistemas de se\u00f1alizaci\u00f3n de protecci\u00f3n y fuego dom\u00e9stico, sistemas de alerta (ver\u00a0<strong>NFPA 72<\/strong>, la\u00a0 alarma Nacional de Incendios C\u00f3digo). Son compatibles con el\u00a0<strong>FPD\u20117024<\/strong>\u00a0o Paneles de control de alarma contra incendios direccionables D7024 (FACP), el panel de control\u00a0 DS7400Xi y el G Paneles de control serie.<\/p>\n<p class=\"ql-align-justify\">Detectan grandes part\u00edculas de humo dispersando la luz de una fuente de infrarrojos pulsada que\u00a0 funciona con una puerta cerrada, Sensor infrarrojo fotodiodo de alta velocidad. La simetria de la c\u00e1mara \u00f3ptica permite un humo uniforme de 360 \u200b\u200b\u00b0.<\/p>\n<p class=\"ql-align-justify\">Entrada, pero minimiza la entrada de luz externa. utilice ambos detectores de humo para la detecci\u00f3n circuitos instalados en zonas donde el personal est\u00e1 presente.<\/p>\n<p class=\"ql-align-justify\"><strong>El D7050TH<\/strong>\u00a0tiene un sensor de temperatura fija agregado, esto expande la aplicaci\u00f3n del detector a\u00a0 confinado \u00e1reas donde un incendio aumenta la temperatura del aire lentamente, donde hay un aumento\u00a0 sustancial en el aire y temperatura antes de que el fuego rompa el confinamiento, tal como cuartos\u00a0 de horno, armarios, y otras \u00e1reas confinadas.<\/p>\n<p>&nbsp;<\/p>\n<\/div>\n<\/div>\n<hr class=\"padding-bottom-2x\" \/>\n<div class=\"row align-items-center padding-bottom-2x\">\n<div class=\"col-md-5 order-md-2\"><img decoding=\"async\" class=\"d-block m-auto img-thumbnail\" src=\"https:\/\/tvc.mx\/media\/80568\/D7050.coonfig7.png\" alt=\" \" \/><\/div>\n<div class=\"col-md-7 order-md-1 text-md-left text-center\">\n<h2>Funciones b\u00e1sicas<\/h2>\n<p class=\"ql-align-justify\">Detector de cabeza y sistema de base el humo fotoel\u00e9ctrico D7050 y el calor del humo los cabezales detectores forman parte de un sistema compuesto de cabezal detector y base.<\/p>\n<p class=\"ql-align-justify\">La base del detector se instala sobre una caja posterior y contiene todo el cableado, los la cabeza del detector se adhiere a la base alineando el cabeza con la base y gir\u00e1ndola en\u00a0 sentido horario. Sin herramientas son necesarios para la instalaci\u00f3n que no sea la llave hexagonal se utiliza para apretar el tornillo de sabotaje. Cada cabezal detector requiere una base de detector\u00a0 D7050-B6.<\/p>\n<p class=\"ql-align-justify\"><strong>C\u00e1mara autodiagn\u00f3stica<\/strong><\/p>\n<p class=\"ql-align-justify\">El detector cumple con las pautas de la NFPA para sensibilidad, pruebas, ya que puede inspeccionar\u00a0 visualmente el detector, y compruebe la velocidad de flash del LED. Si la calibracion est\u00e1 fuera del\u00a0 rango de f\u00e1brica, el LED en el detector doble flash una vez cada 3 segundos a 8 segundos. Siga el Instrucciones proporcionadas con el detector para limpiarlo los detector tambi\u00e9n env\u00eda un informe de\u00a0 c\u00e1mara sucia a la panel de control.<\/p>\n<p class=\"ql-align-justify\"><strong>Operaci\u00f3n LED<\/strong><\/p>\n<p class=\"ql-align-justify\">Cuando el detector est\u00e1 funcionando normalmente, el LED parpadea una vez cada 3 segundos a 8 segundos.<\/p>\n<p class=\"ql-align-justify\">En alarma, el el detector parpadea al menos una vez por segundo.<\/p>\n<p class=\"ql-align-justify\"><strong>Partes incluidas<\/strong><\/p>\n<ul>\n<li class=\"ql-align-justify\">1 cabezal detector.<\/li>\n<li class=\"ql-align-justify\">1 paquete de literatura.<\/li>\n<\/ul>\n<p>&nbsp;<\/p>\n<\/div>\n<\/div>\n<hr class=\"padding-bottom-2x\" \/>\n<div class=\"row align-items-center padding-bottom-2x\">\n<div class=\"col-md-5\"><img decoding=\"async\" class=\"d-block m-auto img-thumbnail\" src=\"https:\/\/tvc.mx\/media\/80572\/D7050.coonfig6.png\" alt=\" \" \/><\/div>\n<div class=\"col-md-7 text-md-left text-center\">\n<h2>Caracter\u00edsticas y Especificaciones<\/h2>\n<p class=\"ql-align-justify\"><strong>Nota: Cabezal detector de humo fotoel\u00e9ctrico direccionable D7050<\/strong><\/p>\n<p class=\"ql-align-justify\"><strong>El D7050 detecta grandes part\u00edculas de humo por dispersi\u00f3n la luz de una fuente infrarroja pulsada que funciona con una sensor infrarrojo fotodiodo cerrado, de alta velocidad. los la simetr\u00eda de la c\u00e1mara \u00f3ptica permite 360 \u200b\u200b\u00b0 uniforme.<\/strong><\/p>\n<p class=\"ql-align-justify\"><strong>Entrada de humo, pero minimiza la entrada de luz externa.<\/strong><\/p>\n<p class=\"ql-align-justify\"><strong>N\u00famero de pedido: D7050.<\/strong><\/p>\n<p class=\"ql-align-justify\"><strong>Principales Caracter\u00edsticas:<\/strong><\/p>\n<ul>\n<li class=\"ql-align-justify\">Color: blanco.<\/li>\n<li class=\"ql-align-justify\">Material:\u00a0de alto impacto, pl\u00e1stico\u00a0ABS\u00a0ign\u00edfugo.<\/li>\n<li class=\"ql-align-justify\">Requerimientos De Energ\u00eda.<\/li>\n<li class=\"ql-align-justify\">Corriente (alarma):\u00a00.55\u00a0mA m\u00e1ximo.<\/li>\n<li class=\"ql-align-justify\">Actual (en espera):\u00a00,55\u00a0mA\u00a0nominal<\/li>\n<li class=\"ql-align-justify\">Encendido\u00a0Tiempo:\u00a022\u00a0seg\u00a0m\u00e1ximo.<\/li>\n<li class=\"ql-align-justify\">Voltaje\u00a0(m\u00ednimo):\u00a08\u00a0VDC\u00a0pico\u00a0del\u00a0m\u00faltiplex\u00a0D7050\u00a0bus<\/li>\n<\/ul>\n<p class=\"ql-align-justify\"><strong>Especificaciones:<\/strong><\/p>\n<p class=\"ql-align-justify\"><strong>Consideraciones ambientales<\/strong><\/p>\n<ul>\n<li class=\"ql-align-justify\">Frecuencia de radio<\/li>\n<li class=\"ql-align-justify\">Interferencia (RFI)<\/li>\n<li class=\"ql-align-justify\">Inmunidad: Sin alarma o configuraci\u00f3n en frecuencias cr\u00edticas en el rango de 26 MHz a 950 MHz para el campo puntos fuertes de menos de 50 V \/ m.<\/li>\n<li class=\"ql-align-justify\">Temperatura (funcionamiento normal): + 32 \u00b0 F a + 100 \u00b0 F (0 \u00b0 C a + 38 \u00b0 C)<\/li>\n<\/ul>\n<p class=\"ql-align-justify\"><strong>Nota: El entorno donde se instalan estos detectores debe ser dentro de los l\u00edmites de temperatura de funcionamiento normal especificados.<\/strong><\/p>\n<p class=\"ql-align-justify\"><strong>Propiedades mec\u00e1nicas<\/strong><\/p>\n<ul>\n<li class=\"ql-align-justify\">Dimensiones (di\u00e1metro x D): 4 pulg. X 1.3 pulg. (10.2 cm x 3.3 cm)<\/li>\n<li class=\"ql-align-justify\">Material: pl\u00e1stico ABS de alto impacto e ign\u00edfugo<\/li>\n<li class=\"ql-align-justify\">Requerimientos de energ\u00eda.<\/li>\n<li class=\"ql-align-justify\">Corriente (alarma): 0.55 mA como m\u00e1ximo.<\/li>\n<li class=\"ql-align-justify\">Corriente (en espera): 0.55 mA nominal.<\/li>\n<li class=\"ql-align-justify\">Tiempo de encendido: 22 segundos como m\u00e1ximo.<\/li>\n<li class=\"ql-align-justify\">Voltaje (m\u00ednimo): pico de 8 VDC desde el bus multiplex.<\/li>\n<\/ul>\n<\/div>\n<\/div>\n","protected":false},"excerpt":{"rendered":"<p>Cabezal detector de humo fotoel\u00e9ctrico direccionable D7050 Descripci\u00f3n inicial El humo fotoel\u00e9ctrico D7050\u00a0y el calor del humo los cabezales detectores est\u00e1n listados en UL,\u00a0 fotoel\u00e9ctricos de \u00e1rea abierta detectores de humo dise\u00f1ados para uso con fuego comercial. Sistemas de se\u00f1alizaci\u00f3n de protecci\u00f3n y fuego dom\u00e9stico,&hellip;<\/p>\n","protected":false},"featured_media":5632,"comment_status":"open","ping_status":"closed","template":"","meta":{"om_disable_all_campaigns":false,"_monsterinsights_skip_tracking":false,"_monsterinsights_sitenote_active":false,"_monsterinsights_sitenote_note":"","_monsterinsights_sitenote_category":0},"product_brand":[],"product_cat":[494],"product_tag":[495,497,498,499,500,501,496,502],"class_list":{"0":"post-5633","1":"product","2":"type-product","3":"status-publish","4":"has-post-thumbnail","6":"product_cat-detectores","7":"product_tag-control-de-incendio","8":"product_tag-detectores","9":"product_tag-estacion-manual","10":"product_tag-estrobos-y-sirenas","11":"product_tag-modulos","12":"product_tag-paneles-de-control","13":"product_tag-sistemas-de-incendio","14":"product_tag-teclados","16":"first","17":"instock","18":"sale","19":"taxable","20":"shipping-taxable","21":"purchasable","22":"product-type-simple"},"aioseo_notices":[],"_links":{"self":[{"href":"https:\/\/tecsecmty.com\/index.php\/wp-json\/wp\/v2\/product\/5633","targetHints":{"allow":["GET"]}}],"collection":[{"href":"https:\/\/tecsecmty.com\/index.php\/wp-json\/wp\/v2\/product"}],"about":[{"href":"https:\/\/tecsecmty.com\/index.php\/wp-json\/wp\/v2\/types\/product"}],"replies":[{"embeddable":true,"href":"https:\/\/tecsecmty.com\/index.php\/wp-json\/wp\/v2\/comments?post=5633"}],"version-history":[{"count":0,"href":"https:\/\/tecsecmty.com\/index.php\/wp-json\/wp\/v2\/product\/5633\/revisions"}],"wp:featuredmedia":[{"embeddable":true,"href":"https:\/\/tecsecmty.com\/index.php\/wp-json\/wp\/v2\/media\/5632"}],"wp:attachment":[{"href":"https:\/\/tecsecmty.com\/index.php\/wp-json\/wp\/v2\/media?parent=5633"}],"wp:term":[{"taxonomy":"product_brand","embeddable":true,"href":"https:\/\/tecsecmty.com\/index.php\/wp-json\/wp\/v2\/product_brand?post=5633"},{"taxonomy":"product_cat","embeddable":true,"href":"https:\/\/tecsecmty.com\/index.php\/wp-json\/wp\/v2\/product_cat?post=5633"},{"taxonomy":"product_tag","embeddable":true,"href":"https:\/\/tecsecmty.com\/index.php\/wp-json\/wp\/v2\/product_tag?post=5633"}],"curies":[{"name":"wp","href":"https:\/\/api.w.org\/{rel}","templated":true}]}}