{"id":5635,"date":"2023-02-23T11:36:08","date_gmt":"2023-02-23T17:36:08","guid":{"rendered":"https:\/\/tecsecmty.com\/index.php\/producto\/bosch-f_d7050b6-base-para-detectores-de-humo-direccionable-compatible-con-d7050-d7050th\/"},"modified":"2023-03-22T23:21:04","modified_gmt":"2023-03-23T05:21:04","slug":"bosch-f_d7050b6-base-para-detectores-de-humo-direccionable-compatible-con-d7050-d7050th","status":"publish","type":"product","link":"https:\/\/tecsecmty.com\/index.php\/producto\/bosch-f_d7050b6-base-para-detectores-de-humo-direccionable-compatible-con-d7050-d7050th\/","title":{"rendered":"BOSCH F_D7050B6- BASE PARA DETECTORES DE HUMO DIRECCIONABLE\/ COMPATIBLE CON D7050 D7050TH"},"content":{"rendered":"<h5 class=\"card-title text-center\">Base multiplex, 2 hilos D7050-B6<\/h5>\n<p class=\"ql-align-justify\"><strong>El D7050\u2011B6 es la base requerida para el D7050 MUX cabezales de humo y cabezales de humo D7050TH MUX con calor fijo (135 \u00b0 F).<\/strong>\u00a0Se conecta al bus multiplex de el FACP compatible o combinaci\u00f3n Robo \/ Fuego panel de control (ver Planificaci\u00f3n).<\/p>\n<p class=\"ql-align-justify\">Nota: El FPD-7024 y D7024 requieren un FPE-7039 o M\u00f3dulo de expansi\u00f3n D7039 * MUX para conectarse a este base. Adem\u00e1s, el D7024 * FACP debe ser ROM versi\u00f3n 2.0 o superior. El control DS7400Xi el panel requiere una expansi\u00f3n multiplex DS7430 M\u00f3dulo para conectar a esta base. Los paneles de control serie g requieren un D8125MUX Multiplex m\u00f3dulo de interfaz para conectarse a esta base.<\/p>\n<p class=\"ql-align-justify\"><strong>Notas de instalaci\u00f3n \/ configuraci\u00f3n<\/strong><\/p>\n<p class=\"ql-align-justify\"><strong>Paneles compatibles<\/strong><\/p>\n<p class=\"ql-align-justify\">El D7050 \u2011 B6 es compatible con el FPD-7024 y D7024 * Paneles de control de alarma contra incendios, el DS7400Xi *Panel de control para EE. UU. Y los paneles de la serie G (B9512G, B8512G, D9412GV4, D7412GV4,D7212GV41 D9412GV3, D7412GV3, D7212GV31 D9412GV2 *, D7412GV2 *, D7212GV2 * 1 D9412G *, D7412G * y D7212G1)<\/p>\n<p class=\"ql-align-justify\">* Producto heredado: no disponible para la compra.<\/p>\n<p class=\"ql-align-justify\">Los FACP D7024 y el panel DS7400Xi est\u00e1n listados en UL864, 8a edici\u00f3n. Los productos heredados de la serie G se enumeran para UL864, novena edici\u00f3n. 1 Los modelos D7212G no est\u00e1n listados por UL para fuego comercial<\/p>\n<p class=\"ql-align-justify\"><strong>Consideraciones de montaje<\/strong><\/p>\n<p class=\"ql-align-justify\">La base se puede montar en un cuadrado de cuatro pulgadas, un caja octogonal de cuatro pulgadas, o una caja de un solo grupo. Tambi\u00e9n puede ser montado en la superficie con anclajes, mollies o alas nueces.<\/p>\n<p class=\"ql-align-justify\"><strong>Cantidad de dispositivos permitidos<\/strong><\/p>\n<p class=\"ql-align-justify\">El n\u00famero de dispositivos multiplex permitidos en el bus multiplex est\u00e1 determinado por el calibre del cable y el total longitud del cable del bus. No exceda la l\u00ednea m\u00e1xima de 50 \u03a9<\/p>\n<p class=\"ql-align-justify\">resistencia. Para conocer los requisitos de cableado del bus multiplex, consulte el manual de instalaci\u00f3n para el MUX pertinente M\u00f3dulo de expansi\u00f3n \/ interfaz.<\/p>\n<p class=\"ql-align-justify\"><strong>Partes incluidas<\/strong><\/p>\n<p class=\"ql-align-justify\"><strong>Componente de cantidad<\/strong><\/p>\n<ul>\n<li class=\"ql-align-justify\">1 Base de detector.<\/li>\n<li class=\"ql-align-justify\">1 Paquete de hardware.<\/li>\n<li class=\"ql-align-justify\">1 Paquete de literatura.<\/li>\n<\/ul>\n<p class=\"ql-align-justify\"><strong>Nota:\u00a0Base multiplex, 2 hilos D7050-B6<\/strong><\/p>\n<p class=\"ql-align-justify\"><strong>Base requerida para el D7050 y D7050TH MUX cabezas de humo.<\/strong><\/p>\n<p class=\"ql-align-justify\"><strong>N\u00famero de pedido: D7050-B6<\/strong><\/p>\n<p class=\"ql-align-justify\"><strong>Principales caracter\u00edsticas<\/strong><\/p>\n<ul>\n<li class=\"ql-align-justify\">Se conecta al bus multiplex de FPD \u2011 7024 o D7024.<\/li>\n<li class=\"ql-align-justify\">FACP direccionables, Panel de control DS7400Xi para Paneles de EE. UU. Y serie G.<\/li>\n<li class=\"ql-align-justify\">La cabeza del detector se quita f\u00e1cilmente girando.<\/li>\n<li class=\"ql-align-justify\">El dise\u00f1o del cabezal y la base del detector de dos piezas permite pre-cableado del sistema.<\/li>\n<\/ul>\n<p class=\"ql-align-justify\"><strong>Especificaciones\u00a0<\/strong><\/p>\n<p class=\"ql-align-justify\"><strong>Ambiental<\/strong><\/p>\n<ul>\n<li class=\"ql-align-justify\">Humedad relativa: 0% a 93% sin condensaci\u00f3n<\/li>\n<li class=\"ql-align-justify\">Temperatura (0perating): + 32 \u00b0 F a + 100 \u00b0 F (0 \u00b0 C a + 38 \u00b0 C)<\/li>\n<\/ul>\n<p class=\"ql-align-justify\"><strong>Mec\u00e1nico<\/strong><\/p>\n<ul>\n<li class=\"ql-align-justify\">Color: blanco roto<\/li>\n<li class=\"ql-align-justify\">Material: pol\u00edmero ign\u00edfugo de alto impacto el plastico<\/li>\n<li class=\"ql-align-justify\">Dimensiones (di\u00e1metro x H) paquete del producto 5.67 pulg. (0.144 m) x 1.02 pulg. (0,026 m).<\/li>\n<li class=\"ql-align-justify\">Peso empaquetado:3.53 oz. (0.100 kg).<\/li>\n<li class=\"ql-align-justify\">Bruto: 2.93 oz. (0,083 kg).<\/li>\n<\/ul>\n<p><img decoding=\"async\" class=\"overview-center-img-web\" src=\"https:\/\/tvc.mx\/media\/169085\/BANNER-OFICIAL-A.png\" alt=\"\" \/><\/p>\n","protected":false},"excerpt":{"rendered":"<p>Base multiplex, 2 hilos D7050-B6 El D7050\u2011B6 es la base requerida para el D7050 MUX cabezales de humo y cabezales de humo D7050TH MUX con calor fijo (135 \u00b0 F).\u00a0Se conecta al bus multiplex de el FACP compatible o combinaci\u00f3n Robo \/ Fuego panel de&hellip;<\/p>\n","protected":false},"featured_media":5634,"comment_status":"open","ping_status":"closed","template":"","meta":{"om_disable_all_campaigns":false,"_monsterinsights_skip_tracking":false,"_monsterinsights_sitenote_active":false,"_monsterinsights_sitenote_note":"","_monsterinsights_sitenote_category":0},"product_brand":[],"product_cat":[494],"product_tag":[495,497,498,499,500,501,496,502],"class_list":{"0":"post-5635","1":"product","2":"type-product","3":"status-publish","4":"has-post-thumbnail","6":"product_cat-detectores","7":"product_tag-control-de-incendio","8":"product_tag-detectores","9":"product_tag-estacion-manual","10":"product_tag-estrobos-y-sirenas","11":"product_tag-modulos","12":"product_tag-paneles-de-control","13":"product_tag-sistemas-de-incendio","14":"product_tag-teclados","16":"first","17":"instock","18":"sale","19":"taxable","20":"shipping-taxable","21":"purchasable","22":"product-type-simple"},"aioseo_notices":[],"_links":{"self":[{"href":"https:\/\/tecsecmty.com\/index.php\/wp-json\/wp\/v2\/product\/5635","targetHints":{"allow":["GET"]}}],"collection":[{"href":"https:\/\/tecsecmty.com\/index.php\/wp-json\/wp\/v2\/product"}],"about":[{"href":"https:\/\/tecsecmty.com\/index.php\/wp-json\/wp\/v2\/types\/product"}],"replies":[{"embeddable":true,"href":"https:\/\/tecsecmty.com\/index.php\/wp-json\/wp\/v2\/comments?post=5635"}],"version-history":[{"count":0,"href":"https:\/\/tecsecmty.com\/index.php\/wp-json\/wp\/v2\/product\/5635\/revisions"}],"wp:featuredmedia":[{"embeddable":true,"href":"https:\/\/tecsecmty.com\/index.php\/wp-json\/wp\/v2\/media\/5634"}],"wp:attachment":[{"href":"https:\/\/tecsecmty.com\/index.php\/wp-json\/wp\/v2\/media?parent=5635"}],"wp:term":[{"taxonomy":"product_brand","embeddable":true,"href":"https:\/\/tecsecmty.com\/index.php\/wp-json\/wp\/v2\/product_brand?post=5635"},{"taxonomy":"product_cat","embeddable":true,"href":"https:\/\/tecsecmty.com\/index.php\/wp-json\/wp\/v2\/product_cat?post=5635"},{"taxonomy":"product_tag","embeddable":true,"href":"https:\/\/tecsecmty.com\/index.php\/wp-json\/wp\/v2\/product_tag?post=5635"}],"curies":[{"name":"wp","href":"https:\/\/api.w.org\/{rel}","templated":true}]}}