{"id":5637,"date":"2023-02-23T11:36:11","date_gmt":"2023-02-23T17:36:11","guid":{"rendered":"https:\/\/tecsecmty.com\/index.php\/producto\/bosch-f_d7050th-detector-de-humo-fotoelectrico-direccionable-con-sensor-de-temperatura\/"},"modified":"2023-03-22T23:21:04","modified_gmt":"2023-03-23T05:21:04","slug":"bosch-f_d7050th-detector-de-humo-fotoelectrico-direccionable-con-sensor-de-temperatura","status":"publish","type":"product","link":"https:\/\/tecsecmty.com\/index.php\/producto\/bosch-f_d7050th-detector-de-humo-fotoelectrico-direccionable-con-sensor-de-temperatura\/","title":{"rendered":"BOSCH F_D7050TH &#8211; Detector de humo fotoelectrico direccionable con sensor de temperatura"},"content":{"rendered":"<div class=\"row aling-items-center padding-bottom-2x\">\n<div class=\"col-lg-12\">\n<h5 class=\"card-title text-center\">D7050TH Cabezal detector multiplex, calor fijo<\/h5>\n<p class=\"ql-align-justify\">\n<p><img decoding=\"async\" class=\"overview-center-img-web\" src=\"https:\/\/tvc.mx\/media\/167594\/BANNER-OFICIAL-A.png\" alt=\"\" \/><\/div>\n<\/div>\n<div class=\"row align-items-center padding-bottom-2x\">\n<div class=\"col-md-5\"><img decoding=\"async\" class=\"d-block m-auto img-thumbnail\" src=\"https:\/\/tvc.mx\/media\/80592\/D7050TH.coonfig5.png\" alt=\" \" \/><\/div>\n<div class=\"col-md-7 text-md-left text-center\">\n<h2>Descripci\u00f3n inicial<\/h2>\n<p class=\"text-muted\">\n<p class=\"ql-align-justify\">El cabezal para humo D7050TH MUX con calor fijo (135 \u00b0F) son detectores fotoel\u00e9ctricos de zona abierta homologados conforme a UL. Est\u00e1n dise\u00f1ados para el uso con sistemas de se\u00f1alizaci\u00f3n de protecci\u00f3n antiincendios de uso comercial y sistemas de aviso de incendio de uso dom\u00e9stico. Son compatibles con:<\/p>\n<ul>\n<li class=\"ql-align-justify\">Paneles de control de alarma de incendio de la familia FPD-7024 (versiones direccionables).<\/li>\n<li class=\"ql-align-justify\">Paneles de control de alarma de incendio de la familia D7024 (versiones direccionables)1.<\/li>\n<\/ul>\n<p class=\"ql-align-justify\"><strong>El D7050TH cuenta con un sensor de temperatura fijo a\u00f1adido.<\/strong>\u00a0Se utiliza en zonas confinadas, como salas de hornos y armarios. \u00c1reas donde el fuego aumenta la temperatura lenta pero sustancialmente antes de que el fuego salga del confinamiento. Utilice los detectores de humos para circuitos de detecci\u00f3n instalados en zonas donde haya personal.<\/p>\n<p>&nbsp;<\/p>\n<\/div>\n<\/div>\n<hr class=\"padding-bottom-2x\" \/>\n<div class=\"row align-items-center padding-bottom-2x\">\n<div class=\"col-md-5 order-md-2\"><img decoding=\"async\" class=\"d-block m-auto img-thumbnail\" src=\"https:\/\/tvc.mx\/media\/80596\/D7050TH.coonfig6.png\" alt=\" \" \/><\/div>\n<div class=\"col-md-7 order-md-1 text-md-left text-center\">\n<h2>Funciones b\u00e1sicas<\/h2>\n<p class=\"text-muted\">\n<p class=\"ql-align-justify\"><strong>Funciones b\u00e1sicas<\/strong><\/p>\n<p class=\"ql-align-justify\"><strong>Sistema con cabezal\/base del detector<\/strong><\/p>\n<p class=\"ql-align-justify\">Los cabezales para humo y humo\/calor forman parte de un sistema compuesto de cabezal y base del detector. La base del detector se instala sobre una caja posterior y contiene todo el cableado. El cabezal del detector se monta en la base alineando el cabezal con la base y gir\u00e1ndolo hacia la derecha. La instalaci\u00f3n no requiere ninguna herramienta excepto la llave hexagonal que se utiliza para apretar el tornillo anti sabotaje. Cada cabezal detector requiere una base de detector<strong>\u00a0D7050-B6.<\/strong><\/p>\n<p class=\"ql-align-justify\"><strong>Autodiagn\u00f3stico de comprobaci\u00f3n de la c\u00e1mara<\/strong><\/p>\n<p class=\"ql-align-justify\">El detector cumple las directrices de la\u00a0<strong>NFPA<\/strong>\u00a0sobre comprobaci\u00f3n de la sensibilidad. Es posible inspeccionar visualmente el detector y comprobar la velocidad de parpadeo del LED: Si la calibraci\u00f3n est\u00e1 fuera del rango indicado de f\u00e1brica, el LED del detector hace un doble parpadeo entre cada 3 s y 8 s. El detector tambi\u00e9n env\u00eda una notificaci\u00f3n de c\u00e1mara sucia al panel de control. Siga las instrucciones que incluye el detector para limpiarlo.<\/p>\n<p class=\"ql-align-justify\"><strong>Funcionamiento del LED<\/strong><\/p>\n<p class=\"ql-align-justify\">Cuando funciona con normalidad, el LED del detector parpadea una vez cada entre 3 s y 8 s. En caso de alarma, el detector parpadea por lo menos una vez por segundo.<\/p>\n<p class=\"ql-align-justify\"><strong>Funci\u00f3n de prueba magn\u00e9tica<\/strong><\/p>\n<p class=\"ql-align-justify\">Pruebe el funcionamiento del detector colocando un im\u00e1n junto al LED del detector para obtener tres parpadeos consecutivos. Esto hace que el detector env\u00ede una alarma.<\/p>\n<p class=\"ql-align-justify\"><strong>Certificaciones y aprobaciones<\/strong><\/p>\n<p class=\"ql-align-justify\"><strong>Regi\u00f3n Marcas de calidad\/cumplimiento normativo<\/strong><\/p>\n<p class=\"ql-align-justify\"><strong>EE. UU. UL:<\/strong><\/p>\n<ul>\n<li class=\"ql-align-justify\">UL 268, Smoke Detectors for Fire Alarm Systems.<\/li>\n<li class=\"ql-align-justify\">UL D7050TH only.<\/li>\n<li class=\"ql-align-justify\">UL 521, Heat Detectors for Fire Protective Signaling Systems.<\/li>\n<li class=\"ql-align-justify\">FM D7050 Family.<\/li>\n<li class=\"ql-align-justify\">CSFM see www.boschsecurity.com (the Bosch website).<\/li>\n<li class=\"ql-align-justify\">FDNY- -CoA 6173.<\/li>\n<\/ul>\n<p>&nbsp;<\/p>\n<\/div>\n<\/div>\n<hr class=\"padding-bottom-2x\" \/>\n<div class=\"row align-items-center padding-bottom-2x\">\n<div class=\"col-md-5\"><img decoding=\"async\" class=\"d-block m-auto img-thumbnail\" src=\"https:\/\/tvc.mx\/media\/80600\/D7050TH.coonfig7.png\" alt=\" \" \/><\/div>\n<div class=\"col-md-7 text-md-left text-center\">\n<h2>Caracter\u00edsticas y Especificaciones<\/h2>\n<p class=\"text-muted\">\n<p class=\"ql-align-justify\"><strong>El D7050TH tiene una c\u00e1mara de humos \u00f3ptica y un sensor de temperatura fijo a 57 \u00b0C (35 \u00b0F). Util\u00edcelo en zonas confinadas donde el fuego aumenta la temperatura lenta pero sustancialmente antes de que el fuego salga del confinamiento.<\/strong><\/p>\n<p class=\"ql-align-justify\"><strong>Numero de pedido: D7050TH.<\/strong><\/p>\n<p class=\"ql-align-justify\"><strong>Principales Caracter\u00edsticas<\/strong><\/p>\n<ul>\n<li class=\"ql-align-justify\">Se instala sobre la base D7050-B6 MUX, 2 cables.<\/li>\n<li class=\"ql-align-justify\">Inmunidad superior frente al polvo.<\/li>\n<li class=\"ql-align-justify\">Autodiagn\u00f3stico exclusivo de comprobaci\u00f3n de la c\u00e1mara.<\/li>\n<li class=\"ql-align-justify\">Funciones autom\u00e1ticas de prueba de sensibilidad.<\/li>\n<li class=\"ql-align-justify\">F\u00e1cil de desmontar para la limpieza.<\/li>\n<\/ul>\n<p class=\"ql-align-justify\"><strong>Especificaciones<\/strong><\/p>\n<p class=\"ql-align-justify\"><strong>El\u00e9ctricas<\/strong><\/p>\n<p class=\"ql-align-justify\"><strong>Corriente (del bus MUX)<\/strong><\/p>\n<ul>\n<li class=\"ql-align-justify\">Alarma 0,56 mA m\u00e1ximo.<\/li>\n<li class=\"ql-align-justify\">Reposo 0,55 mA nominales.<\/li>\n<li class=\"ql-align-justify\">Tiempo de encendido 22 s como m\u00e1ximo .<\/li>\n<li class=\"ql-align-justify\">Tensi\u00f3n (m\u00ednima) 8 VCC pico del bus multiplex.<\/li>\n<\/ul>\n<p class=\"ql-align-justify\"><strong>Ambientales<\/strong><\/p>\n<ul>\n<li class=\"ql-align-justify\">Inmunidad contra las interferencias de radiofrecuencia (RFI): No se produce ninguna alarma ni configuraci\u00f3n en las frecuencias cr\u00edticas en el rango de 26 MHz a 950 MHz con intensidades de campo &lt;50 V\/m.<\/li>\n<li class=\"ql-align-justify\">Temperatura (funcionamiento normal): De 0 \u00b0C a +38 \u00b0C (de +32 \u00b0F a +100 \u00b0F).<\/li>\n<\/ul>\n<p class=\"ql-align-justify\"><strong>Mec\u00e1nica<\/strong><\/p>\n<ul>\n<li class=\"ql-align-justify\">Color: Blanquecino Dimensiones (di\u00e1metro x D): 10,2 cm x 3,3 cm (4&#8243; x 1,3&#8243;).<\/li>\n<li class=\"ql-align-justify\">Material: Pl\u00e1stico ABS para alto impacto, retardante de la llama.<\/li>\n<\/ul>\n<\/div>\n<\/div>\n","protected":false},"excerpt":{"rendered":"<p>D7050TH Cabezal detector multiplex, calor fijo Descripci\u00f3n inicial El cabezal para humo D7050TH MUX con calor fijo (135 \u00b0F) son detectores fotoel\u00e9ctricos de zona abierta homologados conforme a UL. Est\u00e1n dise\u00f1ados para el uso con sistemas de se\u00f1alizaci\u00f3n de protecci\u00f3n antiincendios de uso comercial y&hellip;<\/p>\n","protected":false},"featured_media":5636,"comment_status":"open","ping_status":"closed","template":"","meta":{"om_disable_all_campaigns":false,"_monsterinsights_skip_tracking":false,"_monsterinsights_sitenote_active":false,"_monsterinsights_sitenote_note":"","_monsterinsights_sitenote_category":0},"product_brand":[],"product_cat":[494],"product_tag":[495,497,498,499,500,501,496,502],"class_list":{"0":"post-5637","1":"product","2":"type-product","3":"status-publish","4":"has-post-thumbnail","6":"product_cat-detectores","7":"product_tag-control-de-incendio","8":"product_tag-detectores","9":"product_tag-estacion-manual","10":"product_tag-estrobos-y-sirenas","11":"product_tag-modulos","12":"product_tag-paneles-de-control","13":"product_tag-sistemas-de-incendio","14":"product_tag-teclados","16":"first","17":"instock","18":"sale","19":"taxable","20":"shipping-taxable","21":"purchasable","22":"product-type-simple"},"aioseo_notices":[],"_links":{"self":[{"href":"https:\/\/tecsecmty.com\/index.php\/wp-json\/wp\/v2\/product\/5637","targetHints":{"allow":["GET"]}}],"collection":[{"href":"https:\/\/tecsecmty.com\/index.php\/wp-json\/wp\/v2\/product"}],"about":[{"href":"https:\/\/tecsecmty.com\/index.php\/wp-json\/wp\/v2\/types\/product"}],"replies":[{"embeddable":true,"href":"https:\/\/tecsecmty.com\/index.php\/wp-json\/wp\/v2\/comments?post=5637"}],"version-history":[{"count":0,"href":"https:\/\/tecsecmty.com\/index.php\/wp-json\/wp\/v2\/product\/5637\/revisions"}],"wp:featuredmedia":[{"embeddable":true,"href":"https:\/\/tecsecmty.com\/index.php\/wp-json\/wp\/v2\/media\/5636"}],"wp:attachment":[{"href":"https:\/\/tecsecmty.com\/index.php\/wp-json\/wp\/v2\/media?parent=5637"}],"wp:term":[{"taxonomy":"product_brand","embeddable":true,"href":"https:\/\/tecsecmty.com\/index.php\/wp-json\/wp\/v2\/product_brand?post=5637"},{"taxonomy":"product_cat","embeddable":true,"href":"https:\/\/tecsecmty.com\/index.php\/wp-json\/wp\/v2\/product_cat?post=5637"},{"taxonomy":"product_tag","embeddable":true,"href":"https:\/\/tecsecmty.com\/index.php\/wp-json\/wp\/v2\/product_tag?post=5637"}],"curies":[{"name":"wp","href":"https:\/\/api.w.org\/{rel}","templated":true}]}}