{"id":5645,"date":"2023-02-23T11:36:21","date_gmt":"2023-02-23T17:36:21","guid":{"rendered":"https:\/\/tecsecmty.com\/index.php\/producto\/bosch-f_f220b6c-base-de-4-cables-con-rele-no-compatible-con-detectores-convencionales-serie-f220\/"},"modified":"2023-03-22T23:21:05","modified_gmt":"2023-03-23T05:21:05","slug":"bosch-f_f220b6c-base-de-4-cables-con-rele-no-compatible-con-detectores-convencionales-serie-f220","status":"publish","type":"product","link":"https:\/\/tecsecmty.com\/index.php\/producto\/bosch-f_f220b6c-base-de-4-cables-con-rele-no-compatible-con-detectores-convencionales-serie-f220\/","title":{"rendered":"BOSCH F_F220B6C &#8211; Base de 4 cables con rele no \/ Compatible con detectores convencionales serie F220"},"content":{"rendered":"<h5 class=\"card-title text-center\">F220-B6C Base, 4 cables, rel\u00e9s tipo A y C, 12\/24V<\/h5>\n<p class=\"ql-align-justify\"><strong>Las bases de detector F220-B6 funcionan con los detectores de humos y calor fotoel\u00e9ctricos F220. F220\u2011B6 es una base de 12 V o 24 V para lazos de dos cables.<\/strong>\u00a0Las otras bases de esta familia son bases de 12 V o 24 V para lazos de cuatro cables.<\/p>\n<p class=\"ql-align-justify\"><strong>Notas de configuraci\u00f3n\/instalaci\u00f3n<\/strong><\/p>\n<p class=\"ql-align-justify\"><strong>Informaci\u00f3n sobre compatibilidad<\/strong><\/p>\n<p class=\"ql-align-justify\"><strong>Dos cables:<\/strong>\u00a0Bosch Building Technologies, Inc. no afirma, por escrito, verbalmente ni de forma impl\u00edcita que las bases de detector F220-B6 funcionen con paneles de control de dos cables, excepto las que se enumeran en la Nota de servicio t\u00e9cnico sobre compatibilidad con detectores\/paneles de control de dos cables.<\/p>\n<p class=\"ql-align-justify\"><strong>Cuatro cables:<\/strong>\u00a0compatibles con todos los paneles de control de cuatro cables homologados conforme a UL. Consulte las instrucciones de instalaci\u00f3n del panel de control para ver la selecci\u00f3n adecuada de resistores de fin de l\u00ednea (RFL).<\/p>\n<p class=\"ql-align-justify\"><strong>Detectores:<\/strong>\u00a0compatibles con los cabezales de detector de la serie F220 siguientes:<\/p>\n<ul>\n<li class=\"ql-align-justify\"><strong>F220\u2011P:<\/strong>\u00a0Detector de humos fotoel\u00e9ctrico.<\/li>\n<li class=\"ql-align-justify\"><strong>F220\u2011PTH<\/strong>: Detector de humos fotoel\u00e9ctrico con sensor de calor de +57 \u00b0C (+135 \u00b0F).<\/li>\n<li class=\"ql-align-justify\"><strong>F220\u2011PTHC1:<\/strong>\u00a0Detector de humos fotoel\u00e9ctrico con sensor de calor a +57 \u00b0C (+135 \u00b0F) y mejora mediante sensor de mon\u00f3xido de carbono1.<\/li>\n<li class=\"ql-align-justify\"><strong>F220\u2011135:<\/strong>\u00a0Detector de calor electr\u00f3nico de velocidad de subida con temperatura fija de +57 \u00b0C (+135 \u00b0F).<\/li>\n<li class=\"ql-align-justify\"><strong>F220\u2011135F:<\/strong>\u00a0Detector de calor electr\u00f3nico de temperatura fija a +57 \u00b0C (+135 \u00b0F).<\/li>\n<li class=\"ql-align-justify\"><strong>F220\u2011190F:\u00a0<\/strong>Detector de calor electr\u00f3nico de temperatura fija a +88 \u00b0C (+190 \u00b0F).<\/li>\n<\/ul>\n<p class=\"ql-align-justify\"><strong>El F220-PTHC detecta el mon\u00f3xido de carbono (CO) como componente de un incendio. No es un detector de CO y no puede activar una alarma solo en presencia de CO.<\/strong><\/p>\n<p class=\"ql-align-justify\"><strong>Consideraciones para el montaje<\/strong><\/p>\n<p class=\"ql-align-justify\">En funci\u00f3n de las normativas locales, monte las bases en superficie con anclajes, tacos o palometas, o monte las bases directamente sobre cajas el\u00e9ctricas cuadradas u octogonales de cuatro pulgadas o cajas de conmutadores de una sola entrada.<\/p>\n<p class=\"ql-align-justify\"><strong>Consideraciones del cableado<\/strong><\/p>\n<p class=\"ql-align-justify\">En un sistema de dos cables, la longitud m\u00e1xima del lazo depende del n\u00famero de bases de detector del lazo, el tama\u00f1o del cable y las especificaciones del panel de control. Consulte la informaci\u00f3n espec\u00edfica de cableado en las instrucciones de instalaci\u00f3n del panel de control.<\/p>\n<p class=\"ql-align-justify\">En un sistema de cuatro cables, la longitud m\u00e1xima del lazo y el n\u00famero de bases que se pueden colocar en un lazo dependen de la ca\u00edda de tensi\u00f3n en el circuito de alimentaci\u00f3n. Utilice c\u00e1lculos de ca\u00edda de tensi\u00f3n est\u00e1ndar para garantizar que el \u00faltimo detector del lazo tenga por lo menos 10 V.<\/p>\n<p class=\"ql-align-justify\"><strong>Nota: F220-B6C Base, 4 cables, rel\u00e9s tipo A y C, 12\/24V<\/strong><\/p>\n<p class=\"ql-align-justify\"><strong>Base para cuatro cables con un rel\u00e9 de lazo de alarma normalmente abierto (NA) y un conjunto de contactos auxiliares (Forma C). La base funciona con los detectores de humos y detectores de calor F220.\u00a0<\/strong><\/p>\n<p class=\"ql-align-justify\"><strong>Numero de pedido: F220-B6C<\/strong><\/p>\n<p class=\"ql-align-justify\"><strong>Principales caracter\u00edsticas<\/strong><\/p>\n<ul>\n<li class=\"ql-align-justify\">F\u00e1cil instalaci\u00f3n.<\/li>\n<li class=\"ql-align-justify\">Cabezales de detector intercambiables.<\/li>\n<li class=\"ql-align-justify\">Homologadas conforme a UL cuando se utilizan con detectores de la familia F220.<\/li>\n<\/ul>\n<p class=\"ql-align-justify\"><strong>Especificaciones<\/strong><\/p>\n<p class=\"ql-align-justify\"><strong>El\u00e9ctricas<\/strong><\/p>\n<p class=\"ql-align-justify\"><strong>Corriente Alarma\u00a0<\/strong><\/p>\n<ul>\n<li class=\"ql-align-justify\">B6 Limitado a 20 mA como m\u00ednimo a 8,5 VCC. 35 mA m\u00e1ximo a 32 VCC.<\/li>\n<\/ul>\n<p class=\"ql-align-justify\"><strong>Modo reposo<\/strong><\/p>\n<ul>\n<li class=\"ql-align-justify\">Todos los modelos 0,09 mA a 12 VCC, 0,10 mA a 24 VCC, 0,12 mA a 32 VCC.<\/li>\n<\/ul>\n<p class=\"ql-align-justify\"><strong>Ambientales<\/strong><\/p>\n<ul>\n<li class=\"ql-align-justify\">Humedad relativa: Hasta 95 %, sin condensaci\u00f3n.<\/li>\n<li class=\"ql-align-justify\">Temperatura (funcionamiento) : De 0 \u00b0C a +38 \u00b0C (de +32 \u00b0F a +100 \u00b0F).<\/li>\n<\/ul>\n<p class=\"ql-align-justify\"><strong>Mec\u00e1nica<\/strong><\/p>\n<ul>\n<li class=\"ql-align-justify\">Color: Blanquecino.<\/li>\n<li class=\"ql-align-justify\">Dimensiones (\u00d8 x Al.): 170 mm x 20,88 mm (6,69&#8243; x 0,82&#8243;).<\/li>\n<li class=\"ql-align-justify\">Material: Pl\u00e1stico resistente al fuego.<\/li>\n<\/ul>\n<p class=\"ql-align-justify\"><strong>Peso B6:<\/strong>\u00a0Bruto Neto 0,22 kg (7,76 oz) 0,19 kg (6,70 oz).<\/p>\n<p><img decoding=\"async\" class=\"overview-center-img-web\" src=\"https:\/\/tvc.mx\/media\/33249\/Logoopaginas-oficial-1920x400.png\" alt=\"\" \/><\/p>\n","protected":false},"excerpt":{"rendered":"<p>F220-B6C Base, 4 cables, rel\u00e9s tipo A y C, 12\/24V Las bases de detector F220-B6 funcionan con los detectores de humos y calor fotoel\u00e9ctricos F220. F220\u2011B6 es una base de 12 V o 24 V para lazos de dos cables.\u00a0Las otras bases de esta familia&hellip;<\/p>\n","protected":false},"featured_media":5644,"comment_status":"open","ping_status":"closed","template":"","meta":{"om_disable_all_campaigns":false,"_monsterinsights_skip_tracking":false,"_monsterinsights_sitenote_active":false,"_monsterinsights_sitenote_note":"","_monsterinsights_sitenote_category":0},"product_brand":[],"product_cat":[494],"product_tag":[495,497,498,499,500,501,496,502],"class_list":{"0":"post-5645","1":"product","2":"type-product","3":"status-publish","4":"has-post-thumbnail","6":"product_cat-detectores","7":"product_tag-control-de-incendio","8":"product_tag-detectores","9":"product_tag-estacion-manual","10":"product_tag-estrobos-y-sirenas","11":"product_tag-modulos","12":"product_tag-paneles-de-control","13":"product_tag-sistemas-de-incendio","14":"product_tag-teclados","16":"first","17":"instock","18":"sale","19":"taxable","20":"shipping-taxable","21":"purchasable","22":"product-type-simple"},"aioseo_notices":[],"_links":{"self":[{"href":"https:\/\/tecsecmty.com\/index.php\/wp-json\/wp\/v2\/product\/5645","targetHints":{"allow":["GET"]}}],"collection":[{"href":"https:\/\/tecsecmty.com\/index.php\/wp-json\/wp\/v2\/product"}],"about":[{"href":"https:\/\/tecsecmty.com\/index.php\/wp-json\/wp\/v2\/types\/product"}],"replies":[{"embeddable":true,"href":"https:\/\/tecsecmty.com\/index.php\/wp-json\/wp\/v2\/comments?post=5645"}],"version-history":[{"count":0,"href":"https:\/\/tecsecmty.com\/index.php\/wp-json\/wp\/v2\/product\/5645\/revisions"}],"wp:featuredmedia":[{"embeddable":true,"href":"https:\/\/tecsecmty.com\/index.php\/wp-json\/wp\/v2\/media\/5644"}],"wp:attachment":[{"href":"https:\/\/tecsecmty.com\/index.php\/wp-json\/wp\/v2\/media?parent=5645"}],"wp:term":[{"taxonomy":"product_brand","embeddable":true,"href":"https:\/\/tecsecmty.com\/index.php\/wp-json\/wp\/v2\/product_brand?post=5645"},{"taxonomy":"product_cat","embeddable":true,"href":"https:\/\/tecsecmty.com\/index.php\/wp-json\/wp\/v2\/product_cat?post=5645"},{"taxonomy":"product_tag","embeddable":true,"href":"https:\/\/tecsecmty.com\/index.php\/wp-json\/wp\/v2\/product_tag?post=5645"}],"curies":[{"name":"wp","href":"https:\/\/api.w.org\/{rel}","templated":true}]}}