{"id":5651,"date":"2023-02-23T11:36:27","date_gmt":"2023-02-23T17:36:27","guid":{"rendered":"https:\/\/tecsecmty.com\/index.php\/producto\/bosch-f_f220b6rs-base-para-detector-convencional-serie-f220-de-cuatro-cables-de-24-vcc-con-sirena\/"},"modified":"2023-03-22T23:21:05","modified_gmt":"2023-03-23T05:21:05","slug":"bosch-f_f220b6rs-base-para-detector-convencional-serie-f220-de-cuatro-cables-de-24-vcc-con-sirena","status":"publish","type":"product","link":"https:\/\/tecsecmty.com\/index.php\/producto\/bosch-f_f220b6rs-base-para-detector-convencional-serie-f220-de-cuatro-cables-de-24-vcc-con-sirena\/","title":{"rendered":"BOSCH F_F220B6RS &#8211; Base para detector convencional serie F220 de cuatro cables de 24 VCC con sirena"},"content":{"rendered":"<h5 class=\"card-title text-center\">F220 \u2011 B6RS Base de detector de cuatro hilos de 24 V CC con sirena<\/h5>\n<p class=\"ql-align-justify\"><strong>La base del detector F220 \u2011 B6RS 24 VDC de cuatro hilos con Sounder cumple con los requisitos de UL464 para un dispositivo de notificaci\u00f3n y funciona con el F220 Detectores fotoel\u00e9ctricos de humo y calor.<\/strong>\u00a0Potencia el sonda desde el circuito NAC del panel de control o desde fuente auxiliar.<\/p>\n<p class=\"ql-align-justify\"><strong>Funciones b\u00e1sicas<\/strong><\/p>\n<p class=\"ql-align-justify\"><strong>Configuraci\u00f3n de sonda<\/strong><\/p>\n<p class=\"ql-align-justify\">La salida (patr\u00f3n de sonido y sincronizaci\u00f3n) del las sirenas en un bucle de detecci\u00f3n se pueden configurar en cuatro diferentes caminos. Consulte los detectores de la serie F220<\/p>\n<p class=\"ql-align-justify\">Instrucciones de instalaci\u00f3n (P \/ N: 4998138694) para instrucciones sobre el cableado y la configuraci\u00f3n del F220-B6RS base del detector para estas configuraciones:<\/p>\n<p class=\"ql-align-justify\"><strong>1. Configuraci\u00f3n del seguidor NAC (cable directo):<\/strong>\u00a0En este configuraci\u00f3n, las sirenas en el bucle siguen el se\u00f1al en los terminales NAC como se programa en panel de control. Consulte la instalaci\u00f3n del panel de control manual para instrucciones de configuraci\u00f3n de NAC. Esta<\/p>\n<p class=\"ql-align-justify\">la configuraci\u00f3n requiere un par adicional de supervisi\u00f3n cables para el circuito de sirena.<\/p>\n<p class=\"ql-align-justify\"><strong>2. Configuraci\u00f3n de polaridad inversa:<\/strong>\u00a0En esta configuraci\u00f3n. (no apto para protocolos sincronizados; como, Cooper Wheelock, Gentex o System Sensor), el las sirenas en un bucle se activan debido a la polaridad invertida En la l\u00ednea de alimentaci\u00f3n. El patr\u00f3n de salida no es<\/p>\n<p class=\"ql-align-justify\">controlado por la base en este modo de funcionamiento; eso sigue la se\u00f1al de marcha atr\u00e1s del detector terminales de la cabeza seg\u00fan lo programado en el panel de control.<\/p>\n<p class=\"ql-align-justify\"><strong>3. Configuraci\u00f3n de anuncio local<\/strong>: En este configuraci\u00f3n, cada sirena se configura individualmente para uno de los siguientes patrones: Temporal (C\u00f3digo 3), marzo Tiempo o tono continuo. Use una potencia D275 M\u00f3dulo de supervisi\u00f3n en esta configuraci\u00f3n para supervisar el bucle detector.<\/p>\n<p class=\"ql-align-justify\"><strong>4. Configuraci\u00f3n de interconexi\u00f3n:<\/strong>\u00a0En esta configuraci\u00f3n, hasta cinco detectores supervisan el final del detector bucle cuando est\u00e1 interconectado por un cable com\u00fan. Todos las sirenas dentro del grupo se activan juntas. Establecer todos unidades para el mismo patr\u00f3n de salida (Temporal [C\u00f3digo 3], hora de marzo o tono continuo). Todos los detectores interconectados se sincronizan con y hacer sonar el patr\u00f3n del detector de origen.<\/p>\n<p class=\"ql-align-justify\">La longitud m\u00e1xima del cable para conectar hasta cinco las unidades son:<\/p>\n<ul>\n<li class=\"ql-align-justify\">18 AWG (ISO 0.75 mm2) 300 pies (91 m).<\/li>\n<li class=\"ql-align-justify\">16 AWG (ISO 1.5 mm2 ) 450 pies (137 m).<\/li>\n<li class=\"ql-align-justify\">14 AWG (ISO 2.5 mm2 750 pies (229 m).<\/li>\n<\/ul>\n<p class=\"ql-align-justify\"><strong>Notas de instalaci\u00f3n \/ configuraci\u00f3n<\/strong><\/p>\n<p class=\"ql-align-justify\"><strong>Informaci\u00f3n de compatibilidad<\/strong><\/p>\n<p class=\"ql-align-justify\">Cuatro hilos: compatible con todos los cuatro hilos listados por UL paneles de control. Consulte la instalaci\u00f3n del panel de control Instrucciones para la resistencia adecuada de fin de l\u00ednea (EOL) selecci\u00f3n.<\/p>\n<p class=\"ql-align-justify\">Detectores: Compatible con la siguiente serie F220 detectores de calor:<\/p>\n<ul>\n<li class=\"ql-align-justify\">Detector de humo fotoel\u00e9ctrico F220 \u2011 P.<\/li>\n<li class=\"ql-align-justify\">Detector de humo fotoel\u00e9ctrico F220-PTH con + 135 \u00b0 F (+ 57 \u00b0 C) Sensor de calor.<\/li>\n<li class=\"ql-align-justify\">F220-PTHC1 Detector de humo fotoel\u00e9ctrico con Sensor de calor de + 135 \u00b0 F (+ 57 \u00b0 C) y mon\u00f3xido de carbono Mejora del sensor1.<\/li>\n<li class=\"ql-align-justify\">F220\u2011135 Velocidad de subida electr\u00f3nica, temperatura fija + 135 \u00b0 F (+ 57 \u00b0 C) Detector de calor.<\/li>\n<li class=\"ql-align-justify\">F220\u2011135F Temperatura fija electr\u00f3nica + 135 \u00b0 F (+ 57 \u00b0 C) Detector de calor.<\/li>\n<li class=\"ql-align-justify\">F220\u2011190F Temperatura fija electr\u00f3nica + 190 \u00b0 F (+ 88 \u00b0 C) Detector de calor.<\/li>\n<li class=\"ql-align-justify\">El F220-PTHC detecta el mon\u00f3xido de carbono (CO) como un componente de un incendio. No es un detector de CO y no puede activar una alarma solo en presencia de CO.<\/li>\n<\/ul>\n<p class=\"ql-align-justify\"><strong>Consideraciones de montaje<\/strong><\/p>\n<p class=\"ql-align-justify\">Dependiendo de las regulaciones locales, monte la superficie bases con anclajes, mollies o tuercas de mariposa, o montura directamente en un cuadrado de cuatro pulgadas u el\u00e9ctrico octogonal cajas o cajas de interruptores de un solo grupo.<\/p>\n<p class=\"ql-align-justify\"><strong>Consideraciones de cableado<\/strong><\/p>\n<p class=\"ql-align-justify\">En un sistema de cuatro hilos, la longitud m\u00e1xima del bucle y el n\u00famero de bases que se pueden colocar en un bucle depende en la ca\u00edda de voltaje en el circuito de alimentaci\u00f3n. Utilizar est\u00e1ndar c\u00e1lculos de ca\u00edda de voltaje para asegurar que el \u00faltimo el detector en el circuito tiene al menos 16 V cuando todos las sirenas y los rel\u00e9s est\u00e1n alimentados.<\/p>\n<p class=\"ql-align-justify\"><strong>Partes incluidas<\/strong><\/p>\n<ul>\n<li class=\"ql-align-justify\">1 base de detector.<\/li>\n<li class=\"ql-align-justify\">1 paquete de literatura.<\/li>\n<\/ul>\n<p class=\"ql-align-justify\"><strong>Nota: F220 \u2011 B6RS Base de detector de cuatro hilos de 24 V CC con sonda<\/strong><\/p>\n<p class=\"ql-align-justify\"><strong>Base del detector de cuatro hilos con sonda para usar con F220 Detectores fotoel\u00e9ctricos de humo y calor.<\/strong><\/p>\n<p class=\"ql-align-justify\"><strong>N\u00famero de pedido: F220-B6RS<\/strong><\/p>\n<p class=\"ql-align-justify\"><strong>Principales caracter\u00edsticas<\/strong><\/p>\n<ul>\n<li class=\"ql-align-justify\">F\u00e1cil instalaci\u00f3n.<\/li>\n<li class=\"ql-align-justify\">Cabezales detectores intercambiables.<\/li>\n<li class=\"ql-align-justify\">UL listado cuando se usa con un detector del F220..<\/li>\n<li class=\"ql-align-justify\">Sonda aprobada por UL464 accionada por el detector cabeza o el circuito NAC.<\/li>\n<\/ul>\n<p class=\"ql-align-justify\"><strong>Especificaciones<\/strong><\/p>\n<p class=\"ql-align-justify\"><strong>El\u00e9ctricas<\/strong><\/p>\n<ul>\n<li class=\"ql-align-justify\">Rango de voltaje: 16.0 VDC a 30 VDC.<\/li>\n<\/ul>\n<p class=\"ql-align-justify\"><strong>Corriente de alarma<\/strong><\/p>\n<ul>\n<li class=\"ql-align-justify\">Modo de 6 cables (base de 4 cables + dos cables de alimentaci\u00f3n de sirena).<\/li>\n<li class=\"ql-align-justify\">Rel\u00e9: el rel\u00e9 consume 15 mA en alarma..<\/li>\n<li class=\"ql-align-justify\">Sirena constante: 24 V CC: 30 mA; 30 VDC: 35 mA<\/li>\n<li class=\"ql-align-justify\">Modo de 4 hilos Con Steady Sounder y.<\/li>\n<li class=\"ql-align-justify\">Rel\u00e9: 24 V CC: 45 mA; 30 VDC: 50 mA..<\/li>\n<li class=\"ql-align-justify\">Corriente en espera (base solamente): 30 VDC: 10 mA m\u00e1ximo<\/li>\n<\/ul>\n<p class=\"ql-align-justify\"><strong>Ambiental<\/strong><\/p>\n<ul>\n<li class=\"ql-align-justify\">Humedad relativa: 0 a 95%, sin condensaci\u00f3n; 15% a 95%, sin condensaci\u00f3n cuando se usa con CO modelo de sensor.<\/li>\n<li class=\"ql-align-justify\">Temperatura (en funcionamiento): + 32 \u00b0 F a + 100 \u00b0 F (0 \u00b0 C a + 38 \u00b0 C)<\/li>\n<\/ul>\n<p class=\"ql-align-justify\"><strong>Mec\u00e1nico<\/strong><\/p>\n<ul>\n<li class=\"ql-align-justify\">Color: blanco roto.<\/li>\n<li class=\"ql-align-justify\">Dimensiones (di\u00e1metro x grosor) 6 pulg. X 0.9 pulg. (15.2 cm x 2.3 cm)<\/li>\n<li class=\"ql-align-justify\">Material: pl\u00e1stico resistente al fuego.<\/li>\n<\/ul>\n<p class=\"ql-align-justify\"><strong>Salidas<\/strong><\/p>\n<ul>\n<li class=\"ql-align-justify\">Tipo de rel\u00e9: formulario A normalmente abierto (NO).<\/li>\n<li class=\"ql-align-justify\">Clasificaci\u00f3n de rel\u00e9: 0.5 A a 120 VDC o 120 VAC.<\/li>\n<li class=\"ql-align-justify\">Salida de sirena:&gt; 85 dB a 10 pies (3 m).<\/li>\n<\/ul>\n<p><img decoding=\"async\" class=\"overview-center-img-web\" src=\"https:\/\/tvc.mx\/media\/33591\/Logoopaginas-oficial-1920x400.png\" alt=\"\" \/><\/p>\n","protected":false},"excerpt":{"rendered":"<p>F220 \u2011 B6RS Base de detector de cuatro hilos de 24 V CC con sirena La base del detector F220 \u2011 B6RS 24 VDC de cuatro hilos con Sounder cumple con los requisitos de UL464 para un dispositivo de notificaci\u00f3n y funciona con el F220&hellip;<\/p>\n","protected":false},"featured_media":5650,"comment_status":"open","ping_status":"closed","template":"","meta":{"om_disable_all_campaigns":false,"_monsterinsights_skip_tracking":false,"_monsterinsights_sitenote_active":false,"_monsterinsights_sitenote_note":"","_monsterinsights_sitenote_category":0},"product_brand":[],"product_cat":[494],"product_tag":[495,497,498,499,500,501,496,502],"class_list":{"0":"post-5651","1":"product","2":"type-product","3":"status-publish","4":"has-post-thumbnail","6":"product_cat-detectores","7":"product_tag-control-de-incendio","8":"product_tag-detectores","9":"product_tag-estacion-manual","10":"product_tag-estrobos-y-sirenas","11":"product_tag-modulos","12":"product_tag-paneles-de-control","13":"product_tag-sistemas-de-incendio","14":"product_tag-teclados","16":"first","17":"instock","18":"sale","19":"taxable","20":"shipping-taxable","21":"purchasable","22":"product-type-simple"},"aioseo_notices":[],"_links":{"self":[{"href":"https:\/\/tecsecmty.com\/index.php\/wp-json\/wp\/v2\/product\/5651","targetHints":{"allow":["GET"]}}],"collection":[{"href":"https:\/\/tecsecmty.com\/index.php\/wp-json\/wp\/v2\/product"}],"about":[{"href":"https:\/\/tecsecmty.com\/index.php\/wp-json\/wp\/v2\/types\/product"}],"replies":[{"embeddable":true,"href":"https:\/\/tecsecmty.com\/index.php\/wp-json\/wp\/v2\/comments?post=5651"}],"version-history":[{"count":0,"href":"https:\/\/tecsecmty.com\/index.php\/wp-json\/wp\/v2\/product\/5651\/revisions"}],"wp:featuredmedia":[{"embeddable":true,"href":"https:\/\/tecsecmty.com\/index.php\/wp-json\/wp\/v2\/media\/5650"}],"wp:attachment":[{"href":"https:\/\/tecsecmty.com\/index.php\/wp-json\/wp\/v2\/media?parent=5651"}],"wp:term":[{"taxonomy":"product_brand","embeddable":true,"href":"https:\/\/tecsecmty.com\/index.php\/wp-json\/wp\/v2\/product_brand?post=5651"},{"taxonomy":"product_cat","embeddable":true,"href":"https:\/\/tecsecmty.com\/index.php\/wp-json\/wp\/v2\/product_cat?post=5651"},{"taxonomy":"product_tag","embeddable":true,"href":"https:\/\/tecsecmty.com\/index.php\/wp-json\/wp\/v2\/product_tag?post=5651"}],"curies":[{"name":"wp","href":"https:\/\/api.w.org\/{rel}","templated":true}]}}