{"id":5653,"date":"2023-02-23T11:36:29","date_gmt":"2023-02-23T17:36:29","guid":{"rendered":"https:\/\/tecsecmty.com\/index.php\/producto\/bosch-f_faa420seal-base-de-detector-con-sellado-anti-humedad\/"},"modified":"2023-03-22T23:21:06","modified_gmt":"2023-03-23T05:21:06","slug":"bosch-f_faa420seal-base-de-detector-con-sellado-anti-humedad","status":"publish","type":"product","link":"https:\/\/tecsecmty.com\/index.php\/producto\/bosch-f_faa420seal-base-de-detector-con-sellado-anti-humedad\/","title":{"rendered":"BOSCH F_FAA420SEAL- BASE DE DETECTOR CON SELLADO ANTI HUMEDAD"},"content":{"rendered":"<div class=\"row aling-items-center padding-bottom-2x\">\n<div class=\"col-lg-12\">\n<h5 class=\"card-title text-center\">FAA-420-SEAL Sellado anti-humedad<\/h5>\n<p class=\"ql-align-justify\"><strong>\u00a0<\/strong><\/p>\n<p><img decoding=\"async\" class=\"overview-center-img- aligncenter\" src=\"https:\/\/tvc.mx\/media\/8554\/Logoopaginas-oficial.png\" alt=\"\" \/><\/div>\n<\/div>\n<div class=\"row align-items-center padding-bottom-2x\">\n<div class=\"col-md-5\"><img decoding=\"async\" class=\"d-block m-auto img-thumbnail\" src=\"https:\/\/tvc.mx\/media\/83652\/FAA-420-SEALconfig.png\" alt=\" \" \/><\/div>\n<div class=\"col-md-7 text-md-left text-center\">\n<h2>Resumen del sistema<\/h2>\n<p class=\"text-muted\">\n<p><strong>El cabezal del detector se instala en la base de detector MS 400.<\/strong>\u00a0La base es apta para cableado de superficie y empotrado y cuenta con puntos de conexi\u00f3n diferentes para cajas de montaje en el techo o empotradas. Adem\u00e1s, se adapta a todas las herramientas est\u00e1ndar de perforaci\u00f3n. La base de detector, hecha de pl\u00e1stico\u00a0<strong>ABS (Novodur, color parecido a RAL 9010)<\/strong>\u00a0tiene un acabado mate y siete bornes para conectar el detector y sus accesorios a la central de incendios. Los contactos conectados a las terminales garantizan una conexi\u00f3n el\u00e9ctrica segura al instalar el m\u00f3dulo detector. Se pueden utilizar cables de hasta<strong>\u00a02,5 mm2\u00a0<\/strong>de di\u00e1metro. Para evitar extracciones no autorizadas, la cabeza del detector se puede asegurar con un bloqueo variable.<\/p>\n<p>&nbsp;<\/p>\n<\/div>\n<\/div>\n<hr class=\"padding-bottom-2x\" \/>\n<div class=\"row align-items-center padding-bottom-2x\">\n<div class=\"col-md-5 order-md-2\"><img decoding=\"async\" class=\"d-block m-auto img-thumbnail\" src=\"https:\/\/tvc.mx\/media\/83656\/FAA-420-SEALconfig2.png\" alt=\" \" \/><\/div>\n<div class=\"col-md-7 order-md-1 text-md-left text-center\">\n<h2>Planificaci\u00f3n<\/h2>\n<p class=\"text-muted\">\n<p class=\"ql-align-justify\">Informaci\u00f3n de instalaci\u00f3n para las bases de detector series<strong>\u00a0400\/420<\/strong><\/p>\n<ul>\n<li class=\"ql-align-justify\">Los taladros marcados con una \u00abX\u00bb s\u00f3lo se pueden utilizar para cajas de montaje empotradas.<\/li>\n<li class=\"ql-align-justify\">Mantenga el cable apantallado lo m\u00e1s corto posible y aseg\u00farese de que est\u00e1 aislado.<\/li>\n<\/ul>\n<p class=\"ql-align-justify\"><strong>FAA-420-SELLO<\/strong><\/p>\n<p class=\"ql-align-justify\">Para utilizar los detectores<strong>\u00a0FAP \/ FAH<\/strong>\u00a0en entornos h\u00famedos, puede complementar las bases de detectores\u00a0<strong>MS 400 y MS 400 B\u00a0<\/strong>con el sello de habitaci\u00f3n h\u00fameda\u00a0<strong>FAA-420-SEAL<\/strong>. El sello de la habitaci\u00f3n h\u00fameda est\u00e1 hecho de\u00a0<strong>TPE\u00a0<\/strong>y evita que el agua de condensaci\u00f3n entre en el detector.<\/p>\n<p class=\"ql-align-justify\"><strong>Nota: FAA-420-SEAL Sellado anti-humedad<\/strong><\/p>\n<p class=\"ql-align-justify\"><strong>1 paquete = 10 piezas N\u00famero de pedido: FAA-420-SEAL.\u00a0<\/strong><\/p>\n<\/div>\n<\/div>\n","protected":false},"excerpt":{"rendered":"<p>FAA-420-SEAL Sellado anti-humedad \u00a0 Resumen del sistema El cabezal del detector se instala en la base de detector MS 400.\u00a0La base es apta para cableado de superficie y empotrado y cuenta con puntos de conexi\u00f3n diferentes para cajas de montaje en el techo o empotradas.&hellip;<\/p>\n","protected":false},"featured_media":5652,"comment_status":"open","ping_status":"closed","template":"","meta":{"om_disable_all_campaigns":false,"_monsterinsights_skip_tracking":false,"_monsterinsights_sitenote_active":false,"_monsterinsights_sitenote_note":"","_monsterinsights_sitenote_category":0},"product_brand":[],"product_cat":[494],"product_tag":[495,497,498,499,500,501,496,502],"class_list":{"0":"post-5653","1":"product","2":"type-product","3":"status-publish","4":"has-post-thumbnail","6":"product_cat-detectores","7":"product_tag-control-de-incendio","8":"product_tag-detectores","9":"product_tag-estacion-manual","10":"product_tag-estrobos-y-sirenas","11":"product_tag-modulos","12":"product_tag-paneles-de-control","13":"product_tag-sistemas-de-incendio","14":"product_tag-teclados","16":"first","17":"instock","18":"sale","19":"taxable","20":"shipping-taxable","21":"purchasable","22":"product-type-simple"},"aioseo_notices":[],"_links":{"self":[{"href":"https:\/\/tecsecmty.com\/index.php\/wp-json\/wp\/v2\/product\/5653","targetHints":{"allow":["GET"]}}],"collection":[{"href":"https:\/\/tecsecmty.com\/index.php\/wp-json\/wp\/v2\/product"}],"about":[{"href":"https:\/\/tecsecmty.com\/index.php\/wp-json\/wp\/v2\/types\/product"}],"replies":[{"embeddable":true,"href":"https:\/\/tecsecmty.com\/index.php\/wp-json\/wp\/v2\/comments?post=5653"}],"version-history":[{"count":0,"href":"https:\/\/tecsecmty.com\/index.php\/wp-json\/wp\/v2\/product\/5653\/revisions"}],"wp:featuredmedia":[{"embeddable":true,"href":"https:\/\/tecsecmty.com\/index.php\/wp-json\/wp\/v2\/media\/5652"}],"wp:attachment":[{"href":"https:\/\/tecsecmty.com\/index.php\/wp-json\/wp\/v2\/media?parent=5653"}],"wp:term":[{"taxonomy":"product_brand","embeddable":true,"href":"https:\/\/tecsecmty.com\/index.php\/wp-json\/wp\/v2\/product_brand?post=5653"},{"taxonomy":"product_cat","embeddable":true,"href":"https:\/\/tecsecmty.com\/index.php\/wp-json\/wp\/v2\/product_cat?post=5653"},{"taxonomy":"product_tag","embeddable":true,"href":"https:\/\/tecsecmty.com\/index.php\/wp-json\/wp\/v2\/product_tag?post=5653"}],"curies":[{"name":"wp","href":"https:\/\/api.w.org\/{rel}","templated":true}]}}