{"id":5655,"date":"2023-02-23T11:36:32","date_gmt":"2023-02-23T17:36:32","guid":{"rendered":"https:\/\/tecsecmty.com\/index.php\/producto\/bosch-f_faa440b4-base-estandar-para-detector-de-4-pulgadas-compatible-con-detector-fap440\/"},"modified":"2023-03-22T23:21:06","modified_gmt":"2023-03-23T05:21:06","slug":"bosch-f_faa440b4-base-estandar-para-detector-de-4-pulgadas-compatible-con-detector-fap440","status":"publish","type":"product","link":"https:\/\/tecsecmty.com\/index.php\/producto\/bosch-f_faa440b4-base-estandar-para-detector-de-4-pulgadas-compatible-con-detector-fap440\/","title":{"rendered":"BOSCH F_FAA440B4 &#8211; Base estandar para detector de 4 pulgadas \/ Compatible con detector FAP440"},"content":{"rendered":"<h5 class=\"card-title text-center\">Base est\u00e1ndar anal\u00f3gica de 4 pulg. FAA-440-B4<\/h5>\n<p class=\"ql-align-justify\"><strong>Hay disponibles dos tama\u00f1os para las bases anal\u00f3gicas FAA-440 (10 cm. [4 pulg.] y 16 cm. [6 pulg.]), as\u00ed como dos modelos diferentes (est\u00e1ndar e ISO, que incluye un aislador integrado).\u00a0<\/strong>Se utilizan en combinaci\u00f3n con los detectores anal\u00f3gicos direccionables FAP-440 y FAH-440 para proporcionar un aviso precoz de incendios y garantizar as\u00ed la seguridad y la protecci\u00f3n de edificios.<\/p>\n<p class=\"ql-align-justify\"><strong>Funciones b\u00e1sicas<\/strong><\/p>\n<p class=\"ql-align-justify\"><strong>Indicador LED (bases aisladoras)<\/strong><\/p>\n<p class=\"ql-align-justify\">Si se produjera un cortocircuito, el LED de la base aisladora mostrar\u00e1 una se\u00f1al fija de color amarillo, lo que indica que se ha producido una aver\u00eda.<\/p>\n<p class=\"ql-align-justify\"><strong>Dise\u00f1o Modular<\/strong><\/p>\n<p class=\"ql-align-justify\">La base para detector forma parte de un montaje de detector con dise\u00f1o modular de dos piezas. La base de instalaci\u00f3n permanente provee de terminales de entrada y de salida para el circuito de sondeo.<\/p>\n<p class=\"ql-align-justify\"><strong>Conservaci\u00f3n de lazo<\/strong><\/p>\n<p class=\"ql-align-justify\">Cuenta con un dise\u00f1o resistente simple con bornes para el cableado y mantiene la continuidad del lazo cuando se retiran los detectores.<\/p>\n<p class=\"ql-align-justify\"><strong>Sistema de Bloqueo<\/strong><\/p>\n<p class=\"ql-align-justify\">Se proporciona un sistema de bloqueo antisabotaje sencillo que se puede activar retirando la peque\u00f1a pesta\u00f1a de pl\u00e1stico de la parte posterior del detector. Una vez bloqueado, el detector s\u00f3lo se puede extraer con un peque\u00f1o destornillador.<\/p>\n<p class=\"ql-align-justify\"><strong>Planificaci\u00f3n<\/strong><\/p>\n<p class=\"ql-align-justify\"><strong>Productos compatibles<\/strong><\/p>\n<p class=\"ql-align-justify\">Los siguientes productos son compatibles con las bases anal\u00f3gicas FAA\u2011440:<\/p>\n<p class=\"ql-align-justify\"><strong>Centrales de incendio<\/strong><\/p>\n<ul>\n<li class=\"ql-align-justify\">FPA\u20111000 Centrales de incendio direccionables anal\u00f3gicas.<\/li>\n<\/ul>\n<p class=\"ql-align-justify\"><strong>Accesorios para centrales de incendios<\/strong><\/p>\n<ul>\n<li class=\"ql-align-justify\">FPE\u20111000\u2011SLC M\u00f3dulo enchufable de circuito de l\u00ednea de se\u00f1alizaci\u00f3n.<\/li>\n<\/ul>\n<p class=\"ql-align-justify\"><strong>Detectores<\/strong><\/p>\n<ul>\n<li class=\"ql-align-justify\">FAH\u2011440 Detector anal\u00f3gico de calor.<\/li>\n<li class=\"ql-align-justify\">FAP\u2011440 Detector anal\u00f3gico fotoel\u00e9ctrico.<\/li>\n<li class=\"ql-align-justify\">FAP-440-T Detector multisensor anal\u00f3gico de calor\/fotoel\u00e9ctrico.<\/li>\n<li class=\"ql-align-justify\">FAP-440-TC Detector fotoel\u00e9ctrico\/de calor\/CO anal\u00f3gico de varios criterios.<\/li>\n<\/ul>\n<p class=\"ql-align-justify\"><strong>Consideraciones sobre el montaje<\/strong><\/p>\n<p class=\"ql-align-justify\">Los detectores se suelen montar en el techo. Sin embargo, si se montan en una pared, deben situarse a una distancia m\u00ednima de 10,2 cm. (4 pulg.) y m\u00e1xima de 30,5 cm. (12 pulg.) bajo el techo. Si hay en la zona alg\u00fan otro dispositivo que contenga imanes o emita campos magn\u00e9ticos (por ejemplo, altavoces), la base debe estar situada a una distancia m\u00ednima de 30 cm. (1 pie) de dichos dispositivos. De ese modo, se evitar\u00e1 la activaci\u00f3n no deseada del interruptor de prueba. Para cumplir con la Norma UL, debe mantenerse un espacio inferior a los 9,14 m. (30 pies) entre los detectores de humo; y el espacio entre los detectores de calor debe ser inferior a 15,24 m. (50 pies).<\/p>\n<p class=\"ql-align-justify\"><strong>Consideraciones sobre el cableado<\/strong><\/p>\n<p class=\"ql-align-justify\">El panel de control se comunica con los detectores a trav\u00e9s del lazo anal\u00f3gico direccionable (SLC), que permite utilizar un cableado est\u00e1ndar no trenzado ni apantallado. Se han probado y aprobado las siguientes secciones de cable:<\/p>\n<p class=\"ql-align-justify\"><strong>Secci\u00f3n del cable y longitud m\u00e1xima<\/strong><\/p>\n<ul>\n<li class=\"ql-align-justify\">0,8 mm.2 (18 AWG) 1200 m. (4000 pies).<\/li>\n<li class=\"ql-align-justify\">1,3 mm.2 (16 AWG) 1900 m. (6225 pies).<\/li>\n<li class=\"ql-align-justify\">2,1 mm.2 (14 AWG) 2200 m. (7200 pies).<\/li>\n<li class=\"ql-align-justify\">3,3 mm.2 (12 AWG) 3000 m. (9850 pies).<\/li>\n<\/ul>\n<p class=\"ql-align-justify\"><strong>Nota: Base est\u00e1ndar anal\u00f3gica de 4 pulg. FAA-440-B4<\/strong><\/p>\n<p class=\"ql-align-justify\"><strong>N\u00famero de pedido: FAA-440-B4.<\/strong><\/p>\n<p class=\"ql-align-justify\"><strong>Principales caracter\u00edsticas<\/strong><\/p>\n<ul>\n<li class=\"ql-align-justify\">Dise\u00f1o modular.<\/li>\n<li class=\"ql-align-justify\">F\u00e1cil extracci\u00f3n del detector para su limpieza y mantenimiento.<\/li>\n<li class=\"ql-align-justify\">Montaje de detectores estable.<\/li>\n<li class=\"ql-align-justify\">Se proporcionan bornes para LED remotos, Entrada y Salida de Datos.<\/li>\n<li class=\"ql-align-justify\">Algunos modelos incluyen un circuito aislador, que impide que se desactive todo el lazo SLC como consecuencia de un cortocircuito.<\/li>\n<\/ul>\n<p class=\"ql-align-justify\"><strong>Especificaciones<\/strong><\/p>\n<p class=\"ql-align-justify\"><strong>Consumo m\u00e1ximo de corriente a 25 \u00b0C (77 \u00b0F) y con tensi\u00f3n de bus de 39 V<\/strong><\/p>\n<ul>\n<li class=\"ql-align-justify\">En reposo: 0,07 mA.<\/li>\n<li class=\"ql-align-justify\">Alarma: 10 mA.<\/li>\n<li class=\"ql-align-justify\">Tensi\u00f3n en operaci\u00f3n (lazo SLC): 24 V CC a 41 V CC.<\/li>\n<li class=\"ql-align-justify\">Resistencia interna: &lt; 50 \u03a9.<\/li>\n<li class=\"ql-align-justify\">Tiempo de encendido: &lt; 30 ms.<\/li>\n<li class=\"ql-align-justify\">Tiempo de apagado: &lt; 50 ms.<\/li>\n<\/ul>\n<p class=\"ql-align-justify\"><strong>Ambientales<\/strong><\/p>\n<ul>\n<li class=\"ql-align-justify\">Categor\u00eda de protecci\u00f3n: IP 42.<\/li>\n<li class=\"ql-align-justify\">Humedad relativa: &lt; 95% (sin condensaci\u00f3n).<\/li>\n<li class=\"ql-align-justify\">Temperatura de Instalaci\u00f3n: De 0 \u00b0C a + 38 \u00b0C (de +32 \u00b0F a +100 \u00b0F).<\/li>\n<\/ul>\n<p class=\"ql-align-justify\"><strong>Temperaturas de almacenamiento:<\/strong><\/p>\n<ul>\n<li class=\"ql-align-justify\">Sin sensor de CO: De -25 \u00b0C a + 80 \u00b0C (de -13 \u00b0F a +176 \u00b0F).<\/li>\n<li class=\"ql-align-justify\">Con sensor de CO: De -10 \u00b0C a +50 \u00b0C (de +14 \u00b0F a +122 \u00b0F).<\/li>\n<\/ul>\n<p class=\"ql-align-justify\"><strong>Mec\u00e1nicos<\/strong><\/p>\n<p class=\"ql-align-justify\"><strong>Dimensiones<\/strong><\/p>\n<ul>\n<li class=\"ql-align-justify\">Detector: 11,2 cm. x 5,1 cm. (4,4 pulg. x 2 pulg.)<\/li>\n<li class=\"ql-align-justify\">Detector con base de 4 pulg. 12,7 cm. x 6,4 cm. (5 pulg. x 2,5 pulg.)<\/li>\n<li class=\"ql-align-justify\">Detector con base de 6 pulg. 17,8 cm. x 6,4 cm. (7 pulg. x 2,5 pulg.)<\/li>\n<li class=\"ql-align-justify\">Material de la carcasa: CYCOLOY\/ABS.<\/li>\n<\/ul>\n<p><img decoding=\"async\" class=\"overview-center-img-web\" src=\"https:\/\/tvc.mx\/media\/174520\/BANNER-OFICIAL-A.png\" alt=\"\" \/><\/p>\n","protected":false},"excerpt":{"rendered":"<p>Base est\u00e1ndar anal\u00f3gica de 4 pulg. FAA-440-B4 Hay disponibles dos tama\u00f1os para las bases anal\u00f3gicas FAA-440 (10 cm. [4 pulg.] y 16 cm. [6 pulg.]), as\u00ed como dos modelos diferentes (est\u00e1ndar e ISO, que incluye un aislador integrado).\u00a0Se utilizan en combinaci\u00f3n con los detectores anal\u00f3gicos&hellip;<\/p>\n","protected":false},"featured_media":5654,"comment_status":"open","ping_status":"closed","template":"","meta":{"om_disable_all_campaigns":false,"_monsterinsights_skip_tracking":false,"_monsterinsights_sitenote_active":false,"_monsterinsights_sitenote_note":"","_monsterinsights_sitenote_category":0},"product_brand":[],"product_cat":[494],"product_tag":[495,497,498,499,500,501,496,502],"class_list":{"0":"post-5655","1":"product","2":"type-product","3":"status-publish","4":"has-post-thumbnail","6":"product_cat-detectores","7":"product_tag-control-de-incendio","8":"product_tag-detectores","9":"product_tag-estacion-manual","10":"product_tag-estrobos-y-sirenas","11":"product_tag-modulos","12":"product_tag-paneles-de-control","13":"product_tag-sistemas-de-incendio","14":"product_tag-teclados","16":"first","17":"instock","18":"sale","19":"taxable","20":"shipping-taxable","21":"purchasable","22":"product-type-simple"},"aioseo_notices":[],"_links":{"self":[{"href":"https:\/\/tecsecmty.com\/index.php\/wp-json\/wp\/v2\/product\/5655","targetHints":{"allow":["GET"]}}],"collection":[{"href":"https:\/\/tecsecmty.com\/index.php\/wp-json\/wp\/v2\/product"}],"about":[{"href":"https:\/\/tecsecmty.com\/index.php\/wp-json\/wp\/v2\/types\/product"}],"replies":[{"embeddable":true,"href":"https:\/\/tecsecmty.com\/index.php\/wp-json\/wp\/v2\/comments?post=5655"}],"version-history":[{"count":0,"href":"https:\/\/tecsecmty.com\/index.php\/wp-json\/wp\/v2\/product\/5655\/revisions"}],"wp:featuredmedia":[{"embeddable":true,"href":"https:\/\/tecsecmty.com\/index.php\/wp-json\/wp\/v2\/media\/5654"}],"wp:attachment":[{"href":"https:\/\/tecsecmty.com\/index.php\/wp-json\/wp\/v2\/media?parent=5655"}],"wp:term":[{"taxonomy":"product_brand","embeddable":true,"href":"https:\/\/tecsecmty.com\/index.php\/wp-json\/wp\/v2\/product_brand?post=5655"},{"taxonomy":"product_cat","embeddable":true,"href":"https:\/\/tecsecmty.com\/index.php\/wp-json\/wp\/v2\/product_cat?post=5655"},{"taxonomy":"product_tag","embeddable":true,"href":"https:\/\/tecsecmty.com\/index.php\/wp-json\/wp\/v2\/product_tag?post=5655"}],"curies":[{"name":"wp","href":"https:\/\/api.w.org\/{rel}","templated":true}]}}