{"id":5661,"date":"2023-02-23T11:36:44","date_gmt":"2023-02-23T17:36:44","guid":{"rendered":"https:\/\/tecsecmty.com\/index.php\/producto\/bosch-f_faa500-base-para-la-instalacion-de-detectores-de-incendio-fap520\/"},"modified":"2023-03-22T23:21:06","modified_gmt":"2023-03-23T05:21:06","slug":"bosch-f_faa500-base-para-la-instalacion-de-detectores-de-incendio-fap520","status":"publish","type":"product","link":"https:\/\/tecsecmty.com\/index.php\/producto\/bosch-f_faa500-base-para-la-instalacion-de-detectores-de-incendio-fap520\/","title":{"rendered":"BOSCH F_FAA500 &#8211; Base para la instalacion de detectores de incendio FAP520"},"content":{"rendered":"<h5 class=\"card-title text-center\">FAA\u2011500 LSN Base para la instalaci\u00f3n del detector de incendios FAP \u2011 520 y FAA-500<\/h5>\n<p class=\"ql-align-justify\"><strong>Las bases FAA\u2011500 LSN son necesarias para la instalaci\u00f3n de detectores de incendios FAP\u2011520.<\/strong><\/p>\n<p class=\"ql-align-justify\"><strong>Funciones b\u00e1sicas<\/strong><\/p>\n<p class=\"ql-align-justify\">Los terminales tipo rosca garantizan una conexi\u00f3n el\u00e9ctrica segura a trav\u00e9s de contactos de abrazaderas al montar el detector de incendios FAP\u2011520.<\/p>\n<p class=\"ql-align-justify\">Las bases se suministran con tres soportes para los cables.<\/p>\n<p class=\"ql-align-justify\"><strong>Nota: FAA\u2011500 LSN<\/strong><\/p>\n<p class=\"ql-align-justify\"><strong>Base para la instalaci\u00f3n del detector de incendios FAP \u2011 520 y FAA-500.<\/strong><\/p>\n<p class=\"ql-align-justify\"><strong>Numero de pedido: FAA-500 LSN<\/strong><\/p>\n<p class=\"ql-align-justify\"><strong>Especificaciones<\/strong>:<\/p>\n<ul>\n<li class=\"ql-align-justify\">Secci\u00f3n de cable: 0,3 mm2 \u2013 3,3 mm2.<\/li>\n<li class=\"ql-align-justify\">Dimensiones: \u00d8 145,6 x 63,5 mm.<\/li>\n<li class=\"ql-align-justify\">Material de la carcasa: Policarbonato.<\/li>\n<li class=\"ql-align-justify\">Color: de la carcasa Blanco, RAL 9003.<\/li>\n<li class=\"ql-align-justify\">Peso: 185 g\/ 270 g (sin\/con embalaje).<\/li>\n<\/ul>\n<p class=\"ql-align-justify\"><strong>Conexiones:<\/strong><\/p>\n<ul>\n<li class=\"ql-align-justify\">Fuente de alimentaci\u00f3n (0 V, + V).<\/li>\n<li class=\"ql-align-justify\">LSN (a-E\/S, b-E, b-S).<\/li>\n<li class=\"ql-align-justify\">Punto C Protecci\u00f3n.<\/li>\n<\/ul>\n<p class=\"ql-align-justify\"><strong>Nota<\/strong>:\u00a0<strong>Informaci\u00f3n sobre pedidos\u00a0FAA\u2011500 LSN\u00a0Base para la instalaci\u00f3n del detector de incendios\u00a0FAP\u2011520.<\/strong><\/p>\n<p><img decoding=\"async\" class=\"overview-center-img-web\" src=\"https:\/\/tvc.mx\/media\/34515\/Logoopaginas-oficial-1920x400.png\" alt=\"\" \/><\/p>\n","protected":false},"excerpt":{"rendered":"<p>FAA\u2011500 LSN Base para la instalaci\u00f3n del detector de incendios FAP \u2011 520 y FAA-500 Las bases FAA\u2011500 LSN son necesarias para la instalaci\u00f3n de detectores de incendios FAP\u2011520. Funciones b\u00e1sicas Los terminales tipo rosca garantizan una conexi\u00f3n el\u00e9ctrica segura a trav\u00e9s de contactos de&hellip;<\/p>\n","protected":false},"featured_media":5660,"comment_status":"open","ping_status":"closed","template":"","meta":{"om_disable_all_campaigns":false,"_monsterinsights_skip_tracking":false,"_monsterinsights_sitenote_active":false,"_monsterinsights_sitenote_note":"","_monsterinsights_sitenote_category":0},"product_brand":[],"product_cat":[494],"product_tag":[495,497,498,499,500,501,496,502],"class_list":{"0":"post-5661","1":"product","2":"type-product","3":"status-publish","4":"has-post-thumbnail","6":"product_cat-detectores","7":"product_tag-control-de-incendio","8":"product_tag-detectores","9":"product_tag-estacion-manual","10":"product_tag-estrobos-y-sirenas","11":"product_tag-modulos","12":"product_tag-paneles-de-control","13":"product_tag-sistemas-de-incendio","14":"product_tag-teclados","16":"first","17":"instock","18":"sale","19":"taxable","20":"shipping-taxable","21":"purchasable","22":"product-type-simple"},"aioseo_notices":[],"_links":{"self":[{"href":"https:\/\/tecsecmty.com\/index.php\/wp-json\/wp\/v2\/product\/5661","targetHints":{"allow":["GET"]}}],"collection":[{"href":"https:\/\/tecsecmty.com\/index.php\/wp-json\/wp\/v2\/product"}],"about":[{"href":"https:\/\/tecsecmty.com\/index.php\/wp-json\/wp\/v2\/types\/product"}],"replies":[{"embeddable":true,"href":"https:\/\/tecsecmty.com\/index.php\/wp-json\/wp\/v2\/comments?post=5661"}],"version-history":[{"count":0,"href":"https:\/\/tecsecmty.com\/index.php\/wp-json\/wp\/v2\/product\/5661\/revisions"}],"wp:featuredmedia":[{"embeddable":true,"href":"https:\/\/tecsecmty.com\/index.php\/wp-json\/wp\/v2\/media\/5660"}],"wp:attachment":[{"href":"https:\/\/tecsecmty.com\/index.php\/wp-json\/wp\/v2\/media?parent=5661"}],"wp:term":[{"taxonomy":"product_brand","embeddable":true,"href":"https:\/\/tecsecmty.com\/index.php\/wp-json\/wp\/v2\/product_brand?post=5661"},{"taxonomy":"product_cat","embeddable":true,"href":"https:\/\/tecsecmty.com\/index.php\/wp-json\/wp\/v2\/product_cat?post=5661"},{"taxonomy":"product_tag","embeddable":true,"href":"https:\/\/tecsecmty.com\/index.php\/wp-json\/wp\/v2\/product_tag?post=5661"}],"curies":[{"name":"wp","href":"https:\/\/api.w.org\/{rel}","templated":true}]}}