{"id":5663,"date":"2023-02-23T11:36:47","date_gmt":"2023-02-23T17:36:47","guid":{"rendered":"https:\/\/tecsecmty.com\/index.php\/producto\/bosch-f_faa500bbul-caja-posterior-para-montaje-en-techo-para-series-500-y-520\/"},"modified":"2023-03-22T23:21:06","modified_gmt":"2023-03-23T05:21:06","slug":"bosch-f_faa500bbul-caja-posterior-para-montaje-en-techo-para-series-500-y-520","status":"publish","type":"product","link":"https:\/\/tecsecmty.com\/index.php\/producto\/bosch-f_faa500bbul-caja-posterior-para-montaje-en-techo-para-series-500-y-520\/","title":{"rendered":"BOSCH F_FAA500BBUL &#8211; Caja posterior para montaje en techo para series 500 y 520"},"content":{"rendered":"<h5 class=\"card-title text-center\">Caja posterior de montaje en techo FAA-500-BB-UL<\/h5>\n<p class=\"ql-align-justify\">La caja posterior est\u00e1 dise\u00f1ada para montaje empotrado FCP-500 detectores en falsos techos.<\/p>\n<p class=\"ql-align-justify\"><strong>Certificaciones y aprobaciones<\/strong><\/p>\n<p class=\"ql-align-justify\"><strong>Estados Unidos (UL)<\/strong><\/p>\n<ul>\n<li class=\"ql-align-justify\">UROX: Humo &#8211; Detectores autom\u00e1ticos de incendios (ANSI \/ UL 268).<\/li>\n<li class=\"ql-align-justify\">CSFM vea nuestro sitio web.<\/li>\n<\/ul>\n<p class=\"ql-align-justify\"><strong>Notas de instalaci\u00f3n \/ configuraci\u00f3n<\/strong><\/p>\n<p class=\"ql-align-justify\"><strong>Consideraciones de montaje<\/strong><\/p>\n<p class=\"ql-align-justify\">La caja posterior est\u00e1 dise\u00f1ada para montaje empotrado en ca\u00edda techos El grosor m\u00e1ximo del falso techo el material mide 1.26 pulg. (32 cm) y la altura sobre el el techo debe tener al menos 4,3 pulgadas (11 cm) o, si se usa conducto, 6 pulg. (15 cm). La instalaci\u00f3n m\u00ednima distancia de las l\u00e1mparas es 1.6 pies (0.5 m).<\/p>\n<p class=\"ql-align-justify\"><strong>Consideraciones electricas<\/strong><\/p>\n<p class=\"ql-align-justify\">El di\u00e1metro m\u00e1ximo del cable el\u00e9ctrico es de 0,55 pulg. (1,4 cm).<\/p>\n<p class=\"ql-align-justify\"><strong>Nota: Caja posterior de montaje en techo FAA-500-BB-UL para EE. UU.<\/strong><\/p>\n<p class=\"ql-align-justify\"><strong>Una caja posterior listada por UL para FCP-500 de montaje empotrado<\/strong><\/p>\n<p class=\"ql-align-justify\"><strong>detectores en falsos techos.<\/strong><\/p>\n<p class=\"ql-align-justify\"><strong>N\u00famero de pedido: FAA-500-BB-UL<\/strong><\/p>\n<p class=\"ql-align-justify\"><strong>Principales Caracter\u00edsticas<\/strong><\/p>\n<ul>\n<li class=\"ql-align-justify\">Color: Blanco<\/li>\n<li class=\"ql-align-justify\">Construcci\u00f3n Robusta<\/li>\n<li class=\"ql-align-justify\">Instalaci\u00f3n F\u00e1cil<\/li>\n<\/ul>\n<p class=\"ql-align-justify\"><strong>Especificaciones<\/strong><\/p>\n<p class=\"ql-align-justify\"><strong>Mec\u00e1nicas<\/strong><\/p>\n<ul>\n<li class=\"ql-align-justify\">Dimensiones (di\u00e1metro x profundidad) 5.5 pulg. X 4.1 pulg. (140 mm x 104,2 mm).<\/li>\n<\/ul>\n<p><img decoding=\"async\" class=\"overview-center-img-web\" src=\"https:\/\/tvc.mx\/media\/34621\/Logoopaginas-oficial-1920x400.png\" alt=\"\" \/><\/p>\n","protected":false},"excerpt":{"rendered":"<p>Caja posterior de montaje en techo FAA-500-BB-UL La caja posterior est\u00e1 dise\u00f1ada para montaje empotrado FCP-500 detectores en falsos techos. Certificaciones y aprobaciones Estados Unidos (UL) UROX: Humo &#8211; Detectores autom\u00e1ticos de incendios (ANSI \/ UL 268). CSFM vea nuestro sitio web. Notas de instalaci\u00f3n&hellip;<\/p>\n","protected":false},"featured_media":5662,"comment_status":"open","ping_status":"closed","template":"","meta":{"om_disable_all_campaigns":false,"_monsterinsights_skip_tracking":false,"_monsterinsights_sitenote_active":false,"_monsterinsights_sitenote_note":"","_monsterinsights_sitenote_category":0},"product_brand":[],"product_cat":[494],"product_tag":[495,497,498,499,500,501,496,502],"class_list":{"0":"post-5663","1":"product","2":"type-product","3":"status-publish","4":"has-post-thumbnail","6":"product_cat-detectores","7":"product_tag-control-de-incendio","8":"product_tag-detectores","9":"product_tag-estacion-manual","10":"product_tag-estrobos-y-sirenas","11":"product_tag-modulos","12":"product_tag-paneles-de-control","13":"product_tag-sistemas-de-incendio","14":"product_tag-teclados","16":"first","17":"instock","18":"sale","19":"taxable","20":"shipping-taxable","21":"purchasable","22":"product-type-simple"},"aioseo_notices":[],"_links":{"self":[{"href":"https:\/\/tecsecmty.com\/index.php\/wp-json\/wp\/v2\/product\/5663","targetHints":{"allow":["GET"]}}],"collection":[{"href":"https:\/\/tecsecmty.com\/index.php\/wp-json\/wp\/v2\/product"}],"about":[{"href":"https:\/\/tecsecmty.com\/index.php\/wp-json\/wp\/v2\/types\/product"}],"replies":[{"embeddable":true,"href":"https:\/\/tecsecmty.com\/index.php\/wp-json\/wp\/v2\/comments?post=5663"}],"version-history":[{"count":0,"href":"https:\/\/tecsecmty.com\/index.php\/wp-json\/wp\/v2\/product\/5663\/revisions"}],"wp:featuredmedia":[{"embeddable":true,"href":"https:\/\/tecsecmty.com\/index.php\/wp-json\/wp\/v2\/media\/5662"}],"wp:attachment":[{"href":"https:\/\/tecsecmty.com\/index.php\/wp-json\/wp\/v2\/media?parent=5663"}],"wp:term":[{"taxonomy":"product_brand","embeddable":true,"href":"https:\/\/tecsecmty.com\/index.php\/wp-json\/wp\/v2\/product_brand?post=5663"},{"taxonomy":"product_cat","embeddable":true,"href":"https:\/\/tecsecmty.com\/index.php\/wp-json\/wp\/v2\/product_cat?post=5663"},{"taxonomy":"product_tag","embeddable":true,"href":"https:\/\/tecsecmty.com\/index.php\/wp-json\/wp\/v2\/product_tag?post=5663"}],"curies":[{"name":"wp","href":"https:\/\/api.w.org\/{rel}","templated":true}]}}