{"id":5665,"date":"2023-02-23T11:36:49","date_gmt":"2023-02-23T17:36:49","guid":{"rendered":"https:\/\/tecsecmty.com\/index.php\/producto\/bosch-f_faa500trw-anillo-de-ajuste-de-plastico-color-blanco-para-usar-con-fcp500\/"},"modified":"2023-03-22T23:21:06","modified_gmt":"2023-03-23T05:21:06","slug":"bosch-f_faa500trw-anillo-de-ajuste-de-plastico-color-blanco-para-usar-con-fcp500","status":"publish","type":"product","link":"https:\/\/tecsecmty.com\/index.php\/producto\/bosch-f_faa500trw-anillo-de-ajuste-de-plastico-color-blanco-para-usar-con-fcp500\/","title":{"rendered":"BOSCH F_FAA500TRW &#8211; Anillo de ajuste de plastico color blanco para usar con FCP500"},"content":{"rendered":"<h5 class=\"card-title text-center\">Anillo de ajuste FAA\u2011500\u2011TR\u2011W (blanco)<\/h5>\n<p class=\"ql-align-justify\"><strong>Bisel blanco para detectores de incendios de las series 500 y 520.<\/strong><\/p>\n<p class=\"ql-align-justify\"><strong>Nota<\/strong>: Informaci\u00f3n sobre pedidos FAA\u2011500\u2011TR-W Bisel, blanco para detectores de incendios de las series 500 y 520.<\/p>\n<p><strong>Certificaciones y aprobaciones<\/strong><\/p>\n<ul>\n<li>USA UL URRQ: Humo &#8211; Detector autom\u00e1tico de incendios Accesorios (UL268), URRQ7: Humo &#8211; Accesorios para detectores autom\u00e1ticos de incendios Certificado para Canad\u00e1 (cULus).<\/li>\n<li>NYC-MEA 117-05-E, vol. II.<\/li>\n<li>MSFM 2200 Sep 2008.<\/li>\n<\/ul>\n<p><strong>Nota: Anillo de ajuste FAA\u2011500\u2011TR\u2011W (blanco)<\/strong><\/p>\n<p><strong>Anillo de ajuste de pl\u00e1stico blanco para usar con el FCP \u2011 500 detecci\u00f3n de series<\/strong><\/p>\n<p><strong>Numero de pedido: FAA\u2011500\u2011TR \u2011 W<\/strong><\/p>\n<p><strong>Principales caracter\u00edsticas<\/strong><\/p>\n<ul>\n<li>Color: Blanco.<\/li>\n<li>F\u00e1cil Instalaci\u00f3n.<\/li>\n<li>Construcci\u00f3n: Robusta.<\/li>\n<\/ul>\n<p><img decoding=\"async\" class=\"overview-center-img-web\" src=\"https:\/\/tvc.mx\/media\/34463\/Logoopaginas-oficial-1920x400.png\" alt=\"\" \/><\/p>\n","protected":false},"excerpt":{"rendered":"<p>Anillo de ajuste FAA\u2011500\u2011TR\u2011W (blanco) Bisel blanco para detectores de incendios de las series 500 y 520. Nota: Informaci\u00f3n sobre pedidos FAA\u2011500\u2011TR-W Bisel, blanco para detectores de incendios de las series 500 y 520. Certificaciones y aprobaciones USA UL URRQ: Humo &#8211; Detector autom\u00e1tico de&hellip;<\/p>\n","protected":false},"featured_media":5664,"comment_status":"open","ping_status":"closed","template":"","meta":{"om_disable_all_campaigns":false,"_monsterinsights_skip_tracking":false,"_monsterinsights_sitenote_active":false,"_monsterinsights_sitenote_note":"","_monsterinsights_sitenote_category":0},"product_brand":[],"product_cat":[494],"product_tag":[495,497,498,499,500,501,496,502],"class_list":{"0":"post-5665","1":"product","2":"type-product","3":"status-publish","4":"has-post-thumbnail","6":"product_cat-detectores","7":"product_tag-control-de-incendio","8":"product_tag-detectores","9":"product_tag-estacion-manual","10":"product_tag-estrobos-y-sirenas","11":"product_tag-modulos","12":"product_tag-paneles-de-control","13":"product_tag-sistemas-de-incendio","14":"product_tag-teclados","16":"first","17":"instock","18":"sale","19":"taxable","20":"shipping-taxable","21":"purchasable","22":"product-type-simple"},"aioseo_notices":[],"_links":{"self":[{"href":"https:\/\/tecsecmty.com\/index.php\/wp-json\/wp\/v2\/product\/5665","targetHints":{"allow":["GET"]}}],"collection":[{"href":"https:\/\/tecsecmty.com\/index.php\/wp-json\/wp\/v2\/product"}],"about":[{"href":"https:\/\/tecsecmty.com\/index.php\/wp-json\/wp\/v2\/types\/product"}],"replies":[{"embeddable":true,"href":"https:\/\/tecsecmty.com\/index.php\/wp-json\/wp\/v2\/comments?post=5665"}],"version-history":[{"count":0,"href":"https:\/\/tecsecmty.com\/index.php\/wp-json\/wp\/v2\/product\/5665\/revisions"}],"wp:featuredmedia":[{"embeddable":true,"href":"https:\/\/tecsecmty.com\/index.php\/wp-json\/wp\/v2\/media\/5664"}],"wp:attachment":[{"href":"https:\/\/tecsecmty.com\/index.php\/wp-json\/wp\/v2\/media?parent=5665"}],"wp:term":[{"taxonomy":"product_brand","embeddable":true,"href":"https:\/\/tecsecmty.com\/index.php\/wp-json\/wp\/v2\/product_brand?post=5665"},{"taxonomy":"product_cat","embeddable":true,"href":"https:\/\/tecsecmty.com\/index.php\/wp-json\/wp\/v2\/product_cat?post=5665"},{"taxonomy":"product_tag","embeddable":true,"href":"https:\/\/tecsecmty.com\/index.php\/wp-json\/wp\/v2\/product_tag?post=5665"}],"curies":[{"name":"wp","href":"https:\/\/api.w.org\/{rel}","templated":true}]}}