{"id":5669,"date":"2023-02-23T11:36:55","date_gmt":"2023-02-23T17:36:55","guid":{"rendered":"https:\/\/tecsecmty.com\/index.php\/producto\/bosch-f_fad425or-detector-optico-con-rotary-switch\/"},"modified":"2023-03-22T23:21:06","modified_gmt":"2023-03-23T05:21:06","slug":"bosch-f_fad425or-detector-optico-con-rotary-switch","status":"publish","type":"product","link":"https:\/\/tecsecmty.com\/index.php\/producto\/bosch-f_fad425or-detector-optico-con-rotary-switch\/","title":{"rendered":"BOSCH F_FAD425OR- DETECTOR OPTICO CON ROTARY SWITCH"},"content":{"rendered":"<h5 class=\"card-title text-center\">Detector de conducto FAD-425-O-R, \u00f3ptico<\/h5>\n<p class=\"ql-align-justify\"><strong>La carcasa del detector de conductos FAD-420-HS-EN con base con detector FAD-425-O-R integrado detecta humo en conductos de ventilaci\u00f3n.<\/strong>\u00a0Las part\u00edculas de humo en el aire son<\/p>\n<p class=\"ql-align-justify\">detectado de manera confiable e informado al panel de bomberos por el Sistema de bus LSN mejorado.<\/p>\n<p class=\"ql-align-justify\"><strong>Funciones b\u00e1sicas<\/strong><\/p>\n<p class=\"ql-align-justify\">El aire del conducto de ventilaci\u00f3n se dirige constantemente a trav\u00e9s del tubo de muestra y la carcasa de muestreo de aire al detector FAD-425-O-R especialmente dise\u00f1ado.<\/p>\n<p class=\"ql-align-justify\">Las part\u00edculas de humo en el aire se detectan de manera confiable y informado al panel de bomberos por el autob\u00fas mejorado de LSN sistema.<\/p>\n<p class=\"ql-align-justify\"><strong>Notas de instalaci\u00f3n \/ configuraci\u00f3n<\/strong><\/p>\n<ul>\n<li class=\"ql-align-justify\">Velocidades de aire de 1 m \/ sa 20 m \/ s<\/li>\n<li class=\"ql-align-justify\">Montaje horizontal o vertical de la carcasa.<\/li>\n<li class=\"ql-align-justify\">Si hay un indicador remoto conectado, el FAD \u2011 RB \u2011 DIBT<\/li>\n<\/ul>\n<p class=\"ql-align-justify\"><strong>Nota:\u00a0<\/strong><strong>Detector de conducto FAD-425-O-R, \u00f3ptico<\/strong><\/p>\n<p class=\"ql-align-justify\"><strong>Detector \u00f3ptico anal\u00f3gico direccionable para uso en aire carcasa de muestreo FAD-420-HS-EN.<\/strong><\/p>\n<p class=\"ql-align-justify\"><strong>N\u00famero de pedido: FAD-425-O-R<\/strong><\/p>\n<p class=\"ql-align-justify\"><strong>Principales caracter\u00edsticas<\/strong><\/p>\n<ul>\n<li class=\"ql-align-justify\">Uso en sistemas de ventilaci\u00f3n con velocidades de aire de 1 m \/ sa 20 m \/ s.<\/li>\n<li class=\"ql-align-justify\">Para la activaci\u00f3n de ventiladores, controles de puerta o externos dispositivos de visualizaci\u00f3n, una placa de rel\u00e9 opcional puede ser instalado.<\/li>\n<li class=\"ql-align-justify\">Una secci\u00f3n clara en la cubierta esmerilada permite observando el LED de alarma del FAD-425- integrado Detector O-R Control para evitar la extracci\u00f3n no deseada de la cubierta.<\/li>\n<li class=\"ql-align-justify\">F\u00e1cil instalaci\u00f3n del detector FAD-425-O-R<\/li>\n<\/ul>\n<p><img decoding=\"async\" class=\"overview-center-img-web\" src=\"https:\/\/tvc.mx\/media\/33214\/Logoopaginas-oficial-1920x400.png\" alt=\"\" \/><\/p>\n","protected":false},"excerpt":{"rendered":"<p>Detector de conducto FAD-425-O-R, \u00f3ptico La carcasa del detector de conductos FAD-420-HS-EN con base con detector FAD-425-O-R integrado detecta humo en conductos de ventilaci\u00f3n.\u00a0Las part\u00edculas de humo en el aire son detectado de manera confiable e informado al panel de bomberos por el Sistema de&hellip;<\/p>\n","protected":false},"featured_media":5668,"comment_status":"open","ping_status":"closed","template":"","meta":{"om_disable_all_campaigns":false,"_monsterinsights_skip_tracking":false,"_monsterinsights_sitenote_active":false,"_monsterinsights_sitenote_note":"","_monsterinsights_sitenote_category":0},"product_brand":[],"product_cat":[494],"product_tag":[495,497,498,499,500,501,496,502],"class_list":{"0":"post-5669","1":"product","2":"type-product","3":"status-publish","4":"has-post-thumbnail","6":"product_cat-detectores","7":"product_tag-control-de-incendio","8":"product_tag-detectores","9":"product_tag-estacion-manual","10":"product_tag-estrobos-y-sirenas","11":"product_tag-modulos","12":"product_tag-paneles-de-control","13":"product_tag-sistemas-de-incendio","14":"product_tag-teclados","16":"first","17":"instock","18":"sale","19":"taxable","20":"shipping-taxable","21":"purchasable","22":"product-type-simple"},"aioseo_notices":[],"_links":{"self":[{"href":"https:\/\/tecsecmty.com\/index.php\/wp-json\/wp\/v2\/product\/5669","targetHints":{"allow":["GET"]}}],"collection":[{"href":"https:\/\/tecsecmty.com\/index.php\/wp-json\/wp\/v2\/product"}],"about":[{"href":"https:\/\/tecsecmty.com\/index.php\/wp-json\/wp\/v2\/types\/product"}],"replies":[{"embeddable":true,"href":"https:\/\/tecsecmty.com\/index.php\/wp-json\/wp\/v2\/comments?post=5669"}],"version-history":[{"count":0,"href":"https:\/\/tecsecmty.com\/index.php\/wp-json\/wp\/v2\/product\/5669\/revisions"}],"wp:featuredmedia":[{"embeddable":true,"href":"https:\/\/tecsecmty.com\/index.php\/wp-json\/wp\/v2\/media\/5668"}],"wp:attachment":[{"href":"https:\/\/tecsecmty.com\/index.php\/wp-json\/wp\/v2\/media?parent=5669"}],"wp:term":[{"taxonomy":"product_brand","embeddable":true,"href":"https:\/\/tecsecmty.com\/index.php\/wp-json\/wp\/v2\/product_brand?post=5669"},{"taxonomy":"product_cat","embeddable":true,"href":"https:\/\/tecsecmty.com\/index.php\/wp-json\/wp\/v2\/product_cat?post=5669"},{"taxonomy":"product_tag","embeddable":true,"href":"https:\/\/tecsecmty.com\/index.php\/wp-json\/wp\/v2\/product_tag?post=5669"}],"curies":[{"name":"wp","href":"https:\/\/api.w.org\/{rel}","templated":true}]}}