{"id":5673,"date":"2023-02-23T11:37:01","date_gmt":"2023-02-23T17:37:01","guid":{"rendered":"https:\/\/tecsecmty.com\/index.php\/producto\/bosch-f_fah440-detector-de-calor-analogico-compatible-con-panel-fpa1000\/"},"modified":"2023-03-22T23:21:06","modified_gmt":"2023-03-23T05:21:06","slug":"bosch-f_fah440-detector-de-calor-analogico-compatible-con-panel-fpa1000","status":"publish","type":"product","link":"https:\/\/tecsecmty.com\/index.php\/producto\/bosch-f_fah440-detector-de-calor-analogico-compatible-con-panel-fpa1000\/","title":{"rendered":"BOSCH F_FAH440 &#8211; Detector de calor analogico \/ Compatible con panel FPA1000"},"content":{"rendered":"<h5 class=\"card-title text-center\">Detector de calor anal\u00f3gico FAH-440<\/h5>\n<p class=\"ql-align-justify\"><strong>El detector de calor anal\u00f3gico FAH \u2011 440 es un incendio de \u00e1rea abierta detector que funciona con las centrales de incendios FPA \u2011 1000.\u00a0<\/strong>Utilizar con la familia de bases FAA \u2011 440 en interiores secos ambientes con altas temperaturas ambientales. \u00dasalo en cocinas, salas de calderas o salas de secado inadecuadas para detectores de humo debido a vapor o humos.<\/p>\n<p class=\"ql-align-justify\"><strong>Funciones b\u00e1sicas<\/strong><\/p>\n<p class=\"ql-align-justify\"><strong>Rango de direcciones<\/strong><\/p>\n<p class=\"ql-align-justify\">El detector tiene un rango de direcciones v\u00e1lido de 1 a 254. La direcci\u00f3n se establece mediante interruptores giratorios en la parte posterior del detector.<\/p>\n<p class=\"ql-align-justify\"><strong>LED indicador<\/strong><\/p>\n<p class=\"ql-align-justify\">El cabezal del detector tiene un LED multicolor para indicar estado. Para verificar la potencia del detector y anal\u00f3gico comunicaci\u00f3n de bucle direccionable, el indicador LED parpadea en verde cuando funciona normalmente (sondeo). A trav\u00e9s de la configuraci\u00f3n de par\u00e1metros del panel, es posible activar encendido o apagado del indicador de sondeo. En el evento de una condici\u00f3n de alarma, el LED del detector siempre Muestra una luz roja constante. Independiente de lo real cantidad de LED de dispositivos activados e indicador remoto LED, el n\u00famero de LED activados est\u00e1 limitado a cinco (llamada la funci\u00f3n de alarma de rodadura).<\/p>\n<p class=\"ql-align-justify\"><strong>Construcci\u00f3n modular<\/strong><\/p>\n<p class=\"ql-align-justify\">El detector forma parte de un dise\u00f1o modular de dos piezas para Conjuntos detectores. Un detector se conecta a una base en la base est\u00e1ndar anal\u00f3gica o el aislador anal\u00f3gico FAA \u2011 440<\/p>\n<p class=\"ql-align-justify\">Familia base. La pesta\u00f1a de bloqueo de seguridad de la base evita cualquier extracci\u00f3n no autorizada del detector de la base.<\/p>\n<p class=\"ql-align-justify\"><strong>Programaci\u00f3n<\/strong><\/p>\n<p class=\"ql-align-justify\">La programaci\u00f3n local se realiza en el teclado del panel. o por computadora a trav\u00e9s de un navegador web remoto. La programaci\u00f3n se realiza a trav\u00e9s de un navegador web.<\/p>\n<p class=\"ql-align-justify\"><strong>Configuraci\u00f3n de umbral seleccionable<\/strong><\/p>\n<p class=\"ql-align-justify\">El detector tiene una temperatura umbral de alarma. rango de + 135 \u00b0 F a + 194 \u00b0 F (+ 57 \u00b0 C a + 90 \u00b0 C) con 17 posibles configuraciones. La caracter\u00edstica de tasa de aumento puede ser<\/p>\n<p class=\"ql-align-justify\">encendido o apagado.<\/p>\n<p class=\"ql-align-justify\"><strong>Productos compatibles<\/strong><\/p>\n<p class=\"ql-align-justify\">Los siguientes productos son compatibles con Detector de calor anal\u00f3gico FAH \u2011 440:<\/p>\n<p class=\"ql-align-justify\"><strong>Panel de fuego<\/strong><\/p>\n<ul>\n<li class=\"ql-align-justify\">Paneles contra incendios FPA \u2011 1000 Serie Paneles de incendios direccionables anal\u00f3gicos<\/li>\n<\/ul>\n<p class=\"ql-align-justify\"><strong>Accesorios<\/strong><\/p>\n<ul>\n<li class=\"ql-align-justify\">Circuito de l\u00ednea de se\u00f1alizaci\u00f3n FPE \u2011 1000 \u2011 SLC Enchufable<\/li>\n<\/ul>\n<p class=\"ql-align-justify\"><strong>Bases del detector<\/strong><\/p>\n<ul>\n<li class=\"ql-align-justify\">FAA \u2011 440 \u2011 B4 Base est\u00e1ndar anal\u00f3gica de 4 pulgadas.<\/li>\n<li class=\"ql-align-justify\">FAA \u2011 440 \u2011 B6 Base est\u00e1ndar anal\u00f3gica de 6 pulgadas.<\/li>\n<li class=\"ql-align-justify\">FAA-440-B4-ISO Base aislante anal\u00f3gica de 4 pulgadas.<\/li>\n<li class=\"ql-align-justify\">FAA-440-B6-ISO Base aislante anal\u00f3gica de 6 pulgadas.<\/li>\n<\/ul>\n<p class=\"ql-align-justify\"><strong>Consideraciones de montaje<\/strong><\/p>\n<p class=\"ql-align-justify\">Los detectores se montan t\u00edpicamente en el techo. Los detectores montados en la pared deben estar a \u22654 pulg. (10,2 cm) pero \u226412 pulg. (30.5 cm) desde el techo. Para prevenir activaci\u00f3n no deseada del interruptor de prueba, la base debe estar al menos a 30 cm (1 pie) de dispositivos que contengan imanes o la producci\u00f3n de campos magn\u00e9ticos (por ejemplo, altavoces).<\/p>\n<p class=\"ql-align-justify\">Para los requisitos de listado UL, el espacio entre el calor los detectores no deben tener m\u00e1s de 50 pies (15,24 m).<\/p>\n<p class=\"ql-align-justify\"><strong>Consideraciones de cableado<\/strong><\/p>\n<p class=\"ql-align-justify\">El panel de control se comunica con los detectores a trav\u00e9s de el bucle anal\u00f3gico direccionable (SLC), que permite uso de cableado est\u00e1ndar no retorcido, no blindado.<\/p>\n<p class=\"ql-align-justify\">Se probaron y aprobaron los siguientes calibres de cable:<\/p>\n<p class=\"ql-align-justify\"><strong>Longitud m\u00e1xima<\/strong><\/p>\n<ul>\n<li class=\"ql-align-justify\">18 AWG (ISO 0.75 mm2) 4000 pies (1200 m).<\/li>\n<li class=\"ql-align-justify\">16 AWG (ISO 1.5 mm2 6225 pies (1900 m).<\/li>\n<li class=\"ql-align-justify\">14 AWG (ISO 2.5 mm2 7200 pies (2200 m).<\/li>\n<li class=\"ql-align-justify\">12 AWG (ISO 4 mm2 9850 pies (3000 m).<\/li>\n<\/ul>\n<p class=\"ql-align-justify\"><strong>Indicador remoto<\/strong><\/p>\n<ul>\n<li class=\"ql-align-justify\">Si se utiliza un indicador remoto en el circuito, debe ser no m\u00e1s de 10 pies (3 m) de la base.<\/li>\n<\/ul>\n<p class=\"ql-align-justify\"><strong>Partes incluidas<\/strong><\/p>\n<ul>\n<li class=\"ql-align-justify\">1 cabezal de calor anal\u00f3gico FAH-440.<\/li>\n<li class=\"ql-align-justify\">1 cubierta antipolvo.<\/li>\n<\/ul>\n<p class=\"ql-align-justify\"><strong>Nota: Detector de calor anal\u00f3gico FAH-440, fijo \/ ROR<\/strong><\/p>\n<p class=\"ql-align-justify\"><strong>Usar con bases familiares FAA \u2011 440 y FAP-1000 Analog Paneles de incendios direccionables para proporcionar propiedad general protecci\u00f3n.<\/strong><\/p>\n<p class=\"ql-align-justify\"><strong>N\u00famero de pedido: FAH-440<\/strong><\/p>\n<p class=\"ql-align-justify\"><strong>Principales caracter\u00edsticas<\/strong><\/p>\n<ul>\n<li class=\"ql-align-justify\">Umbral de temperatura fija seleccionable.<\/li>\n<li class=\"ql-align-justify\">La funci\u00f3n de velocidad de subida puede activarse o desactivarse.<\/li>\n<li class=\"ql-align-justify\">El mecanismo de bloqueo de la base seleccionable evita eliminaci\u00f3n maliciosa del detector.<\/li>\n<\/ul>\n<p class=\"ql-align-justify\"><strong>Especificaciones<\/strong><\/p>\n<p class=\"ql-align-justify\"><strong>El\u00e9ctricas<\/strong><\/p>\n<ul>\n<li class=\"ql-align-justify\">Voltaje de funcionamiento (bucle SLC) 24 V CC a 41 V CC.<\/li>\n<li class=\"ql-align-justify\">L\u00ednea m\u00e1xima permitida resistencia 50 \u03a9.<\/li>\n<\/ul>\n<p class=\"ql-align-justify\"><strong>Cabezal detector de consumo de corriente m\u00e1xima a 77 \u00b0 F (25 \u00b0 C) y Tensi\u00f3n de bus de 39 V:<\/strong><\/p>\n<ul>\n<li class=\"ql-align-justify\">Alarma<\/li>\n<li class=\"ql-align-justify\">Colocarse<\/li>\n<li class=\"ql-align-justify\">Cuando sondeado 0,17 mA (5 mA con LED encendido) 0,17 mA 22 mA \u00b1 20%<\/li>\n<\/ul>\n<p class=\"ql-align-justify\"><strong>Ambiental<\/strong><\/p>\n<p class=\"ql-align-justify\"><strong>Categor\u00eda de protecci\u00f3n IP 42<\/strong><\/p>\n<ul>\n<li class=\"ql-align-justify\">Humedad relativa &lt;95% (sin condensaci\u00f3n)<\/li>\n<li class=\"ql-align-justify\">Instalaci\u00f3n temperatura: + 32 \u00b0 F a + 100 \u00b0 F (0 \u00b0 C a + 38 \u00b0 C)<\/li>\n<li class=\"ql-align-justify\">Si la temperatura de sensibilidad est\u00e1 programada dentro de un rango de + 175 \u00b0 F a + 249 \u00b0 F (+ 79.4 \u00b0 C a + 120.6 \u00b0 C), la instalaci\u00f3n m\u00e1xima la temperatura es + 150 \u00b0 F (+ 66 \u00b0 C).<\/li>\n<li class=\"ql-align-justify\">Temperatura de almacenamiento -13 \u00b0 F a + 176 \u00b0 F (-25 \u00b0 C a + 80 \u00b0 C).<\/li>\n<\/ul>\n<p class=\"ql-align-justify\"><strong>Mec\u00e1nicas<\/strong><\/p>\n<p class=\"ql-align-justify\"><strong>Dimensiones<\/strong><\/p>\n<ul>\n<li class=\"ql-align-justify\">Dimensiones (\u00d8 x H) 4.4 pulg. X 2.0 pulg. (11.2 cm x 5.1 cm)<\/li>\n<li class=\"ql-align-justify\">Material de la carcasa: CYCOLOY \/ ABS.<\/li>\n<\/ul>\n<p class=\"ql-align-justify\"><strong>Sensor<\/strong><\/p>\n<ul>\n<li class=\"ql-align-justify\">Flujo de aire: 4000 pies \/ min (20 m \/ s) m\u00e1ximo<\/li>\n<li class=\"ql-align-justify\">Sensibilidad: + 135 \u00b0 F a + 194 \u00b0 F (+ 57 \u00b0 C a + 90 \u00b0 C), programable + RoR<\/li>\n<li class=\"ql-align-justify\">Todos los nombres de productos de hardware \/ software utilizados en este es probable que el documento sea una marca registrada y debe ser tratado en consecuencia.<\/li>\n<\/ul>\n<p><img decoding=\"async\" class=\"overview-center-img-web\" src=\"https:\/\/tvc.mx\/media\/174481\/BANNER-OFICIAL-A.png\" alt=\"\" \/><\/p>\n","protected":false},"excerpt":{"rendered":"<p>Detector de calor anal\u00f3gico FAH-440 El detector de calor anal\u00f3gico FAH \u2011 440 es un incendio de \u00e1rea abierta detector que funciona con las centrales de incendios FPA \u2011 1000.\u00a0Utilizar con la familia de bases FAA \u2011 440 en interiores secos ambientes con altas temperaturas&hellip;<\/p>\n","protected":false},"featured_media":5672,"comment_status":"open","ping_status":"closed","template":"","meta":{"om_disable_all_campaigns":false,"_monsterinsights_skip_tracking":false,"_monsterinsights_sitenote_active":false,"_monsterinsights_sitenote_note":"","_monsterinsights_sitenote_category":0},"product_brand":[],"product_cat":[494],"product_tag":[495,497,498,499,500,501,496,502],"class_list":{"0":"post-5673","1":"product","2":"type-product","3":"status-publish","4":"has-post-thumbnail","6":"product_cat-detectores","7":"product_tag-control-de-incendio","8":"product_tag-detectores","9":"product_tag-estacion-manual","10":"product_tag-estrobos-y-sirenas","11":"product_tag-modulos","12":"product_tag-paneles-de-control","13":"product_tag-sistemas-de-incendio","14":"product_tag-teclados","16":"first","17":"instock","18":"sale","19":"taxable","20":"shipping-taxable","21":"purchasable","22":"product-type-simple"},"aioseo_notices":[],"_links":{"self":[{"href":"https:\/\/tecsecmty.com\/index.php\/wp-json\/wp\/v2\/product\/5673","targetHints":{"allow":["GET"]}}],"collection":[{"href":"https:\/\/tecsecmty.com\/index.php\/wp-json\/wp\/v2\/product"}],"about":[{"href":"https:\/\/tecsecmty.com\/index.php\/wp-json\/wp\/v2\/types\/product"}],"replies":[{"embeddable":true,"href":"https:\/\/tecsecmty.com\/index.php\/wp-json\/wp\/v2\/comments?post=5673"}],"version-history":[{"count":0,"href":"https:\/\/tecsecmty.com\/index.php\/wp-json\/wp\/v2\/product\/5673\/revisions"}],"wp:featuredmedia":[{"embeddable":true,"href":"https:\/\/tecsecmty.com\/index.php\/wp-json\/wp\/v2\/media\/5672"}],"wp:attachment":[{"href":"https:\/\/tecsecmty.com\/index.php\/wp-json\/wp\/v2\/media?parent=5673"}],"wp:term":[{"taxonomy":"product_brand","embeddable":true,"href":"https:\/\/tecsecmty.com\/index.php\/wp-json\/wp\/v2\/product_brand?post=5673"},{"taxonomy":"product_cat","embeddable":true,"href":"https:\/\/tecsecmty.com\/index.php\/wp-json\/wp\/v2\/product_cat?post=5673"},{"taxonomy":"product_tag","embeddable":true,"href":"https:\/\/tecsecmty.com\/index.php\/wp-json\/wp\/v2\/product_tag?post=5673"}],"curies":[{"name":"wp","href":"https:\/\/api.w.org\/{rel}","templated":true}]}}