{"id":5677,"date":"2023-02-23T11:37:08","date_gmt":"2023-02-23T17:37:08","guid":{"rendered":"https:\/\/tecsecmty.com\/index.php\/producto\/bosch-f_fap325v2f-detector-de-humo-compatible-con-bases-faa-325-b4-o-faa-325-b6\/"},"modified":"2023-03-22T23:21:06","modified_gmt":"2023-03-23T05:21:06","slug":"bosch-f_fap325v2f-detector-de-humo-compatible-con-bases-faa-325-b4-o-faa-325-b6","status":"publish","type":"product","link":"https:\/\/tecsecmty.com\/index.php\/producto\/bosch-f_fap325v2f-detector-de-humo-compatible-con-bases-faa-325-b4-o-faa-325-b6\/","title":{"rendered":"BOSCH F_FAP325V2F- DETECTOR DE HUMO\/ COMPATIBLE CON BASES FAA-325-B4 o FAA-325-B6"},"content":{"rendered":"<h5 class=\"card-title text-center\">Detector de humo fotoel\u00e9ctrico anal\u00f3gico FAP-325-V2F plano<\/h5>\n<p class=\"ql-align-justify\"><strong>El detector de humo fotoel\u00e9ctrico anal\u00f3gico FAP\u2011325\u2011V2F es un dispositivo direccionable utilizado en el sondeo anal\u00f3gico circuito.<\/strong>\u00a0Detecta incendios de llamas r\u00e1pidas y humo denso t\u00edpicamente emitido por pl\u00e1stico, espuma, papel, madera y otros materiales que tienden a arder lentamente. El dise\u00f1o de la c\u00e1mara de detecci\u00f3n evita la luz externa. de entrar en la c\u00e1mara y utiliza un emisor de luz diodo (LED) y un fotodiodo que mide niveles de part\u00edculas en la c\u00e1mara de detecci\u00f3n. Estas las mediciones se transmiten en forma digital a la panel de control de alarma contra incendios (FACP). El FACP puede ajustar el umbral del sensor para compensar contaminaci\u00f3n.<\/p>\n<p class=\"ql-align-justify\"><strong>Funciones b\u00e1sicas<\/strong><\/p>\n<p class=\"ql-align-justify\"><strong>Rango de direcciones<\/strong><\/p>\n<p class=\"ql-align-justify\">El detector es compatible con 254 direcciones. Cuando utilizado con la base de sonda anal\u00f3gica FAA-325-B6S, el el rango de direcciones es de 1 a 127 porque la base es direccionado autom\u00e1ticamente de 128 a 254.<\/p>\n<p class=\"ql-align-justify\"><strong>Conexiones de panel de fuego<\/strong><\/p>\n<p class=\"ql-align-justify\">El detector est\u00e1 controlado por un microprocesador y se comunica con la central de incendios (tanto el poder como datos) a trav\u00e9s de un circuito de sondeo de dos hilos. Eliminar un Detector FAP\u2011325\u2011V2F desde la base para servicio inicia una se\u00f1al de problema pero no interrumpe el circuito de votaci\u00f3n.<\/p>\n<p class=\"ql-align-justify\"><strong>Prueba de contaminaci\u00f3n<\/strong><\/p>\n<p class=\"ql-align-justify\">Los paneles de incendios direccionables anal\u00f3gicos FPA-1000 son UL enumerado para controlar el nivel de contaminaci\u00f3n de estos detectores La central de incendios controla la contaminaci\u00f3n. nivel de los detectores como parte de su sondeo normal actividad. Basado en los valores de compensaci\u00f3n proporcionados por cada detector, la prueba el\u00e9ctrica determina si el detector est\u00e1 dentro de su rango de calibraci\u00f3n listado por UL los panel de fuego compensa autom\u00e1ticamente contaminaci\u00f3n del detector e indica cu\u00e1ndo el detector requiere limpieza. Cada detector tiene dos LED que parpadean cada vez que el el dispositivo se sondea y se enciende constantemente cuando el detector entra en estado de alarma.<\/p>\n<p class=\"ql-align-justify\"><strong>Certificaciones y aprobaciones<\/strong><\/p>\n<p class=\"ql-align-justify\"><strong>Certificaci\u00f3n de regi\u00f3n<\/strong><\/p>\n<p class=\"ql-align-justify\"><strong>EE.UU.<\/strong><\/p>\n<ul>\n<li class=\"ql-align-justify\">UL UROX: detectores de incendios autom\u00e1ticos de humo (ANSI \/ UL 268).<\/li>\n<li class=\"ql-align-justify\">CSFM vea nuestro sitio web.<\/li>\n<\/ul>\n<p class=\"ql-align-justify\"><strong>Notas de instalaci\u00f3n \/ configuraci\u00f3n<\/strong><\/p>\n<p class=\"ql-align-justify\"><strong>Productos compatibles<\/strong><\/p>\n<p class=\"ql-align-justify\">Los siguientes productos son compatibles con Detector FAP\u2011325\u2011V2F:<\/p>\n<p class=\"ql-align-justify\"><strong>Paneles de fuego<\/strong><\/p>\n<ul>\n<li class=\"ql-align-justify\">FPA \u2011 1000 Serie: Paneles de incendio direccionables anal\u00f3gicos.<\/li>\n<li class=\"ql-align-justify\">Panel de control de alarma de incendio anal\u00f3gico D8024.<\/li>\n<li class=\"ql-align-justify\">Panel de control de alarma de incendio anal\u00f3gico D10024A.<\/li>\n<\/ul>\n<p class=\"ql-align-justify\"><strong>Programaci\u00f3n<\/strong><\/p>\n<ul>\n<li class=\"ql-align-justify\">Programador de dispositivos anal\u00f3gicos D5070.<\/li>\n<\/ul>\n<p class=\"ql-align-justify\"><strong>Construcci\u00f3n modular<\/strong><\/p>\n<p class=\"ql-align-justify\">Los detectores FAP\u2011325\u2011V2F son parte de un sistema de dos piezas dise\u00f1o modular para conjuntos de detectores. El detector FAP\u2011325\u2011V2F se conecta a un FAA\u2011325\u2011B4 Base de detector anal\u00f3gico de 4 pulgadas, un FAA\u2011325\u2011B6 de 6 pulgadas Base de detector anal\u00f3gico o un FAA-325-B6S de 6 pulgadas Base de sonda anal\u00f3gica. La pesta\u00f1a de bloqueo de seguridad de la base evita cualquier extracci\u00f3n no autorizada del detector del base.<\/p>\n<p class=\"ql-align-justify\"><strong>Montaje<\/strong><\/p>\n<p class=\"ql-align-justify\">Los detectores de humo generalmente se montan en el techo sin embargo, si los detectores de humo est\u00e1n montados en una pared, deben tener al menos 4 pulgadas (10,2 cm), pero no m\u00e1s de 12 pulg. (30.5 cm), debajo del techo. Para los requisitos de listado UL, el espacio entre los detectores no deben tener m\u00e1s de 30 pies.<\/p>\n<p class=\"ql-align-justify\"><strong>Programaci\u00f3n<\/strong><\/p>\n<p class=\"ql-align-justify\">El programador de dispositivos anal\u00f3gicos D5070 es necesario para configuraci\u00f3n de direcci\u00f3n. La direcci\u00f3n de cada serie FAP\u2011325 el detector se configura programando un microchip EEPROM ubicado en el detector.<\/p>\n<p class=\"ql-align-justify\"><strong>Partes incluidas<\/strong><\/p>\n<p class=\"ql-align-justify\"><strong>Cuant. Componente<\/strong><\/p>\n<ul>\n<li class=\"ql-align-justify\">1 Detector de humo fotoel\u00e9ctrico anal\u00f3gico FAP\u2011325\u2011V2F.<\/li>\n<li class=\"ql-align-justify\">1 cubierta antipolvo.<\/li>\n<li class=\"ql-align-justify\">1 paquete de literatura.<\/li>\n<\/ul>\n<p class=\"ql-align-justify\"><strong>Nota: Detector de humo fotoel\u00e9ctrico anal\u00f3gico FAP-325-V2F plano<\/strong><\/p>\n<p class=\"ql-align-justify\"><strong>Se utiliza para detectar incendios de llamas r\u00e1pidas y humo denso. t\u00edpicamente emitido por pl\u00e1stico, espuma, papel, madera y otros materiales que tienden a arder.<\/strong><\/p>\n<p class=\"ql-align-justify\"><strong>N\u00famero de pedido: FAP-325-V2F<\/strong><\/p>\n<p class=\"ql-align-justify\"><strong>Principales caracter\u00edsticas<\/strong><\/p>\n<ul>\n<li class=\"ql-align-justify\">Maneja la velocidad del aire de 0 pies \/ min a 4000 pies \/ min (0 m \/ sa 20,32 m \/ s).<\/li>\n<li class=\"ql-align-justify\">Nivel umbral de humo ajustable (determinado por FACP).<\/li>\n<li class=\"ql-align-justify\">Proporciona valores de compensaci\u00f3n autom\u00e1tica en caso de detector de contaminaci\u00f3n.<\/li>\n<li class=\"ql-align-justify\">Se monta en FAA\u2011325\u2011B4 o FAA\u2011325-B6 anal\u00f3gico Base del detector y la sonda anal\u00f3gica FAA\u2011325\u2011B6S Base.<\/li>\n<li class=\"ql-align-justify\">F\u00e1cil extracci\u00f3n del detector para limpieza y servicio.<\/li>\n<\/ul>\n<p class=\"ql-align-justify\"><strong>Especificaciones<\/strong><\/p>\n<p class=\"ql-align-justify\"><strong>El\u00e9ctricas<\/strong><\/p>\n<ul>\n<li class=\"ql-align-justify\">Rango de voltaje de funcionamiento: 22.9 VDC a 39.5 VDC.<\/li>\n<li class=\"ql-align-justify\">Consumo de corriente: t\u00edpico: 0,39 mA.<\/li>\n<li class=\"ql-align-justify\">M\u00e1ximo: 0.80 mA.<\/li>\n<\/ul>\n<p class=\"ql-align-justify\"><strong>Mec\u00e1nica<\/strong><\/p>\n<ul>\n<li class=\"ql-align-justify\">Dimensiones (di\u00e1metro x D): 3.94 pulg. X 1.5 pulg. (10 cm x 3.8 cm)<\/li>\n<li class=\"ql-align-justify\">Peso: 3.4 oz (96.4 g).<\/li>\n<li class=\"ql-align-justify\">Mezcla de material: ABS.<\/li>\n<li class=\"ql-align-justify\">Color: marfil.<\/li>\n<\/ul>\n<p class=\"ql-align-justify\"><strong>Ambientales<\/strong><\/p>\n<ul>\n<li class=\"ql-align-justify\">Temperatura de funcionamiento: De + 14 \u00b0 F a + 122 \u00b0 F (-10 \u00b0 C a + 50 \u00b0 C) Instalaci\u00f3n listada por UL.<\/li>\n<li class=\"ql-align-justify\">Temperatura: De + 32 \u00b0 F a + 100 \u00b0 F (0 \u00b0 C a + 37.8 \u00b0 C).<\/li>\n<li class=\"ql-align-justify\">Humedad relativa: De 95%, sin condensaci\u00f3n a + 104 \u00b0 F (+ 40 \u00b0 C).<\/li>\n<\/ul>\n<p class=\"ql-align-justify\"><strong>Rango de sensibilidad<\/strong><\/p>\n<p class=\"ql-align-justify\"><strong>Con velocidad del aire (\u00e1rea abierta) de:<\/strong><\/p>\n<ul>\n<li class=\"ql-align-justify\">300 pies \/ min (1.5 m \/ s): 0.5% \/ pies a 3.80% \/ pies (1.6% \/ ma 12.5% \u200b\u200b\/ m).<\/li>\n<li class=\"ql-align-justify\">2000 pies \/ min (10.2 m \/ s): 0.5% \/ pies a 2.74% \/ pies (1.6% \/ ma 9.0% \/ m).<\/li>\n<li class=\"ql-align-justify\">4000 pies \/ min (20.32 m \/ s): 0.5% \/ pies a 2.68% \/ pies (1.6% \/ m hasta 8.8% \/ m).<\/li>\n<\/ul>\n<p><img decoding=\"async\" class=\"overview-center-img-web\" src=\"https:\/\/tvc.mx\/media\/35768\/Logoopaginas-oficial-1920x400.png\" alt=\"\" \/><\/p>\n","protected":false},"excerpt":{"rendered":"<p>Detector de humo fotoel\u00e9ctrico anal\u00f3gico FAP-325-V2F plano El detector de humo fotoel\u00e9ctrico anal\u00f3gico FAP\u2011325\u2011V2F es un dispositivo direccionable utilizado en el sondeo anal\u00f3gico circuito.\u00a0Detecta incendios de llamas r\u00e1pidas y humo denso t\u00edpicamente emitido por pl\u00e1stico, espuma, papel, madera y otros materiales que tienden a arder&hellip;<\/p>\n","protected":false},"featured_media":5676,"comment_status":"open","ping_status":"closed","template":"","meta":{"om_disable_all_campaigns":false,"_monsterinsights_skip_tracking":false,"_monsterinsights_sitenote_active":false,"_monsterinsights_sitenote_note":"","_monsterinsights_sitenote_category":0},"product_brand":[],"product_cat":[494],"product_tag":[495,497,498,499,500,501,496,502],"class_list":{"0":"post-5677","1":"product","2":"type-product","3":"status-publish","4":"has-post-thumbnail","6":"product_cat-detectores","7":"product_tag-control-de-incendio","8":"product_tag-detectores","9":"product_tag-estacion-manual","10":"product_tag-estrobos-y-sirenas","11":"product_tag-modulos","12":"product_tag-paneles-de-control","13":"product_tag-sistemas-de-incendio","14":"product_tag-teclados","16":"first","17":"instock","18":"sale","19":"taxable","20":"shipping-taxable","21":"purchasable","22":"product-type-simple"},"aioseo_notices":[],"_links":{"self":[{"href":"https:\/\/tecsecmty.com\/index.php\/wp-json\/wp\/v2\/product\/5677","targetHints":{"allow":["GET"]}}],"collection":[{"href":"https:\/\/tecsecmty.com\/index.php\/wp-json\/wp\/v2\/product"}],"about":[{"href":"https:\/\/tecsecmty.com\/index.php\/wp-json\/wp\/v2\/types\/product"}],"replies":[{"embeddable":true,"href":"https:\/\/tecsecmty.com\/index.php\/wp-json\/wp\/v2\/comments?post=5677"}],"version-history":[{"count":0,"href":"https:\/\/tecsecmty.com\/index.php\/wp-json\/wp\/v2\/product\/5677\/revisions"}],"wp:featuredmedia":[{"embeddable":true,"href":"https:\/\/tecsecmty.com\/index.php\/wp-json\/wp\/v2\/media\/5676"}],"wp:attachment":[{"href":"https:\/\/tecsecmty.com\/index.php\/wp-json\/wp\/v2\/media?parent=5677"}],"wp:term":[{"taxonomy":"product_brand","embeddable":true,"href":"https:\/\/tecsecmty.com\/index.php\/wp-json\/wp\/v2\/product_brand?post=5677"},{"taxonomy":"product_cat","embeddable":true,"href":"https:\/\/tecsecmty.com\/index.php\/wp-json\/wp\/v2\/product_cat?post=5677"},{"taxonomy":"product_tag","embeddable":true,"href":"https:\/\/tecsecmty.com\/index.php\/wp-json\/wp\/v2\/product_tag?post=5677"}],"curies":[{"name":"wp","href":"https:\/\/api.w.org\/{rel}","templated":true}]}}