{"id":5693,"date":"2023-02-23T11:37:36","date_gmt":"2023-02-23T17:37:36","guid":{"rendered":"https:\/\/tecsecmty.com\/index.php\/producto\/bosch-f_fap440-detector-de-humo-fotoelectrico-compatible-con-panel-fpa1000\/"},"modified":"2023-03-22T23:21:06","modified_gmt":"2023-03-23T05:21:06","slug":"bosch-f_fap440-detector-de-humo-fotoelectrico-compatible-con-panel-fpa1000","status":"publish","type":"product","link":"https:\/\/tecsecmty.com\/index.php\/producto\/bosch-f_fap440-detector-de-humo-fotoelectrico-compatible-con-panel-fpa1000\/","title":{"rendered":"BOSCH F_FAP440 &#8211; Detector de humo fotoelectrico \/ Compatible con panel FPA1000"},"content":{"rendered":"<h5 class=\"card-title text-center\">Detector fotoel\u00e9ctrico anal\u00f3gico FAP-440<\/h5>\n<p class=\"ql-align-justify\"><strong>Los detectores de doble rayo FAP\u2011440 son detectores de humo para exteriores.<\/strong>\u00a0Algunos de sus modelos se han mejorado con un sensor de temperatura o un sensor de temperatura y de CO. E<strong>stos detectores funcionan junto con las centrales de incendios direccionables anal\u00f3gicas de la serie FAP-1000.<\/strong>\u00a0Utilice el detector con las bases de la serie FAH-440 y obtendr\u00e1 un nivel global de seguridad y protecci\u00f3n de edificios.<\/p>\n<p class=\"ql-align-justify\"><strong>Funciones b\u00e1sicas<\/strong><\/p>\n<p class=\"ql-align-justify\"><strong>Rango de direcciones<\/strong><\/p>\n<p class=\"ql-align-justify\">Los detectores de doble rayo de la serie FAP\u2011440 cuentan con un rango de direcciones v\u00e1lido de 1 a 254, configurable a trav\u00e9s de los interruptores giratorios de la parte posterior del detector.<\/p>\n<p class=\"ql-align-justify\"><strong>Tecnolog\u00eda de Doble Rayo<\/strong><\/p>\n<p class=\"ql-align-justify\">El detector contiene dos emisores que operan a distintas longitudes de onda. Las distintas longitudes de onda permiten una mejor identificaci\u00f3n del tama\u00f1o de las part\u00edculas para diferenciar las part\u00edculas de humo de otros tipos de part\u00edculas que podr\u00edan estar presentes. Esto da como resultado una menor cantidad de falsas alarmas debido a polvo, vapor de agua o humo de cigarrillos.<\/p>\n<p class=\"ql-align-justify\"><strong>Indicador LED<\/strong><\/p>\n<p class=\"ql-align-justify\">El cabezal del detector incluye un LED multicolor encargado de indicar el estado. Para verificar la alimentaci\u00f3n que le llega al detector y el funcionamiento de la comunicaci\u00f3n del lazo direccionable anal\u00f3gico, el indicador LED parpadear\u00e1 de color verde si su funcionamiento es correcto (sondeo). A trav\u00e9s de los ajustes de par\u00e1metros del panel, es posible activar o desactivar el funcionamiento del indicador de sondeos. En caso de alarma, el detector LED estar\u00e1 siempre de color rojo y no parpadear\u00e1.<\/p>\n<p class=\"ql-align-justify\"><strong>Construcci\u00f3n modular<\/strong><\/p>\n<p class=\"ql-align-justify\">Los detectores de doble rayo FAP\u2011440 forman parte de un dise\u00f1o modular de dos piezas para montajes de detectores. Un detector de doble rayo de la serie FAP\u2011440 se adhiere a una base anal\u00f3gica de la serie FAA\u2011440. La pesta\u00f1a de bloqueo de seguridad de la base evita la extracci\u00f3n no autorizada del detector de la base.<\/p>\n<p class=\"ql-align-justify\"><strong>Programaci\u00f3n<\/strong><\/p>\n<p class=\"ql-align-justify\">La programaci\u00f3n local se lleva a cabo en el teclado del panel o trav\u00e9s de un navegador web en un ordenador. La programaci\u00f3n remota se lleva a cabo a trav\u00e9s de un navegador web.<\/p>\n<p class=\"ql-align-justify\"><strong>Compensaci\u00f3n y calibraci\u00f3n de la sensibilidad<\/strong><\/p>\n<p class=\"ql-align-justify\">La sensibilidad del sensor de humo se puede programar a trav\u00e9s de 12 niveles. A lo largo de su ciclo de vida \u00fatil normal, los detectores de humo realizan de forma peri\u00f3dica supervisiones con respecto al nivel calibrado de f\u00e1brica y compensaciones autom\u00e1ticas, de modo que el nivel de sensibilidad se encuentre en todo momento en el nivel programado. Cuando el detector est\u00e1 excesivamente contaminado, dicho problema se anunciar\u00e1 en el panel de control.<\/p>\n<p class=\"ql-align-justify\"><strong>Certificados y homologaciones<\/strong><\/p>\n<ul>\n<li class=\"ql-align-justify\">UL UROX Smoke-automatic Fire Detectors (ANSI\/UL 268).<\/li>\n<li class=\"ql-align-justify\">CSFM see our website.<\/li>\n<\/ul>\n<p class=\"ql-align-justify\"><strong>Planificaci\u00f3n<\/strong><\/p>\n<p class=\"ql-align-justify\"><strong>Productos compatibles<\/strong><\/p>\n<p class=\"ql-align-justify\">Los siguientes productos son compatibles con los detectores de doble rayo de la serie FAP\u2011440:<\/p>\n<p class=\"ql-align-justify\"><strong>Centrales de incendio<\/strong><\/p>\n<ul>\n<li class=\"ql-align-justify\">FPA\u20111000 Centrales de incendio direccionables anal\u00f3gicas.<\/li>\n<\/ul>\n<p class=\"ql-align-justify\"><strong>Accesorios para centrales de incendios<\/strong><\/p>\n<ul>\n<li class=\"ql-align-justify\">FPE\u20111000\u2011SLC M\u00f3dulo enchufable de circuito de l\u00ednea de se\u00f1alizaci\u00f3n.<\/li>\n<\/ul>\n<p class=\"ql-align-justify\"><strong>Bases de detector<\/strong><\/p>\n<ul>\n<li class=\"ql-align-justify\">FAA\u2011440\u2011B4: Base est\u00e1ndar anal\u00f3gica de 4 pulg.<\/li>\n<li class=\"ql-align-justify\">FAA\u2011440\u2011B6: Base est\u00e1ndar anal\u00f3gica de 6 pulg.<\/li>\n<li class=\"ql-align-justify\">FAA-440-B4- -ISO: Base aisladora anal\u00f3gica de 4 pulg.<\/li>\n<li class=\"ql-align-justify\">FAA-440-B6- -ISO: Base aislad.<\/li>\n<\/ul>\n<p class=\"ql-align-justify\"><strong>Consideraciones sobre el montaje<\/strong><\/p>\n<p class=\"ql-align-justify\">Los detectores se suelen montar en el techo. Sin embargo, si se montan en una pared, deben situarse a una distancia m\u00ednima de 10,2 cm. (4 pulg.) y m\u00e1xima de 30,5 cm. (12 pulg.) bajo el techo. Si hay en la zona alg\u00fan otro dispositivo que contenga imanes o emita campos magn\u00e9ticos (por ejemplo, altavoces), la base debe estar situada a una distancia m\u00ednima de 30 cm. (1 pie) de dichos dispositivos. De ese modo, se evitar\u00e1 la activaci\u00f3n no deseada del interruptor de prueba. Para cumplir con la Norma UL, debe mantenerse un espacio inferior a 9,14 m. (30 pies) entre los detectores de humo.<\/p>\n<p class=\"ql-align-justify\"><strong>Consideraciones sobre el cableado<\/strong><\/p>\n<p class=\"ql-align-justify\">El panel de control se comunica con los detectores a trav\u00e9s del lazo direccionable anal\u00f3gico, que permite utilizar un cableado est\u00e1ndar no trenzado ni apantallado para los dispositivos SLC.<\/p>\n<p class=\"ql-align-justify\">Se han probado y aprobado las siguientes secciones de cable:<\/p>\n<p class=\"ql-align-justify\"><strong>Secci\u00f3n del cable:<\/strong><\/p>\n<p class=\"ql-align-justify\">Longitud m\u00e1xima:<\/p>\n<ul>\n<li class=\"ql-align-justify\">0,8 mm.2 (18 AWG) 1200 m. (4000 pies).<\/li>\n<li class=\"ql-align-justify\">1,3 mm.2 (16 AWG) 1900 m. (6225 pies).<\/li>\n<li class=\"ql-align-justify\">2,1 mm.2 (14 AWG) 2200 m. (7200 pies).<\/li>\n<li class=\"ql-align-justify\">3,3 mm.2 (12 AWG) 3000 m. (9850 pies).<\/li>\n<\/ul>\n<p class=\"ql-align-justify\"><strong>Indicador remoto<\/strong><\/p>\n<p class=\"ql-align-justify\">Si se va a usar un indicador remoto en el circuito, debe estar a una distancia inferior a 3 m. (10 pies) de la base.<\/p>\n<p class=\"ql-align-justify\"><strong>Piezas incluidas<\/strong><\/p>\n<ul>\n<li class=\"ql-align-justify\">1 Detector de rayo doble FAP-440\u2011D\/-DT\/-DTC.<\/li>\n<li class=\"ql-align-justify\">1 Protecci\u00f3n contra polvo.<\/li>\n<\/ul>\n<p class=\"ql-align-justify\"><strong>Nota: Detector fotoel\u00e9ctrico anal\u00f3gico FAP-440<\/strong><\/p>\n<p class=\"ql-align-justify\"><strong>N\u00famero de pedido: FAP-440.<\/strong><\/p>\n<p class=\"ql-align-justify\"><strong>Principales caracter\u00edsticas<\/strong><\/p>\n<ul>\n<li class=\"ql-align-justify\">La Tecnolog\u00eda de doble rayo brinda una mejor diferenciaci\u00f3n del tama\u00f1o de las part\u00edculas lo que da como resultado menos falsas alarmas.<\/li>\n<li class=\"ql-align-justify\">El umbral de humo es ajustable y se compensa de forma autom\u00e1tica.<\/li>\n<li class=\"ql-align-justify\">Asignaci\u00f3n de direcciones del interruptor giratorio u Modos de trabajo flexibles, determinados a trav\u00e9s del panel de control.<\/li>\n<li class=\"ql-align-justify\">El mecanismo seleccionable para el bloqueo de la base evita la extracci\u00f3n malintencionada del detector.<\/li>\n<\/ul>\n<p class=\"ql-align-justify\"><strong>Especificaciones<\/strong><\/p>\n<p class=\"ql-align-justify\"><strong>El\u00e9ctricas<\/strong><\/p>\n<p class=\"ql-align-justify\">Consumo m\u00e1ximo de corriente a 25 \u00b0C (77 \u00b0F) y con tensi\u00f3n de bus de 39 V.<\/p>\n<ul>\n<li class=\"ql-align-justify\">En reposo 0,17 mA.<\/li>\n<li class=\"ql-align-justify\">Alarma 5 mA.<\/li>\n<li class=\"ql-align-justify\">Al sondear 22 mA \u00b1 20%.<\/li>\n<li class=\"ql-align-justify\">Tensi\u00f3n en operaci\u00f3n (lazo SLC) 24 V CC a 41 V CC..<\/li>\n<li class=\"ql-align-justify\">Resistencia de l\u00ednea m\u00e1xima permitida: 50 \u03a9.<\/li>\n<\/ul>\n<p class=\"ql-align-justify\"><strong>Ambientales<\/strong><\/p>\n<ul>\n<li class=\"ql-align-justify\">Categor\u00eda de protecci\u00f3n: IP 42.<\/li>\n<li class=\"ql-align-justify\">Humedad relativa: &lt; 95% (sin condensaci\u00f3n).<\/li>\n<li class=\"ql-align-justify\">Temperatura de Instalaci\u00f3n: De 0 \u00b0C a + 38 \u00b0C (de +32 \u00b0F a +100 \u00b0F).<\/li>\n<\/ul>\n<p class=\"ql-align-justify\"><strong>Mec\u00e1nicas<\/strong><\/p>\n<p class=\"ql-align-justify\"><strong>Dimensiones<\/strong><\/p>\n<ul>\n<li class=\"ql-align-justify\">Detector: 11,2 cm. x 5,1 cm. (4,4 pulg. x 2 pulg.).<\/li>\n<li class=\"ql-align-justify\">Detector en una base de 4 pulg: 12,7 cm. x 6,4 cm. (5 pulg. x 2,5 pulg.).<\/li>\n<li class=\"ql-align-justify\">Detector en una base de 6 pulg.: 17,8 cm. x 6,4 cm. (7 pulg. x 2,5 pulg.)<\/li>\n<li class=\"ql-align-justify\">Material de la carcasa: CYCOLOY\/ABS.<\/li>\n<\/ul>\n<p class=\"ql-align-justify\"><strong>Sensibilidad<\/strong><\/p>\n<ul>\n<li class=\"ql-align-justify\">Sensor de humo: 4,1%\/m a 11,48%\/m (1,25%\/pies a 3,5%\/pies).<\/li>\n<li class=\"ql-align-justify\">Sensor de calor: +57 \u00b0C (+135 \u00b0F) + RoR.<\/li>\n<\/ul>\n<p><img decoding=\"async\" class=\"overview-center-img-web\" src=\"https:\/\/tvc.mx\/media\/174394\/BANNER-OFICIAL-A.png\" alt=\"\" \/><\/p>\n","protected":false},"excerpt":{"rendered":"<p>Detector fotoel\u00e9ctrico anal\u00f3gico FAP-440 Los detectores de doble rayo FAP\u2011440 son detectores de humo para exteriores.\u00a0Algunos de sus modelos se han mejorado con un sensor de temperatura o un sensor de temperatura y de CO. Estos detectores funcionan junto con las centrales de incendios direccionables&hellip;<\/p>\n","protected":false},"featured_media":5692,"comment_status":"open","ping_status":"closed","template":"","meta":{"om_disable_all_campaigns":false,"_monsterinsights_skip_tracking":false,"_monsterinsights_sitenote_active":false,"_monsterinsights_sitenote_note":"","_monsterinsights_sitenote_category":0},"product_brand":[],"product_cat":[494],"product_tag":[495,497,498,499,500,501,496,502],"class_list":{"0":"post-5693","1":"product","2":"type-product","3":"status-publish","4":"has-post-thumbnail","6":"product_cat-detectores","7":"product_tag-control-de-incendio","8":"product_tag-detectores","9":"product_tag-estacion-manual","10":"product_tag-estrobos-y-sirenas","11":"product_tag-modulos","12":"product_tag-paneles-de-control","13":"product_tag-sistemas-de-incendio","14":"product_tag-teclados","16":"first","17":"instock","18":"sale","19":"taxable","20":"shipping-taxable","21":"purchasable","22":"product-type-simple"},"aioseo_notices":[],"_links":{"self":[{"href":"https:\/\/tecsecmty.com\/index.php\/wp-json\/wp\/v2\/product\/5693","targetHints":{"allow":["GET"]}}],"collection":[{"href":"https:\/\/tecsecmty.com\/index.php\/wp-json\/wp\/v2\/product"}],"about":[{"href":"https:\/\/tecsecmty.com\/index.php\/wp-json\/wp\/v2\/types\/product"}],"replies":[{"embeddable":true,"href":"https:\/\/tecsecmty.com\/index.php\/wp-json\/wp\/v2\/comments?post=5693"}],"version-history":[{"count":0,"href":"https:\/\/tecsecmty.com\/index.php\/wp-json\/wp\/v2\/product\/5693\/revisions"}],"wp:featuredmedia":[{"embeddable":true,"href":"https:\/\/tecsecmty.com\/index.php\/wp-json\/wp\/v2\/media\/5692"}],"wp:attachment":[{"href":"https:\/\/tecsecmty.com\/index.php\/wp-json\/wp\/v2\/media?parent=5693"}],"wp:term":[{"taxonomy":"product_brand","embeddable":true,"href":"https:\/\/tecsecmty.com\/index.php\/wp-json\/wp\/v2\/product_brand?post=5693"},{"taxonomy":"product_cat","embeddable":true,"href":"https:\/\/tecsecmty.com\/index.php\/wp-json\/wp\/v2\/product_cat?post=5693"},{"taxonomy":"product_tag","embeddable":true,"href":"https:\/\/tecsecmty.com\/index.php\/wp-json\/wp\/v2\/product_tag?post=5693"}],"curies":[{"name":"wp","href":"https:\/\/api.w.org\/{rel}","templated":true}]}}