{"id":5699,"date":"2023-02-23T11:37:49","date_gmt":"2023-02-23T17:37:49","guid":{"rendered":"https:\/\/tecsecmty.com\/index.php\/producto\/bosch-f_fapo520-detector-de-humo-plano-tecnologia-lsni-color-blanco\/"},"modified":"2023-03-22T23:21:07","modified_gmt":"2023-03-23T05:21:07","slug":"bosch-f_fapo520-detector-de-humo-plano-tecnologia-lsni-color-blanco","status":"publish","type":"product","link":"https:\/\/tecsecmty.com\/index.php\/producto\/bosch-f_fapo520-detector-de-humo-plano-tecnologia-lsni-color-blanco\/","title":{"rendered":"BOSCH F_FAPO520- DETECTOR DE HUMO PLANO\/ TECNOLOGIA LSNI\/ COLOR BLANCO"},"content":{"rendered":"<h5 class=\"card-title text-center\">Detector de humos \u00f3ptico FAP-O 520<\/h5>\n<p class=\"ql-align-justify\"><strong>Los Detectores Autom\u00e1ticos de Incendio FAP\u2011520 combinan las ventajas de la tecnolog\u00eda LSN improved con los beneficios est\u00e9ticos del montaje empotrado y la posibilidad de elegir el color.\u00a0<\/strong>Los detectores est\u00e1n especialmente dise\u00f1ados para conectarse a la versi\u00f3n LSN improved de la red de seguridad local, con los par\u00e1metros del sistema ampliados de forma considerable. El FAP\u2011520 est\u00e1 disponible como detector de humos de dispersi\u00f3n de luz o como detector multisensor con un sensor de gas adicional. Las versiones respectivas de los detectores est\u00e1n disponibles en blanco o en transparente con anillos de colores.<\/p>\n<p class=\"ql-align-justify\"><strong>Funciones b\u00e1sicas<\/strong><\/p>\n<p class=\"ql-align-justify\">Su superficie uniforme y el montaje empotrado de los detectores permite su instalaci\u00f3n en zonas con exigentes requisitos est\u00e9ticos. Adem\u00e1s, estos detectores son aptos para zonas expuestas a acumulaci\u00f3n de polvo en alturas. Los detectores y biseles de la versi\u00f3n \u00abtransparente\u00bb se suministran con anillos de colores impresos reversibles, ofreciendo una gama de 16 colores para diferentes combinaciones de color.<\/p>\n<p class=\"ql-align-justify\"><strong>Tecnolog\u00eda de sensores y procesamiento de se\u00f1ales<\/strong><\/p>\n<p class=\"ql-align-justify\">Todos los detectores de la serie FAP\u2011520 est\u00e1n equipados con dos sensores \u00f3pticos y un sensor de poluci\u00f3n. El detector multisensor FAP\u2011OC\u2011520 dispone de un sensor de gas como canal de detecci\u00f3n adicional.<\/p>\n<p class=\"ql-align-justify\">Los sensores individuales se pueden programar con el software RPS o WinPara a trav\u00e9s de la red LSN. Todas las se\u00f1ales del sensor son analizadas constantemente por las se\u00f1ales electr\u00f3nicas de evaluaci\u00f3n internas y est\u00e1n enlazadas entre s\u00ed a trav\u00e9s de algoritmos.<\/p>\n<p class=\"ql-align-justify\">La combinaci\u00f3n de los sensores \u00f3pticos y el sensor de gas hacen que el detector OC pueda utilizarse en lugares donde el trabajo realizado provoque peque\u00f1as cantidades de humo, vapor o polvo.<\/p>\n<p class=\"ql-align-justify\">La alarma solo se activa autom\u00e1ticamente si la combinaci\u00f3n de se\u00f1ales corresponde con el diagrama caracter\u00edstico de la instalaci\u00f3n seleccionado para la ubicaci\u00f3n durante la configuraci\u00f3n del equipo. Por tanto, se consigue una gran fiabilidad contra falsas alarmas. Cuando se alcanza el 50% del umbral de alarma, se se\u00f1aliza una prealarma (que aparece en la base de datos de eventos de la central de incendios (CDI)). Sensor \u00f3ptico (sensor de humo) El sensor \u00f3ptico (1) funciona bajo el m\u00e9todo de dispersi\u00f3n de luz. Los LEDs (3) transmiten luz en un \u00e1ngulo definido hacia una zona de luz dispersa (7). 2 3 7 En caso de incendio, las part\u00edculas de humo dispersan la luz, que golpea los fotodiodos (2) y estos, a su vez, transforman la cantidad de luz en una se\u00f1al el\u00e9ctrica proporcional. 1 1 2 3 3 2 4 5 6 Las interferencias procedentes de la luz del sol o de l\u00e1mparas el\u00e9ctricas se filtran con un filtro diurno \u00f3ptico y mediante el uso del filtro electr\u00f3nico y la rectificaci\u00f3n de cierre de fase (estabilidad de la luz ambiente: prueba de deslumbramiento DIN EN 54\u20117). Los diversos diodos electroluminiscentes y fotodiodos del sensor son controlados individualmente por la electr\u00f3nica del detector. Por tanto, las combinaciones de se\u00f1ales se producen independientemente unas de otras, por lo que resultan id\u00f3neas para la detecci\u00f3n de humo y permiten diferenciarlo de los agentes perturbadores (insectos, objetos). Adem\u00e1s, se eval\u00faan las circunstancias temporales y la correlaci\u00f3n de las se\u00f1ales del sensor \u00f3ptico para la detecci\u00f3n del incendio o de las interferencias. Por \u00faltimo, la supervisi\u00f3n continua de las diversas se\u00f1ales posibilita la detecci\u00f3n de errores en la electr\u00f3nica de an\u00e1lisis y los LEDs.<\/p>\n<p class=\"ql-align-justify\"><strong>Sensor qu\u00edmico (sensor de gas CO)<\/strong><\/p>\n<p class=\"ql-align-justify\">El sensor de gas (4) detecta principalmente el mon\u00f3xido de carbono (CO) producido por el fuego, pero tambi\u00e9n detecta el hidr\u00f3geno (H) y el mon\u00f3xido de nitr\u00f3geno (NO). El principio de medici\u00f3n b\u00e1sico es la oxidaci\u00f3n del CO en un electrodo y la medici\u00f3n de la corriente el\u00e9ctrica generada. El valor de la se\u00f1al del sensor es proporcional a la concentraci\u00f3n de gas.<\/p>\n<p class=\"ql-align-justify\">El sensor de gas emite informaci\u00f3n adicional para evitar valores enga\u00f1osos de forma eficiente. El sensor de CO se controla midiendo la capacidad interna. Si la capacidad queda fuera del rango permitido, en la central de incendios (CDI) aparecer\u00e1 un mensaje de error. En ese caso, el detector continuar\u00e1 funcionando simplemente como detector de humos mediante dispersi\u00f3n de luz. En funci\u00f3n de la vida \u00fatil del sensor de gas, el detector de incendios FAP\u2011OC 520 desactiva los sensores C tras cinco a\u00f1os de funcionamiento. El detector continuar\u00e1 funcionando como un detector O. El detector debe sustituirse inmediatamente para poder garantizar la mayor fiabilidad de detecci\u00f3n del detector OC.<\/p>\n<p class=\"ql-align-justify\"><strong>Sensor de poluci\u00f3n<\/strong><\/p>\n<p class=\"ql-align-justify\">El nivel de contaminaci\u00f3n sobre la superficie del detector se mide continuamente mediante el sensor de poluci\u00f3n (6); se eval\u00faa el resultado y se indica en tres pasos en la central de incendios (CDI). La contaminaci\u00f3n de la superficie del detector conlleva un ajuste activo del umbral (compensaci\u00f3n de la tendencia) y que se produzca una indicaci\u00f3n de aver\u00eda en el caso de contaminaci\u00f3n acusada.<\/p>\n<p class=\"ql-align-justify\"><strong>Caracter\u00edsticas de LSN improved<\/strong><\/p>\n<p class=\"ql-align-justify\"><strong>El detector ofrece todas las caracter\u00edsticas de la tecnolog\u00eda LSN improved:<\/strong><\/p>\n<ul>\n<li class=\"ql-align-justify\">Estructuras de red flexibles, incluyendo \u00abderivaciones en T\u00bb sin elementos adicionales \u2022 Hasta 254 elementos LSN improved por l\u00ednea de lazos o ramal.<\/li>\n<li class=\"ql-align-justify\">Asignaci\u00f3n de direcciones autom\u00e1tica o manual del detector seleccionable mediante conmutador giratorio, en cada caso con o sin detecci\u00f3n autom\u00e1tica.<\/li>\n<li class=\"ql-align-justify\">Fuente de alimentaci\u00f3n para componentes conectados mediante bus LSN.<\/li>\n<li class=\"ql-align-justify\">Se puede utilizar un cable de detecci\u00f3n de incendios sin apantallar.<\/li>\n<li class=\"ql-align-justify\">Longitud de cable de hasta 3.000 m (con LSN 1500 A).<\/li>\n<li class=\"ql-align-justify\">Compatibilidad con versiones anteriores de sistemas LSN y paneles de control existentes. Adem\u00e1s, el detector ofrece todas las ventajas propias de la tecnolog\u00eda LSN.<\/li>\n<\/ul>\n<p class=\"ql-align-justify\"><strong>Se pueden leer los datos siguientes para cada detector configurado:<\/strong><\/p>\n<ul>\n<li class=\"ql-align-justify\">N\u00famero de serie.<\/li>\n<li class=\"ql-align-justify\">Nivel de contaminaci\u00f3n de la secci\u00f3n \u00f3ptica.<\/li>\n<li class=\"ql-align-justify\">Horas de funcionamiento.<\/li>\n<li class=\"ql-align-justify\">Valores anal\u00f3gicos actuales. En caso de alarma se transmite la identificaci\u00f3n del detector individual a la central de incendios. El sensor es autocontrolable.<\/li>\n<\/ul>\n<p class=\"ql-align-justify\"><strong>Los siguientes errores se indican en la central de incendios:<\/strong><\/p>\n<ul>\n<li class=\"ql-align-justify\">Fallo de la electr\u00f3nica de evaluaci\u00f3n o de uno de los LED del sensor \u00f3ptico.<\/li>\n<li class=\"ql-align-justify\">Contaminaci\u00f3n grave (en lugar de falsa alarma).<\/li>\n<li class=\"ql-align-justify\">Fallo del sensor de CO (si existe).<\/li>\n<\/ul>\n<p class=\"ql-align-justify\"><strong>M\u00e1s caracter\u00edsticas de rendimiento<\/strong><\/p>\n<p class=\"ql-align-justify\">Los diversos estados de funcionamiento se indican en el detector mediante un LED bicolor claramente visible. En caso de alarma, el LED parpadea en color rojo. El innovador bloqueo del detector, que funciona seg\u00fan el principio del bol\u00edgrafo, permite insertar y sustituir el detector de forma r\u00e1pida y sencilla. Recomendamos el dispositivo de intercambio FAA\u2011500\u2011RTL, que se ha desarrollado de forma espec\u00edfica, sobre todo en caso de instalaciones en alturas elevadas. Para comprobar el detector de forma apropiada, est\u00e1 disponible el adaptador de prueba con im\u00e1n FAA\u2011500\u2011TTL y los accesorios de mantenimiento adicionales. Se puede activar un piloto indicador remoto. La distribuci\u00f3n en lazo LSN est\u00e1 garantizada en caso de interrupci\u00f3n o cortocircuito gracias a los aisladores de cortocircuito integrados.<\/p>\n<p class=\"ql-align-justify\"><strong>Certificados y homologaciones<\/strong><\/p>\n<p class=\"ql-align-justify\"><strong>Cumple con la norma<\/strong><\/p>\n<ul>\n<li class=\"ql-align-justify\">EN54-7:2000\/A1:2002\/A2:2006<\/li>\n<li class=\"ql-align-justify\">EN54-17:2005<\/li>\n<\/ul>\n<p class=\"ql-align-justify\"><strong>Planificaci\u00f3n<\/strong><\/p>\n<ul>\n<li class=\"ql-align-justify\">Se puede conectar a las centrales de incendios FPA\u20115000 y FPA\u20111200 con los par\u00e1metros del sistema LSN improved.<\/li>\n<li class=\"ql-align-justify\">En el modo cl\u00e1sico se puede conectar a las centrales de incendios LSN BZ 500 LSN, UEZ 2000 LSN, UGM 2020 y a otras centrales o a sus m\u00f3dulos receptores con id\u00e9nticas condiciones de conexi\u00f3n, pero con los par\u00e1metros del sistema LSN anteriores.<\/li>\n<li class=\"ql-align-justify\">Los detectores y las bases de detectores se pueden utilizar con la l\u00e1mpara \u00abRotaris\u00bb de Philips.<\/li>\n<li class=\"ql-align-justify\">Los detectores se deben instalar exclusivamente en las bases FAA\u2011500 LSN proporcionadas. Adem\u00e1s, la base del detector se debe instalar en una caja posterior para montaje en el techo FAA\u2011500\u2011BB o en una caja posterior para montaje en superficie FAA\u2011500\u2011SB.<\/li>\n<\/ul>\n<p class=\"ql-align-justify\"><strong>Nota: Para el montaje empotrado en el techo con FAA\u2011500\u2011BB: El falso techo puede tener un espesor m\u00e1ximo de 32 mm. En el falso techo, se debe dejar un espacio libre de unos 110 mm como m\u00ednimo.<\/strong><\/p>\n<ul>\n<li class=\"ql-align-justify\">Los detectores no est\u00e1n dise\u00f1ados para el uso en exteriores.<\/li>\n<li class=\"ql-align-justify\">Se debe dejar un espacio circular libre de un radio de 50 cm por debajo de los detectores.<\/li>\n<li class=\"ql-align-justify\">Debe prestarse especial atenci\u00f3n al hecho de que ni personas, ni animales de gran tama\u00f1o, ni plantas, ni puertas oscilantes ni objetos entren en contacto con esta zona y al hecho de que no se cubra ninguna parte del detector.<\/li>\n<li class=\"ql-align-justify\">Los detectores s\u00f3lo se pueden instalar en un lugar que quede fuera del alcance de los brazos. Por tanto, recomendamos una altura m\u00ednima de instalaci\u00f3n de 2,70 m.<\/li>\n<li class=\"ql-align-justify\">Los detectores no se pueden instalar en salas donde se transmitan datos por medio de luz de infrarrojos de alta intensidad (por ejemplo, en salas con sistemas IR para int\u00e9rpretes).<\/li>\n<li class=\"ql-align-justify\">Los detectores deben montarse de tal forma que no est\u00e9n expuestos a la luz solar directa.<\/li>\n<li class=\"ql-align-justify\">Se debe mantener una distancia m\u00ednima de 50 cm de las l\u00e1mparas. Los detectores no deben montarse en el cono de luz de las l\u00e1mparas.<\/li>\n<li class=\"ql-align-justify\">Las bases est\u00e1n equipadas de forma est\u00e1ndar con un resorte apto para la instalaci\u00f3n del detector en falsos techos. Si se instala el detector en techos de hormig\u00f3n o madera, se debe sustituir este resorte por el modelo FAA\u2011500\u2011SPRING con marcas rojas, m\u00e1s resistente. \u2022 Velocidad del aire m\u00e1xima permitida: 20 m\/s<\/li>\n<li class=\"ql-align-justify\">Se deben tener en cuenta los est\u00e1ndares y directrices espec\u00edficos del pa\u00eds durante la fase de dise\u00f1o.<\/li>\n<\/ul>\n<p class=\"ql-align-justify\"><strong>Nota: Detector de humos \u00f3ptico FAP-O 520<\/strong><\/p>\n<p class=\"ql-align-justify\"><strong>Detector de humos \u00f3ptico, blanco detector anal\u00f3gico direccionable con sensor \u00f3ptico, dise\u00f1o ultraplano.<\/strong><\/p>\n<p class=\"ql-align-justify\"><strong>N\u00famero de pedido: FAP-O 520\u00a0<\/strong><\/p>\n<p class=\"ql-align-justify\"><strong>Principales caracter\u00edsticas<\/strong><\/p>\n<ul>\n<li class=\"ql-align-justify\">Dise\u00f1o moderno y ultraplano.<\/li>\n<li class=\"ql-align-justify\">Superficie plana y de f\u00e1cil limpieza.<\/li>\n<li class=\"ql-align-justify\">Innovador mecanismo de ajuste.<\/li>\n<li class=\"ql-align-justify\">Alta fiabilidad.<\/li>\n<li class=\"ql-align-justify\">Dos aisladores integrados que conservan las funciones del lazo LSN en caso de cortocircuito o interrupci\u00f3n de cables.<\/li>\n<\/ul>\n<p class=\"ql-align-justify\"><strong>Especificaciones<\/strong><\/p>\n<p class=\"ql-align-justify\"><strong>El\u00e9ctricas<\/strong><\/p>\n<ul>\n<li class=\"ql-align-justify\">Tensi\u00f3n de funcionamiento De 15 V CC a 33 V CC.<\/li>\n<li class=\"ql-align-justify\">Consumo de corriente &lt; 3,25 mA.<\/li>\n<li class=\"ql-align-justify\">Salida de alarma Por datos mediante l\u00ednea con se\u00f1al de dos cables.<\/li>\n<li class=\"ql-align-justify\">Salida del indicador remoto Colector abierto que conmuta 0 V sobre 1,5 kilohmios, m\u00e1x. 15 mA.<\/li>\n<\/ul>\n<p class=\"ql-align-justify\"><strong>Mec\u00e1nicas<\/strong><\/p>\n<p class=\"ql-align-justify\"><strong>Dimensiones<\/strong><\/p>\n<ul>\n<li class=\"ql-align-justify\">Detector \u00d8 113 x 55 mm.<\/li>\n<li class=\"ql-align-justify\">Detector con bisel \u00d8 150 x 55 mm.<\/li>\n<li class=\"ql-align-justify\">Detector con bisel, base y caja posterior para montaje en el techo \u00d8 150 x 55 mm.<\/li>\n<li class=\"ql-align-justify\">Material de la carcasa Policarbonato.<\/li>\n<\/ul>\n<p class=\"ql-align-justify\"><strong>Color<\/strong><\/p>\n<ul>\n<li class=\"ql-align-justify\">Carcasa del detector Blanco, RAL 9003.<\/li>\n<li class=\"ql-align-justify\">Placa frontal del detector FAP\u2011O 520\/ FAP\u2011OC 520 Blanco mate.<\/li>\n<li class=\"ql-align-justify\">Placa frontal del detector FAP\u2011O 520\u2011P\/ FAP\u2011OC 520\u2011P Transparente\/plateado<\/li>\n<\/ul>\n<p class=\"ql-align-justify\"><strong>Peso Sin\/con embalaje.<\/strong><\/p>\n<ul>\n<li class=\"ql-align-justify\">FAP-OC 520(-P) 180 g\/370 g.<\/li>\n<li class=\"ql-align-justify\">FAP-O 520(-P) 170 g\/360 g.<\/li>\n<li class=\"ql-align-justify\">Bisel 30 g\/60 g.<\/li>\n<\/ul>\n<p class=\"ql-align-justify\"><strong>Ambientales<\/strong><\/p>\n<p class=\"ql-align-justify\"><strong>Temperatura de funcionamiento permitida<\/strong><\/p>\n<ul>\n<li class=\"ql-align-justify\">FAP-O 520 (-P) De -20 \u00b0C a +65 \u00b0C.<\/li>\n<li class=\"ql-align-justify\">FAP-OC 520 (-P) De &#8211; 10 \u00b0C a + 50 \u00b0C.<\/li>\n<li class=\"ql-align-justify\">Humedad relativa permitida 95% (sin condensaci\u00f3n).<\/li>\n<li class=\"ql-align-justify\">Velocidad de aire permitida 20 m\/s.<\/li>\n<\/ul>\n<p class=\"ql-align-justify\"><strong>Clase de protecci\u00f3n conforme a EN 60529<\/strong><\/p>\n<ul>\n<li class=\"ql-align-justify\">FAP-O 520 (-P) IP 53<\/li>\n<li class=\"ql-align-justify\">FAP-OC 520 (-P) IP 33<\/li>\n<\/ul>\n<p class=\"ql-align-justify\"><strong>Dise\u00f1o<\/strong><\/p>\n<ul>\n<li class=\"ql-align-justify\">Superficie de control M\u00e1x. 120 m2 (respete las directivas locales).<\/li>\n<li class=\"ql-align-justify\">Altura m\u00e1xima de instalaci\u00f3n 16 m (respete las directivas locales).<\/li>\n<li class=\"ql-align-justify\">Altura m\u00ednima de instalaci\u00f3n Fuera del alcance de los brazos Altura m\u00ednima de instalaci\u00f3n recomendada por BOSCH: 2,70 m.<\/li>\n<li class=\"ql-align-justify\">Distancia m\u00ednima respecto a l\u00e1mparas 0,5 m.<\/li>\n<\/ul>\n<p class=\"ql-align-justify\"><strong>Para el montaje empotrado en el techo con FAA-500-BB<\/strong><\/p>\n<ul>\n<li class=\"ql-align-justify\">Espesor del falso techo M\u00e1x. 32 mm.<\/li>\n<li class=\"ql-align-justify\">Orificio necesario \u00d8 130 mm (de -1 mm a +5 mm).<\/li>\n<li class=\"ql-align-justify\">Profundidad de la instalaci\u00f3n 110 mm Nota: sobre el falso techo, debe dejarse un espacio libre de unos 110 mm como m\u00ednimo.<\/li>\n<\/ul>\n<p class=\"ql-align-justify\"><strong>Adicionales<\/strong><\/p>\n<p class=\"ql-align-justify\"><strong>Principio de detecci\u00f3n<\/strong><\/p>\n<ul>\n<li class=\"ql-align-justify\">FAP-O 520(-P) Medici\u00f3n de dispersi\u00f3n de luz.<\/li>\n<li class=\"ql-align-justify\">FAP-OC 520(-P) Combinaci\u00f3n de la medici\u00f3n de dispersi\u00f3n de luz y de la medici\u00f3n de gas de combusti\u00f3n Sensibilidad de respuesta.<\/li>\n<li class=\"ql-align-justify\">FAP-O 520(-P) &lt; 0,18 dB\/m (EN 54-7).<\/li>\n<li class=\"ql-align-justify\">FAP-OC 520(-P) Secci\u00f3n \u00f3ptica: &lt; 0,36 dB\/m (EN 54\u20117) Secci\u00f3n del sensor de gas: en rango ppm Indicador individual LED bicolor, rojo (alarma), verde (modo de prueba).<\/li>\n<\/ul>\n<p><img decoding=\"async\" class=\"overview-center-img-web\" src=\"https:\/\/tvc.mx\/media\/33230\/Logoopaginas-oficial-1920x400.png\" alt=\"\" \/><\/p>\n","protected":false},"excerpt":{"rendered":"<p>Detector de humos \u00f3ptico FAP-O 520 Los Detectores Autom\u00e1ticos de Incendio FAP\u2011520 combinan las ventajas de la tecnolog\u00eda LSN improved con los beneficios est\u00e9ticos del montaje empotrado y la posibilidad de elegir el color.\u00a0Los detectores est\u00e1n especialmente dise\u00f1ados para conectarse a la versi\u00f3n LSN improved&hellip;<\/p>\n","protected":false},"featured_media":5698,"comment_status":"open","ping_status":"closed","template":"","meta":{"om_disable_all_campaigns":false,"_monsterinsights_skip_tracking":false,"_monsterinsights_sitenote_active":false,"_monsterinsights_sitenote_note":"","_monsterinsights_sitenote_category":0},"product_brand":[],"product_cat":[494],"product_tag":[495,497,498,499,500,501,496,502],"class_list":{"0":"post-5699","1":"product","2":"type-product","3":"status-publish","4":"has-post-thumbnail","6":"product_cat-detectores","7":"product_tag-control-de-incendio","8":"product_tag-detectores","9":"product_tag-estacion-manual","10":"product_tag-estrobos-y-sirenas","11":"product_tag-modulos","12":"product_tag-paneles-de-control","13":"product_tag-sistemas-de-incendio","14":"product_tag-teclados","16":"first","17":"instock","18":"sale","19":"taxable","20":"shipping-taxable","21":"purchasable","22":"product-type-simple"},"aioseo_notices":[],"_links":{"self":[{"href":"https:\/\/tecsecmty.com\/index.php\/wp-json\/wp\/v2\/product\/5699","targetHints":{"allow":["GET"]}}],"collection":[{"href":"https:\/\/tecsecmty.com\/index.php\/wp-json\/wp\/v2\/product"}],"about":[{"href":"https:\/\/tecsecmty.com\/index.php\/wp-json\/wp\/v2\/types\/product"}],"replies":[{"embeddable":true,"href":"https:\/\/tecsecmty.com\/index.php\/wp-json\/wp\/v2\/comments?post=5699"}],"version-history":[{"count":0,"href":"https:\/\/tecsecmty.com\/index.php\/wp-json\/wp\/v2\/product\/5699\/revisions"}],"wp:featuredmedia":[{"embeddable":true,"href":"https:\/\/tecsecmty.com\/index.php\/wp-json\/wp\/v2\/media\/5698"}],"wp:attachment":[{"href":"https:\/\/tecsecmty.com\/index.php\/wp-json\/wp\/v2\/media?parent=5699"}],"wp:term":[{"taxonomy":"product_brand","embeddable":true,"href":"https:\/\/tecsecmty.com\/index.php\/wp-json\/wp\/v2\/product_brand?post=5699"},{"taxonomy":"product_cat","embeddable":true,"href":"https:\/\/tecsecmty.com\/index.php\/wp-json\/wp\/v2\/product_cat?post=5699"},{"taxonomy":"product_tag","embeddable":true,"href":"https:\/\/tecsecmty.com\/index.php\/wp-json\/wp\/v2\/product_tag?post=5699"}],"curies":[{"name":"wp","href":"https:\/\/api.w.org\/{rel}","templated":true}]}}