{"id":5701,"date":"2023-02-23T11:37:53","date_gmt":"2023-02-23T17:37:53","guid":{"rendered":"https:\/\/tecsecmty.com\/index.php\/producto\/bosch-f_fapoc520-detector-optico-quimico-color-blanco\/"},"modified":"2023-03-22T23:21:07","modified_gmt":"2023-03-23T05:21:07","slug":"bosch-f_fapoc520-detector-optico-quimico-color-blanco","status":"publish","type":"product","link":"https:\/\/tecsecmty.com\/index.php\/producto\/bosch-f_fapoc520-detector-optico-quimico-color-blanco\/","title":{"rendered":"BOSCH F_FAPOC520 &#8211; Detector optico quimico \/ Color blanco"},"content":{"rendered":"<h5 class=\"card-title text-center\">Detector, \u00f3ptico\/qu\u00edmico FAP-OC 520<\/h5>\n<p>Los Detectores Autom\u00e1ticos de Incendio FAP\u2011520 combinan las ventajas de la tecnolog\u00eda LSN improved con los beneficios est\u00e9ticos del montaje empotrado y la posibilidad de elegir el color. Los detectores est\u00e1n especialmente dise\u00f1ados para conectarse a la versi\u00f3n<\/p>\n<p>LSN improved de la red de seguridad local, con los par\u00e1metros del sistema ampliados de forma<\/p>\n<p>considerable.<\/p>\n<p>El FAP\u2011520 est\u00e1 disponible como detector de humos de dispersi\u00f3n de luz o como detector multisensor con un sensor de gas adicional. Las versiones respectivas de los detectores est\u00e1n disponibles en blanco o en transparente con anillos de colores.<\/p>\n<p><strong>Funciones b\u00e1sicas<\/strong><\/p>\n<p>Su superficie uniforme y el montaje empotrado de los detectores permite su instalaci\u00f3n en zonas con exigentes requisitos est\u00e9ticos. Adem\u00e1s, estos detectores son aptos para zonas expuestas a<\/p>\n<p>acumulaci\u00f3n de polvo en alturas.<\/p>\n<p>Los detectores y biseles de la versi\u00f3n \u00abtransparente\u00bb se suministran con anillos de colores impresos reversibles, ofreciendo una gama de 16 colores para diferentes combinaciones de color.<\/p>\n<p><strong>Nota: Tenga en cuenta que el color de las siguientes im\u00e1genes puede que no refleje fielmente el color real. Para determinar el color de manera fiable, use las gu\u00edas de color RAL originales.<\/strong><\/p>\n<p><strong>Tecnolog\u00eda de sensores y procesamiento de se\u00f1ales<\/strong><\/p>\n<p>Todos los detectores de la serie FAP\u2011520 est\u00e1n equipados con dos sensores \u00f3pticos y un sensor de poluci\u00f3n. El detector multisensor FAP\u2011OC\u2011520 dispone de un sensor de gas como canal de detecci\u00f3n adicional.<\/p>\n<p>Los sensores individuales se pueden programar con el software RPS o WinPara a trav\u00e9s de la red LSN. Todas las se\u00f1ales del sensor son analizadas constantemente por las se\u00f1ales electr\u00f3nicas de<\/p>\n<p>evaluaci\u00f3n internas y est\u00e1n enlazadas entre s\u00ed a trav\u00e9s de algoritmos.<\/p>\n<p>La combinaci\u00f3n de los sensores \u00f3pticos y el sensor de gas hacen que el detector OC pueda utilizarse en lugares donde el trabajo realizado provoque peque\u00f1as cantidades de humo, vapor o polvo.<\/p>\n<p>La alarma solo se activa autom\u00e1ticamente si la combinaci\u00f3n de se\u00f1ales corresponde con el diagrama caracter\u00edstico de la instalaci\u00f3n seleccionado para la ubicaci\u00f3n durante la configuraci\u00f3n del equipo. Por tanto, se consigue una gran fiabilidad contra falsas alarmas.<\/p>\n<p><strong>Sensor \u00f3ptico (sensor de humo)<\/strong><\/p>\n<p>El sensor \u00f3ptico (1) funciona bajo el m\u00e9todo de dispersi\u00f3n de luz. Los LEDs transmiten luz en un \u00e1ngulo definido hacia una zona de luz dispersa .<\/p>\n<p>En caso de incendio, las part\u00edculas de humo dispersan la luz, que golpea los fotodiodos (2) y estos, a su vez, transforman la cantidad de luz en una se\u00f1al el\u00e9ctrica proporcional.<\/p>\n<p>Las interferencias procedentes de la luz del sol o de l\u00e1mparas el\u00e9ctricas se filtran con un filtro diurno \u00f3ptico y mediante el uso del filtro electr\u00f3nico y la rectificaci\u00f3n de cierre de fase (estabilidad de la luz ambiente: prueba de deslumbramiento DIN EN 54\u20117).<\/p>\n<p><strong>Sensor qu\u00edmico (sensor de gas CO)<\/strong><\/p>\n<p>El sensor de gas (4) detecta principalmente el mon\u00f3xido de carbono (CO) producido por el fuego,<\/p>\n<p>pero tambi\u00e9n detecta el hidr\u00f3geno (H) y el mon\u00f3xido de nitr\u00f3geno (NO). El principio de medici\u00f3n b\u00e1sico es la oxidaci\u00f3n del CO en un electrodo y la medici\u00f3n de la corriente el\u00e9ctrica generada. El valor de la se\u00f1al del sensor es proporcional a la concentraci\u00f3n de gas.<\/p>\n<p>El sensor de gas emite informaci\u00f3n adicional para evitar valores enga\u00f1osos de forma eficiente.<\/p>\n<p>El sensor de CO se controla midiendo la capacidad interna. Si la capacidad queda fuera del rango<\/p>\n<p>permitido, en la central de incendios (CDI) aparecer\u00e1 un mensaje de error. En ese caso, el detector<\/p>\n<p>continuar\u00e1 funcionando simplemente como detector de humos mediante dispersi\u00f3n de luz. En funci\u00f3n de la vida \u00fatil del sensor de gas, el detector de incendios FAP\u2011OC 520 desactiva los sensores C tras cinco a\u00f1os de funcionamiento. El detector continuar\u00e1 funcionando como un detector O. El detector debe sustituirse inmediatamente para poder garantizar la mayor fiabilidad de detecci\u00f3n del detector OC.<\/p>\n<p><strong>Sensor de poluci\u00f3n<\/strong><\/p>\n<p>El nivel de contaminaci\u00f3n sobre la superficie del detector se mide continuamente mediante el sensor de poluci\u00f3n (6); se eval\u00faa el resultado y se indica en tres pasos en la central de incendios (CDI). La contaminaci\u00f3n de la superficie del detector conlleva un ajuste activo del umbral (compensaci\u00f3n de la tendencia) y que se produzca una indicaci\u00f3n de aver\u00eda en el caso de contaminaci\u00f3n acusada.<\/p>\n<p><strong>Caracter\u00edsticas de LSN improved<\/strong><\/p>\n<p>El detector ofrece todas las caracter\u00edsticas de la tecnolog\u00eda LSN improved:<\/p>\n<ul>\n<li>Estructuras de red flexibles, incluyendo \u00abderivaciones en T\u00bb sin elementos adicionales.<\/li>\n<li>Hasta 254 elementos LSN improved por l\u00ednea de lazos o ramal.<\/li>\n<li>Asignaci\u00f3n de direcciones autom\u00e1tica o manual del detector seleccionable mediante conmutador giratorio, en cada caso con o sin detecci\u00f3n autom\u00e1tica.<\/li>\n<li>Fuente de alimentaci\u00f3n para componentes conectados mediante bus LSN.<\/li>\n<li>Se puede utilizar un cable de detecci\u00f3n de incendios sin apantallar.<\/li>\n<li>Longitud de cable de hasta 3.000 m (con LSN 1500 A).<\/li>\n<li>Compatibilidad con versiones anteriores de sistemas LSN y paneles de control existentes.<\/li>\n<\/ul>\n<p><strong>M\u00e1s caracter\u00edsticas de rendimiento<\/strong><\/p>\n<p>Los diversos estados de funcionamiento se indican en el detector mediante un LED bicolor claramente visible. En caso de alarma, el LED parpadea en color rojo.<\/p>\n<p>El innovador bloqueo del detector, que funciona seg\u00fan el principio del bol\u00edgrafo, permite insertar y sustituir el detector de forma r\u00e1pida y sencilla. Recomendamos el dispositivo de intercambio FAA\u2011500\u2011RTL, que se ha desarrollado de forma espec\u00edfica, sobre todo en caso de instalaciones en alturas elevadas. Para comprobar el detector de forma apropiada, est\u00e1 disponible el adaptador de prueba con im\u00e1n FAA\u2011500\u2011TTL y los accesorios de mantenimiento adicionales.<\/p>\n<p>Se puede activar un piloto indicador remoto. La distribuci\u00f3n en lazo LSN est\u00e1 garantizada en caso<\/p>\n<p>de interrupci\u00f3n o cortocircuito gracias a los aisladores de cortocircuito integrados.<\/p>\n<p><strong>Certificados y homologaciones<\/strong><\/p>\n<p><strong>Cumple con la norma<\/strong><\/p>\n<ul>\n<li>EN54-7:2000\/A1:2002\/A2:2006<\/li>\n<li>EN54-17:2005<\/li>\n<\/ul>\n<p><strong>Planificaci\u00f3n<\/strong><\/p>\n<ul>\n<li>Se puede conectar a las centrales de incendios FPA\u20115000 y FPA\u20111200 con los par\u00e1metros del sistema LSN improved.<\/li>\n<li>En el modo cl\u00e1sico se puede conectar a las centrales de incendios LSN BZ 500 LSN, UEZ 2000 LSN, UGM 2020 y a otras centrales o a sus m\u00f3dulos receptores con id\u00e9nticas condiciones de conexi\u00f3n, pero con los par\u00e1metros del sistema LSN anteriores.<\/li>\n<li>Los detectores y las bases de detectores se pueden utilizar con la l\u00e1mpara \u00abRotaris\u00bb de Philips.<\/li>\n<li>Los detectores se deben instalar exclusivamente en las bases FAA\u2011500 LSN proporcionadas. Adem\u00e1s, la base del detector se debe instalar en una caja posterior para montaje en el techo FAA\u2011500\u2011BB o en una caja posterior para montaje en superficie FAA\u2011500\u2011SB.<\/li>\n<\/ul>\n<p><strong>Nota: Detector, \u00f3ptico\/qu\u00edmico FAP-OC 520<\/strong><\/p>\n<p><strong>Detector, \u00f3ptico\/qu\u00edmico, blanco detector anal\u00f3gico direccionable con sensor \u00f3ptico y<\/strong><\/p>\n<p><strong>qu\u00edmico, dise\u00f1o ultraplano.<\/strong><\/p>\n<p><strong>N\u00famero de pedido: FAP-OC 520.<\/strong><\/p>\n<p>Principales caracter\u00edsticas<\/p>\n<p>Especificaciones<\/p>\n<p><img decoding=\"async\" class=\"overview-center-img-web\" src=\"https:\/\/tvc.mx\/media\/34687\/Logoopaginas-oficial-1920x400.png\" alt=\"\" \/><\/p>\n","protected":false},"excerpt":{"rendered":"<p>Detector, \u00f3ptico\/qu\u00edmico FAP-OC 520 Los Detectores Autom\u00e1ticos de Incendio FAP\u2011520 combinan las ventajas de la tecnolog\u00eda LSN improved con los beneficios est\u00e9ticos del montaje empotrado y la posibilidad de elegir el color. Los detectores est\u00e1n especialmente dise\u00f1ados para conectarse a la versi\u00f3n LSN improved de&hellip;<\/p>\n","protected":false},"featured_media":5700,"comment_status":"open","ping_status":"closed","template":"","meta":{"om_disable_all_campaigns":false,"_monsterinsights_skip_tracking":false,"_monsterinsights_sitenote_active":false,"_monsterinsights_sitenote_note":"","_monsterinsights_sitenote_category":0},"product_brand":[],"product_cat":[494],"product_tag":[495,497,498,499,500,501,496,502],"class_list":{"0":"post-5701","1":"product","2":"type-product","3":"status-publish","4":"has-post-thumbnail","6":"product_cat-detectores","7":"product_tag-control-de-incendio","8":"product_tag-detectores","9":"product_tag-estacion-manual","10":"product_tag-estrobos-y-sirenas","11":"product_tag-modulos","12":"product_tag-paneles-de-control","13":"product_tag-sistemas-de-incendio","14":"product_tag-teclados","16":"first","17":"instock","18":"sale","19":"taxable","20":"shipping-taxable","21":"purchasable","22":"product-type-simple"},"aioseo_notices":[],"_links":{"self":[{"href":"https:\/\/tecsecmty.com\/index.php\/wp-json\/wp\/v2\/product\/5701","targetHints":{"allow":["GET"]}}],"collection":[{"href":"https:\/\/tecsecmty.com\/index.php\/wp-json\/wp\/v2\/product"}],"about":[{"href":"https:\/\/tecsecmty.com\/index.php\/wp-json\/wp\/v2\/types\/product"}],"replies":[{"embeddable":true,"href":"https:\/\/tecsecmty.com\/index.php\/wp-json\/wp\/v2\/comments?post=5701"}],"version-history":[{"count":0,"href":"https:\/\/tecsecmty.com\/index.php\/wp-json\/wp\/v2\/product\/5701\/revisions"}],"wp:featuredmedia":[{"embeddable":true,"href":"https:\/\/tecsecmty.com\/index.php\/wp-json\/wp\/v2\/media\/5700"}],"wp:attachment":[{"href":"https:\/\/tecsecmty.com\/index.php\/wp-json\/wp\/v2\/media?parent=5701"}],"wp:term":[{"taxonomy":"product_brand","embeddable":true,"href":"https:\/\/tecsecmty.com\/index.php\/wp-json\/wp\/v2\/product_brand?post=5701"},{"taxonomy":"product_cat","embeddable":true,"href":"https:\/\/tecsecmty.com\/index.php\/wp-json\/wp\/v2\/product_cat?post=5701"},{"taxonomy":"product_tag","embeddable":true,"href":"https:\/\/tecsecmty.com\/index.php\/wp-json\/wp\/v2\/product_tag?post=5701"}],"curies":[{"name":"wp","href":"https:\/\/api.w.org\/{rel}","templated":true}]}}