{"id":5706,"date":"2023-02-23T11:37:57","date_gmt":"2023-02-23T17:37:57","guid":{"rendered":"https:\/\/tecsecmty.com\/index.php\/producto\/bosch-f_fas420tp1-detector-de-aspiracion-temprana\/"},"modified":"2023-03-22T23:21:07","modified_gmt":"2023-03-23T05:21:07","slug":"bosch-f_fas420tp1-detector-de-aspiracion-temprana","status":"publish","type":"product","link":"https:\/\/tecsecmty.com\/index.php\/producto\/bosch-f_fas420tp1-detector-de-aspiracion-temprana\/","title":{"rendered":"BOSCH F_FAS420TP1 &#8211; Detector de aspiracion temprana"},"content":{"rendered":"<h5 class=\"card-title text-center\">Detector de aspiraci\u00f3n de humos FAS\u2011420\u2011TP1 versi\u00f3n LSN improved<\/h5>\n<p class=\"ql-align-justify\"><strong>Los detectores de aspiraci\u00f3n de humos de la serie FAS\u2011420 est\u00e1n especialmente dise\u00f1ados para conectarse directamente a la versi\u00f3n LSN improved de la red de seguridad local, con las caracter\u00edsticas del sistema ampliadas.<\/strong>\u00a0Se trata de sistemas de detecci\u00f3n de incendios activos para la detecci\u00f3n precoz de incendios en el control de zonas y equipos, as\u00ed como para el control de unidades y conductos de aire acondicionado. Disponen de la \u00faltima tecnolog\u00eda de detecci\u00f3n. Su resistencia a la contaminaci\u00f3n, la compensaci\u00f3n de temperatura de las se\u00f1ales del sensor y la inicializaci\u00f3n en relaci\u00f3n con la presi\u00f3n de aire garantizan un funcionamiento fiable incluso en condiciones ambientales extremas. Los modelos SL cuentan con un ventilador muy silencioso id\u00f3neo para zonas en las que es importante evitar los ruidos como, por ejemplo, hoteles, hospitales y oficinas. El ruido se ha reducido a 38 dB(A) y, con un aislante ac\u00fastico adicional, podr\u00eda reducirse hasta los 34 dB(A).<\/p>\n<p class=\"ql-align-justify\"><strong>Funciones b\u00e1sicas<\/strong><\/p>\n<p class=\"ql-align-justify\">La unidad de aspiraci\u00f3n toma muestras de aire de la zona de control mediante un sistema de tuber\u00edas con orificios definidos para muestras de aire y las transfiere al m\u00f3dulo detector. En funci\u00f3n de la sensibilidad de respuesta del m\u00f3dulo detector empleado, el detector de humo por aspiraci\u00f3n activa una alarma si se alcanza una densidad de humo determinada. Esta alarma aparece en el LED de alarma de la unidad y se transmite a la CDI. Un sensor de flujo de aire comprueba el sistema de tuber\u00edas conectado para detectar fugas y obstrucciones.<\/p>\n<p class=\"ql-align-justify\">El procesamiento de se\u00f1ales inteligente LOGIC\u00b7SENS compara el nivel de humo medido con variables de perturbaci\u00f3n conocidas y determina si se trata de una alarma verdadera o falsa. Se pueden seleccionar distintos tiempos de retardo de visualizaci\u00f3n y transmisi\u00f3n de alarmas y fallos. En cada m\u00f3dulo detector se controla la contaminaci\u00f3n, el fallo de las se\u00f1ales y la extracci\u00f3n del dispositivo. Los fallos de funcionamiento, as\u00ed como ciertos estados de los dispositivos, se indican empleando varios c\u00f3digos de parpadeo de los LED de la placa electr\u00f3nica del m\u00f3dulo detector. Un mensaje de aver\u00eda se resetea mediante la central de incendios conectada. Los mensajes de alarma y aver\u00eda se resetean mediante la red de seguridad local LSN de forma simult\u00e1nea con la l\u00ednea del detector.<\/p>\n<p class=\"ql-align-justify\">Hay tres m\u00f3dulos detectores distintos para los detectores de aspiraci\u00f3n de humos de la serie FAS\u2011420.<\/p>\n<p class=\"ql-align-justify\"><strong>Estos m\u00f3dulos tienen distintas sensibilidades de reacci\u00f3n:\u00a0<\/strong><\/p>\n<p class=\"ql-align-justify\"><strong>DM-TT-50(80):<\/strong><\/p>\n<ul>\n<li class=\"ql-align-justify\">Sensibilidad m\u00e1x. (oscurecimiento de luz) N: 0,5 %\/m (0,8 %\/m).<\/li>\n<li class=\"ql-align-justify\">Niveles de selecci\u00f3n: 2.<\/li>\n<\/ul>\n<p class=\"ql-align-justify\"><strong>DM-TT-10(25):<\/strong><\/p>\n<ul>\n<li class=\"ql-align-justify\">Sensibilidad m\u00e1x. (oscurecimiento de luz) N: 0,1 %\/m (0,25 %\/m).<\/li>\n<li class=\"ql-align-justify\">Niveles de selecci\u00f3n: 4.<\/li>\n<\/ul>\n<p class=\"ql-align-justify\"><strong>DM-TT-01(05):<\/strong><\/p>\n<ul>\n<li class=\"ql-align-justify\">Sensibilidad m\u00e1x. (oscurecimiento de luz) N:0,015 %\/m (0,05 %\/m).<\/li>\n<li class=\"ql-align-justify\">Niveles de selecci\u00f3n: 4.<\/li>\n<\/ul>\n<p class=\"ql-align-justify\">Los FAS\u2011420\u2011TP2, FAS\u2011420\u2011TT2, FAS\u2011420\u2011TP2\u2011SL y FAS\u2011420\u2011TT2\u2011SL funcionan con dos m\u00f3dulos de detecci\u00f3n. Se pueden conectar dos sistemas de tuber\u00edas de muestra para controlar dos zonas. Si se controla una sola zona con dos sistemas de tuber\u00edas, se puede implementar la funci\u00f3n de doble detecci\u00f3n. La conexi\u00f3n a las centrales de incendios FPA\u20115000 y FPA\u20111200, as\u00ed como la programaci\u00f3n mediante FSP\u20115000\u2011RPS, tambi\u00e9n admiten la dependencia de dos zonas.<\/p>\n<p class=\"ql-align-justify\"><strong>Asignaci\u00f3n de direcciones<\/strong><\/p>\n<p class=\"ql-align-justify\">Los conmutadores DIP integrados permiten seleccionar entre direccionamiento autom\u00e1tico o manual con o sin detecci\u00f3n autom\u00e1tica. Se pueden realizar los siguientes ajustes:<\/p>\n<ul>\n<li class=\"ql-align-justify\">0 Direccionamiento autom\u00e1tico en el modo de la versi\u00f3n LSN improved para lazo\/ramal (no es posible realizar derivaciones en T).<\/li>\n<li class=\"ql-align-justify\">1 \u2013 254 Direccionamiento manual en el modo de la versi\u00f3n LSN improved para lazo\/ramal\/derivaciones en T.<\/li>\n<li class=\"ql-align-justify\">255 Direccionamiento autom\u00e1tico en el modo LSN cl\u00e1sico para lazo\/ramal (rango de direcciones: m\u00e1x. 127).<\/li>\n<\/ul>\n<p class=\"ql-align-justify\"><strong>Caracter\u00edsticas de LSN improved<\/strong><\/p>\n<p class=\"ql-align-justify\">Los detectores de aspiraci\u00f3n de humos de la serie 420 ofrecen todas las caracter\u00edsticas de la tecnolog\u00eda LSN improved:<\/p>\n<ul>\n<li class=\"ql-align-justify\">Estructuras de red flexibles, incluyendo derivaciones en T sin elementos adicionales.<\/li>\n<li class=\"ql-align-justify\">Hasta 254 elementos LSN-improved por lazo o ramal.<\/li>\n<li class=\"ql-align-justify\">Posibilidad de uso de cable sin protecci\u00f3n.<\/li>\n<\/ul>\n<p class=\"ql-align-justify\">Adem\u00e1s, los detectores de la serie FAS-420 ofrecen todas las ventajas propias de la tecnolog\u00eda LSN. En el controlador de la central se encuentran los mensajes de aver\u00eda y los datos de funcionamiento. En caso de alarma se transmite la identificaci\u00f3n del detector individual a la central de incendios.<\/p>\n<p class=\"ql-align-justify\"><strong>Variantes de los modelos de la serie FAS\u2011420<\/strong><\/p>\n<p class=\"ql-align-justify\">Las variantes FAS\u2011420\u2011TP1 y FAS\u2011420\u2011TP2 son rentables detectores de aspiraci\u00f3n de humos de uso universal que disponen de pantalla de leds para funcionar y dar avisos de fallos y alarmas (en el modelo FAS\u2011420\u2011TP2 hay dos indicaciones de alarma). Tambi\u00e9n est\u00e1n disponibles los modelos silenciosos FAS\u2011420\u2011TP1\u2011SL y FAS-420-TP2\u2011SL. Los modelos FAS\u2011420\u2011TT1 y FAS\u2011420\u2011TT2 (FAS\u2011420\u2011TT1\u2011SL y FAS\u2011420\u2011TT2\u2011SL) ofrecen indicaciones de alarmas diferenciadas (de informaci\u00f3n, prealarma y alarma principal), as\u00ed como un indicador de 10 niveles de humos (en el modelo FAS-420-TT2 se duplican todos los indicadores de alarma y de nivel de humos). En funci\u00f3n del m\u00f3dulo detector empleado, se puede seleccionar una indicaci\u00f3n de sensibilidad con una resoluci\u00f3n de hasta 0,0015 %\/m, 0,01 %\/m o 0,05 %\/m.<\/p>\n<p class=\"ql-align-justify\"><strong>Certificados y homologaciones<\/strong><\/p>\n<p class=\"ql-align-justify\"><strong>Regi\u00f3n de Certificaci\u00f3n:<\/strong><\/p>\n<ul>\n<li class=\"ql-align-justify\">Europa CE FAS-420-TP1\/-TP2 CE FAS-420-TT1\/-TT2.<\/li>\n<li class=\"ql-align-justify\">Alemania VdS G 208046 FCS-320 TT_TPSeries \/ FAS-420 TT_TPSeries.<\/li>\n<li class=\"ql-align-justify\">Europa CPD 0786-CPD-20790 FCS-320- -TPx_FCS-320-TTx_FAS-420- -TPx_FAS-420-TTx.<\/li>\n<li class=\"ql-align-justify\">Suiza VKF AEAI 19207 FAS-420 LSN improved.<\/li>\n<\/ul>\n<p class=\"ql-align-justify\"><strong>Planificaci\u00f3n<\/strong><\/p>\n<ul>\n<li class=\"ql-align-justify\">Para conectarse a las centrales de incendios FPA\u20115000 y FPA\u20111200 con los par\u00e1metros de la versi\u00f3n LSN improved para sistemas ampliados.<\/li>\n<li class=\"ql-align-justify\">La programaci\u00f3n se realiza mediante RPS.<\/li>\n<li class=\"ql-align-justify\">El ventilador requiere una fuente de alimentaci\u00f3n independiente.<\/li>\n<li class=\"ql-align-justify\">Por separado, se puede solicitar un piloto indicador remoto para su conexi\u00f3n a los detectores de aspiraci\u00f3n de humos de la serie FAS\u2011420. Dise\u00f1o del sistema de tuber\u00edas<\/li>\n<li class=\"ql-align-justify\">En la planificaci\u00f3n, hay que distinguir entre control de \u00e1rea y control de equipo.<\/li>\n<li class=\"ql-align-justify\">Se pueden utilizar tuber\u00edas de PVC y tuber\u00edas de aspiraci\u00f3n libres de hal\u00f3genos.<\/li>\n<li class=\"ql-align-justify\">Para el control de equipos, se recomienda utilizar tuber\u00edas libres de hal\u00f3genos.<\/li>\n<li class=\"ql-align-justify\">El sistema de tuber\u00edas para muestras de aire deber\u00e1 disponerse de tal forma que sea capaz de detectar cualquier incendio en su etapa inicial.<\/li>\n<li class=\"ql-align-justify\">El dise\u00f1o de los sistemas de tuber\u00edas con orificios para muestras de aire debe ser siempre sim\u00e9trico (desviaci\u00f3n de \u00b110%).<\/li>\n<li class=\"ql-align-justify\">Para tuber\u00edas con un di\u00e1metro de 40 mm se establecen distancias mayores entre el detector de aspiraci\u00f3n de humos y la tuber\u00eda de aspiraci\u00f3n.<\/li>\n<li class=\"ql-align-justify\">Dependiendo de la disposici\u00f3n geom\u00e9trica de la zona, se emplea un sistema de tuber\u00edas en I, en U, en M o en doble U.<\/li>\n<\/ul>\n<p class=\"ql-align-justify\">Si los elementos estructurales imposibilitan mantener esta simetr\u00eda, se aplican las siguientes condiciones:<\/p>\n<ul>\n<li class=\"ql-align-justify\">El n\u00famero de orificios para muestras de aire y la longitud del ramal de tuber\u00eda m\u00e1s corto y m\u00e1s largo del sistema de tuber\u00edas no puede exceder de un ratio de 01:02.<\/li>\n<li class=\"ql-align-justify\">La distancia entre los orificios para muestras adyacentes de la tuber\u00eda de aspiraci\u00f3n debe coincidir (desviaci\u00f3n m\u00e1x. \u00b1 20%).<\/li>\n<li class=\"ql-align-justify\">Los di\u00e1metros de los orificios para muestras de aire est\u00e1n determinados por separado para cada ramal de la tuber\u00eda. Los di\u00e1metros dependen del n\u00famero total orificios para muestras de aire del ramal de aspiraci\u00f3n.<\/li>\n<\/ul>\n<p class=\"ql-align-justify\"><strong>Limitaciones de dise\u00f1o<\/strong><\/p>\n<p class=\"ql-align-justify\">Longitud de tuber\u00eda entre dos orificios para muestras de aire:<\/p>\n<ul>\n<li class=\"ql-align-justify\">M\u00ednimo de 4 m (0,1 m con un dise\u00f1o de tuber\u00eda simplificada).<\/li>\n<li class=\"ql-align-justify\">M\u00e1ximo 12 m.<\/li>\n<li class=\"ql-align-justify\">La zona de control m\u00e1xima por cada orificio para muestras de aire se corresponde con la zona de control m\u00e1xima de los detectores de tipo puntual, de acuerdo con las directivas de dise\u00f1o v\u00e1lidas.<\/li>\n<li class=\"ql-align-justify\">M\u00e1ximo de 32 orificios para muestras de aire por sistema de tuber\u00edas<\/li>\n<\/ul>\n<p class=\"ql-align-justify\">Longitud de tuber\u00eda m\u00e1x.\/zona de control m\u00e1x. total por sistema de tuber\u00edas:<\/p>\n<ul>\n<li class=\"ql-align-justify\">300 m\/2880 m2 (cumple con la norma VdS).<\/li>\n<li class=\"ql-align-justify\">Con dos m\u00f3dulos detectores: 2*280 m\/5760 m2.<\/li>\n<\/ul>\n<p class=\"ql-align-justify\"><strong>Dise\u00f1o de la tuber\u00eda de aspiraci\u00f3n<\/strong><\/p>\n<p class=\"ql-align-justify\">Los sistemas de tuber\u00edas de aspiraci\u00f3n se fabrican seg\u00fan las especificaciones de dise\u00f1o con los componentes de tuber\u00eda comunes, as\u00ed como componentes para aplicaciones especiales, por ejemplo, separadores de humedad o barreras antideflagrantes. Todos los orificios para los sistemas de aspiraci\u00f3n de humos tienen un di\u00e1metro de 10 mm y se implementan los orificios de aspiraci\u00f3n exactos por medio de las pel\u00edculas reductoras de aspiraci\u00f3n patentadas. Para cada orificio de aspiraci\u00f3n debe suministrarse una pel\u00edcula reductora de aspiraci\u00f3n con el di\u00e1metro de perforaci\u00f3n y l\u00e1mina indicadora correspondientes.<\/p>\n<p class=\"ql-align-justify\"><strong>Nota: Detector de aspiraci\u00f3n de humos FAS\u2011420\u2011TP1 versi\u00f3n LSN improved<\/strong><\/p>\n<p class=\"ql-align-justify\"><strong>Unidad b\u00e1sica sin m\u00f3dulo detector, para la conexi\u00f3n de un sistema de tuber\u00edas.<\/strong><\/p>\n<p class=\"ql-align-justify\"><strong>N\u00famero de pedido: FAS-420-TP1<\/strong><\/p>\n<p class=\"ql-align-justify\"><strong>Principales caracter\u00edsticas<\/strong><\/p>\n<ul>\n<li class=\"ql-align-justify\">Se pueden conectar a las centrales de incendios FPA\u20115000 y FPA\u20111200 con la tecnolog\u00eda LSN improved.<\/li>\n<li class=\"ql-align-justify\">Alta inmunidad contra falsas alarmas con el procesamiento de se\u00f1ales inteligente LOGIC\u00b7SENS.<\/li>\n<li class=\"ql-align-justify\">El innovador sistema de control de flujo que incluye control de un solo orificio detecta obstrucciones y fugas.<\/li>\n<li class=\"ql-align-justify\">Configuraci\u00f3n inicial sencilla gracias a la configuraci\u00f3n autom\u00e1tica.<\/li>\n<li class=\"ql-align-justify\">Diagn\u00f3stico sencillo gracias al c\u00f3digo de parpadeos del propio m\u00f3dulo detector o empleando el software de diagn\u00f3sticos FAS\u2011ASD\u2011DIAG.<\/li>\n<\/ul>\n<p class=\"ql-align-justify\"><strong>Especificaciones<\/strong><\/p>\n<p class=\"ql-align-justify\"><strong>El\u00e9ctricas<\/strong><\/p>\n<ul>\n<li class=\"ql-align-justify\">Tensi\u00f3n de funcionamiento: De 15 V CC a 33 V CC.<\/li>\n<li class=\"ql-align-justify\">Consumo de corriente de LSN: 6,25 mA.<\/li>\n<\/ul>\n<p class=\"ql-align-justify\"><strong>Consumo de corriente de la fuente de alimentaci\u00f3n auxiliar (a 24 V) FAS-420- -TP1\/ FAS-420-TT1 &#8211; detector de aspiraci\u00f3n (1 sensor):<\/strong><\/p>\n<ul>\n<li class=\"ql-align-justify\">Corriente de inicio, tensi\u00f3n del ventilador de 6,9 V: 300 mA.<\/li>\n<li class=\"ql-align-justify\">Corriente de inicio, tensi\u00f3n del ventilador de 9 V: 300 mA.<\/li>\n<li class=\"ql-align-justify\">En reposo, tensi\u00f3n del ventilador de 6,9 V: 200 mA.<\/li>\n<li class=\"ql-align-justify\">En reposo, tensi\u00f3n del ventilador de 9 V: 260 mA.<\/li>\n<li class=\"ql-align-justify\">En alarma, tensi\u00f3n del ventilador de 6,9 V: 230 mA.<\/li>\n<li class=\"ql-align-justify\">En alarma, tensi\u00f3n del ventilador de 9 V: 290 mA.<\/li>\n<\/ul>\n<p class=\"ql-align-justify\"><strong>Mec\u00e1nicos<\/strong><\/p>\n<p class=\"ql-align-justify\">Indicaciones del dispositivo FAS-420-TP1 \/ -TP2 y -SL.<\/p>\n<ul>\n<li class=\"ql-align-justify\">En funcionamiento LED verde.<\/li>\n<li class=\"ql-align-justify\">Fallo LED amarillo.<\/li>\n<li class=\"ql-align-justify\">Alarma 1 LED rojo\/ 2 LED rojos.<\/li>\n<\/ul>\n<p class=\"ql-align-justify\">Conexiones c\u00f3nicas del conducto para \u00d8 de 25 mm<\/p>\n<ul>\n<li class=\"ql-align-justify\">Tuber\u00eda de aspiraci\u00f3n 1 tuber\u00eda \/ 2 tuber\u00edas.<\/li>\n<li class=\"ql-align-justify\">Retorno de aire 1 tuber\u00eda.<\/li>\n<li class=\"ql-align-justify\">Manguitos para cable 5 x M 20 y 2 x M 25.<\/li>\n<li class=\"ql-align-justify\">Dimensiones (An. x Al. x Pr.) 200 x 292 x 113 mm.<\/li>\n<li class=\"ql-align-justify\">Material de la carcasa Pl\u00e1stico (ABS).<\/li>\n<li class=\"ql-align-justify\">Color de la carcasa Papiro blanco, RAL 9018.<\/li>\n<li class=\"ql-align-justify\">Peso Aprox. 1,5 kg.<\/li>\n<\/ul>\n<p class=\"ql-align-justify\"><strong>Ambientales<\/strong><\/p>\n<ul>\n<li class=\"ql-align-justify\">Clase de protecci\u00f3n conforme a EN 60529 IP 20<\/li>\n<\/ul>\n<p class=\"ql-align-justify\"><strong>Rango de temperatura permitido<\/strong><\/p>\n<ul>\n<li class=\"ql-align-justify\">Serie FAS-420 Detectores de Aspiraci\u00f3n de Humos: De -20 \u00b0C a +60 \u00b0C.<\/li>\n<li class=\"ql-align-justify\">Sistema de tuber\u00edas de PVC: De 00 \u00b0C a +60 \u00b0C.<\/li>\n<li class=\"ql-align-justify\">Sistema de tuber\u00edas de ABS: -40 \u00b0C a +80 \u00b0C.<\/li>\n<li class=\"ql-align-justify\">Humedad relativa permitida (sin condensaci\u00f3n): Del 10 al 95%.<\/li>\n<\/ul>\n<p><img decoding=\"async\" class=\"overview-center-img-web\" src=\"https:\/\/tvc.mx\/media\/34743\/Logoopaginas-oficial-1920x400.png\" alt=\"\" \/><\/p>\n","protected":false},"excerpt":{"rendered":"<p>Detector de aspiraci\u00f3n de humos FAS\u2011420\u2011TP1 versi\u00f3n LSN improved Los detectores de aspiraci\u00f3n de humos de la serie FAS\u2011420 est\u00e1n especialmente dise\u00f1ados para conectarse directamente a la versi\u00f3n LSN improved de la red de seguridad local, con las caracter\u00edsticas del sistema ampliadas.\u00a0Se trata de sistemas&hellip;<\/p>\n","protected":false},"featured_media":5702,"comment_status":"open","ping_status":"closed","template":"","meta":{"om_disable_all_campaigns":false,"_monsterinsights_skip_tracking":false,"_monsterinsights_sitenote_active":false,"_monsterinsights_sitenote_note":"","_monsterinsights_sitenote_category":0},"product_brand":[],"product_cat":[494],"product_tag":[495,497,498,499,500,501,496,502],"class_list":{"0":"post-5706","1":"product","2":"type-product","3":"status-publish","4":"has-post-thumbnail","6":"product_cat-detectores","7":"product_tag-control-de-incendio","8":"product_tag-detectores","9":"product_tag-estacion-manual","10":"product_tag-estrobos-y-sirenas","11":"product_tag-modulos","12":"product_tag-paneles-de-control","13":"product_tag-sistemas-de-incendio","14":"product_tag-teclados","16":"first","17":"instock","18":"sale","19":"taxable","20":"shipping-taxable","21":"purchasable","22":"product-type-simple"},"aioseo_notices":[],"_links":{"self":[{"href":"https:\/\/tecsecmty.com\/index.php\/wp-json\/wp\/v2\/product\/5706","targetHints":{"allow":["GET"]}}],"collection":[{"href":"https:\/\/tecsecmty.com\/index.php\/wp-json\/wp\/v2\/product"}],"about":[{"href":"https:\/\/tecsecmty.com\/index.php\/wp-json\/wp\/v2\/types\/product"}],"replies":[{"embeddable":true,"href":"https:\/\/tecsecmty.com\/index.php\/wp-json\/wp\/v2\/comments?post=5706"}],"version-history":[{"count":0,"href":"https:\/\/tecsecmty.com\/index.php\/wp-json\/wp\/v2\/product\/5706\/revisions"}],"wp:featuredmedia":[{"embeddable":true,"href":"https:\/\/tecsecmty.com\/index.php\/wp-json\/wp\/v2\/media\/5702"}],"wp:attachment":[{"href":"https:\/\/tecsecmty.com\/index.php\/wp-json\/wp\/v2\/media?parent=5706"}],"wp:term":[{"taxonomy":"product_brand","embeddable":true,"href":"https:\/\/tecsecmty.com\/index.php\/wp-json\/wp\/v2\/product_brand?post=5706"},{"taxonomy":"product_cat","embeddable":true,"href":"https:\/\/tecsecmty.com\/index.php\/wp-json\/wp\/v2\/product_cat?post=5706"},{"taxonomy":"product_tag","embeddable":true,"href":"https:\/\/tecsecmty.com\/index.php\/wp-json\/wp\/v2\/product_tag?post=5706"}],"curies":[{"name":"wp","href":"https:\/\/api.w.org\/{rel}","templated":true}]}}