{"id":5708,"date":"2023-02-23T11:38:02","date_gmt":"2023-02-23T17:38:02","guid":{"rendered":"https:\/\/tecsecmty.com\/index.php\/producto\/bosch-f_fcc380-detector-de-monoxido-de-carbono-macurco-cm-e1\/"},"modified":"2023-03-22T23:21:08","modified_gmt":"2023-03-23T05:21:08","slug":"bosch-f_fcc380-detector-de-monoxido-de-carbono-macurco-cm-e1","status":"publish","type":"product","link":"https:\/\/tecsecmty.com\/index.php\/producto\/bosch-f_fcc380-detector-de-monoxido-de-carbono-macurco-cm-e1\/","title":{"rendered":"BOSCH F_FCC380 &#8211; Detector de MONOXIDO de carbono \/ MACURCO CM E1"},"content":{"rendered":"<h5 class=\"card-title text-center\">FCC-380 Detector CO (Macurco CM\u2011E1)<\/h5>\n<p class=\"ql-align-justify\"><strong>El detector detecta concentraciones de mon\u00f3xido de carbono (CO) en el aire iguales o inferiores a los l\u00edmites de sensibilidad de exposici\u00f3n a CO establecidos por el est\u00e1ndar UL 2034, y lo hace antes de que aparezcan s\u00edntomas de exposici\u00f3n a CO.<\/strong>\u00a0Este sistema avisa al personal de posibles exposiciones mediante alarmas visuales y ac\u00fasticas. Instale el detector en habitaciones contiguas a las zonas donde se esperan concentraciones de CO (estacionamientos o cuartos de calderas). Entre las zonas m\u00e1s habituales se encuentran los dormitorios o los espacios de trabajo.<\/p>\n<p class=\"ql-align-justify\"><strong>Nota:<\/strong><\/p>\n<ul>\n<li class=\"ql-align-justify\">No instale el detector en zonas donde se esperan concentraciones de CO (estacionamientos o cuartos de calderas).<\/li>\n<li class=\"ql-align-justify\">El detector no est\u00e1 dise\u00f1ado para detectar humos, incendios, calor u otros gases (combustibles y no combustibles).<\/li>\n<\/ul>\n<p class=\"ql-align-justify\"><strong>Funciones b\u00e1sicas<\/strong><\/p>\n<p class=\"ql-align-justify\"><strong>Indicadores LED<\/strong><\/p>\n<p class=\"ql-align-justify\">Los indicadores LED con tres colores del detector de CO muestran el estado y el nivel de contaminaci\u00f3n. La luz verde indica que el detector funciona normalmente. La luz \u00e1mbar indica que hay un problema en el sistema. La luz roja indica que los niveles de CO son peligrosos.\u00a0<strong>Funcionamiento con un sistema de alarma<\/strong><\/p>\n<p class=\"ql-align-justify\">Utilice el detector con un panel de control de alarma de incendio con certificaci\u00f3n UL o un panel de control antiincendios o antirrobo certificado. Conecte el detector a un panel de control de alarma a trav\u00e9s de un circuito de iniciaci\u00f3n normalmente abierto o normalmente cerrado. El panel de control debe proporcionar una alarma de CO que sea distinta de las alarmas de incendio o intrusi\u00f3n.<\/p>\n<p class=\"ql-align-justify\"><strong>Funcionamiento como sistema de alarma independiente<\/strong><\/p>\n<p class=\"ql-align-justify\">El detector de CO puede funcionar como un dispositivo independiente. El detector utiliza una alarma interna (fuerte tono repetitivo Temporal 4 en caso de alarma; sonido m\u00e1s suave en caso de problemas en el sensor). Underwriters Laboratories no ha evaluado su uso como dispositivo independiente.<\/p>\n<p class=\"ql-align-justify\"><strong>Certificaciones y aprobaciones<\/strong><\/p>\n<p class=\"ql-align-justify\">Aeronics (Macurco) tiene las certificaciones y aprobaciones. Regi\u00f3n Marcas de calidad\/cumplimiento normativo.<\/p>\n<p class=\"ql-align-justify\">EE. UU. UL<\/p>\n<ul>\n<li class=\"ql-align-justify\">UL 2075, Gas and Vapor Detectors and Sensors.<\/li>\n<li class=\"ql-align-justify\">CSFM see www.boschsecurity.com (the Bosch website).<\/li>\n<\/ul>\n<p class=\"ql-align-justify\"><strong>Notas de configuraci\u00f3n\/instalaci\u00f3n<\/strong><\/p>\n<p class=\"ql-align-justify\"><strong>Informaci\u00f3n sobre compatibilidad<\/strong><\/p>\n<p class=\"ql-align-justify\">Este detector de mon\u00f3xido de carbono es compatible con todos los paneles de control con certificaci\u00f3n UL que tienen una tensi\u00f3n de alimentaci\u00f3n de 12 VCC a 24 VCC y circuitos de activaci\u00f3n de alarmas. El detector tambi\u00e9n puede usarse con fuentes de alimentaci\u00f3n de Clase 2 con certificaci\u00f3n UL.<\/p>\n<p class=\"ql-align-justify\"><strong>Consideraciones para el montaje<\/strong><\/p>\n<p class=\"ql-align-justify\">Hay dos fuentes habituales de CO: fuentes de calor defectuosas (calderas o estufas de le\u00f1a) y autom\u00f3viles en marcha en garajes contiguos. El detector puede detectar CO procedente de estas fuentes, as\u00ed como cualquier otra fuente de CO. Para un mejor funcionamiento, monte un detector en la entrada cerca de cada zona de dormitorio u oficina. Adem\u00e1s, se puede montar otro detector dentro, cerca de la puerta del garaje continuo. Considere la posibilidad de colocar otro detector en los dormitorios u oficinas contiguos a un cuarto de calderas. El detector puede instalarse en una pared o en el techo. Si se instala en un techo elevado, a dos aguas o inclinado, debe colocarse a unos 3 pies (1 m) del punto m\u00e1s alto. La unidad puede colocarse en posici\u00f3n vertical u horizontal en la pared, de forma que la informaci\u00f3n de la parte frontal del detector se pueda leer de manera normal (no boca abajo). No monte el detector en una esquina. Utilice la misma separaci\u00f3n que en los detectores de humo: centros de 9 m (30 pies), 84 m2 (900 pies2 ) por detector.<\/p>\n<p class=\"ql-align-justify\"><strong>Consideraciones del cableado<\/strong><\/p>\n<p class=\"ql-align-justify\">Utilice cables del tama\u00f1o indicado para el lazo del detector:<\/p>\n<ul>\n<li class=\"ql-align-justify\">61 m (200 pies) o menos 0,8 mm (22 AWG).<\/li>\n<li class=\"ql-align-justify\">Hasta 175 m (575 pies) 1 mm (20 AWG).<\/li>\n<li class=\"ql-align-justify\">Hasta 209 m (686 pies) 1,2 mm (18 AWG).<\/li>\n<li class=\"ql-align-justify\">Hasta 396 m (1.300 pies) 1,5 mm (16 AWG).<\/li>\n<li class=\"ql-align-justify\">Hasta 640 m (2.100 pies) 1,8 mm (14 AWG).<\/li>\n<li class=\"ql-align-justify\">Hasta 975 m (3.200 pies) 2,3 mm (12 AWG).<\/li>\n<\/ul>\n<p class=\"ql-align-justify\">Termine todos los lazos con una resistencia final de l\u00ednea, tal y como se indique en las instrucciones de instalaci\u00f3n del panel de control.<\/p>\n<p class=\"ql-align-justify\"><strong>Piezas incluidas<\/strong><\/p>\n<ul>\n<li class=\"ql-align-justify\">1 Detector de mon\u00f3xido de carbono.<\/li>\n<li class=\"ql-align-justify\">1 Conector (5 hilos).<\/li>\n<li class=\"ql-align-justify\">1 Paquete de hardware: 2 tornillos de montaje.<\/li>\n<li class=\"ql-align-justify\">1 Paquete de documentaci\u00f3n: Manual de instalaci\u00f3n.<\/li>\n<\/ul>\n<p class=\"ql-align-justify\"><strong>Nota: FCC-380 Detector CO (Macurco CM\u2011E1)<\/strong><\/p>\n<p class=\"ql-align-justify\"><strong>Detector de mon\u00f3xido de carbono.<\/strong><\/p>\n<p class=\"ql-align-justify\"><strong>N\u00famero de pedido FCC-380<\/strong><\/p>\n<p class=\"ql-align-justify\"><strong>Principales caracter\u00edsticas<\/strong><\/p>\n<p class=\"ql-align-justify\"><strong>Especificaciones<\/strong><\/p>\n<p class=\"ql-align-justify\"><strong>El\u00e9ctricas<\/strong><\/p>\n<p class=\"ql-align-justify\"><strong>Corriente<\/strong><\/p>\n<ul>\n<li class=\"ql-align-justify\">Alarma: De 35 mA a 9 VCC a 32 VCC.<\/li>\n<li class=\"ql-align-justify\">Normal: De 15 mA a 9 VCC a 32 VCC<\/li>\n<\/ul>\n<p class=\"ql-align-justify\"><strong>Tensi\u00f3n<\/strong><\/p>\n<ul>\n<li class=\"ql-align-justify\">Entrada VCC De 9 VCC a 32 VCC.<\/li>\n<\/ul>\n<p class=\"ql-align-justify\"><strong>Ambientales<\/strong><\/p>\n<ul>\n<li class=\"ql-align-justify\">Temperatura (funcionamiento) De +4,4 \u00b0C a +37,8 \u00b0C (de +40 \u00b0F a +100 \u00b0F).<\/li>\n<\/ul>\n<p class=\"ql-align-justify\"><strong>Mec\u00e1nicas<\/strong><\/p>\n<ul>\n<li class=\"ql-align-justify\">Color: Blanco.<\/li>\n<li class=\"ql-align-justify\">Dimensiones (Al. x An. x Pr.) 13 cm x 8 cm x 3,8 cm (5,125 pulg. x 3,125 pulg. x 1,5 pulg.<\/li>\n<li class=\"ql-align-justify\">Peso (env\u00edo) 0,45 kg (1 libra).<\/li>\n<\/ul>\n<p class=\"ql-align-justify\"><strong>Salidas<\/strong><\/p>\n<p class=\"ql-align-justify\"><strong>Alarma<\/strong><\/p>\n<ul>\n<li class=\"ql-align-justify\">Configuraci\u00f3n del rel\u00e9 un SPST NA o NC (sin polaridad).<\/li>\n<li class=\"ql-align-justify\">Potencia del rel\u00e9 100 mA, 40 VCC.<\/li>\n<li class=\"ql-align-justify\">Nivel ac\u00fastico 85 dBA a 3 m (10 pies).<\/li>\n<\/ul>\n<p class=\"ql-align-justify\"><strong>Aver\u00eda<\/strong><\/p>\n<ul>\n<li class=\"ql-align-justify\">Configuraci\u00f3n del rel\u00e9 un SPST NC (sin polaridad).<\/li>\n<li class=\"ql-align-justify\">Potencia del rel\u00e9 100 mA, 40 VCC.<\/li>\n<\/ul>\n<p><img decoding=\"async\" class=\"overview-center-img-web\" src=\"https:\/\/tvc.mx\/media\/33519\/Logoopaginas-oficial-1920x400.png\" alt=\"\" \/><\/p>\n","protected":false},"excerpt":{"rendered":"<p>FCC-380 Detector CO (Macurco CM\u2011E1) El detector detecta concentraciones de mon\u00f3xido de carbono (CO) en el aire iguales o inferiores a los l\u00edmites de sensibilidad de exposici\u00f3n a CO establecidos por el est\u00e1ndar UL 2034, y lo hace antes de que aparezcan s\u00edntomas de exposici\u00f3n&hellip;<\/p>\n","protected":false},"featured_media":5707,"comment_status":"open","ping_status":"closed","template":"","meta":{"om_disable_all_campaigns":false,"_monsterinsights_skip_tracking":false,"_monsterinsights_sitenote_active":false,"_monsterinsights_sitenote_note":"","_monsterinsights_sitenote_category":0},"product_brand":[],"product_cat":[494],"product_tag":[495,497,498,499,500,501,496,502],"class_list":{"0":"post-5708","1":"product","2":"type-product","3":"status-publish","4":"has-post-thumbnail","6":"product_cat-detectores","7":"product_tag-control-de-incendio","8":"product_tag-detectores","9":"product_tag-estacion-manual","10":"product_tag-estrobos-y-sirenas","11":"product_tag-modulos","12":"product_tag-paneles-de-control","13":"product_tag-sistemas-de-incendio","14":"product_tag-teclados","16":"first","17":"instock","18":"sale","19":"taxable","20":"shipping-taxable","21":"purchasable","22":"product-type-simple"},"aioseo_notices":[],"_links":{"self":[{"href":"https:\/\/tecsecmty.com\/index.php\/wp-json\/wp\/v2\/product\/5708","targetHints":{"allow":["GET"]}}],"collection":[{"href":"https:\/\/tecsecmty.com\/index.php\/wp-json\/wp\/v2\/product"}],"about":[{"href":"https:\/\/tecsecmty.com\/index.php\/wp-json\/wp\/v2\/types\/product"}],"replies":[{"embeddable":true,"href":"https:\/\/tecsecmty.com\/index.php\/wp-json\/wp\/v2\/comments?post=5708"}],"version-history":[{"count":0,"href":"https:\/\/tecsecmty.com\/index.php\/wp-json\/wp\/v2\/product\/5708\/revisions"}],"wp:featuredmedia":[{"embeddable":true,"href":"https:\/\/tecsecmty.com\/index.php\/wp-json\/wp\/v2\/media\/5707"}],"wp:attachment":[{"href":"https:\/\/tecsecmty.com\/index.php\/wp-json\/wp\/v2\/media?parent=5708"}],"wp:term":[{"taxonomy":"product_brand","embeddable":true,"href":"https:\/\/tecsecmty.com\/index.php\/wp-json\/wp\/v2\/product_brand?post=5708"},{"taxonomy":"product_cat","embeddable":true,"href":"https:\/\/tecsecmty.com\/index.php\/wp-json\/wp\/v2\/product_cat?post=5708"},{"taxonomy":"product_tag","embeddable":true,"href":"https:\/\/tecsecmty.com\/index.php\/wp-json\/wp\/v2\/product_tag?post=5708"}],"curies":[{"name":"wp","href":"https:\/\/api.w.org\/{rel}","templated":true}]}}