{"id":5710,"date":"2023-02-23T11:38:06","date_gmt":"2023-02-23T17:38:06","guid":{"rendered":"https:\/\/tecsecmty.com\/index.php\/producto\/bosch-f_fcht320r470-detector-convencional-de-temperatura-54-grados-centigrados\/"},"modified":"2023-03-22T23:21:08","modified_gmt":"2023-03-23T05:21:08","slug":"bosch-f_fcht320r470-detector-convencional-de-temperatura-54-grados-centigrados","status":"publish","type":"product","link":"https:\/\/tecsecmty.com\/index.php\/producto\/bosch-f_fcht320r470-detector-convencional-de-temperatura-54-grados-centigrados\/","title":{"rendered":"BOSCH F_FCHT320R470 &#8211; Detector convencional de temperatura 54 grados centigrados"},"content":{"rendered":"<div class=\"row align-items-center padding-bottom-2x\">\n<div class=\"col-md-5\"><img decoding=\"async\" class=\"d-block m-auto img-thumbnail\" src=\"https:\/\/tvc.mx\/media\/627242\/400x300-logo.png\" alt=\" \" \/><\/div>\n<div class=\"col-md-7 text-md-left text-center\">\n<h2>Detector convencional de temperatura 54 grados cent\u00edgrados<\/h2>\n<p class=\"text-muted\">\n<ul>\n<li><span class=\"ql-font-serif\">Alta fiabilidad de detecci\u00f3n gracias a los sistemas electr\u00f3nicos de evaluaci\u00f3n.<\/span><\/li>\n<li><span class=\"ql-font-serif\">Ajuste activo del umbral (compensaci\u00f3n de la deriva) si el sensor \u00f3ptico se ensucia.<\/span><\/li>\n<li><span class=\"ql-font-serif\">Es posible activar un indicador remoto externo de un detector<\/span><\/li>\n<li><span class=\"ql-font-serif\">Bloqueo de extracci\u00f3n mec\u00e1nico (puede activarse\/desactivarse)<\/span><\/li>\n<li><span class=\"ql-font-serif\">Laberinto que repele el polvo y tapa protectora<\/span><\/li>\n<\/ul>\n<p>&nbsp;<\/p>\n<\/div>\n<\/div>\n<hr class=\"padding-bottom-2x\" \/>\n<div class=\"row aling-items-center padding-bottom-2x\">\n<div class=\"col-lg-12\">\n<h5 class=\"card-title text-center\">Res\u00famen<\/h5>\n<p><span class=\"ql-font-serif\">Los detectores de incendios autom\u00e1ticos convencionales serie FCP\u2011320\/FCH\u2011320 establecen nuevos est\u00e1ndares en la tecnolog\u00eda de detecci\u00f3n de incendios a trav\u00e9s de una combinaci\u00f3n de sensores \u00f3pticos, t\u00e9rmicos y qu\u00edmicos (de gas) y un sistema electr\u00f3nico de evaluaci\u00f3n inteligente. Su caracter\u00edstica m\u00e1s excepcional es la capacidad de evitar falsas alarmas, as\u00ed como la velocidad y la precisi\u00f3n de detecci\u00f3n.<\/span><\/p>\n<p><span class=\"ql-font-serif\">El rango de tensi\u00f3n de funcionamiento mejorado de 8,5 V CC a 30 V CC y las dos variantes con resistencia de alarma de 820 \u03a9 o 470 \u03a9 permiten el uso del detector con casi todas las centrales de incendios convencionales<\/span><\/p>\n<p><img decoding=\"async\" class=\"overview-center-img-web\" src=\"https:\/\/tvc.mx\/media\/627250\/encabezado-1920x400.png\" alt=\"\" \/><\/div>\n<\/div>\n<div class=\"row align-items-center padding-bottom-2x\">\n<div class=\"col-md-5\"><img decoding=\"async\" class=\"d-block m-auto img-thumbnail\" src=\"https:\/\/tvc.mx\/media\/627334\/400x300-descripci%C3%B3n-del-sistema.png\" alt=\" \" \/><\/div>\n<div class=\"col-md-7 text-md-left text-center\">\n<h2>Descripci\u00f3n del Sistema<\/h2>\n<p class=\"text-muted\">\n<p>Descripci\u00f3n del Sistema<\/p>\n<p>&nbsp;<\/p>\n<\/div>\n<\/div>\n<hr class=\"padding-bottom-2x\" \/>\n<div class=\"row aling-items-center padding-bottom-2x\">\n<div class=\"col-lg-12\">\n<h5 class=\"card-title text-center\">Funciones<\/h5>\n<p><span class=\"ql-font-serif\">Cada detector multisensor FCP-OC320 o FCP-OT320 combina dos principios de detecci\u00f3n. Todas las se\u00f1ales del sensor se analizan continuamente mediante el sistema electr\u00f3nico de evaluaci\u00f3n interno y la vinculaci\u00f3n entre ellas.<\/span><\/p>\n<p><span class=\"ql-font-serif\">Si una combinaci\u00f3n de se\u00f1ales coincide con el campo de c\u00f3digo programado del detector, se dispara autom\u00e1ticamente una alarma. Mediante la vinculaci\u00f3n de los sensores, los detectores combinados pueden usarse tambi\u00e9n en lugares donde la actividad realizada produzca algo de humo, vapor o polvo.<\/span><\/p>\n<p><strong class=\"ql-font-serif\">Sensor \u00f3ptico (sensor de humo)<\/strong><\/p>\n<p><span class=\"ql-font-serif\">El sensor \u00f3ptico usa el m\u00e9todo de dispersi\u00f3n de luz. Un LED transmite luz a la c\u00e1mara de medici\u00f3n, donde es absorbida por la estructura laber\u00edntica. En caso de incendio, el humo penetra en la c\u00e1mara de medici\u00f3n y las part\u00edculas de humo reflejan la luz del LED. La cantidad de luz que llega al fotodiodo se convierte en una se\u00f1al el\u00e9ctrica proporcional.<\/span><\/p>\n<p><strong class=\"ql-font-serif\">Sensor t\u00e9rmico (sensor de temperatura)<\/strong><\/p>\n<p><span class=\"ql-font-serif\">Se utiliza un termistor en una red de resistencias como sensor t\u00e9rmico; un convertidor anal\u00f3gico-digital mide la tensi\u00f3n dependiente de la temperatura a intervalos regulares.<\/span><\/p>\n<p><span class=\"ql-font-serif\">Cuando se supera la temperatura m\u00e1xima de 54 \u00b0C (m\u00e1ximo t\u00e9rmico), o si la temperatura se eleva un valor determinado en un periodo de tiempo especificado, (diferencial t\u00e9rmico), el sensor de temperatura activa el estado de alarma.<\/span><\/p>\n<p><strong class=\"ql-font-serif\">Sensor qu\u00edmico (sensor de gas CO)<\/strong><\/p>\n<p><span class=\"ql-font-serif\">La funci\u00f3n principal del sensor de gas es detectar el mon\u00f3xido de carbono (CO) generado como consecuencia de un incendio, pero tambi\u00e9n detecta hidr\u00f3geno (H) y mon\u00f3xido de nitr\u00f3geno (NO). El valor de la se\u00f1al del sensor es proporcional a la concentraci\u00f3n de gas. El sensor de gas proporciona informaci\u00f3n adicional para evitar con eficacia los valores enga\u00f1osos.<\/span><\/p>\n<p><span class=\"ql-font-serif\">En funci\u00f3n de la vida \u00fatil del sensor de gas, el detector OC 320 anula los sensores C tras cinco a\u00f1os de funcionamiento. El detector continuar\u00e1 funcionando como un detector O. En tal caso, el detector se debe sustituir inmediatamente para seguir garantizando la mayor fiabilidad de detecci\u00f3n del detector OC.<\/span><\/p>\n<p><img decoding=\"async\" class=\"overview-center-img-web\" src=\"https:\/\/tvc.mx\/media\/627354\/encabezado-1920x400.png\" alt=\"\" \/><\/div>\n<\/div>\n<div class=\"row align-items-center padding-bottom-2x\">\n<div class=\"col-md-5\"><img decoding=\"async\" class=\"d-block m-auto img-thumbnail\" src=\"https:\/\/tvc.mx\/media\/627370\/400x300-certificaciones-y-aprobaciones.png\" alt=\" \" \/><\/div>\n<div class=\"col-md-7 text-md-left text-center\">\n<h2>Certificaciones y aprobaciones<\/h2>\n<p class=\"text-muted\">\n<p>Certificaciones y aprobaciones<\/p>\n<p>&nbsp;<\/p>\n<\/div>\n<\/div>\n<hr class=\"padding-bottom-2x\" \/>\n<div class=\"row align-items-center padding-bottom-2x\">\n<div class=\"col-md-5\"><img decoding=\"async\" class=\"d-block m-auto img-thumbnail\" src=\"https:\/\/tvc.mx\/media\/627378\/400x300-certificaciones-y-aprobaciones-cont.png\" alt=\" \" \/><\/div>\n<div class=\"col-md-7 text-md-left text-center\">\n<h2>Certificaciones y aprobaciones, cont.<\/h2>\n<p class=\"text-muted\">\n<p>Certificaciones y aprobaciones<\/p>\n<p>&nbsp;<\/p>\n<\/div>\n<\/div>\n<hr class=\"padding-bottom-2x\" \/>\n<div class=\"row aling-items-center padding-bottom-2x\">\n<div class=\"col-lg-12\">\n<h5 class=\"card-title text-center\">Notas de configuraci\u00f3n\/instalaci\u00f3n<\/h5>\n<ul>\n<li><span class=\"ql-font-serif\">Se pueden conectar hasta 32 detectores por l\u00ednea primaria.<\/span><\/li>\n<li><span class=\"ql-font-serif\">Longitud m\u00e1xima del cable: 1000 m, para J-Y(St) Y n x 2 x 0,6\/0,8<\/span><\/li>\n<li><span class=\"ql-font-serif\">Se deben tener en cuenta los est\u00e1ndares y directrices espec\u00edficos del pa\u00eds durante la fase de dise\u00f1o.<\/span><\/li>\n<li><span class=\"ql-font-serif\">El detector se puede pintar (parte superior y base) para que se adapte a los colores del entorno.<\/span><\/li>\n<\/ul>\n<p class=\"ql-indent-1\"><span class=\"ql-font-serif\">Consulte la informaci\u00f3n contenida en Painting Instructions (n\u00famero de documento F.01U.089.231).<\/span><\/p>\n<p><strong class=\"ql-font-serif\">Las notas de instalaci\u00f3n\/configuraci\u00f3n cumplen con la norma VdS\/VDE\/DIBt<\/strong><\/p>\n<ul>\n<li><span class=\"ql-font-serif\">El dise\u00f1o de los detectores multisensor sigue las directrices para detectores \u00f3pticos, a no ser que est\u00e9 disponible una directriz de dise\u00f1o VdS espec\u00edfica (consulte DIN VDE 0833 Parte 2 y VDS 2095).<\/span><\/li>\n<li><span class=\"ql-font-serif\">Los tipos OC y OT se han dise\u00f1ado usando las directrices para detectores \u00f3pticos si se utilizan como detectores \u00f3pticos o como detectorescombinados; consulte DIN VDE 0833 Parte 2 y VDS 2095.<\/span><\/li>\n<li><span class=\"ql-font-serif\">Cuando se dise\u00f1en barreras de incendios seg\u00fan DIBt, se debe usar el FCH-T320-FSA; su curva caracter\u00edstica se corresponde con la clase A1R.<\/span><\/li>\n<\/ul>\n<p><img decoding=\"async\" class=\"overview-center-img-web\" src=\"https:\/\/tvc.mx\/media\/627394\/encabezado-1920x400.png\" alt=\"\" \/><\/div>\n<\/div>\n<div class=\"row aling-items-center padding-bottom-2x\">\n<div class=\"col-lg-12\">\n<h5 class=\"card-title text-center\">Especificaciones t\u00e9cnicas<\/h5>\n<p>Especificaciones t\u00e9cnicas<\/p>\n<p><img decoding=\"async\" class=\"overview-center-img-web\" src=\"https:\/\/tvc.mx\/media\/627426\/1920x400-caract.png\" alt=\"\" \/><\/div>\n<\/div>\n","protected":false},"excerpt":{"rendered":"<p>Detector convencional de temperatura 54 grados cent\u00edgrados Alta fiabilidad de detecci\u00f3n gracias a los sistemas electr\u00f3nicos de evaluaci\u00f3n. Ajuste activo del umbral (compensaci\u00f3n de la deriva) si el sensor \u00f3ptico se ensucia. Es posible activar un indicador remoto externo de un detector Bloqueo de extracci\u00f3n&hellip;<\/p>\n","protected":false},"featured_media":5709,"comment_status":"open","ping_status":"closed","template":"","meta":{"om_disable_all_campaigns":false,"_monsterinsights_skip_tracking":false,"_monsterinsights_sitenote_active":false,"_monsterinsights_sitenote_note":"","_monsterinsights_sitenote_category":0},"product_brand":[],"product_cat":[494],"product_tag":[495,497,498,499,500,501,496,502],"class_list":{"0":"post-5710","1":"product","2":"type-product","3":"status-publish","4":"has-post-thumbnail","6":"product_cat-detectores","7":"product_tag-control-de-incendio","8":"product_tag-detectores","9":"product_tag-estacion-manual","10":"product_tag-estrobos-y-sirenas","11":"product_tag-modulos","12":"product_tag-paneles-de-control","13":"product_tag-sistemas-de-incendio","14":"product_tag-teclados","16":"first","17":"instock","18":"sale","19":"taxable","20":"shipping-taxable","21":"purchasable","22":"product-type-simple"},"aioseo_notices":[],"_links":{"self":[{"href":"https:\/\/tecsecmty.com\/index.php\/wp-json\/wp\/v2\/product\/5710","targetHints":{"allow":["GET"]}}],"collection":[{"href":"https:\/\/tecsecmty.com\/index.php\/wp-json\/wp\/v2\/product"}],"about":[{"href":"https:\/\/tecsecmty.com\/index.php\/wp-json\/wp\/v2\/types\/product"}],"replies":[{"embeddable":true,"href":"https:\/\/tecsecmty.com\/index.php\/wp-json\/wp\/v2\/comments?post=5710"}],"version-history":[{"count":0,"href":"https:\/\/tecsecmty.com\/index.php\/wp-json\/wp\/v2\/product\/5710\/revisions"}],"wp:featuredmedia":[{"embeddable":true,"href":"https:\/\/tecsecmty.com\/index.php\/wp-json\/wp\/v2\/media\/5709"}],"wp:attachment":[{"href":"https:\/\/tecsecmty.com\/index.php\/wp-json\/wp\/v2\/media?parent=5710"}],"wp:term":[{"taxonomy":"product_brand","embeddable":true,"href":"https:\/\/tecsecmty.com\/index.php\/wp-json\/wp\/v2\/product_brand?post=5710"},{"taxonomy":"product_cat","embeddable":true,"href":"https:\/\/tecsecmty.com\/index.php\/wp-json\/wp\/v2\/product_cat?post=5710"},{"taxonomy":"product_tag","embeddable":true,"href":"https:\/\/tecsecmty.com\/index.php\/wp-json\/wp\/v2\/product_tag?post=5710"}],"curies":[{"name":"wp","href":"https:\/\/api.w.org\/{rel}","templated":true}]}}