{"id":5718,"date":"2023-02-23T11:38:14","date_gmt":"2023-02-23T17:38:14","guid":{"rendered":"https:\/\/tecsecmty.com\/index.php\/producto\/bosch-f_fray5000lrkit-kit-con-3-prismas-adicionales-para-rangos-entre-50-y-100-metros\/"},"modified":"2023-03-22T23:21:14","modified_gmt":"2023-03-23T05:21:14","slug":"bosch-f_fray5000lrkit-kit-con-3-prismas-adicionales-para-rangos-entre-50-y-100-metros","status":"publish","type":"product","link":"https:\/\/tecsecmty.com\/index.php\/producto\/bosch-f_fray5000lrkit-kit-con-3-prismas-adicionales-para-rangos-entre-50-y-100-metros\/","title":{"rendered":"BOSCH F_FRAY5000LRKIT &#8211; Kit con 3 PRISMAS adicionales para rangos entre 50 y 100 metros"},"content":{"rendered":"<div class=\"row aling-items-center padding-bottom-2x\">\n<div class=\"col-lg-12\">\n<h5 class=\"card-title text-center\">FRAY5000-LR-KIT Kit extensi\u00f3n de largo alcance 3 prismas adicionales<\/h5>\n<p class=\"ql-align-justify\"><strong>El detector de humos lineal Fireray5000\u2011UL cubre distancias de entre 8 m y 100 m (26,25 pies y 330 pies).<\/strong>\u00a0Un prisma reflectante permite detectar de forma precisa part\u00edculas de humo dentro de un rango de distancia determinado. Para rangos de entre 8 m y 50 m (26,25 pies y 164 pies), es suficiente con un prisma.<\/p>\n<p class=\"ql-align-justify\">Para rangos de entre 50 m y 100 m (164 pies y 330 pies), se requieren cuatro prismas. Los prismas adicionales se incluyen en el kit de largo alcance FRay5000\u2011LR\u2011Kit. Las principales zonas de aplicaci\u00f3n son salas amplias como las de edificios hist\u00f3ricos, iglesias, museos, centros comerciales, naves industriales, almacenes, etc.<\/p>\n<p class=\"ql-align-justify\">El detector lineal de humos Fireray5000\u2011UL es apto para su uso en zonas en las que no resulta pr\u00e1ctico el uso de detectores autom\u00e1ticos de tipo pulsador. El detector de humos lineal Fireray5000-UL se puede actualizar con un cabezal del detector adicional FRAY5000-HEAD-UL. El controlador del sistema puede controlar dos detectores. Cada cabezal se puede programar de forma independiente.<\/p>\n<p><img decoding=\"async\" class=\"overview-center-img-web\" src=\"https:\/\/tvc.mx\/media\/379743\/BANNER-INCENDIO.png\" alt=\"\" \/><\/p>\n<\/div>\n<\/div>\n<div class=\"row align-items-center padding-bottom-2x\">\n<div class=\"col-md-5 order-md-2\"><img decoding=\"async\" class=\"d-block m-auto img-thumbnail\" src=\"https:\/\/tvc.mx\/media\/379807\/Sin-t%C3%ADtulo-7.png\" alt=\" \" \/><\/div>\n<div class=\"col-md-7 order-md-1 text-md-left text-center\">\n<h2>Descripci\u00f3n inicial<\/h2>\n<p class=\"ql-align-justify\"><strong>Funciones b\u00e1sicas<\/strong><\/p>\n<p class=\"ql-align-justify\">El transmisor emite un haz infrarrojo (850 nm) que se enfoca a trav\u00e9s de una lente. El prisma montado en el lado opuesto, refleja el haz y \u00e9ste vuelve a la combinaci\u00f3n transmisor\/receptor. Si el humo oculta el haz IR y la se\u00f1al recibida desciende por debajo del valor del umbral seleccionado (est\u00e1ndar: 10 seg., ajustable) el detector activa una alarma de incendio y el rel\u00e9 de la alarma se cierra. La sensibilidad se puede ajustar a las condiciones ambientales. La configuraci\u00f3n por defecto de 25% (sensible), 35% y 50% (no sensible) puede cambiarse en incrementos de 1%. Todos los detectores se pueden ajustar de forma individual. El ajuste est\u00e1ndar es 35%. El rel\u00e9 de alarma puede establecerse en modo de reset autom\u00e1tico o bloqueado.<\/p>\n<p class=\"ql-align-justify\"><strong>Los LED indican tres estados de funcionamiento diferentes:<\/strong><\/p>\n<ul>\n<li class=\"ql-align-justify\">Alarma.<\/li>\n<li class=\"ql-align-justify\">Aver\u00eda.<\/li>\n<li class=\"ql-align-justify\">Funcionamiento.<\/li>\n<\/ul>\n<p class=\"ql-align-justify\">Puede controlar y configurar todos los par\u00e1metros mediante el controlador del sistema y la pantalla LCD de cada cabezal de detector.<\/p>\n<p class=\"ql-align-justify\">Los cambios lentos en los estados de funcionamiento (por ejemplo, el deterioro de los componentes, la contaminaci\u00f3n de la \u00f3ptica, etc.) no provocan falsas alarmas, pero se compensan con el control autom\u00e1tico de ganancia. Cada 15 minutos, se compara el estado del sistema con un valor de referencia predeterminado y cuando se producen desviaciones, se corrigen autom\u00e1ticamente a 0,17 dB\/h. Si se alcanza el l\u00edmite de compensaci\u00f3n, aparece la se\u00f1al de aver\u00eda. Si, en los 2 segundos siguientes, se oculta el haz IR durante 10 segundos o m\u00e1s y el oscurecimiento es superior al 87% (configurable por el operador), el rel\u00e9 de aver\u00eda se conmuta. La existencia de obst\u00e1culos en el recorrido del haz o el hecho de cubrir el reflector pueden causar aver\u00edas. Tan pronto como desaparezca la causa de la aver\u00eda, el rel\u00e9 de aver\u00eda desaparece tambi\u00e9n y transcurridos 5 segundos, el detector vuelve autom\u00e1ticamente al funcionamiento est\u00e1ndar. La central de incendios se debe restablecer por separado.<\/p>\n<p class=\"ql-align-justify\">El sistema dispone de una salida de alarma que es un rel\u00e9 con contacto de conmutaci\u00f3n sin tensi\u00f3n.<\/p>\n<p class=\"ql-align-justify\"><strong>Piezas incluidas<\/strong><\/p>\n<ul>\n<li class=\"ql-align-justify\">3 Prismas adicionales para Fireray5000-EN y Fireray5000-UL<\/li>\n<\/ul>\n<p class=\"ql-align-justify\"><strong>Nota: FRAY5000-LR-KIT Kit extensi\u00f3n, largo alcance 3 prismas adicionales para Fireray5000-EN y Fireray5000-UL, para rangos entre 50 y 100 metros (entre 164 y 328 pies).<\/strong><\/p>\n<p class=\"ql-align-justify\"><strong>N\u00famero de pedido: FRAY5000-LR-KIT\u00a0<\/strong><\/p>\n<\/div>\n<\/div>\n","protected":false},"excerpt":{"rendered":"<p>FRAY5000-LR-KIT Kit extensi\u00f3n de largo alcance 3 prismas adicionales El detector de humos lineal Fireray5000\u2011UL cubre distancias de entre 8 m y 100 m (26,25 pies y 330 pies).\u00a0Un prisma reflectante permite detectar de forma precisa part\u00edculas de humo dentro de un rango de distancia&hellip;<\/p>\n","protected":false},"featured_media":5717,"comment_status":"open","ping_status":"closed","template":"","meta":{"om_disable_all_campaigns":false,"_monsterinsights_skip_tracking":false,"_monsterinsights_sitenote_active":false,"_monsterinsights_sitenote_note":"","_monsterinsights_sitenote_category":0},"product_brand":[],"product_cat":[494],"product_tag":[495,497,498,499,500,501,496,502],"class_list":{"0":"post-5718","1":"product","2":"type-product","3":"status-publish","4":"has-post-thumbnail","6":"product_cat-detectores","7":"product_tag-control-de-incendio","8":"product_tag-detectores","9":"product_tag-estacion-manual","10":"product_tag-estrobos-y-sirenas","11":"product_tag-modulos","12":"product_tag-paneles-de-control","13":"product_tag-sistemas-de-incendio","14":"product_tag-teclados","16":"first","17":"instock","18":"sale","19":"taxable","20":"shipping-taxable","21":"purchasable","22":"product-type-simple"},"aioseo_notices":[],"_links":{"self":[{"href":"https:\/\/tecsecmty.com\/index.php\/wp-json\/wp\/v2\/product\/5718","targetHints":{"allow":["GET"]}}],"collection":[{"href":"https:\/\/tecsecmty.com\/index.php\/wp-json\/wp\/v2\/product"}],"about":[{"href":"https:\/\/tecsecmty.com\/index.php\/wp-json\/wp\/v2\/types\/product"}],"replies":[{"embeddable":true,"href":"https:\/\/tecsecmty.com\/index.php\/wp-json\/wp\/v2\/comments?post=5718"}],"version-history":[{"count":0,"href":"https:\/\/tecsecmty.com\/index.php\/wp-json\/wp\/v2\/product\/5718\/revisions"}],"wp:featuredmedia":[{"embeddable":true,"href":"https:\/\/tecsecmty.com\/index.php\/wp-json\/wp\/v2\/media\/5717"}],"wp:attachment":[{"href":"https:\/\/tecsecmty.com\/index.php\/wp-json\/wp\/v2\/media?parent=5718"}],"wp:term":[{"taxonomy":"product_brand","embeddable":true,"href":"https:\/\/tecsecmty.com\/index.php\/wp-json\/wp\/v2\/product_brand?post=5718"},{"taxonomy":"product_cat","embeddable":true,"href":"https:\/\/tecsecmty.com\/index.php\/wp-json\/wp\/v2\/product_cat?post=5718"},{"taxonomy":"product_tag","embeddable":true,"href":"https:\/\/tecsecmty.com\/index.php\/wp-json\/wp\/v2\/product_tag?post=5718"}],"curies":[{"name":"wp","href":"https:\/\/api.w.org\/{rel}","templated":true}]}}