{"id":5720,"date":"2023-02-23T11:38:16","date_gmt":"2023-02-23T17:38:16","guid":{"rendered":"https:\/\/tecsecmty.com\/index.php\/producto\/bosch-f_frayoneul-detector-beam-5-a-120m\/"},"modified":"2023-03-22T23:21:14","modified_gmt":"2023-03-23T05:21:14","slug":"bosch-f_frayoneul-detector-beam-5-a-120m","status":"publish","type":"product","link":"https:\/\/tecsecmty.com\/index.php\/producto\/bosch-f_frayoneul-detector-beam-5-a-120m\/","title":{"rendered":"BOSCH F_FRAYONEUL- DETECTOR BEAM 5 A 120M."},"content":{"rendered":"<div class=\"row aling-items-center padding-bottom-2x\">\n<div class=\"col-lg-12\">\n<h5 class=\"card-title text-center\">BOSCH F_FRAYONEUL- DETECTOR BEAM 5 A 120M.<\/h5>\n<p>BOSCH F_FRAYONEUL- DETECTOR BEAM 5 A 120M.<\/p>\n<p><img decoding=\"async\" class=\"overview-center-img-web\" src=\"https:\/\/tvc.mx\/media\/590967\/encabezado-1920x400.png\" alt=\"\" \/><\/div>\n<\/div>\n<div class=\"row align-items-center padding-bottom-2x\">\n<div class=\"col-md-5 order-md-2\"><img decoding=\"async\" class=\"d-block m-auto img-thumbnail\" src=\"https:\/\/tvc.mx\/media\/590987\/400x300-al-150.png\" alt=\" \" \/><\/div>\n<div class=\"col-md-7 order-md-1 text-md-left text-center\">\n<h2>Res\u00famen<\/h2>\n<p class=\"text-muted\">\n<p>El FRAY-ONE-UL es un detector de haz lineal retrorreflector rentable y de f\u00e1cil montaje. Abarca distancias de entre 5\u00a0m y 120\u00a0m. Un reflector permite la detecci\u00f3n precisa de las part\u00edculas de humo dentro del rango de distancia dado. Para rangos comprendidos entre los 5 y los 50 metros, basta con un \u00fanico prisma. Para rangos comprendidos entre 50 m y 120 m, se requieren cuatro prismas. Los prismas adicionales est\u00e1n incluidos en FRAY5000-LR-KIT. Las principales zonas de aplicaci\u00f3n son salas amplias como las de edificios hist\u00f3ricos, iglesias, museos, centros comerciales, naves industriales, almacenes, etc. FRAY-ONE-UL es apto para uso en zonas donde los detectores de tipo puntual no resultan efectivos.<\/p>\n<ul>\n<li>Unidad de control integrada<\/li>\n<li>Auto-Alignment con cabezal del detector motorizado<\/li>\n<li>Light Cancellation Technology<\/li>\n<li>Building Movement Tracking<\/li>\n<li>Rango de detecci\u00f3n hasta 120\u00a0m<\/li>\n<\/ul>\n<p>&nbsp;<\/p>\n<\/div>\n<\/div>\n<hr class=\"padding-bottom-2x\" \/>\n<div class=\"row aling-items-center padding-bottom-2x\">\n<div class=\"col-lg-12\">\n<h5 class=\"card-title text-center\">Funciones<\/h5>\n<p><strong>Rendimiento de la detecci\u00f3n<\/strong><\/p>\n<p>\u2022 Rango de detecci\u00f3n: 0\u00a0a 50 m o 0\u00a0a 120 m con kit de reflectante de largo alcance<\/p>\n<p>\u2022 M\u00e9todo de alineaci\u00f3n: asistido por l\u00e1ser, AutoAlignment\u2122. Alineaci\u00f3n manual &#8211; configuraci\u00f3n opcional<\/p>\n<p>\u2022 Protocolo Auto-Alignment\u2122: comprobaci\u00f3n de fondo, b\u00fasqueda de cuadro, ajustar y centrar<\/p>\n<p>\u2022 Building Movement Tracking\u2122: compensa los desplazamientos naturales en alineaci\u00f3n del movimiento de edificios<\/p>\n<p>\u2022 Compensaci\u00f3n de contaminaci\u00f3n: compensa la acumulaci\u00f3n gradual de la contaminaci\u00f3n en las superficies \u00f3pticas<\/p>\n<p>\u2022 Light Cancellation Technology\u2122: compensa los altos niveles de luz solar y de iluminaci\u00f3n artificial \u2022 Detecci\u00f3n de humo &#8211; longitud de onda \u00f3ptica: 850 nm infrarrojo cercano (invisible)<\/p>\n<p>\u2022 L\u00e1ser integrado &#8211; alineaci\u00f3n l\u00e1ser: 650 nm visible Clase IIIa &lt; 5 mW<\/p>\n<p>\u2022 Ajuste de fase din\u00e1mico del haz: permite que los detectores de haz se monten uno enfrente de otro con los reflectores en el medio. Elimina las falsas alarmas causadas por la interferencia entre haces<\/p>\n<p>\u2022 Salida de se\u00f1ales: rel\u00e9s individuales de alarma y aver\u00eda (contacto seco) 0,5\u00a0A a 30\u00a0V CC Configuraci\u00f3n de usuario programable<\/p>\n<p>\u2022 Niveles del umbral de respuesta de alarma: \u2013 25\u00a0% &#8211; &lt;7 m \u2013 25\u00a0%, 35\u00a0% &#8211; 7 m &#8211; 17 m \u2013 35\u00a0%, 55\u00a0% &#8211; 17 m &#8211; 33 m \u2013 55\u00a0%, 85\u00a0% &#8211; 53 m &#8211; 120 m<\/p>\n<p>\u2022 Retardo de alarma: 10 segundos, para obstrucci\u00f3n parcial moment\u00e1neamente de la trayectoria del haz \u2022 Retardo de aver\u00eda: 10 segundos, para obstrucci\u00f3n moment\u00e1nea de la trayectoria del haz Caracter\u00edsticas de usuario<\/p>\n<p>\u2022 Interfaz de usuario integrada: conmutador de modo alineaci\u00f3n, botones de alineaci\u00f3n direccionales y conmutadores de configuraci\u00f3n de umbral de respuesta de alarma<\/p>\n<p>\u2022 Indicaci\u00f3n del estado de alineaci\u00f3n: dos LED verdes y un LED amarillo<\/p>\n<p>\u2022 Indicaci\u00f3n de estado del sistema:<\/p>\n<p class=\"ql-indent-1\">\u2013 Funcionamiento normal: LED verde que parpadea cada 10 segundos<\/p>\n<p class=\"ql-indent-1\">\u2013 Condici\u00f3n de alarma: LED rojo que parpadea cada 10 segundos<\/p>\n<p class=\"ql-indent-1\">\u2013 Condici\u00f3n de aver\u00eda: LED amarillo que parpadea cada 10 segundos en caso de oscurecimiento o cada 5 segundos en caso de contaminaci\u00f3n<\/p>\n<p>\u2022 Limpieza: cara frontal plana con \u00f3ptica cerrada. La limpieza de la \u00f3ptica no afecta al alineamiento.<\/p>\n<p><strong>Par\u00e1metros de dise\u00f1o<\/strong><\/p>\n<p>\u2022 Distancia de la trayectoria del haz: 1\u00a0m de di\u00e1metro desde la l\u00ednea central entre el detector y el reflector<\/p>\n<p>\u2022 Ubicaci\u00f3n del detector: dentro del flujo de chorro del techo (10\u00a0% superior de la altura del suelo al techo), a menos que se estipule lo contrario Cableado de campo<\/p>\n<p>\u2022 Secci\u00f3n y tipo de cable:<\/p>\n<p class=\"ql-indent-1\">\u2013 3 conductores, dedicados, 22-14 AWG<\/p>\n<p class=\"ql-indent-1\">\u2013 Sistema compatible con cable ign\u00edfugo y no ign\u00edfugo que cumple con las normas de instalaci\u00f3n locales<\/p>\n<p>\u2022 Entrada de cable:<\/p>\n<p class=\"ql-indent-1\">\u2013 tres ubicaciones troquelables que admiten prensaestopas M20, 12,7 mm o 19 mm<\/p>\n<p class=\"ql-indent-1\">\u2013 cuatro ubicaciones perforables que admiten prensaestopas de hasta 21\u00a0mm de di\u00e1metro<\/p>\n<p><img decoding=\"async\" class=\"overview-center-img-web\" src=\"https:\/\/tvc.mx\/media\/591083\/encabezado-1920x400.png\" alt=\"\" \/><\/div>\n<\/div>\n<div class=\"row align-items-center padding-bottom-2x\">\n<div class=\"col-md-5 order-md-2\"><img decoding=\"async\" class=\"d-block m-auto img-thumbnail\" src=\"https:\/\/tvc.mx\/media\/591099\/400x300-certificaciones.png\" alt=\" \" \/><\/div>\n<div class=\"col-md-7 order-md-1 text-md-left text-center\">\n<h2>Certificaciones y aprobaciones<\/h2>\n<p class=\"text-muted\">\n<p>Certificaciones y aprobaciones<\/p>\n<p>&nbsp;<\/p>\n<\/div>\n<\/div>\n<hr class=\"padding-bottom-2x\" \/>\n<div class=\"row align-items-center padding-bottom-2x\">\n<div class=\"col-md-5 order-md-2\"><img decoding=\"async\" class=\"d-block m-auto img-thumbnail\" src=\"https:\/\/tvc.mx\/media\/591103\/400x300-piezas-incluidas-110-por-ciento.png\" alt=\" \" \/><\/div>\n<div class=\"col-md-7 order-md-1 text-md-left text-center\">\n<h2>Piezas incluidas<\/h2>\n<p class=\"text-muted\">\n<p>Piezas incluidas<\/p>\n<p>&nbsp;<\/p>\n<\/div>\n<\/div>\n<hr class=\"padding-bottom-2x\" \/>\n<div class=\"row aling-items-center padding-bottom-2x\">\n<div class=\"col-lg-12\">\n<h5 class=\"card-title text-center\">Especificaciones t\u00e9cnicas<\/h5>\n<p>Especificaciones t\u00e9cnicas<\/p>\n<p><img decoding=\"async\" class=\"overview-center-img-web\" src=\"https:\/\/tvc.mx\/media\/591115\/1920x400-especificaciones-t%C3%A9cnicas-al-110.png\" alt=\"\" \/><\/div>\n<\/div>\n","protected":false},"excerpt":{"rendered":"<p>BOSCH F_FRAYONEUL- DETECTOR BEAM 5 A 120M. BOSCH F_FRAYONEUL- DETECTOR BEAM 5 A 120M. Res\u00famen El FRAY-ONE-UL es un detector de haz lineal retrorreflector rentable y de f\u00e1cil montaje. Abarca distancias de entre 5\u00a0m y 120\u00a0m. Un reflector permite la detecci\u00f3n precisa de las part\u00edculas&hellip;<\/p>\n","protected":false},"featured_media":5719,"comment_status":"open","ping_status":"closed","template":"","meta":{"om_disable_all_campaigns":false,"_monsterinsights_skip_tracking":false,"_monsterinsights_sitenote_active":false,"_monsterinsights_sitenote_note":"","_monsterinsights_sitenote_category":0},"product_brand":[],"product_cat":[494],"product_tag":[495,497,498,499,500,501,496,502],"class_list":{"0":"post-5720","1":"product","2":"type-product","3":"status-publish","4":"has-post-thumbnail","6":"product_cat-detectores","7":"product_tag-control-de-incendio","8":"product_tag-detectores","9":"product_tag-estacion-manual","10":"product_tag-estrobos-y-sirenas","11":"product_tag-modulos","12":"product_tag-paneles-de-control","13":"product_tag-sistemas-de-incendio","14":"product_tag-teclados","16":"first","17":"instock","18":"sale","19":"taxable","20":"shipping-taxable","21":"purchasable","22":"product-type-simple"},"aioseo_notices":[],"_links":{"self":[{"href":"https:\/\/tecsecmty.com\/index.php\/wp-json\/wp\/v2\/product\/5720","targetHints":{"allow":["GET"]}}],"collection":[{"href":"https:\/\/tecsecmty.com\/index.php\/wp-json\/wp\/v2\/product"}],"about":[{"href":"https:\/\/tecsecmty.com\/index.php\/wp-json\/wp\/v2\/types\/product"}],"replies":[{"embeddable":true,"href":"https:\/\/tecsecmty.com\/index.php\/wp-json\/wp\/v2\/comments?post=5720"}],"version-history":[{"count":0,"href":"https:\/\/tecsecmty.com\/index.php\/wp-json\/wp\/v2\/product\/5720\/revisions"}],"wp:featuredmedia":[{"embeddable":true,"href":"https:\/\/tecsecmty.com\/index.php\/wp-json\/wp\/v2\/media\/5719"}],"wp:attachment":[{"href":"https:\/\/tecsecmty.com\/index.php\/wp-json\/wp\/v2\/media?parent=5720"}],"wp:term":[{"taxonomy":"product_brand","embeddable":true,"href":"https:\/\/tecsecmty.com\/index.php\/wp-json\/wp\/v2\/product_brand?post=5720"},{"taxonomy":"product_cat","embeddable":true,"href":"https:\/\/tecsecmty.com\/index.php\/wp-json\/wp\/v2\/product_cat?post=5720"},{"taxonomy":"product_tag","embeddable":true,"href":"https:\/\/tecsecmty.com\/index.php\/wp-json\/wp\/v2\/product_tag?post=5720"}],"curies":[{"name":"wp","href":"https:\/\/api.w.org\/{rel}","templated":true}]}}