{"id":5722,"date":"2023-02-23T11:38:17","date_gmt":"2023-02-23T17:38:17","guid":{"rendered":"https:\/\/tecsecmty.com\/index.php\/producto\/bosch-f_ms400b-base-con-logo-bosch-co-mpatibe-con-sensores-serie-425\/"},"modified":"2023-03-22T23:21:15","modified_gmt":"2023-03-23T05:21:15","slug":"bosch-f_ms400b-base-con-logo-bosch-co-mpatibe-con-sensores-serie-425","status":"publish","type":"product","link":"https:\/\/tecsecmty.com\/index.php\/producto\/bosch-f_ms400b-base-con-logo-bosch-co-mpatibe-con-sensores-serie-425\/","title":{"rendered":"BOSCH F_MS400B &#8211; Base con LOGO BOSCH CO MPATIBE con sensores serie 425"},"content":{"rendered":"<div class=\"row aling-items-center padding-bottom-2x\">\n<div class=\"col-lg-12\">\n<h5 class=\"card-title text-center\">MS 400 Bases de detector<\/h5>\n<p class=\"ql-align-justify\">\n<p><img decoding=\"async\" class=\"overview-center-img- aligncenter\" src=\"https:\/\/tvc.mx\/media\/11953\/Logoopaginas-oficial.png\" alt=\"\" \/><\/div>\n<\/div>\n<div class=\"row align-items-center padding-bottom-2x\">\n<div class=\"col-md-5\"><img decoding=\"async\" class=\"d-block m-auto img-thumbnail\" src=\"https:\/\/tvc.mx\/media\/83589\/MS-400B.config5.png\" alt=\" \" \/><\/div>\n<div class=\"col-md-7 text-md-left text-center\">\n<h2>Resumen del sistema<\/h2>\n<p class=\"text-muted\">\n<p><strong>El cabezal del detector se instala en la base de detector MS 400.<\/strong>\u00a0La base es apta para cableado de superficie y empotrado y cuenta con puntos de conexi\u00f3n diferentes para cajas de montaje en el techo o empotradas. Adem\u00e1s, se adapta a todas las herramientas est\u00e1ndar de perforaci\u00f3n. La base de detector, hecha de pl\u00e1stico AB<strong>S (Novodur, color parecido a RAL 9010)<\/strong>\u00a0tiene un acabado mate y siete bornes para conectar el detector y sus accesorios a la central de incendios. Los contactos conectados a las terminales garantizan una conexi\u00f3n el\u00e9ctrica segura al instalar el m\u00f3dulo detector.\u00a0<strong>Se pueden utilizar cables de hasta 2,5 mm2 de di\u00e1metro.<\/strong>\u00a0Para evitar extracciones no autorizadas, la cabeza del detector se puede asegurar con un bloqueo variable.<\/p>\n<p>&nbsp;<\/p>\n<\/div>\n<\/div>\n<hr class=\"padding-bottom-2x\" \/>\n<div class=\"row align-items-center padding-bottom-2x\">\n<div class=\"col-md-5 order-md-2\"><img decoding=\"async\" class=\"d-block m-auto img-thumbnail\" src=\"https:\/\/tvc.mx\/media\/83592\/MS-400B.config6.png\" alt=\" \" \/><\/div>\n<div class=\"col-md-7 order-md-1 text-md-left text-center\">\n<h2>Planificaci\u00f3n<\/h2>\n<p class=\"text-muted\">\n<p class=\"ql-align-justify\"><strong>Informaci\u00f3n de instalaci\u00f3n para las bases de detector series 400\/420<\/strong><\/p>\n<ul>\n<li class=\"ql-align-justify\">Los taladros marcados con una \u00abX\u00bb s\u00f3lo se pueden utilizar para cajas de montaje empotradas.<\/li>\n<li class=\"ql-align-justify\">Mantenga el cable apantallado lo m\u00e1s corto posible y aseg\u00farese de que est\u00e1 aislado.<\/li>\n<\/ul>\n<p>&nbsp;<\/p>\n<\/div>\n<\/div>\n<hr class=\"padding-bottom-2x\" \/>\n<div class=\"row align-items-center padding-bottom-2x\">\n<div class=\"col-md-5\"><img decoding=\"async\" class=\"d-block m-auto img-thumbnail\" src=\"https:\/\/tvc.mx\/media\/83595\/MS-400B.config7.png\" alt=\" \" \/><\/div>\n<div class=\"col-md-7 text-md-left text-center\">\n<h2>Caracter\u00edsticas y Especificaciones<\/h2>\n<p class=\"text-muted\">\n<p class=\"ql-align-justify\"><strong>Nota<\/strong>:\u00a0<strong>MS 400 B Base de detector<\/strong><\/p>\n<p class=\"ql-align-justify\"><strong>Base de detector patentada para cableado de montaje en superficie y empotrado.<\/strong><\/p>\n<p class=\"ql-align-justify\"><strong>N\u00famero de pedido: MS 400 B.<\/strong><\/p>\n<p class=\"ql-align-justify\"><strong>Especificaciones<\/strong><\/p>\n<p class=\"ql-align-justify\"><strong>T\u00e9cnicas<\/strong><\/p>\n<ul>\n<li class=\"ql-align-justify\">Conexiones Alimentaci\u00f3n (0 V, +V) LSN (a1\/a2, b1, b2).<\/li>\n<li class=\"ql-align-justify\">Punto C Malla Material de la carcasa ABS (Novodur).<\/li>\n<li class=\"ql-align-justify\">Color de la carcasa Similar a RAL 9010.<\/li>\n<li class=\"ql-align-justify\">Dimensiones \u00d8 120 x 22,7 mm.<\/li>\n<li class=\"ql-align-justify\">Peso 72 g.<\/li>\n<\/ul>\n<\/div>\n<\/div>\n","protected":false},"excerpt":{"rendered":"<p>MS 400 Bases de detector Resumen del sistema El cabezal del detector se instala en la base de detector MS 400.\u00a0La base es apta para cableado de superficie y empotrado y cuenta con puntos de conexi\u00f3n diferentes para cajas de montaje en el techo o&hellip;<\/p>\n","protected":false},"featured_media":5721,"comment_status":"open","ping_status":"closed","template":"","meta":{"om_disable_all_campaigns":false,"_monsterinsights_skip_tracking":false,"_monsterinsights_sitenote_active":false,"_monsterinsights_sitenote_note":"","_monsterinsights_sitenote_category":0},"product_brand":[],"product_cat":[494],"product_tag":[495,497,498,499,500,501,496,502],"class_list":{"0":"post-5722","1":"product","2":"type-product","3":"status-publish","4":"has-post-thumbnail","6":"product_cat-detectores","7":"product_tag-control-de-incendio","8":"product_tag-detectores","9":"product_tag-estacion-manual","10":"product_tag-estrobos-y-sirenas","11":"product_tag-modulos","12":"product_tag-paneles-de-control","13":"product_tag-sistemas-de-incendio","14":"product_tag-teclados","16":"first","17":"instock","18":"sale","19":"taxable","20":"shipping-taxable","21":"purchasable","22":"product-type-simple"},"aioseo_notices":[],"_links":{"self":[{"href":"https:\/\/tecsecmty.com\/index.php\/wp-json\/wp\/v2\/product\/5722","targetHints":{"allow":["GET"]}}],"collection":[{"href":"https:\/\/tecsecmty.com\/index.php\/wp-json\/wp\/v2\/product"}],"about":[{"href":"https:\/\/tecsecmty.com\/index.php\/wp-json\/wp\/v2\/types\/product"}],"replies":[{"embeddable":true,"href":"https:\/\/tecsecmty.com\/index.php\/wp-json\/wp\/v2\/comments?post=5722"}],"version-history":[{"count":0,"href":"https:\/\/tecsecmty.com\/index.php\/wp-json\/wp\/v2\/product\/5722\/revisions"}],"wp:featuredmedia":[{"embeddable":true,"href":"https:\/\/tecsecmty.com\/index.php\/wp-json\/wp\/v2\/media\/5721"}],"wp:attachment":[{"href":"https:\/\/tecsecmty.com\/index.php\/wp-json\/wp\/v2\/media?parent=5722"}],"wp:term":[{"taxonomy":"product_brand","embeddable":true,"href":"https:\/\/tecsecmty.com\/index.php\/wp-json\/wp\/v2\/product_brand?post=5722"},{"taxonomy":"product_cat","embeddable":true,"href":"https:\/\/tecsecmty.com\/index.php\/wp-json\/wp\/v2\/product_cat?post=5722"},{"taxonomy":"product_tag","embeddable":true,"href":"https:\/\/tecsecmty.com\/index.php\/wp-json\/wp\/v2\/product_tag?post=5722"}],"curies":[{"name":"wp","href":"https:\/\/api.w.org\/{rel}","templated":true}]}}