{"id":5726,"date":"2023-02-23T11:38:24","date_gmt":"2023-02-23T17:38:24","guid":{"rendered":"https:\/\/tecsecmty.com\/index.php\/producto\/bosch-f_estacion-fmm-100sat2ckex-manual-a-prueba-de-explosion-nema-4x-ul\/"},"modified":"2023-03-22T23:21:04","modified_gmt":"2023-03-23T05:21:04","slug":"bosch-f_estacion-fmm-100sat2ckex-manual-a-prueba-de-explosion-nema-4x-ul","status":"publish","type":"product","link":"https:\/\/tecsecmty.com\/index.php\/producto\/bosch-f_estacion-fmm-100sat2ckex-manual-a-prueba-de-explosion-nema-4x-ul\/","title":{"rendered":"BOSCH F_ESTACION FMM-100SAT2CKEX MANUAL A PRUEBA DE EXPLOSION\/ NEMA 4X\/ UL"},"content":{"rendered":"<h5 class=\"card-title text-center\">FMM-100SAT2CKEX a prueba de explosiones estaci\u00f3n manual, roja<\/h5>\n<p class=\"ql-align-justify\"><strong>El FMM \u2011 100SAT2CKEX es un molde fundido de alta calidad. estaci\u00f3n manual de alarma contra incendios de metal que es UL y FM Listado para su uso en Clase I, Divisi\u00f3n I, Grupos B, C y D; Clase II, Divisi\u00f3n I, Grupos E, F y G; y clase III (Solo listado en FM) ubicaciones peligrosas.<\/strong>\u00a0Tambi\u00e9n es marino y NEMA 4X clasificado para su uso en entornos hostiles. Eso cumple con la Ley de Estadounidenses con Discapacidades (ADA) requisitos y cumple con los est\u00e1ndares ADA para sillas de ruedas acceso cuando est\u00e1 instalado correctamente.<\/p>\n<p class=\"ql-align-justify\"><strong>Las funciones Operaci\u00f3n<\/strong><\/p>\n<p class=\"ql-align-justify\">Cuando la barra en el frente de la estaci\u00f3n manual est\u00e1 tirado, se cierra y es f\u00e1cilmente visible desde 50 pies (15 m). Restablezca la barra de activaci\u00f3n abriendo el estaci\u00f3n manual con la llave y colocando la activaci\u00f3n barra en su posici\u00f3n vertical normal. Un puntaje opcional Se proporciona una varilla de ruptura acr\u00edlica.<\/p>\n<p class=\"ql-align-justify\"><strong>Notas de instalaci\u00f3n \/ configuraci\u00f3n<\/strong><\/p>\n<p class=\"ql-align-justify\"><strong>ADVERTENCIA<\/strong><\/p>\n<p class=\"ql-align-justify\">Este producto puede exponerlo a productos qu\u00edmicos que incluyen plomo, que el estado de California conoce causar c\u00e1ncer y defectos de nacimiento u otros defectos reproductivos da\u00f1o. Para m\u00e1s informaci\u00f3n ir a: www.P65Warnings.ca.gov.<\/p>\n<p class=\"ql-align-justify\"><strong>Informaci\u00f3n de compatibilidad<\/strong><\/p>\n<p class=\"ql-align-justify\">La estaci\u00f3n manual a prueba de explosiones es compatible con todos Bosch Security Systems, Inc. Control de alarma contra incendios Paneles.<\/p>\n<p class=\"ql-align-justify\"><strong>Consideraciones de montaje<\/strong><\/p>\n<p class=\"ql-align-justify\">La estaci\u00f3n manual a prueba de explosi\u00f3n debe ser de superficie montado en una pared plana. Tiene dos entradas de conducto. Ninguna la entrada del conducto que no se usa debe estar conectada. Para cumplir con los est\u00e1ndares ADA, la estaci\u00f3n manual<\/p>\n<p class=\"ql-align-justify\">debe estar a menos de 48 pulgadas (1.2 m) sobre el piso para Acceso en silla de ruedas delantera y menos de 54 pulg. (1.3 m) sobre el piso para acceso lateral para sillas de ruedas.<\/p>\n<p class=\"ql-align-justify\"><strong>Partes incluidas<\/strong><\/p>\n<ul>\n<li class=\"ql-align-justify\">1 Estaci\u00f3n manual con caja posterior.<\/li>\n<li class=\"ql-align-justify\">1 Tecla D102 (tecla 1358).<\/li>\n<li class=\"ql-align-justify\">1 Varilla de rotura acr\u00edlica marcada.<\/li>\n<li class=\"ql-align-justify\">1 Paquete de hardware.<\/li>\n<li class=\"ql-align-justify\">1 Paquete de literatura.<\/li>\n<\/ul>\n<p class=\"ql-align-justify\"><strong>Nota:\u00a0<\/strong><strong>FMM-100SAT2CKEX Estaci\u00f3n manual a prueba de explosiones, rojo<\/strong><\/p>\n<p class=\"ql-align-justify\"><strong>Estaci\u00f3n de bomberos manual de metal de alta calidad en rojo<\/strong><\/p>\n<p class=\"ql-align-justify\"><strong>N\u00famero de pedido: FMM-100SAT2CKEX.<\/strong><\/p>\n<p class=\"ql-align-justify\"><strong>Principales caracter\u00edsticas<\/strong><\/p>\n<ul>\n<li class=\"ql-align-justify\">Protecci\u00f3n especial contra riesgos; NEMA 4X y uso marino calificaciones.<\/li>\n<li class=\"ql-align-justify\">Contactos de alarma chapados en oro para resistencia a la corrosi\u00f3n.<\/li>\n<li class=\"ql-align-justify\">Restablecimiento de bloqueo de teclas con barra de freno opcional.<\/li>\n<li class=\"ql-align-justify\">Cumple con ADA; Listado por UL, aprobado por FM.<\/li>\n<\/ul>\n<p class=\"ql-align-justify\"><strong>Especificaciones<\/strong><\/p>\n<p class=\"ql-align-justify\"><strong>Ambiental<\/strong><\/p>\n<ul>\n<li class=\"ql-align-justify\">Categor\u00eda de protecci\u00f3n: IP66<\/li>\n<li class=\"ql-align-justify\">Humedad relativa: De 90% a + 100 \u00b0 F (+ 38 \u00b0 C).<\/li>\n<li class=\"ql-align-justify\">Temperatura(operando):: De -40 \u00b0 F a + 150 \u00b0 F (-40 \u00b0 C a + 66 \u00b0 C)<\/li>\n<\/ul>\n<p><img decoding=\"async\" class=\"overview-center-img-web\" src=\"https:\/\/tvc.mx\/media\/31891\/Logoopaginas-oficial-1920x400.png\" alt=\"\" \/><\/p>\n","protected":false},"excerpt":{"rendered":"<p>FMM-100SAT2CKEX a prueba de explosiones estaci\u00f3n manual, roja El FMM \u2011 100SAT2CKEX es un molde fundido de alta calidad. estaci\u00f3n manual de alarma contra incendios de metal que es UL y FM Listado para su uso en Clase I, Divisi\u00f3n I, Grupos B, C y&hellip;<\/p>\n","protected":false},"featured_media":5725,"comment_status":"open","ping_status":"closed","template":"","meta":{"om_disable_all_campaigns":false,"_monsterinsights_skip_tracking":false,"_monsterinsights_sitenote_active":false,"_monsterinsights_sitenote_note":"","_monsterinsights_sitenote_category":0},"product_brand":[],"product_cat":[503],"product_tag":[495,497,498,499,500,501,496,502],"class_list":{"0":"post-5726","1":"product","2":"type-product","3":"status-publish","4":"has-post-thumbnail","6":"product_cat-estaciones-manuales","7":"product_tag-control-de-incendio","8":"product_tag-detectores","9":"product_tag-estacion-manual","10":"product_tag-estrobos-y-sirenas","11":"product_tag-modulos","12":"product_tag-paneles-de-control","13":"product_tag-sistemas-de-incendio","14":"product_tag-teclados","16":"first","17":"instock","18":"sale","19":"taxable","20":"shipping-taxable","21":"purchasable","22":"product-type-simple"},"aioseo_notices":[],"_links":{"self":[{"href":"https:\/\/tecsecmty.com\/index.php\/wp-json\/wp\/v2\/product\/5726","targetHints":{"allow":["GET"]}}],"collection":[{"href":"https:\/\/tecsecmty.com\/index.php\/wp-json\/wp\/v2\/product"}],"about":[{"href":"https:\/\/tecsecmty.com\/index.php\/wp-json\/wp\/v2\/types\/product"}],"replies":[{"embeddable":true,"href":"https:\/\/tecsecmty.com\/index.php\/wp-json\/wp\/v2\/comments?post=5726"}],"version-history":[{"count":0,"href":"https:\/\/tecsecmty.com\/index.php\/wp-json\/wp\/v2\/product\/5726\/revisions"}],"wp:featuredmedia":[{"embeddable":true,"href":"https:\/\/tecsecmty.com\/index.php\/wp-json\/wp\/v2\/media\/5725"}],"wp:attachment":[{"href":"https:\/\/tecsecmty.com\/index.php\/wp-json\/wp\/v2\/media?parent=5726"}],"wp:term":[{"taxonomy":"product_brand","embeddable":true,"href":"https:\/\/tecsecmty.com\/index.php\/wp-json\/wp\/v2\/product_brand?post=5726"},{"taxonomy":"product_cat","embeddable":true,"href":"https:\/\/tecsecmty.com\/index.php\/wp-json\/wp\/v2\/product_cat?post=5726"},{"taxonomy":"product_tag","embeddable":true,"href":"https:\/\/tecsecmty.com\/index.php\/wp-json\/wp\/v2\/product_tag?post=5726"}],"curies":[{"name":"wp","href":"https:\/\/api.w.org\/{rel}","templated":true}]}}