{"id":5730,"date":"2023-02-23T11:38:30","date_gmt":"2023-02-23T17:38:30","guid":{"rendered":"https:\/\/tecsecmty.com\/index.php\/producto\/bosch-f_fmc210smgr-estacion-manual-color-roja-tecnologia-lsn-para-uso-interior\/"},"modified":"2023-03-22T23:21:10","modified_gmt":"2023-03-23T05:21:10","slug":"bosch-f_fmc210smgr-estacion-manual-color-roja-tecnologia-lsn-para-uso-interior","status":"publish","type":"product","link":"https:\/\/tecsecmty.com\/index.php\/producto\/bosch-f_fmc210smgr-estacion-manual-color-roja-tecnologia-lsn-para-uso-interior\/","title":{"rendered":"BOSCH F_FMC210SMGR &#8211; Estacion manual color roja tecnologia LSN \/ Para uso interior"},"content":{"rendered":"<h5 class=\"card-title text-center\">Punto de llamada manua FMC-210-SM-G-B<\/h5>\n<p class=\"ql-align-justify\"><strong>Los pulsadores de alarma de accionamiento doble FMC-210-DM se utilizan para la activaci\u00f3n manual de alarmas y se emplean en la red de seguridad local LSN y en LSN improved.<\/strong>\u00a0Los pulsadores de alarma de tipo H est\u00e1n dise\u00f1ados para usarlos en exteriores y los pulsadores de alarma de tipo G para interiores.<\/p>\n<p class=\"ql-align-justify\"><strong>Funciones b\u00e1sicas<\/strong><\/p>\n<p class=\"ql-align-justify\">En caso de alarma, primero se rompe el panel de cristal (2) y, a continuaci\u00f3n, se presiona el pulsador de alarma (3) con fuerza. Esto activa el microinterruptor para la activaci\u00f3n de alarmas y el indicador LED (4) parpadea. Un mecanismo mantiene el pulsador de alarma presionado.<\/p>\n<p class=\"ql-align-justify\">El pulsador de alarma se puede restablecer con la palanca de reset (5) o cerrando la puerta del pulsador de alarma (1). El indicador LED (4) se apaga. No reajusta la alarma en el panel de incendios. La identificaci\u00f3n de pulsadores de incendio individuales con la visualizaci\u00f3n de la direcci\u00f3n del pulsador en la central de incendios asegura la localizaci\u00f3n r\u00e1pida del pulsador de incendio activado.<\/p>\n<p class=\"ql-align-justify\"><strong>Variantes<\/strong><\/p>\n<p class=\"ql-align-justify\">El dise\u00f1o de los pulsadores de alarma para interiores y exteriores es id\u00e9ntico. Los pulsadores de alarma para interiores (tipo G) est\u00e1n disponibles en rojo, azul, amarillo y verde. Los pulsadores de alarma para exteriores (tipo H) est\u00e1n disponibles en rojo y azul. Los pulsadores de alarma de tipo H est\u00e1n equipados con una tarjeta de PC especialmente resistente recubierta con parileno.<\/p>\n<p class=\"ql-align-justify\"><strong>Nota: La llave se debe pedir por separado.<\/strong><\/p>\n<p class=\"ql-align-justify\"><strong>Caracter\u00edsticas de LSN improved<\/strong><\/p>\n<p class=\"ql-align-justify\">Los pulsadores de alarma ofrecen todas las caracter\u00edsticas de la tecnolog\u00eda mejorada LSN:<\/p>\n<ul>\n<li class=\"ql-align-justify\">Estructuras de red flexibles, incluyendo derivaciones en T sin elementos adicionales.<\/li>\n<li class=\"ql-align-justify\">Hasta 254 elementos LSN improved por lazo o ramal.<\/li>\n<li class=\"ql-align-justify\">Asignaci\u00f3n de direcciones autom\u00e1tica o manual del detector seleccionable mediante conmutador giratorio, en cada caso con o sin detecci\u00f3n autom\u00e1tica.<\/li>\n<li class=\"ql-align-justify\">Se pueden utilizar cables con o sin apantallamiento.<\/li>\n<li class=\"ql-align-justify\">Longitud del cable hasta 3000 m (con el m\u00f3dulo LSN 1500 A).<\/li>\n<li class=\"ql-align-justify\">Compatibilidad con versiones anteriores de sistemas LSN y paneles de control existentes.<\/li>\n<\/ul>\n<p class=\"ql-align-justify\"><strong>Notas de configuraci\u00f3n\/instalaci\u00f3n<\/strong><\/p>\n<ul>\n<li class=\"ql-align-justify\">El dispositivo se debe montar a la vista en las rutas de evacuaci\u00f3n y rescate (p. ej., salidas, pasillos, cajas de escaleras) y debe estar en un lugar de f\u00e1cil acceso.<\/li>\n<li class=\"ql-align-justify\">Se debe mantener una altura de instalaci\u00f3n de 1400 mm \u00b1200 mm, medida desde el centro del dispositivo hasta el suelo.<\/li>\n<li class=\"ql-align-justify\">El dispositivo se debe iluminar adecuadamente con luz solar u otra fuente de iluminaci\u00f3n (incluyendo iluminaci\u00f3n de emergencia, si la hay).<\/li>\n<li class=\"ql-align-justify\">El n\u00famero m\u00e1ximo de elementos LSN que pueden conectarse depende de su consumo de corriente de la l\u00ednea de datos LSN. Los valores l\u00edmite se deben consultar en la informaci\u00f3n del producto suministrada con la central de incendios utilizada.<\/li>\n<li class=\"ql-align-justify\">Se debe tener en cuenta otras normas, directrices y recomendaciones de planificaci\u00f3n con respecto a la localizaci\u00f3n de la instalaci\u00f3n (ver manual del detector de incendios).<\/li>\n<li class=\"ql-align-justify\">Se deben seguir las normas de los servicios de bomberos locales.<\/li>\n<\/ul>\n<p class=\"ql-align-justify\"><strong>Instalaci\u00f3n<\/strong><\/p>\n<ul>\n<li class=\"ql-align-justify\">El conducto de cable se puede montar en superficie o empotrado.<\/li>\n<li class=\"ql-align-justify\">La instalaci\u00f3n en cabinas con tubos de humos se puede realizar de tres formas.<\/li>\n<\/ul>\n<p><strong>Nota: Punto de llamada manua FMC-210-SM-G-B<\/strong><\/p>\n<p><strong>Este punto de llamada manual, acci\u00f3n simple, azul punto de llamada manual direccionable anal\u00f3gico con panel de vidrio para uso en interiores, activaci\u00f3n de alarma directa (tipo A), azul.<\/strong><\/p>\n<p class=\"ql-align-justify\"><strong>N\u00famero de pedido: FMC-210-SM-G-B<\/strong><\/p>\n<p class=\"ql-align-justify\"><strong>Principales caracter\u00edsticas<\/strong><\/p>\n<ul>\n<li class=\"ql-align-justify\">Ajuste despu\u00e9s de la activaci\u00f3n de la alarma.<\/li>\n<li class=\"ql-align-justify\">Identificaci\u00f3n individual gracias al direccionamiento autom\u00e1tico o manual de detectores.<\/li>\n<li class=\"ql-align-justify\">Indicador LED para alarma o para evaluaci\u00f3n de la inspecci\u00f3n.<\/li>\n<li class=\"ql-align-justify\">Rutinas de consultas con evaluaci\u00f3n y transmisi\u00f3n m\u00faltiple.<\/li>\n<li class=\"ql-align-justify\">Mantiene las funciones del bucle LSN en caso de interrupci\u00f3n de los cables o de cortocircuito gracias a dos aisladores integrados.<\/li>\n<\/ul>\n<p class=\"ql-align-justify\"><strong>Especificaciones<\/strong><\/p>\n<p class=\"ql-align-justify\"><strong>El\u00e9ctricas<\/strong><\/p>\n<ul>\n<li class=\"ql-align-justify\">Tensi\u00f3n de funcionamiento (VCC): 24 (de 15 a 33).<\/li>\n<li class=\"ql-align-justify\">Consumo de corriente (mA): 0.4.<\/li>\n<\/ul>\n<p class=\"ql-align-justify\"><strong>Mec\u00e1nicas<\/strong><\/p>\n<ul>\n<li class=\"ql-align-justify\">Dimensiones An. x Al. x Pr. (mm) 135 x 135 x 40.<\/li>\n<li class=\"ql-align-justify\">Material de la carcasa: Pl\u00e1stico ASA.<\/li>\n<li class=\"ql-align-justify\">Colores Rojo RAL 3001 Azul RAL 5005 Amarillo RAL 1003 Verde pr\u00f3ximo a RAL 6002<\/li>\n<li class=\"ql-align-justify\">Peso (g) Aprox. 235.<\/li>\n<\/ul>\n<p class=\"ql-align-justify\"><strong>Ambientales<\/strong><\/p>\n<ul>\n<li class=\"ql-align-justify\">Temperatura de funcionamiento tipo H (\u00b0C): De -25 a 70.<\/li>\n<li class=\"ql-align-justify\">Temperatura de funcionamiento tipo G (\u00b0C): De -10 a 55.<\/li>\n<li class=\"ql-align-justify\">Nivel de protecci\u00f3n (IEC 60529) tipo H IP 54.<\/li>\n<\/ul>\n<p class=\"ql-align-justify\"><strong>Nivel de protecci\u00f3n (IEC 60529) tipo G IP 52<\/strong><\/p>\n<ul>\n<li class=\"ql-align-justify\">FMC\u2011210\u2011DM\u2011G\u2011R EN 54-11.<\/li>\n<li class=\"ql-align-justify\">FMC\u2011210\u2011DM\u2011H\u2011R EN 54-11.<\/li>\n<li class=\"ql-align-justify\">FMC\u2011210\u2011DM\u2011G\u2011Y EN 12094-3.<\/li>\n<\/ul>\n<p><img decoding=\"async\" class=\"overview-center-img-web\" src=\"https:\/\/tvc.mx\/media\/35167\/Logoopaginas-oficial-1920x400.png\" alt=\"\" \/><\/p>\n","protected":false},"excerpt":{"rendered":"<p>Punto de llamada manua FMC-210-SM-G-B Los pulsadores de alarma de accionamiento doble FMC-210-DM se utilizan para la activaci\u00f3n manual de alarmas y se emplean en la red de seguridad local LSN y en LSN improved.\u00a0Los pulsadores de alarma de tipo H est\u00e1n dise\u00f1ados para usarlos&hellip;<\/p>\n","protected":false},"featured_media":5729,"comment_status":"open","ping_status":"closed","template":"","meta":{"om_disable_all_campaigns":false,"_monsterinsights_skip_tracking":false,"_monsterinsights_sitenote_active":false,"_monsterinsights_sitenote_note":"","_monsterinsights_sitenote_category":0},"product_brand":[],"product_cat":[503],"product_tag":[495,497,498,499,500,501,496,502],"class_list":{"0":"post-5730","1":"product","2":"type-product","3":"status-publish","4":"has-post-thumbnail","6":"product_cat-estaciones-manuales","7":"product_tag-control-de-incendio","8":"product_tag-detectores","9":"product_tag-estacion-manual","10":"product_tag-estrobos-y-sirenas","11":"product_tag-modulos","12":"product_tag-paneles-de-control","13":"product_tag-sistemas-de-incendio","14":"product_tag-teclados","16":"first","17":"instock","18":"sale","19":"taxable","20":"shipping-taxable","21":"purchasable","22":"product-type-simple"},"aioseo_notices":[],"_links":{"self":[{"href":"https:\/\/tecsecmty.com\/index.php\/wp-json\/wp\/v2\/product\/5730","targetHints":{"allow":["GET"]}}],"collection":[{"href":"https:\/\/tecsecmty.com\/index.php\/wp-json\/wp\/v2\/product"}],"about":[{"href":"https:\/\/tecsecmty.com\/index.php\/wp-json\/wp\/v2\/types\/product"}],"replies":[{"embeddable":true,"href":"https:\/\/tecsecmty.com\/index.php\/wp-json\/wp\/v2\/comments?post=5730"}],"version-history":[{"count":0,"href":"https:\/\/tecsecmty.com\/index.php\/wp-json\/wp\/v2\/product\/5730\/revisions"}],"wp:featuredmedia":[{"embeddable":true,"href":"https:\/\/tecsecmty.com\/index.php\/wp-json\/wp\/v2\/media\/5729"}],"wp:attachment":[{"href":"https:\/\/tecsecmty.com\/index.php\/wp-json\/wp\/v2\/media?parent=5730"}],"wp:term":[{"taxonomy":"product_brand","embeddable":true,"href":"https:\/\/tecsecmty.com\/index.php\/wp-json\/wp\/v2\/product_brand?post=5730"},{"taxonomy":"product_cat","embeddable":true,"href":"https:\/\/tecsecmty.com\/index.php\/wp-json\/wp\/v2\/product_cat?post=5730"},{"taxonomy":"product_tag","embeddable":true,"href":"https:\/\/tecsecmty.com\/index.php\/wp-json\/wp\/v2\/product_tag?post=5730"}],"curies":[{"name":"wp","href":"https:\/\/api.w.org\/{rel}","templated":true}]}}