{"id":5732,"date":"2023-02-23T11:38:34","date_gmt":"2023-02-23T17:38:34","guid":{"rendered":"https:\/\/tecsecmty.com\/index.php\/producto\/bosch-f_fmc300rwgsrrd-estacion-manual-color-rojo-rearme-montaje-en-superficie\/"},"modified":"2023-03-22T23:21:10","modified_gmt":"2023-03-23T05:21:10","slug":"bosch-f_fmc300rwgsrrd-estacion-manual-color-rojo-rearme-montaje-en-superficie","status":"publish","type":"product","link":"https:\/\/tecsecmty.com\/index.php\/producto\/bosch-f_fmc300rwgsrrd-estacion-manual-color-rojo-rearme-montaje-en-superficie\/","title":{"rendered":"BOSCH F_FMC300RWGSRRD &#8211; Estacion manual color rojo \/ REARME \/ Montaje en superficie"},"content":{"rendered":"<h5 class=\"card-title text-center\">FMC-300RW-GSRRD Pulsador alarma rearme mont. sup., rojo<\/h5>\n<p class=\"ql-align-justify\"><strong>Los Pulsadores de Alarma de Incendio de accionamiento \u00fanico FMC-300RW\u00a0<\/strong>se utilizan para la activaci\u00f3n manual de alarmas y se emplean en tecnolog\u00eda convencional.<\/p>\n<p class=\"ql-align-justify\"><strong>Notas de configuraci\u00f3n\/instalaci\u00f3n<\/strong><\/p>\n<ul>\n<li class=\"ql-align-justify\">Los pulsadores de incendio de accionamiento manual se deben montar a la vista en las rutas de evacuaci\u00f3n y rescate (por ejemplo, salidas, pasillos, cajas de escaleras) y deben estar en un lugar de f\u00e1cil acceso.<\/li>\n<li class=\"ql-align-justify\">Se debe mantener una altura de instalaci\u00f3n de 1400 mm \u00b1200 mm, medida desde el centro del pulsador de incendios manual hasta el suelo.<\/li>\n<li class=\"ql-align-justify\">Los pulsadores de alarma deben estar suficientemente iluminados con luz solar u otra fuente de iluminaci\u00f3n (incluida la iluminaci\u00f3n de emergencia, si la hay).<\/li>\n<li class=\"ql-align-justify\">Se puede utilizar un detector de prueba como m\u00e1ximo en las l\u00edneas primarias junto con detectores autom\u00e1ticos. El detector de prueba se conecta al final de la l\u00ednea principal.<\/li>\n<li class=\"ql-align-justify\">Tambi\u00e9n se deben tener en cuenta otros est\u00e1ndares, directrices y recomendaciones de dise\u00f1o con respecto a la ubicaci\u00f3n de la instalaci\u00f3n.<\/li>\n<li class=\"ql-align-justify\">Se deben seguir las normas de los servicios de bomberos locales.<\/li>\n<\/ul>\n<p class=\"ql-align-justify\"><strong>Nota: FMC-300RW-GSRRD Pulsador alarma rearme mont. sup., rojo Pulsador de alarma convencional rearmable para uso en interiores, activaci\u00f3n de alarma directa (tipo A), montaje en superficie, rojo. N\u00famero de pedid: FMC-300RW-GSRRD.<\/strong><\/p>\n<p class=\"ql-align-justify\"><strong>Principales Caracter\u00edsticas:<\/strong><\/p>\n<ul>\n<li class=\"ql-align-justify\">Activaci\u00f3n de la alarma pulsando la se\u00f1al o rompiendo el cristal.<\/li>\n<li class=\"ql-align-justify\">Protecci\u00f3n contra da\u00f1os con cristal laminado y pegatina.<\/li>\n<li class=\"ql-align-justify\">LED indicador de alarma activada o de inspecci\u00f3n.<\/li>\n<\/ul>\n<p class=\"ql-align-justify\"><strong>Especificaciones<\/strong><\/p>\n<p class=\"ql-align-justify\"><strong>El\u00e9ctricas<\/strong><\/p>\n<ul>\n<li class=\"ql-align-justify\">Tensi\u00f3n de funcionamiento:20 VCC (de 8,5 VCC a 30 VCC).<\/li>\n<li class=\"ql-align-justify\">Consumo de corriente: Especificada por el sistema de seguridad correspondiente.<\/li>\n<li class=\"ql-align-justify\">Resistencia de alarma: 820 \u03a9 +\/- 10% (de 8,5 VCC a 30 VCC).<\/li>\n<\/ul>\n<p class=\"ql-align-justify\"><strong>Mec\u00e1nicas<\/strong><\/p>\n<ul>\n<li class=\"ql-align-justify\">Dimensiones (Al. x An. x Pr.): 87 mm x 87 mm x 56 mm (3,4 pulg. x 3,4 pulg. x 2,2 pulg.).<\/li>\n<li class=\"ql-align-justify\">Material de la carcasa: Pl\u00e1stico, ASA.<\/li>\n<li class=\"ql-align-justify\">Colores:<\/li>\n<li class=\"ql-align-justify\">Rojo RAL 3001.<\/li>\n<li class=\"ql-align-justify\">Azul RAL 5005.<\/li>\n<li class=\"ql-align-justify\">Amarillo RAL 1003.<\/li>\n<\/ul>\n<p><img decoding=\"async\" class=\"overview-center-img- aligncenter\" src=\"https:\/\/tvc.mx\/media\/6773\/Logoopaginas-oficial.png\" alt=\"\" \/><\/p>\n","protected":false},"excerpt":{"rendered":"<p>FMC-300RW-GSRRD Pulsador alarma rearme mont. sup., rojo Los Pulsadores de Alarma de Incendio de accionamiento \u00fanico FMC-300RW\u00a0se utilizan para la activaci\u00f3n manual de alarmas y se emplean en tecnolog\u00eda convencional. Notas de configuraci\u00f3n\/instalaci\u00f3n Los pulsadores de incendio de accionamiento manual se deben montar a la&hellip;<\/p>\n","protected":false},"featured_media":5731,"comment_status":"open","ping_status":"closed","template":"","meta":{"om_disable_all_campaigns":false,"_monsterinsights_skip_tracking":false,"_monsterinsights_sitenote_active":false,"_monsterinsights_sitenote_note":"","_monsterinsights_sitenote_category":0},"product_brand":[],"product_cat":[503],"product_tag":[495,497,498,499,500,501,496,502],"class_list":{"0":"post-5732","1":"product","2":"type-product","3":"status-publish","4":"has-post-thumbnail","6":"product_cat-estaciones-manuales","7":"product_tag-control-de-incendio","8":"product_tag-detectores","9":"product_tag-estacion-manual","10":"product_tag-estrobos-y-sirenas","11":"product_tag-modulos","12":"product_tag-paneles-de-control","13":"product_tag-sistemas-de-incendio","14":"product_tag-teclados","16":"first","17":"instock","18":"sale","19":"taxable","20":"shipping-taxable","21":"purchasable","22":"product-type-simple"},"aioseo_notices":[],"_links":{"self":[{"href":"https:\/\/tecsecmty.com\/index.php\/wp-json\/wp\/v2\/product\/5732","targetHints":{"allow":["GET"]}}],"collection":[{"href":"https:\/\/tecsecmty.com\/index.php\/wp-json\/wp\/v2\/product"}],"about":[{"href":"https:\/\/tecsecmty.com\/index.php\/wp-json\/wp\/v2\/types\/product"}],"replies":[{"embeddable":true,"href":"https:\/\/tecsecmty.com\/index.php\/wp-json\/wp\/v2\/comments?post=5732"}],"version-history":[{"count":0,"href":"https:\/\/tecsecmty.com\/index.php\/wp-json\/wp\/v2\/product\/5732\/revisions"}],"wp:featuredmedia":[{"embeddable":true,"href":"https:\/\/tecsecmty.com\/index.php\/wp-json\/wp\/v2\/media\/5731"}],"wp:attachment":[{"href":"https:\/\/tecsecmty.com\/index.php\/wp-json\/wp\/v2\/media?parent=5732"}],"wp:term":[{"taxonomy":"product_brand","embeddable":true,"href":"https:\/\/tecsecmty.com\/index.php\/wp-json\/wp\/v2\/product_brand?post=5732"},{"taxonomy":"product_cat","embeddable":true,"href":"https:\/\/tecsecmty.com\/index.php\/wp-json\/wp\/v2\/product_cat?post=5732"},{"taxonomy":"product_tag","embeddable":true,"href":"https:\/\/tecsecmty.com\/index.php\/wp-json\/wp\/v2\/product_tag?post=5732"}],"curies":[{"name":"wp","href":"https:\/\/api.w.org\/{rel}","templated":true}]}}