{"id":5736,"date":"2023-02-23T11:38:40","date_gmt":"2023-02-23T17:38:40","guid":{"rendered":"https:\/\/tecsecmty.com\/index.php\/producto\/bosch-f_fmc420rwgfrrd-pulsador-de-alarma-de-incendio-con-opcion-de-rearme-montaje-empotrado-color-rojo\/"},"modified":"2023-03-22T23:21:10","modified_gmt":"2023-03-23T05:21:10","slug":"bosch-f_fmc420rwgfrrd-pulsador-de-alarma-de-incendio-con-opcion-de-rearme-montaje-empotrado-color-rojo","status":"publish","type":"product","link":"https:\/\/tecsecmty.com\/index.php\/producto\/bosch-f_fmc420rwgfrrd-pulsador-de-alarma-de-incendio-con-opcion-de-rearme-montaje-empotrado-color-rojo\/","title":{"rendered":"BOSCH F_FMC420RWGFRRD &#8211; Pulsador de alarma de incendio con opcion de REARME \/ Montaje empotrado \/ Color rojo"},"content":{"rendered":"<div class=\"row aling-items-center padding-bottom-2x\">\n<div class=\"col-lg-12\">\n<h5 class=\"card-title text-center\">FMC\u2011420RW\u2011GFRRD Pulsador de incendio manual con opci\u00f3n de rearme, con base empotrada, rojo<\/h5>\n<p class=\"ql-align-justify\">\n<p><img decoding=\"async\" class=\"overview-center-img- aligncenter\" src=\"https:\/\/tvc.mx\/media\/12116\/Logoopaginas-oficial.png\" alt=\"\" \/><\/div>\n<\/div>\n<div class=\"row align-items-center padding-bottom-2x\">\n<div class=\"col-md-5\"><img decoding=\"async\" class=\"d-block m-auto img-thumbnail\" src=\"https:\/\/tvc.mx\/media\/84540\/FMC-420RW-GFRRD.config5.png\" alt=\" \" \/><\/div>\n<div class=\"col-md-7 text-md-left text-center\">\n<h2>Resumen del sistema<\/h2>\n<p class=\"text-muted\">\n<p class=\"ql-align-justify\"><strong>Los pulsadores de alarma de accionamiento \u00fanico FMC-420RW<\/strong>\u00a0<strong>se utilizan para la activaci\u00f3n manual de alarmas y se emplean en la red de seguridad local (LSN) y en la versi\u00f3n LSN improved.<\/strong><\/p>\n<p class=\"ql-align-justify\"><strong>Funciones b\u00e1sicas<\/strong><\/p>\n<p class=\"ql-align-justify\"><strong>Identificaci\u00f3n individual del pulsador de alarma de incendio<\/strong><\/p>\n<p class=\"ql-align-justify\"><strong>Ni los pulsadores de accionamiento \u00fanico con cristal ni los con opci\u00f3n de rearme se resetean en la central de incendios.<\/strong><\/p>\n<p class=\"ql-align-justify\">La identificaci\u00f3n de pulsadores de incendio individuales con la visualizaci\u00f3n de la direcci\u00f3n del pulsador en la central de incendios asegura la localizaci\u00f3n r\u00e1pida del pulsador de incendio activado.<\/p>\n<p>&nbsp;<\/p>\n<\/div>\n<\/div>\n<hr class=\"padding-bottom-2x\" \/>\n<div class=\"row align-items-center padding-bottom-2x\">\n<div class=\"col-md-5 order-md-2\"><img decoding=\"async\" class=\"d-block m-auto img-thumbnail\" src=\"https:\/\/tvc.mx\/media\/84544\/FMC-420RW-GFRRD.config6.png\" alt=\" \" \/><\/div>\n<div class=\"col-md-7 order-md-1 text-md-left text-center\">\n<h2>Planificaci\u00f3n<\/h2>\n<p class=\"text-muted\">\n<ul>\n<li class=\"ql-align-justify\">Los pulsadores de incendio de accionamiento manual se deben montar a la vista en las rutas de evacuaci\u00f3n y rescate (p. ej., salidas, pasillos, cajas de escaleras) y deben estar en un lugar de f\u00e1cil acceso.<\/li>\n<li class=\"ql-align-justify\">Se debe mantener una altura de instalaci\u00f3n de 1400 mm \u00b1200 mm (55 pulg., \u00b18 pulg.), medida desde el centro del pulsador hasta el suelo.<\/li>\n<li class=\"ql-align-justify\">Los pulsadores se deben iluminar suficientemente con luz solar u otra fuente de iluminaci\u00f3n (incluyendo iluminaci\u00f3n de emergencia, si existe).<\/li>\n<li class=\"ql-align-justify\">El n\u00famero m\u00e1ximo de elementos LSN que pueden montarse depende de su consumo de corriente de la l\u00ednea de datos LSN. Los valores l\u00edmite se deben consultar en la informaci\u00f3n del producto suministrada con la central de incendios utilizada.<\/li>\n<li class=\"ql-align-justify\">Tambi\u00e9n se deben tener en cuenta los est\u00e1ndares, directrices y recomendaciones de dise\u00f1o con respecto a la ubicaci\u00f3n de la instalaci\u00f3n.<\/li>\n<li class=\"ql-align-justify\">Se deben seguir las normas de los servicios de bomberos locales.<\/li>\n<\/ul>\n<p class=\"ql-align-justify\"><strong>Piezas Incluidas<\/strong><\/p>\n<ul>\n<li class=\"ql-align-justify\">1 FMC-420RW-GFRRD Pulsador de Alarma de Incendio con opci\u00f3n de rearme, montaje empotrado, rojo.<\/li>\n<\/ul>\n<p>&nbsp;<\/p>\n<\/div>\n<\/div>\n<hr class=\"padding-bottom-2x\" \/>\n<div class=\"row align-items-center padding-bottom-2x\">\n<div class=\"col-md-5\"><img decoding=\"async\" class=\"d-block m-auto img-thumbnail\" src=\"https:\/\/tvc.mx\/media\/84548\/FMC-420RW-GFRRD.config7.png\" alt=\" \" \/><\/div>\n<div class=\"col-md-7 text-md-left text-center\">\n<h2>Caracter\u00edsticas y Especificaciones<\/h2>\n<p class=\"text-muted\">\n<p class=\"ql-align-justify\"><strong>Nota: FMC\u2011420RW\u2011GFGRD Pulsador de incendio manual con cristal, con base empotrada, rojo para uso en interiores, activaci\u00f3n de alarma directa (tipo A), para LSN improved.<\/strong><\/p>\n<p class=\"ql-align-justify\"><strong>N\u00famero de pedido: FMC-420RW-GFGRD.<\/strong><\/p>\n<p class=\"ql-align-justify\"><strong>Principales Caracter\u00edsticas<\/strong><\/p>\n<ul>\n<li class=\"ql-align-justify\">Activaci\u00f3n de la alarma pulsando la se\u00f1al o rompiendo el cristal.<\/li>\n<li class=\"ql-align-justify\">Protecci\u00f3n contra da\u00f1os con cristal laminado y pegatina.<\/li>\n<li class=\"ql-align-justify\">LED indicador de alarma activada o de inspecci\u00f3n.<\/li>\n<li class=\"ql-align-justify\">Identificaci\u00f3n individual del pulsador de alarma de incendio.<\/li>\n<li class=\"ql-align-justify\">Rutinas de consultas de pulsadores de alarma de incendio con evaluaci\u00f3n y transmisi\u00f3n m\u00faltiple.<\/li>\n<\/ul>\n<p class=\"ql-align-justify\"><strong>Especificaciones<\/strong><\/p>\n<p class=\"ql-align-justify\"><strong>El\u00e9ctricas<\/strong><\/p>\n<ul>\n<li class=\"ql-align-justify\">Tensi\u00f3n de funcionamiento: De 15 VCC a 33 VCC.<\/li>\n<li class=\"ql-align-justify\">Consumo de corriente: 0,4 mA.<\/li>\n<\/ul>\n<p class=\"ql-align-justify\"><strong>Mec\u00e1nicas<\/strong><\/p>\n<p class=\"ql-align-justify\"><strong>Dimensiones (Al. x An. x Pr. :<\/strong><\/p>\n<ul>\n<li class=\"ql-align-justify\">FMC-420RW-GFGRD: 107 mm x 107 mm x 38,5 mm (4,2 pulg. x 4,2 pulg. x 1,5 pulg.).<\/li>\n<li class=\"ql-align-justify\">Material de la carcasa: Pl\u00e1stico, ASA<\/li>\n<\/ul>\n<p class=\"ql-align-justify\"><strong>Colores:<\/strong><\/p>\n<ul>\n<li class=\"ql-align-justify\">Rojo RAL 3001.<\/li>\n<li class=\"ql-align-justify\">Azul RAL 5005 .<\/li>\n<li class=\"ql-align-justify\">Amarillo RAL 1003.<\/li>\n<li class=\"ql-align-justify\">Rojo\/blanco RAL 3001 \/ RAL 9003.<\/li>\n<\/ul>\n<p class=\"ql-align-justify\"><strong>Ambientales<\/strong><\/p>\n<ul>\n<li class=\"ql-align-justify\">Categor\u00eda de protecci\u00f3n: conforme a EN 60529 IP 54.<\/li>\n<li class=\"ql-align-justify\">Categor\u00eda de protecci\u00f3n conforme a EN 60529 para FMC-420RW-HSGRD FMC-420RW-HSRRD IP 67.<\/li>\n<li class=\"ql-align-justify\">Temperatura de funcionamiento permitida: De -25 \u00b0C a +70 \u00b0C.<\/li>\n<li class=\"ql-align-justify\">Humedad relativa permitida: &lt; 96 %.<\/li>\n<\/ul>\n<\/div>\n<\/div>\n","protected":false},"excerpt":{"rendered":"<p>FMC\u2011420RW\u2011GFRRD Pulsador de incendio manual con opci\u00f3n de rearme, con base empotrada, rojo Resumen del sistema Los pulsadores de alarma de accionamiento \u00fanico FMC-420RW\u00a0se utilizan para la activaci\u00f3n manual de alarmas y se emplean en la red de seguridad local (LSN) y en la versi\u00f3n&hellip;<\/p>\n","protected":false},"featured_media":5735,"comment_status":"open","ping_status":"closed","template":"","meta":{"om_disable_all_campaigns":false,"_monsterinsights_skip_tracking":false,"_monsterinsights_sitenote_active":false,"_monsterinsights_sitenote_note":"","_monsterinsights_sitenote_category":0},"product_brand":[],"product_cat":[503],"product_tag":[495,497,498,499,500,501,496,502],"class_list":{"0":"post-5736","1":"product","2":"type-product","3":"status-publish","4":"has-post-thumbnail","6":"product_cat-estaciones-manuales","7":"product_tag-control-de-incendio","8":"product_tag-detectores","9":"product_tag-estacion-manual","10":"product_tag-estrobos-y-sirenas","11":"product_tag-modulos","12":"product_tag-paneles-de-control","13":"product_tag-sistemas-de-incendio","14":"product_tag-teclados","16":"first","17":"instock","18":"sale","19":"taxable","20":"shipping-taxable","21":"purchasable","22":"product-type-simple"},"aioseo_notices":[],"_links":{"self":[{"href":"https:\/\/tecsecmty.com\/index.php\/wp-json\/wp\/v2\/product\/5736","targetHints":{"allow":["GET"]}}],"collection":[{"href":"https:\/\/tecsecmty.com\/index.php\/wp-json\/wp\/v2\/product"}],"about":[{"href":"https:\/\/tecsecmty.com\/index.php\/wp-json\/wp\/v2\/types\/product"}],"replies":[{"embeddable":true,"href":"https:\/\/tecsecmty.com\/index.php\/wp-json\/wp\/v2\/comments?post=5736"}],"version-history":[{"count":0,"href":"https:\/\/tecsecmty.com\/index.php\/wp-json\/wp\/v2\/product\/5736\/revisions"}],"wp:featuredmedia":[{"embeddable":true,"href":"https:\/\/tecsecmty.com\/index.php\/wp-json\/wp\/v2\/media\/5735"}],"wp:attachment":[{"href":"https:\/\/tecsecmty.com\/index.php\/wp-json\/wp\/v2\/media?parent=5736"}],"wp:term":[{"taxonomy":"product_brand","embeddable":true,"href":"https:\/\/tecsecmty.com\/index.php\/wp-json\/wp\/v2\/product_brand?post=5736"},{"taxonomy":"product_cat","embeddable":true,"href":"https:\/\/tecsecmty.com\/index.php\/wp-json\/wp\/v2\/product_cat?post=5736"},{"taxonomy":"product_tag","embeddable":true,"href":"https:\/\/tecsecmty.com\/index.php\/wp-json\/wp\/v2\/product_tag?post=5736"}],"curies":[{"name":"wp","href":"https:\/\/api.w.org\/{rel}","templated":true}]}}