{"id":5753,"date":"2023-02-23T11:38:55","date_gmt":"2023-02-23T17:38:55","guid":{"rendered":"https:\/\/tecsecmty.com\/index.php\/producto\/bosch-f_fmcspglrw-cristales-de-repuesto-contenido-5-unidades\/"},"modified":"2023-03-22T23:21:10","modified_gmt":"2023-03-23T05:21:10","slug":"bosch-f_fmcspglrw-cristales-de-repuesto-contenido-5-unidades","status":"publish","type":"product","link":"https:\/\/tecsecmty.com\/index.php\/producto\/bosch-f_fmcspglrw-cristales-de-repuesto-contenido-5-unidades\/","title":{"rendered":"BOSCH F_FMCSPGLRW &#8211; Cristales de repuesto \/ Contenido 5 unidades"},"content":{"rendered":"<h5 class=\"card-title text-center\">Cristales de repuesto FMC\u2011SPGL\u2011RW<\/h5>\n<p class=\"ql-align-justify\">Los pulsadores de alarma de accionamiento \u00fanico FMC-420RW se utilizan para la activaci\u00f3n manual de alarmas y se emplean en la red de seguridad local (LSN) y en la versi\u00f3n LSN improved.<\/p>\n<p class=\"ql-align-justify\"><strong>Funciones b\u00e1sicas<\/strong><\/p>\n<p class=\"ql-align-justify\">Pulsadores de alarma de incendio de accionamiento \u00fanico con cristal: 1 2 3<\/p>\n<p class=\"ql-align-justify\"><strong>Al pulsar la se\u00f1al:(<\/strong>1), se rompe el cristal (3), lo que activa la alarma y hace que el LED parpadee (2). Los pulsadores de incendio de accionamiento \u00fanico se pueden rearmar con la llave de prueba y cambiando el cristal (3). El LED (2) se apaga.<\/p>\n<p class=\"ql-align-justify\"><strong>Nota:<\/strong>\u00a0<strong>Cristales de repuesto FMC\u2011SPGL\u2011RW<\/strong><\/p>\n<p class=\"ql-align-justify\"><strong>Cristales de repuesto para pulsadores de alarma RW. 1 unidad = 5 cristales de repuesto.<\/strong><\/p>\n<p class=\"ql-align-justify\"><strong>N\u00famero de pedido: FMC-SPGL-RW<\/strong><\/p>\n<p class=\"ql-align-justify\"><strong>Principales caracter\u00edsticas<\/strong><\/p>\n<ul>\n<li class=\"ql-align-justify\">5 pz. Cristales de repuesto.<\/li>\n<li class=\"ql-align-justify\">Material: Vidrio.<\/li>\n<li class=\"ql-align-justify\">F\u00e1cil Instalaci\u00f3n<\/li>\n<\/ul>\n<p><img decoding=\"async\" class=\"overview-center-img-web\" src=\"https:\/\/tvc.mx\/media\/35177\/Logoopaginas-oficial-1920x400.png\" alt=\"\" \/><\/p>\n","protected":false},"excerpt":{"rendered":"<p>Cristales de repuesto FMC\u2011SPGL\u2011RW Los pulsadores de alarma de accionamiento \u00fanico FMC-420RW se utilizan para la activaci\u00f3n manual de alarmas y se emplean en la red de seguridad local (LSN) y en la versi\u00f3n LSN improved. Funciones b\u00e1sicas Pulsadores de alarma de incendio de accionamiento&hellip;<\/p>\n","protected":false},"featured_media":5752,"comment_status":"open","ping_status":"closed","template":"","meta":{"om_disable_all_campaigns":false,"_monsterinsights_skip_tracking":false,"_monsterinsights_sitenote_active":false,"_monsterinsights_sitenote_note":"","_monsterinsights_sitenote_category":0},"product_brand":[],"product_cat":[503],"product_tag":[495,497,498,499,500,501,496,502],"class_list":{"0":"post-5753","1":"product","2":"type-product","3":"status-publish","4":"has-post-thumbnail","6":"product_cat-estaciones-manuales","7":"product_tag-control-de-incendio","8":"product_tag-detectores","9":"product_tag-estacion-manual","10":"product_tag-estrobos-y-sirenas","11":"product_tag-modulos","12":"product_tag-paneles-de-control","13":"product_tag-sistemas-de-incendio","14":"product_tag-teclados","16":"first","17":"instock","18":"sale","19":"taxable","20":"shipping-taxable","21":"purchasable","22":"product-type-simple"},"aioseo_notices":[],"_links":{"self":[{"href":"https:\/\/tecsecmty.com\/index.php\/wp-json\/wp\/v2\/product\/5753","targetHints":{"allow":["GET"]}}],"collection":[{"href":"https:\/\/tecsecmty.com\/index.php\/wp-json\/wp\/v2\/product"}],"about":[{"href":"https:\/\/tecsecmty.com\/index.php\/wp-json\/wp\/v2\/types\/product"}],"replies":[{"embeddable":true,"href":"https:\/\/tecsecmty.com\/index.php\/wp-json\/wp\/v2\/comments?post=5753"}],"version-history":[{"count":0,"href":"https:\/\/tecsecmty.com\/index.php\/wp-json\/wp\/v2\/product\/5753\/revisions"}],"wp:featuredmedia":[{"embeddable":true,"href":"https:\/\/tecsecmty.com\/index.php\/wp-json\/wp\/v2\/media\/5752"}],"wp:attachment":[{"href":"https:\/\/tecsecmty.com\/index.php\/wp-json\/wp\/v2\/media?parent=5753"}],"wp:term":[{"taxonomy":"product_brand","embeddable":true,"href":"https:\/\/tecsecmty.com\/index.php\/wp-json\/wp\/v2\/product_brand?post=5753"},{"taxonomy":"product_cat","embeddable":true,"href":"https:\/\/tecsecmty.com\/index.php\/wp-json\/wp\/v2\/product_cat?post=5753"},{"taxonomy":"product_tag","embeddable":true,"href":"https:\/\/tecsecmty.com\/index.php\/wp-json\/wp\/v2\/product_tag?post=5753"}],"curies":[{"name":"wp","href":"https:\/\/api.w.org\/{rel}","templated":true}]}}