{"id":5757,"date":"2023-02-23T11:39:00","date_gmt":"2023-02-23T17:39:00","guid":{"rendered":"https:\/\/tecsecmty.com\/index.php\/producto\/bosch-f_fmm100datk-estacion-manueal-de-doble-accion-color-roja-convencional\/"},"modified":"2023-03-22T23:21:10","modified_gmt":"2023-03-23T05:21:10","slug":"bosch-f_fmm100datk-estacion-manueal-de-doble-accion-color-roja-convencional","status":"publish","type":"product","link":"https:\/\/tecsecmty.com\/index.php\/producto\/bosch-f_fmm100datk-estacion-manueal-de-doble-accion-color-roja-convencional\/","title":{"rendered":"BOSCH F_FMM100DATK &#8211; Estacion MANUEAL de doble accion \/ Color roja \/ Convencional"},"content":{"rendered":"<h5 class=\"card-title text-center\">Estaci\u00f3n manual, acci\u00f3n dual, roja FMM-100DATK<\/h5>\n<p class=\"ql-align-justify\"><strong>La familia FMM\u2011100 consta de estaciones manuales de alarma de incendio met\u00e1licas, vers\u00e1tiles y de alta calidad.<\/strong>\u00a0Hay modelos de una acci\u00f3n o doble acci\u00f3n. Todos los modelos cuentan con una cerradura con llave y contienen contactos chapados en oro para resistir la corrosi\u00f3n.<\/p>\n<p class=\"ql-align-justify\"><strong>Funciones b\u00e1sicas<\/strong><\/p>\n<p class=\"ql-align-justify\"><strong>Funcionamiento de una sola acci\u00f3n<\/strong><\/p>\n<p class=\"ql-align-justify\">Al tirar de la barra de la parte delantera de la estaci\u00f3n manual, se bloquea abierta y es visible f\u00e1cilmente a una distancia de 15 m (50 pies). Restablezca la barra de activaci\u00f3n abriendo la estaci\u00f3n manual con la llave y colocando la barra de activaci\u00f3n en su posici\u00f3n vertical normal. Hay disponible una varilla de interrupci\u00f3n acr\u00edlica ranurada opcional.<\/p>\n<p class=\"ql-align-justify\"><strong>Funcionamiento de doble acci\u00f3n<\/strong><\/p>\n<p class=\"ql-align-justify\">Con la configuraci\u00f3n de doble acci\u00f3n, la barra superior de la parte frontal de la estaci\u00f3n manual gira hacia dentro, de modo que permite agarrar la barra de activaci\u00f3n y accionarla con una sola mano.<\/p>\n<p class=\"ql-align-justify\">Certificaciones y aprobaciones<\/p>\n<p class=\"ql-align-justify\">Regi\u00f3n Marcas de calidad\/cumplimiento normativo<\/p>\n<p class=\"ql-align-justify\"><strong>EE. UU.<\/strong><\/p>\n<ul>\n<li class=\"ql-align-justify\">UL UL 38, Manual Signaling Boxes for Fire Alarm Systems<\/li>\n<li class=\"ql-align-justify\">CSFM see www.boschsecurity.com (the Bosch website).<\/li>\n<li class=\"ql-align-justify\">NYC-MEA 382-94-E, Vol. VI.<\/li>\n<\/ul>\n<p class=\"ql-align-justify\"><strong>Canad\u00e1<\/strong><\/p>\n<ul>\n<li class=\"ql-align-justify\">ULC CAN\/ULC-S528, Manual Stations for Fire Alarm Systems, Including Accessories.<\/li>\n<\/ul>\n<p class=\"ql-align-justify\"><strong>Notas de configuraci\u00f3n\/instalaci\u00f3n<\/strong><\/p>\n<p class=\"ql-align-justify\"><strong>Informaci\u00f3n sobre compatibilidad<\/strong><\/p>\n<p class=\"ql-align-justify\">Estas estaciones manuales son compatibles con todos los paneles de control de alarma de incendio de Bosch Building Technologies.<\/p>\n<p class=\"ql-align-justify\"><strong>Consideraciones para el montaje<\/strong><\/p>\n<p class=\"ql-align-justify\">Estas estaciones manuales se pueden montar en superficie sobre la caja posterior para montaje superficial FMM\u2011100BB\u2011R o la caja posterior a prueba de intemperie FMM\u2011100WPBB\u2011R. Tambi\u00e9n se pueden montar empotradas a ras sobre una caja trasera est\u00e1ndar de una sola entrada.<\/p>\n<p class=\"ql-align-justify\"><strong>Nota: Al montarlas correctamente sobre la caja trasera a prueba de intemperie FMM-100WPBB-R, estas estaciones manuales cumplen los requisitos de UL para el uso en exteriores.<\/strong><\/p>\n<p class=\"ql-align-justify\">Para cumplir con las normas de ADA; la estaci\u00f3n manual debe estar a menos de 1,2 m (48&#8243;) por encima del suelo para poder acceder a ella desde sillas de ruedas frontalmente y a menos de 1,3 m (54&#8243;) por encima del suelo para acceder a ella desde sillas de ruedas lateralmente.<\/p>\n<p class=\"ql-align-justify\"><strong>Nota: Estaci\u00f3n manual, acci\u00f3n dual, roja FMM-100DATK<\/strong><\/p>\n<p class=\"ql-align-justify\"><strong>Estaci\u00f3n manual de alarma de incendio met\u00e1lica de doble acci\u00f3n, vers\u00e1til y de alta calidad con cerradura con llave y contactos chapados con oro.<\/strong><\/p>\n<p class=\"ql-align-justify\"><strong>Numero de pedido: FMM-100DATK<\/strong><\/p>\n<p class=\"ql-align-justify\"><strong>Principales caracter\u00edsticas<\/strong><\/p>\n<ul>\n<li class=\"ql-align-justify\">Acci\u00f3n simple o dual.<\/li>\n<li class=\"ql-align-justify\">Terminales de conexi\u00f3n.<\/li>\n<li class=\"ql-align-justify\">Contactos de alarma chapadas en oro para ofrecer resistencia frente a la corrosi\u00f3n.<\/li>\n<li class=\"ql-align-justify\">Montaje superficial o cajas traseras a prueba de intemperie.<\/li>\n<\/ul>\n<p class=\"ql-align-justify\"><strong>Especificaciones<\/strong><\/p>\n<p class=\"ql-align-justify\"><strong>El\u00e9ctricas<\/strong><\/p>\n<ul>\n<li class=\"ql-align-justify\">Valores nominales de conmutaci\u00f3n 1 A a 30 VCC o 125 VCA.<\/li>\n<\/ul>\n<p class=\"ql-align-justify\"><strong>Ambientales<\/strong><\/p>\n<ul>\n<li class=\"ql-align-justify\">Humedad relativa 90 % a +38 \u00b0C (+100 \u00b0F).<\/li>\n<li class=\"ql-align-justify\">Temperatura (funcionamiento) De +40 \u00b0F a +150 \u00b0F (-40 \u00b0C a +66 \u00b0C).<\/li>\n<\/ul>\n<p class=\"ql-align-justify\"><strong>Mec\u00e1nica<\/strong><\/p>\n<ul>\n<li class=\"ql-align-justify\">Color: Rojo.<\/li>\n<li class=\"ql-align-justify\">Dimensiones (Al. x An. x Pr.) 12 cm x 8,3 cm x 2,8 cm (4,75&#8243; x 3,25&#8243; x 1,1&#8243;).<\/li>\n<li class=\"ql-align-justify\">Material: Metal fundido.<\/li>\n<\/ul>\n<p><img decoding=\"async\" class=\"overview-center-img-web\" src=\"https:\/\/tvc.mx\/media\/35219\/Logoopaginas-oficial-1920x400.png\" alt=\"\" \/><\/p>\n","protected":false},"excerpt":{"rendered":"<p>Estaci\u00f3n manual, acci\u00f3n dual, roja FMM-100DATK La familia FMM\u2011100 consta de estaciones manuales de alarma de incendio met\u00e1licas, vers\u00e1tiles y de alta calidad.\u00a0Hay modelos de una acci\u00f3n o doble acci\u00f3n. Todos los modelos cuentan con una cerradura con llave y contienen contactos chapados en oro&hellip;<\/p>\n","protected":false},"featured_media":5756,"comment_status":"open","ping_status":"closed","template":"","meta":{"om_disable_all_campaigns":false,"_monsterinsights_skip_tracking":false,"_monsterinsights_sitenote_active":false,"_monsterinsights_sitenote_note":"","_monsterinsights_sitenote_category":0},"product_brand":[],"product_cat":[503],"product_tag":[495,497,498,499,500,501,496,502],"class_list":{"0":"post-5757","1":"product","2":"type-product","3":"status-publish","4":"has-post-thumbnail","6":"product_cat-estaciones-manuales","7":"product_tag-control-de-incendio","8":"product_tag-detectores","9":"product_tag-estacion-manual","10":"product_tag-estrobos-y-sirenas","11":"product_tag-modulos","12":"product_tag-paneles-de-control","13":"product_tag-sistemas-de-incendio","14":"product_tag-teclados","16":"first","17":"instock","18":"sale","19":"taxable","20":"shipping-taxable","21":"purchasable","22":"product-type-simple"},"aioseo_notices":[],"_links":{"self":[{"href":"https:\/\/tecsecmty.com\/index.php\/wp-json\/wp\/v2\/product\/5757","targetHints":{"allow":["GET"]}}],"collection":[{"href":"https:\/\/tecsecmty.com\/index.php\/wp-json\/wp\/v2\/product"}],"about":[{"href":"https:\/\/tecsecmty.com\/index.php\/wp-json\/wp\/v2\/types\/product"}],"replies":[{"embeddable":true,"href":"https:\/\/tecsecmty.com\/index.php\/wp-json\/wp\/v2\/comments?post=5757"}],"version-history":[{"count":0,"href":"https:\/\/tecsecmty.com\/index.php\/wp-json\/wp\/v2\/product\/5757\/revisions"}],"wp:featuredmedia":[{"embeddable":true,"href":"https:\/\/tecsecmty.com\/index.php\/wp-json\/wp\/v2\/media\/5756"}],"wp:attachment":[{"href":"https:\/\/tecsecmty.com\/index.php\/wp-json\/wp\/v2\/media?parent=5757"}],"wp:term":[{"taxonomy":"product_brand","embeddable":true,"href":"https:\/\/tecsecmty.com\/index.php\/wp-json\/wp\/v2\/product_brand?post=5757"},{"taxonomy":"product_cat","embeddable":true,"href":"https:\/\/tecsecmty.com\/index.php\/wp-json\/wp\/v2\/product_cat?post=5757"},{"taxonomy":"product_tag","embeddable":true,"href":"https:\/\/tecsecmty.com\/index.php\/wp-json\/wp\/v2\/product_tag?post=5757"}],"curies":[{"name":"wp","href":"https:\/\/api.w.org\/{rel}","templated":true}]}}