{"id":5769,"date":"2023-02-23T11:39:23","date_gmt":"2023-02-23T17:39:23","guid":{"rendered":"https:\/\/tecsecmty.com\/index.php\/producto\/bosch-f_fmm325ad-estacion-manual-doble-accion-compatible-con-panel-fpa1000\/"},"modified":"2023-03-22T23:21:11","modified_gmt":"2023-03-23T05:21:11","slug":"bosch-f_fmm325ad-estacion-manual-doble-accion-compatible-con-panel-fpa1000","status":"publish","type":"product","link":"https:\/\/tecsecmty.com\/index.php\/producto\/bosch-f_fmm325ad-estacion-manual-doble-accion-compatible-con-panel-fpa1000\/","title":{"rendered":"BOSCH F_FMM325AD &#8211; Estacion manual doble accion \/ Compatible con panel FPA1000"},"content":{"rendered":"<h5 class=\"card-title text-center\">Estaci\u00f3n de Accionamiento Manual de accionamiento doble FMM\u2011325A\u2011D<\/h5>\n<p class=\"ql-align-justify\"><strong>Las Estaciones Manuales Anal\u00f3gicas serie FMM\u2011325A se usan en los circuitos de sondeo de las Centrales de Incendios FPA\u20111000\u2011UL, D9024, D8024 y D10024A de Bosch Security Systems, Inc.<\/strong>\u00a0Se comunican con el panel de control (alimentaci\u00f3n y datos) a trav\u00e9s de un circuito de sondeo de dos cables.<\/p>\n<p class=\"ql-align-justify\">La direcci\u00f3n de la estaci\u00f3n manual en el circuito de sondeo se establece mediante la programaci\u00f3n de un microchip EEPROM. Es necesario usar el Programador de Dispositivos Anal\u00f3gicos D5070 para establecer la direcci\u00f3n. Todos los edificios comerciales usan estaciones manuales.<\/p>\n<p class=\"ql-align-justify\">Estas estaciones manuales permiten que las personas evacuen el edificio al iniciar una alarma. La central de incendios identifica el punto de alarma en el circuito de sondeo y la palanca de alarma se bloquea en la posici\u00f3n al tirar.<\/p>\n<p class=\"ql-align-justify\"><strong>Planificaci\u00f3n Informaci\u00f3n sobre Compatibilidad<\/strong><\/p>\n<p class=\"ql-align-justify\">Los siguientes productos son compatibles con las Estaciones Manuales Anal\u00f3gicas serie FMM\u2011325A:<\/p>\n<p class=\"ql-align-justify\"><strong>Paneles de Control:<\/strong><\/p>\n<ul>\n<li class=\"ql-align-justify\">FPA\u20111000\u2011UL Central de Incendios Compacta.<\/li>\n<li class=\"ql-align-justify\">D8024 Central de Incendios Anal\u00f3gica.<\/li>\n<li class=\"ql-align-justify\">D9024 Central de Incendios Anal\u00f3gica.<\/li>\n<li class=\"ql-align-justify\">D10024A Central de Incendios Anal\u00f3gica.<\/li>\n<\/ul>\n<p class=\"ql-align-justify\"><strong>Programadores:<\/strong><\/p>\n<ul>\n<li class=\"ql-align-justify\">D5070 Programador de Dispositivos Anal\u00f3gicos.<\/li>\n<\/ul>\n<p class=\"ql-align-justify\"><strong>Consideraciones sobre el Montaje<\/strong><\/p>\n<p class=\"ql-align-justify\">Las estaciones manuales FMM\u2011325A est\u00e1n destinadas \u00fanicamente para su uso en interiores.<\/p>\n<p class=\"ql-align-justify\">Las Estaciones Manuales Anal\u00f3gicas serie FMM\u2011325A incorporan carcasas inyectadas para montaje empotrado en una caja de montaje de un s\u00f3lo registro. Para el montaje en superficie, use la Caja Posterior para montaje en Superficie FMM\u2011100BB\u2011R.<\/p>\n<p class=\"ql-align-justify\"><strong>Piezas incluidas<\/strong><\/p>\n<ul>\n<li class=\"ql-align-justify\">1 Estaci\u00f3n manual.<\/li>\n<li class=\"ql-align-justify\">1 M\u00f3dulo de Punto de Contacto .<\/li>\n<li class=\"ql-align-justify\">1 Horquilla acr\u00edlica marcada FMM\u2011100GR .<\/li>\n<li class=\"ql-align-justify\">1 Llave D102 (n\u00ba 1358) .<\/li>\n<li class=\"ql-align-justify\">1 Paquete de documentaci\u00f3n.<\/li>\n<\/ul>\n<p class=\"ql-align-justify\"><strong>Nota: Estaci\u00f3n de Accionamiento Manual de accionamiento doble FMM\u2011325A\u2011D<\/strong><\/p>\n<p class=\"ql-align-justify\"><strong>Se comunica con las centrales de incendios FPA-1000-UL, D9024, D8024 y D10024A (alimentaci\u00f3n y datos) a trav\u00e9s de un circuito de sondeo de dos cables.<\/strong><\/p>\n<p class=\"ql-align-justify\"><strong>Numero de pedido: FMM\u2011325A\u2011D.<\/strong><\/p>\n<p class=\"ql-align-justify\"><strong>Principales caracter\u00edsticas<\/strong><\/p>\n<ul>\n<li class=\"ql-align-justify\">Compatible con el protocolo de comunicaci\u00f3n digital avanzada.<\/li>\n<li class=\"ql-align-justify\">Comunicaci\u00f3n de datos digitales y alimentaci\u00f3n proporcionada a trav\u00e9s de un circuito de dos cables.<\/li>\n<li class=\"ql-align-justify\">Asignaci\u00f3n de direcciones EEPROM en la unidad de m\u00f3dulo.<\/li>\n<li class=\"ql-align-justify\">Carcasa inyectada resistente y construcci\u00f3n resistente a la corrosi\u00f3n.<\/li>\n<li class=\"ql-align-justify\">Montaje est\u00e1ndar.<\/li>\n<li class=\"ql-align-justify\">Palanca de alarma retenida.<\/li>\n<li class=\"ql-align-justify\">Forma parte del listado UL para aplicaciones de alarma de incendio comerciales.<\/li>\n<li class=\"ql-align-justify\">Cumple los requisitos de la Ley sobre Ciudadanos Americanos Discapacitados (ADA: Americans with Disabilities Act).<\/li>\n<\/ul>\n<p class=\"ql-align-justify\"><strong>Especificaciones:<\/strong><\/p>\n<p class=\"ql-align-justify\"><strong>El\u00e9ctricas<\/strong><\/p>\n<ul>\n<li class=\"ql-align-justify\">Corriente Alarma: 28 mA.<\/li>\n<li class=\"ql-align-justify\">Sondeo: 22 mA \u00b1 20%.<\/li>\n<li class=\"ql-align-justify\">En reposo: 0,35 mA t\u00edpico .<\/li>\n<\/ul>\n<p class=\"ql-align-justify\"><strong>Tensi\u00f3n<\/strong><\/p>\n<ul>\n<li class=\"ql-align-justify\">Entrada: 24 VCC nominal.<\/li>\n<li class=\"ql-align-justify\">Operaci\u00f3n: 17 VCC a 41 VCC.<\/li>\n<\/ul>\n<p class=\"ql-align-justify\"><strong>Ambientales<\/strong><\/p>\n<ul>\n<li class=\"ql-align-justify\">Temperatura (operaci\u00f3n): De -10 \u00b0C a +49 \u00b0C (de +14 \u00b0F a +120 \u00b0F.<\/li>\n<\/ul>\n<p class=\"ql-align-justify\"><strong>Mec\u00e1nicas<\/strong><\/p>\n<ul>\n<li class=\"ql-align-justify\">Fuerza de Activaci\u00f3n: 2,3 kg. (5 lb).<\/li>\n<li class=\"ql-align-justify\">Dimensiones (Al. x An. x Pr.): 12,1 cm. x 8,1 cm. x 2,2 cm. (4,75 pulg. x 3,2 pulg. x 0,875 pulg.).<\/li>\n<li class=\"ql-align-justify\">Material: Metal fundido pintado.<\/li>\n<\/ul>\n<p><img decoding=\"async\" class=\"overview-center-img-web\" src=\"https:\/\/tvc.mx\/media\/174478\/BANNER-OFICIAL-A.png\" alt=\"\" \/><\/p>\n","protected":false},"excerpt":{"rendered":"<p>Estaci\u00f3n de Accionamiento Manual de accionamiento doble FMM\u2011325A\u2011D Las Estaciones Manuales Anal\u00f3gicas serie FMM\u2011325A se usan en los circuitos de sondeo de las Centrales de Incendios FPA\u20111000\u2011UL, D9024, D8024 y D10024A de Bosch Security Systems, Inc.\u00a0Se comunican con el panel de control (alimentaci\u00f3n y datos)&hellip;<\/p>\n","protected":false},"featured_media":5768,"comment_status":"open","ping_status":"closed","template":"","meta":{"om_disable_all_campaigns":false,"_monsterinsights_skip_tracking":false,"_monsterinsights_sitenote_active":false,"_monsterinsights_sitenote_note":"","_monsterinsights_sitenote_category":0},"product_brand":[],"product_cat":[503],"product_tag":[495,497,498,499,500,501,496,502],"class_list":{"0":"post-5769","1":"product","2":"type-product","3":"status-publish","4":"has-post-thumbnail","6":"product_cat-estaciones-manuales","7":"product_tag-control-de-incendio","8":"product_tag-detectores","9":"product_tag-estacion-manual","10":"product_tag-estrobos-y-sirenas","11":"product_tag-modulos","12":"product_tag-paneles-de-control","13":"product_tag-sistemas-de-incendio","14":"product_tag-teclados","16":"first","17":"instock","18":"sale","19":"taxable","20":"shipping-taxable","21":"purchasable","22":"product-type-simple"},"aioseo_notices":[],"_links":{"self":[{"href":"https:\/\/tecsecmty.com\/index.php\/wp-json\/wp\/v2\/product\/5769","targetHints":{"allow":["GET"]}}],"collection":[{"href":"https:\/\/tecsecmty.com\/index.php\/wp-json\/wp\/v2\/product"}],"about":[{"href":"https:\/\/tecsecmty.com\/index.php\/wp-json\/wp\/v2\/types\/product"}],"replies":[{"embeddable":true,"href":"https:\/\/tecsecmty.com\/index.php\/wp-json\/wp\/v2\/comments?post=5769"}],"version-history":[{"count":0,"href":"https:\/\/tecsecmty.com\/index.php\/wp-json\/wp\/v2\/product\/5769\/revisions"}],"wp:featuredmedia":[{"embeddable":true,"href":"https:\/\/tecsecmty.com\/index.php\/wp-json\/wp\/v2\/media\/5768"}],"wp:attachment":[{"href":"https:\/\/tecsecmty.com\/index.php\/wp-json\/wp\/v2\/media?parent=5769"}],"wp:term":[{"taxonomy":"product_brand","embeddable":true,"href":"https:\/\/tecsecmty.com\/index.php\/wp-json\/wp\/v2\/product_brand?post=5769"},{"taxonomy":"product_cat","embeddable":true,"href":"https:\/\/tecsecmty.com\/index.php\/wp-json\/wp\/v2\/product_cat?post=5769"},{"taxonomy":"product_tag","embeddable":true,"href":"https:\/\/tecsecmty.com\/index.php\/wp-json\/wp\/v2\/product_tag?post=5769"}],"curies":[{"name":"wp","href":"https:\/\/api.w.org\/{rel}","templated":true}]}}