{"id":5773,"date":"2023-02-23T11:39:30","date_gmt":"2023-02-23T17:39:30","guid":{"rendered":"https:\/\/tecsecmty.com\/index.php\/producto\/bosch-f_fmm462d-estacion-manual-de-doble-accion-certificacion-ul-resistente-a-la-corrosion\/"},"modified":"2023-03-22T23:21:11","modified_gmt":"2023-03-23T05:21:11","slug":"bosch-f_fmm462d-estacion-manual-de-doble-accion-certificacion-ul-resistente-a-la-corrosion","status":"publish","type":"product","link":"https:\/\/tecsecmty.com\/index.php\/producto\/bosch-f_fmm462d-estacion-manual-de-doble-accion-certificacion-ul-resistente-a-la-corrosion\/","title":{"rendered":"BOSCH F_FMM462D &#8211; Estacion manual de doble accion \/ Certificacion UL \/ Resistente a la corrosion"},"content":{"rendered":"<h5 class=\"card-title text-center\">FMM\u2011462\u2011D Estaci\u00f3n manual de doble acci\u00f3n<\/h5>\n<p class=\"ql-align-justify\">Las estaciones manuales direccionables FMM\u2011462 permiten personas evacuando un edificio para iniciar una alarma y alertar a otros a\u00fan dentro.<\/p>\n<p class=\"ql-align-justify\">El m\u00f3dulo POPIT incluido se aborda mediante interruptores deslizantes integrados. Luego se conecta a la bucle de expansi\u00f3n de datos del panel de control. El POPIT es sondeado por el panel de control y env\u00eda informes sobre cualquier se abre, corta o falla a tierra en la estaci\u00f3n manual alambrado. La funci\u00f3n direccionable permite a las agencias respondiendo a condiciones de alarma o problema para ir al punto que inici\u00f3 el informe de alarma o problema.<\/p>\n<p class=\"ql-align-justify\">Estas estaciones manuales de bajo perfil est\u00e1n moldeadas con bordes redondeados para adaptarse a la mayor\u00eda de las aplicaciones de dise\u00f1o. Todos los componentes met\u00e1licos est\u00e1n pintados o chapados para inhibir corrosi\u00f3n. Estas estaciones manuales se ajustan a la<\/p>\n<p class=\"ql-align-justify\">Est\u00e1ndares de la Ley de Estadounidenses con Discapacidades (ADA).<\/p>\n<p class=\"ql-align-justify\"><strong>Funciones b\u00e1sicas<\/strong><\/p>\n<p class=\"ql-align-justify\"><strong>Operaci\u00f3n direccionable<\/strong><\/p>\n<p class=\"ql-align-justify\">El POPIT se conecta a una expansi\u00f3n de datos de dos hilos circuito desde el panel de control. La direcci\u00f3n del dispositivo est\u00e1 configurada a trav\u00e9s de interruptores deslizantes en el m\u00f3dulo POPIT, permitiendo identificaci\u00f3n programable del dispositivo por el control panel.<\/p>\n<p class=\"ql-align-justify\"><strong>Certificaciones y aprobaciones<\/strong><\/p>\n<ul>\n<li class=\"ql-align-justify\">ADA cumple con los estadounidenses con Ley de Discapacidades ADA 4.28.3<\/li>\n<li class=\"ql-align-justify\">NFPA cumple con National Fire Asociaci\u00f3n de Protecci\u00f3n NFPA 72<\/li>\n<\/ul>\n<p class=\"ql-align-justify\"><strong>USA\u00a0<\/strong><\/p>\n<ul>\n<li class=\"ql-align-justify\">UL UNIU: Cajas, no codificadas (UL38)<\/li>\n<li class=\"ql-align-justify\">CSFM vea el sitio web de Bosch<\/li>\n<\/ul>\n<p class=\"ql-align-justify\"><strong>Productos activos:<\/strong><\/p>\n<ul>\n<li class=\"ql-align-justify\">D9412GV4, D7412GV4, D7212GV4 , D9412GV3, D7412GV3 y D7212GV3.<\/li>\n<\/ul>\n<p class=\"ql-align-justify\"><strong>Productos inactivos :<\/strong><\/p>\n<ul>\n<li class=\"ql-align-justify\">D9412GV2, D7412GV2 y D7212GV2<\/li>\n<\/ul>\n<p class=\"ql-align-justify\"><strong>Productos heredados :<\/strong><\/p>\n<ul>\n<li class=\"ql-align-justify\">D9412G, D7412G, D7212G , D9412, D7412 y D7212<\/li>\n<li class=\"ql-align-justify\">D9124, D9112, D8112 y D7112<\/li>\n<\/ul>\n<p class=\"ql-align-justify\"><strong>Consideraciones de montaje<\/strong><\/p>\n<p class=\"ql-align-justify\">Las estaciones manuales son solo para uso en interiores. La estaci\u00f3n manual y el cableado desde el control, el bucle de expansi\u00f3n de datos del panel encaja en una parte posterior de una sola banda caja para montaje empotrado. Use el FMM \u2011 100BB \u2011 R Caja posterior para montaje en superficie y para proporcionar espacio adicional para el cableado del sistema y el m\u00f3dulo.<\/p>\n<p><strong>Nota:\u00a0FMM\u2011462\u2011D Estaci\u00f3n manual de doble acci\u00f3n<\/strong><\/p>\n<p><strong>La estaci\u00f3n manual de doble acci\u00f3n est\u00e1 listada por UL y cumple con la Ley de Estadounidenses con Discapacidades (ADA) requisitos Tiene una palanca de alarma de enganche con un reinicio con llave, una carcasa resistente fundida a presi\u00f3n, y Construcci\u00f3n resistente a la corrosi\u00f3n.<\/strong><\/p>\n<p class=\"ql-align-justify\"><strong>N\u00famero de pedido: FMM-462-D<\/strong><\/p>\n<p class=\"ql-align-justify\"><strong>Principales caracter\u00edsticas<\/strong><\/p>\n<ul>\n<li class=\"ql-align-justify\">Montaje de una sola banda.<\/li>\n<li class=\"ql-align-justify\">Palanca de alarma enganchada y restablecimiento con llave.<\/li>\n<li class=\"ql-align-justify\">Robusta carcasa de fundici\u00f3n a presi\u00f3n con calibre 14 (1,9 mm) respaldo de acero chapado y resistente a la corrosi\u00f3n construcci\u00f3n.<\/li>\n<li class=\"ql-align-justify\">Varilla de acr\u00edlico puntuada opcional.<\/li>\n<\/ul>\n<p class=\"ql-align-justify\"><strong>Especificaciones<\/strong><\/p>\n<p class=\"ql-align-justify\"><strong>El\u00e9ctricas<\/strong><\/p>\n<ul>\n<li class=\"ql-align-justify\">Corriente (alarma): 0.8 mA<\/li>\n<li class=\"ql-align-justify\">Corriente (normal): 0.5 mA<\/li>\n<li class=\"ql-align-justify\">Voltaje (en funcionamiento): 7 V CC a 15 V CC suministrado por el control panel<\/li>\n<li class=\"ql-align-justify\">Ambiental Temperatura (operando): + 14 \u00b0 F a + 120 \u00b0 F (-10 \u00b0 C a + 49 \u00b0 C)<\/li>\n<\/ul>\n<p class=\"ql-align-justify\"><strong>Mec\u00e1nico<\/strong><\/p>\n<ul>\n<li class=\"ql-align-justify\">Fuerza de activaci\u00f3n: 5 lb (2.3 kg).<\/li>\n<li class=\"ql-align-justify\">Tiempo de respuesta de alarma: 1 seg. (Aproximadamente).<\/li>\n<li class=\"ql-align-justify\">Dimensiones (HxWxD): 4.75 pulg. X 3.2 pulg. X 0.875 pulg. (12,1 cm x 8,1 cm x 2,2 cm).<\/li>\n<li class=\"ql-align-justify\">Material: metal pintado a presi\u00f3n, parte posterior de acero chapado y frente de acero pintado.<\/li>\n<\/ul>\n<p><img decoding=\"async\" class=\"overview-center-img-web\" src=\"https:\/\/tvc.mx\/media\/35103\/Logoopaginas-oficial-1920x400.png\" alt=\"\" \/><\/p>\n","protected":false},"excerpt":{"rendered":"<p>FMM\u2011462\u2011D Estaci\u00f3n manual de doble acci\u00f3n Las estaciones manuales direccionables FMM\u2011462 permiten personas evacuando un edificio para iniciar una alarma y alertar a otros a\u00fan dentro. El m\u00f3dulo POPIT incluido se aborda mediante interruptores deslizantes integrados. Luego se conecta a la bucle de expansi\u00f3n de&hellip;<\/p>\n","protected":false},"featured_media":5772,"comment_status":"open","ping_status":"closed","template":"","meta":{"om_disable_all_campaigns":false,"_monsterinsights_skip_tracking":false,"_monsterinsights_sitenote_active":false,"_monsterinsights_sitenote_note":"","_monsterinsights_sitenote_category":0},"product_brand":[],"product_cat":[503],"product_tag":[495,497,498,499,500,501,496,502],"class_list":{"0":"post-5773","1":"product","2":"type-product","3":"status-publish","4":"has-post-thumbnail","6":"product_cat-estaciones-manuales","7":"product_tag-control-de-incendio","8":"product_tag-detectores","9":"product_tag-estacion-manual","10":"product_tag-estrobos-y-sirenas","11":"product_tag-modulos","12":"product_tag-paneles-de-control","13":"product_tag-sistemas-de-incendio","14":"product_tag-teclados","16":"first","17":"instock","18":"sale","19":"taxable","20":"shipping-taxable","21":"purchasable","22":"product-type-simple"},"aioseo_notices":[],"_links":{"self":[{"href":"https:\/\/tecsecmty.com\/index.php\/wp-json\/wp\/v2\/product\/5773","targetHints":{"allow":["GET"]}}],"collection":[{"href":"https:\/\/tecsecmty.com\/index.php\/wp-json\/wp\/v2\/product"}],"about":[{"href":"https:\/\/tecsecmty.com\/index.php\/wp-json\/wp\/v2\/types\/product"}],"replies":[{"embeddable":true,"href":"https:\/\/tecsecmty.com\/index.php\/wp-json\/wp\/v2\/comments?post=5773"}],"version-history":[{"count":0,"href":"https:\/\/tecsecmty.com\/index.php\/wp-json\/wp\/v2\/product\/5773\/revisions"}],"wp:featuredmedia":[{"embeddable":true,"href":"https:\/\/tecsecmty.com\/index.php\/wp-json\/wp\/v2\/media\/5772"}],"wp:attachment":[{"href":"https:\/\/tecsecmty.com\/index.php\/wp-json\/wp\/v2\/media?parent=5773"}],"wp:term":[{"taxonomy":"product_brand","embeddable":true,"href":"https:\/\/tecsecmty.com\/index.php\/wp-json\/wp\/v2\/product_brand?post=5773"},{"taxonomy":"product_cat","embeddable":true,"href":"https:\/\/tecsecmty.com\/index.php\/wp-json\/wp\/v2\/product_cat?post=5773"},{"taxonomy":"product_tag","embeddable":true,"href":"https:\/\/tecsecmty.com\/index.php\/wp-json\/wp\/v2\/product_tag?post=5773"}],"curies":[{"name":"wp","href":"https:\/\/api.w.org\/{rel}","templated":true}]}}