{"id":5775,"date":"2023-02-23T11:39:33","date_gmt":"2023-02-23T17:39:33","guid":{"rendered":"https:\/\/tecsecmty.com\/index.php\/producto\/bosch-f_fmm7045-estacion-manual-direccionable-color-rojo\/"},"modified":"2023-03-22T23:21:11","modified_gmt":"2023-03-23T05:21:11","slug":"bosch-f_fmm7045-estacion-manual-direccionable-color-rojo","status":"publish","type":"product","link":"https:\/\/tecsecmty.com\/index.php\/producto\/bosch-f_fmm7045-estacion-manual-direccionable-color-rojo\/","title":{"rendered":"BOSCH F_FMM7045 &#8211; Estacion manual direccionable color rojo"},"content":{"rendered":"<h5 class=\"card-title text-center\">FMM-7045 Estaci\u00f3n manual multip., una acc., roja<\/h5>\n<p class=\"ql-align-justify\"><strong>La familia de estaciones manuales FMM\u20117045 MUX son dispositivos iniciadores de alarma de incendio homologados conforme a UL. Se pueden conectar junto con otros dispositivos multiplex (MUX) en los m\u00f3dulos de expansi\u00f3n MUX FPE-7039, D7039, DS9431. FPE-7039 o D7039 se utilizan con las CDI FPD\u20117024 o D7024. DS9431 se utiliza con las CDI DS9400.<\/strong>\u00a0Las CDI supervisan todo el lazo MUX, incluidas las estaciones manuales, para detectar aver\u00edas, alarmas y condiciones de fallo a tierra. Cada estaci\u00f3n manual ocupa solo una direcci\u00f3n en el bus MUX. Es posible direccionar una estaci\u00f3n manual para cualquier punto dentro de la gama de 9 a 255 del m\u00f3dulo MUX. Por lo general, las estaciones manuales se instalan cerca de las salidas de los edificios, lo cual permite a las personas que evac\u00faan el edificio activar la alarma de incendio. Disponen de varillas rompibles acr\u00edlicas ranuradas opcionales y un asa para tirar que se bloquea en la posici\u00f3n activada. Estas caracter\u00edsticas permiten identificar f\u00e1cilmente los puntos de activaci\u00f3n de las alarmas.<\/p>\n<p class=\"ql-align-justify\">Las estaciones manuales tienen un perfil bajo y bordes redondeados para encajar en la mayor\u00eda de aplicaciones de dise\u00f1o. Est\u00e1n fabricadas conforme a los est\u00e1ndares establecidos en la Ley sobre Americanos con Minusval\u00edas (ADA). Todos los componentes est\u00e1n pintados o chapados para inhibir la corrosi\u00f3n. Se proporcionan terminales atornillados sin corrosi\u00f3n para realizar las conexiones de cables.<\/p>\n<p class=\"ql-align-justify\"><strong>Funciones b\u00e1sicas<\/strong><\/p>\n<p class=\"ql-align-justify\"><strong>Acci\u00f3n de alarma<\/strong><\/p>\n<p class=\"ql-align-justify\"><strong>El FMM\u20117045 de una sola acci\u00f3n tiene una palanca de color blanco para empujar hacia abajo en el centro.<\/strong>\u00a0El FMM\u20117045-D de doble acci\u00f3n tiene una palanca de color blanco para empujar por encima de la palanca para tirar hacia abajo situada en el centro. Al tirar hacia abajo de la palanca correspondiente, esta se bloquea y env\u00eda una se\u00f1al de alarma al panel de control mediante el bus MUX. La palanca para tirar hacia abajo solo se restablece cuando la llave correcta desbloquea la estaci\u00f3n manual y se abre la unidad. Despu\u00e9s es posible restablecer la palanca bloqueada a su posici\u00f3n normal.<\/p>\n<p class=\"ql-align-justify\"><strong>Notas de configuraci\u00f3n\/instalaci\u00f3n<\/strong><\/p>\n<p class=\"ql-align-justify\"><strong>Informaci\u00f3n sobre compatibilidad<\/strong><\/p>\n<p class=\"ql-align-justify\"><strong>En la tabla siguiente se enumeran los paneles de control compatibles con estas estaciones manuales:<\/strong><\/p>\n<p class=\"ql-align-justify\"><strong>Paneles de Control<\/strong><\/p>\n<p class=\"ql-align-justify\"><strong>Productos activos:<\/strong><\/p>\n<ul>\n<li class=\"ql-align-justify\">FPD-7024 con un m\u00f3dulo de expansi\u00f3n FPE-7039 o D7039 MUX.<\/li>\n<\/ul>\n<p class=\"ql-align-justify\"><strong>Productos antiguos:<\/strong><\/p>\n<ul>\n<li class=\"ql-align-justify\">D7024 (firmware revisi\u00f3n 2.0 o posterior) con un m\u00f3dulo de expansi\u00f3n D7039 MUX.<\/li>\n<li class=\"ql-align-justify\">DS9400 (firmware revisi\u00f3n 2.0 o posterior) con una expansi\u00f3n multiplex DS9431, para incendio<\/li>\n<\/ul>\n<p class=\"ql-align-justify\"><strong>Direccionamiento<\/strong><\/p>\n<ul>\n<li class=\"ql-align-justify\">Las direcciones se configuran mediante tres conmutadores rotativos. Consulte la informaci\u00f3n sobre programaci\u00f3n en las instrucciones de instalaci\u00f3n de las CDI correspondientes.<\/li>\n<\/ul>\n<p class=\"ql-align-justify\"><strong>Montaje<\/strong><\/p>\n<ul>\n<li class=\"ql-align-justify\">Las estaciones manuales est\u00e1n destinadas al uso en interiores solamente.<\/li>\n<\/ul>\n<p class=\"ql-align-justify\"><strong>Las estaciones manuales:<\/strong><\/p>\n<ul>\n<li class=\"ql-align-justify\">Montaje superficial en la caja posterior profunda para montaje en superficie FMM-100DBB-R.<\/li>\n<li class=\"ql-align-justify\">Montaje empotrado o superficial en una caja para dispositivos de 3&#8243; x 2&#8243; x 3\u00bd\u00bb (como Steel City CXWLE).<\/li>\n<li class=\"ql-align-justify\">Montaje empotado en una caja cuadrada de 4&#8243; x 2 1\/8&#8243; con marco empotrable de 5\/8&#8243;. (Como la caja Steel City 52171 y el marco empotrable Steel City 52- -C-14-5\/8).<\/li>\n<li class=\"ql-align-justify\">Montaje empotrado en una caja posterior est\u00e1ndar cuadrada de cuatro pulgadas con un marco empotrable de una sola entrada. La profundidad total de la caja debe ser de 5,7 cm (2,25&#8243;) como m\u00ednimo.<\/li>\n<\/ul>\n<p class=\"ql-align-justify\"><strong>Cableado<\/strong><\/p>\n<p class=\"ql-align-justify\"><strong>El bloque de terminales acepta cableado de hasta 12 AWG (ISO 4 mm2 ) de di\u00e1metro.\u00a0<\/strong>Consulte la informaci\u00f3n sobre cableado MUX en las instrucciones de instalaci\u00f3n de FPE-7039, D7039 o DS9431.<\/p>\n<p class=\"ql-align-justify\"><strong>Nota: FMM-7045 Estaci\u00f3n manual multip., una acc., roja<\/strong><\/p>\n<p class=\"ql-align-justify\"><strong>La estaci\u00f3n manual de una sola acci\u00f3n est\u00e1 homologada conforme a UL y cumple los requisitos de la Ley sobre Americanos con Minusval\u00edas (ADA). La direcci\u00f3n en el circuito de sondeo se configura f\u00e1cilmente con interruptores giratorios. El asa para tirar hacia abajo se bloquea en la posici\u00f3n activada. Se restablece abriendo la unidad con una llave y volviendo a cerrarla.<\/strong><\/p>\n<p class=\"ql-align-justify\"><strong>Numero de pedido: FMM-7045.<\/strong><\/p>\n<p class=\"ql-align-justify\"><strong>Principales caracter\u00edsticas<\/strong><\/p>\n<ul>\n<li class=\"ql-align-justify\">Direccionamiento f\u00e1cil con conmutadores rotativos.<\/li>\n<li class=\"ql-align-justify\">Terminales de conexiones y bajo consumo de corriente.<\/li>\n<li class=\"ql-align-justify\">Restablecimiento de cerradura con llave.<\/li>\n<li class=\"ql-align-justify\">Opci\u00f3n de varilla acr\u00edlica rompible ranurada reemplazable.<\/li>\n<li class=\"ql-align-justify\">Homologado conforme a UL y ADA.<\/li>\n<\/ul>\n<p class=\"ql-align-justify\"><strong>Especificaciones<\/strong><\/p>\n<p class=\"ql-align-justify\"><strong>El\u00e9ctricas<\/strong><\/p>\n<ul>\n<li class=\"ql-align-justify\">Consumo medio de corriente del bus MUX (en alarma y en reposo) 0,55 mA.<\/li>\n<li class=\"ql-align-justify\">Tensi\u00f3n (funcionamiento) 12 VCC nominales (suministrados por el bus MUX).<\/li>\n<\/ul>\n<p class=\"ql-align-justify\"><strong>Ambientales<\/strong><\/p>\n<ul>\n<li class=\"ql-align-justify\">Entorno Seco, interior Inmunidad contra las interferencias de radiofrecuencia (RFI) No se produce ninguna alarma en las frecuencias cr\u00edticas en el rango de 26 MHz a 950 MHz con intensidades de campo menores que 30 V\/m.<\/li>\n<li class=\"ql-align-justify\">Temperatura (funcionamiento): De 0 \u00b0C a +49 \u00b0C (de +32 \u00b0F a +120 \u00b0F).<\/li>\n<\/ul>\n<p class=\"ql-align-justify\"><strong>Mec\u00e1nicas<\/strong><\/p>\n<ul>\n<li class=\"ql-align-justify\">Dimensiones (Lar. \u00d7 An. \u00d7 Al.) :12 cm x 9,5 cm x 8,2 cm (4,75&#8243; x 3,75&#8243; x 3,25&#8243;).<\/li>\n<li class=\"ql-align-justify\">Material Aleaci\u00f3n de zinc fundido y acero.<\/li>\n<\/ul>\n<p class=\"ql-align-justify\"><strong>Peso<\/strong><\/p>\n<ul>\n<li class=\"ql-align-justify\">Bruto Neto 0,606 kg (1,34 lb) 0,420 kg (14,82 oz).<\/li>\n<\/ul>\n<p><img decoding=\"async\" class=\"overview-center-img-web\" src=\"https:\/\/tvc.mx\/media\/169093\/BANNER-OFICIAL-A.png\" alt=\"\" \/><\/p>\n","protected":false},"excerpt":{"rendered":"<p>FMM-7045 Estaci\u00f3n manual multip., una acc., roja La familia de estaciones manuales FMM\u20117045 MUX son dispositivos iniciadores de alarma de incendio homologados conforme a UL. Se pueden conectar junto con otros dispositivos multiplex (MUX) en los m\u00f3dulos de expansi\u00f3n MUX FPE-7039, D7039, DS9431. FPE-7039 o&hellip;<\/p>\n","protected":false},"featured_media":5774,"comment_status":"open","ping_status":"closed","template":"","meta":{"om_disable_all_campaigns":false,"_monsterinsights_skip_tracking":false,"_monsterinsights_sitenote_active":false,"_monsterinsights_sitenote_note":"","_monsterinsights_sitenote_category":0},"product_brand":[],"product_cat":[503],"product_tag":[495,497,498,499,500,501,496,502],"class_list":{"0":"post-5775","1":"product","2":"type-product","3":"status-publish","4":"has-post-thumbnail","6":"product_cat-estaciones-manuales","7":"product_tag-control-de-incendio","8":"product_tag-detectores","9":"product_tag-estacion-manual","10":"product_tag-estrobos-y-sirenas","11":"product_tag-modulos","12":"product_tag-paneles-de-control","13":"product_tag-sistemas-de-incendio","14":"product_tag-teclados","16":"first","17":"instock","18":"sale","19":"taxable","20":"shipping-taxable","21":"purchasable","22":"product-type-simple"},"aioseo_notices":[],"_links":{"self":[{"href":"https:\/\/tecsecmty.com\/index.php\/wp-json\/wp\/v2\/product\/5775","targetHints":{"allow":["GET"]}}],"collection":[{"href":"https:\/\/tecsecmty.com\/index.php\/wp-json\/wp\/v2\/product"}],"about":[{"href":"https:\/\/tecsecmty.com\/index.php\/wp-json\/wp\/v2\/types\/product"}],"replies":[{"embeddable":true,"href":"https:\/\/tecsecmty.com\/index.php\/wp-json\/wp\/v2\/comments?post=5775"}],"version-history":[{"count":0,"href":"https:\/\/tecsecmty.com\/index.php\/wp-json\/wp\/v2\/product\/5775\/revisions"}],"wp:featuredmedia":[{"embeddable":true,"href":"https:\/\/tecsecmty.com\/index.php\/wp-json\/wp\/v2\/media\/5774"}],"wp:attachment":[{"href":"https:\/\/tecsecmty.com\/index.php\/wp-json\/wp\/v2\/media?parent=5775"}],"wp:term":[{"taxonomy":"product_brand","embeddable":true,"href":"https:\/\/tecsecmty.com\/index.php\/wp-json\/wp\/v2\/product_brand?post=5775"},{"taxonomy":"product_cat","embeddable":true,"href":"https:\/\/tecsecmty.com\/index.php\/wp-json\/wp\/v2\/product_cat?post=5775"},{"taxonomy":"product_tag","embeddable":true,"href":"https:\/\/tecsecmty.com\/index.php\/wp-json\/wp\/v2\/product_tag?post=5775"}],"curies":[{"name":"wp","href":"https:\/\/api.w.org\/{rel}","templated":true}]}}