{"id":5783,"date":"2023-02-23T11:39:42","date_gmt":"2023-02-23T17:39:42","guid":{"rendered":"https:\/\/tecsecmty.com\/index.php\/producto\/bosch-f_ah24wpr-sirena-color-rojo-para-exterior\/"},"modified":"2023-03-22T23:21:02","modified_gmt":"2023-03-23T05:21:02","slug":"bosch-f_ah24wpr-sirena-color-rojo-para-exterior","status":"publish","type":"product","link":"https:\/\/tecsecmty.com\/index.php\/producto\/bosch-f_ah24wpr-sirena-color-rojo-para-exterior\/","title":{"rendered":"BOSCH F_AH24WPR- SIRENA COLOR ROJO PARA EXTERIOR"},"content":{"rendered":"<div class=\"row aling-items-center padding-bottom-2x\">\n<div class=\"col-lg-12\">\n<h5 class=\"card-title text-center\">Resumen<\/h5>\n<ul>\n<li>Dise\u00f1o resistente a la intemperie de dos hilos, rentable<\/li>\n<li>Sincronizaci\u00f3n de patr\u00f3n de sonido de tono continuo seleccionable o temporal (c\u00f3digo 3)<\/li>\n<li>Tres niveles de sonido seleccionables en campo<\/li>\n<li>Consumo de corriente promedio bajo<\/li>\n<li>Sin corriente de irrupci\u00f3n<\/li>\n<li>Compatible con m\u00f3dulos de sincronizaci\u00f3n SM y DSM<\/li>\n<\/ul>\n<p><img decoding=\"async\" class=\"overview-center-img-web\" src=\"https:\/\/tvc.mx\/media\/628274\/encabezado-1920x400.png\" alt=\"\" \/><\/div>\n<\/div>\n<div class=\"row align-items-center padding-bottom-2x\">\n<div class=\"col-md-5\"><img decoding=\"async\" class=\"d-block m-auto img-thumbnail\" src=\"https:\/\/tvc.mx\/media\/628286\/400x300-detallando.png\" alt=\" \" \/><\/div>\n<div class=\"col-md-7 text-md-left text-center\">\n<h2>Especificaciones t\u00e9cnicas<\/h2>\n<p class=\"text-muted\">\n<p>Material: Pl\u00e1stico<\/p>\n<p>Temperatura de funcionamiento (\u00b0C): 0 &#8211; 49 \u00b0C<\/p>\n<p>Tensi\u00f3n nominal (VCC) : 24 VCC<\/p>\n<\/div>\n<\/div>\n","protected":false},"excerpt":{"rendered":"<p>Resumen Dise\u00f1o resistente a la intemperie de dos hilos, rentable Sincronizaci\u00f3n de patr\u00f3n de sonido de tono continuo seleccionable o temporal (c\u00f3digo 3) Tres niveles de sonido seleccionables en campo Consumo de corriente promedio bajo Sin corriente de irrupci\u00f3n Compatible con m\u00f3dulos de sincronizaci\u00f3n SM&hellip;<\/p>\n","protected":false},"featured_media":5782,"comment_status":"open","ping_status":"closed","template":"","meta":{"om_disable_all_campaigns":false,"_monsterinsights_skip_tracking":false,"_monsterinsights_sitenote_active":false,"_monsterinsights_sitenote_note":"","_monsterinsights_sitenote_category":0},"product_brand":[],"product_cat":[504],"product_tag":[495,497,498,499,500,501,496,502],"class_list":{"0":"post-5783","1":"product","2":"type-product","3":"status-publish","4":"has-post-thumbnail","6":"product_cat-estrobos-y-sirenas","7":"product_tag-control-de-incendio","8":"product_tag-detectores","9":"product_tag-estacion-manual","10":"product_tag-estrobos-y-sirenas","11":"product_tag-modulos","12":"product_tag-paneles-de-control","13":"product_tag-sistemas-de-incendio","14":"product_tag-teclados","16":"first","17":"instock","18":"sale","19":"taxable","20":"shipping-taxable","21":"purchasable","22":"product-type-simple"},"aioseo_notices":[],"_links":{"self":[{"href":"https:\/\/tecsecmty.com\/index.php\/wp-json\/wp\/v2\/product\/5783","targetHints":{"allow":["GET"]}}],"collection":[{"href":"https:\/\/tecsecmty.com\/index.php\/wp-json\/wp\/v2\/product"}],"about":[{"href":"https:\/\/tecsecmty.com\/index.php\/wp-json\/wp\/v2\/types\/product"}],"replies":[{"embeddable":true,"href":"https:\/\/tecsecmty.com\/index.php\/wp-json\/wp\/v2\/comments?post=5783"}],"version-history":[{"count":0,"href":"https:\/\/tecsecmty.com\/index.php\/wp-json\/wp\/v2\/product\/5783\/revisions"}],"wp:featuredmedia":[{"embeddable":true,"href":"https:\/\/tecsecmty.com\/index.php\/wp-json\/wp\/v2\/media\/5782"}],"wp:attachment":[{"href":"https:\/\/tecsecmty.com\/index.php\/wp-json\/wp\/v2\/media?parent=5783"}],"wp:term":[{"taxonomy":"product_brand","embeddable":true,"href":"https:\/\/tecsecmty.com\/index.php\/wp-json\/wp\/v2\/product_brand?post=5783"},{"taxonomy":"product_cat","embeddable":true,"href":"https:\/\/tecsecmty.com\/index.php\/wp-json\/wp\/v2\/product_cat?post=5783"},{"taxonomy":"product_tag","embeddable":true,"href":"https:\/\/tecsecmty.com\/index.php\/wp-json\/wp\/v2\/product_tag?post=5783"}],"curies":[{"name":"wp","href":"https:\/\/api.w.org\/{rel}","templated":true}]}}