{"id":5785,"date":"2023-02-23T11:39:46","date_gmt":"2023-02-23T17:39:46","guid":{"rendered":"https:\/\/tecsecmty.com\/index.php\/producto\/bosch-f_e9024mcchfw-estrobo-y-altavoz-color-blanco-115-177cd-24-vdc\/"},"modified":"2023-03-22T23:21:04","modified_gmt":"2023-03-23T05:21:04","slug":"bosch-f_e9024mcchfw-estrobo-y-altavoz-color-blanco-115-177cd-24-vdc","status":"publish","type":"product","link":"https:\/\/tecsecmty.com\/index.php\/producto\/bosch-f_e9024mcchfw-estrobo-y-altavoz-color-blanco-115-177cd-24-vdc\/","title":{"rendered":"BOSCH F_E9024MCCHFW &#8211; ESTROBO Y altavoz \/ Color blanco \/ 115 \/ 177CD \/ 24 VDC"},"content":{"rendered":"<h5 class=\"card-title text-center\">E90\u201124MCC \u2011 FW Luz estrobosc\u00f3pica de altavoz de bajo perfil (blanco)<\/h5>\n<p class=\"ql-align-justify\"><strong>Las luces estrobosc\u00f3picas de altavoces Multi-Candela E90 proporcionan alta salida de audio con audibilidad clara y cuatro ajustes de intensidad de luz seleccionables en campo (15 cd, 30 cd, 75 cd o 95 cd).<\/strong>\u00a0Est\u00e1n dise\u00f1ados para cumplir con los requisitos cr\u00edticos y necesidades de la industria de seguridad de vida para eficaz comunicaciones de voz de emergencia, se\u00f1alizaci\u00f3n por tonos y<\/p>\n<p class=\"ql-align-justify\">se\u00f1alizaci\u00f3n visible para alertar a las personas con discapacidad auditiva. Estas los dispositivos de notificaci\u00f3n proporcionan una forma de alertar a la audiencia personas con discapacidad de una condici\u00f3n de alarma, y \u200b\u200bson muy adecuado para \u00e1reas de reuni\u00f3n p\u00fablica como tiendas, colegios, hospitales, residencias y oficinas. Una placa de montaje de altavoz con un nivel incorporado. El ajuste permite una instalaci\u00f3n m\u00e1s r\u00e1pida y f\u00e1cil. La cubierta de la parrilla de dos tornillos crea un atractivo apariencia.<\/p>\n<p class=\"ql-align-justify\">Los altavoces de alta eficiencia est\u00e1n dise\u00f1ados para salida m\u00e1xima a una potencia m\u00ednima en un rango de frecuencia de 400 Hz a 4 kHz. Cuando se usa con SM (simple) o DSM (dual) M\u00f3dulos de sincronizaci\u00f3n, la luz estrobosc\u00f3pica produce un flash sincronizado para cumplir con las pautas de ADA sobre epilepsia fotosensible. Toda la entrada de luz estrobosc\u00f3pica es compatible con el tipo de polaridad inversa est\u00e1ndar<\/p>\n<p class=\"ql-align-justify\">supervisi\u00f3n del cableado del circuito por un control de alarma contra incendios panel (FACP).<\/p>\n<p class=\"ql-align-justify\"><strong>Certificaciones y aprobaciones<\/strong><\/p>\n<p class=\"ql-align-justify\"><strong>Cooper Wheelock, Inc. posee estos listados y Aprobaciones:<\/strong><\/p>\n<p class=\"ql-align-justify\"><strong>EE. UU.<\/strong><\/p>\n<ul>\n<li class=\"ql-align-justify\">UL UUKC: dispositivos y equipos de se\u00f1alizaci\u00f3n para personas con discapacidad auditiva.<\/li>\n<li class=\"ql-align-justify\">(UL1971), UUMW: altavoces y amplificadores para sistemas de se\u00f1alizaci\u00f3n de protecci\u00f3n contra incendios (UL1480, UL1711 y UL2043).<\/li>\n<li class=\"ql-align-justify\">CSFM vea nuestro sitio web.<\/li>\n<\/ul>\n<p class=\"ql-align-justify\"><strong>Notas de instalaci\u00f3n \/ configuraci\u00f3n<\/strong><\/p>\n<p class=\"ql-align-justify\"><strong>Productos compatibles<\/strong><\/p>\n<p class=\"ql-align-justify\">Los siguientes productos son compatibles con el E90 luces estrobosc\u00f3picas del altavoz:<\/p>\n<p class=\"ql-align-justify\"><strong>Paneles de Control<\/strong><\/p>\n<ul>\n<li class=\"ql-align-justify\">D70221 FACP convencional.<\/li>\n<li class=\"ql-align-justify\">D70242 FACP convencional o direccionable.<\/li>\n<li class=\"ql-align-justify\">FPD-70242 FACP convencional o direccionable.<\/li>\n<li class=\"ql-align-justify\">FPA\u20111000 Paneles de incendios direccionables anal\u00f3gicos\u00a0.<\/li>\n<li class=\"ql-align-justify\">D80241 FACP anal\u00f3gico.<\/li>\n<li class=\"ql-align-justify\">D91241 FACP direccionable.<\/li>\n<li class=\"ql-align-justify\">D10024A1 FACP anal\u00f3gico.<\/li>\n<\/ul>\n<p class=\"ql-align-justify\"><strong>M\u00f3dulos<\/strong><\/p>\n<ul>\n<li class=\"ql-align-justify\">SM \u2011 12\/24 \u2011 R M\u00f3dulo de sincronizaci\u00f3n (rojo).<\/li>\n<li class=\"ql-align-justify\">DSM \u2011 12\/24 \u2011 R M\u00f3dulo de sincronizaci\u00f3n dual (rojo).<\/li>\n<\/ul>\n<p class=\"ql-align-justify\"><strong>Montaje<\/strong><\/p>\n<p class=\"ql-align-justify\">El dise\u00f1o de bajo perfil de estos dispositivos de notificaci\u00f3n crea m\u00e1s espacio de cableado en la parte posterior el\u00e9ctrica est\u00e1ndar cajas La placa de montaje del altavoz incorpora un funci\u00f3n de ajuste de nivel incorporada que permite una velocidad m\u00e1s r\u00e1pida y una instalaci\u00f3n m\u00e1s f\u00e1cil.<\/p>\n<p class=\"ql-align-justify\"><strong>Alambrado<\/strong><\/p>\n<p class=\"ql-align-justify\">Nota: No utilice la unidad de luz estrobosc\u00f3pica en modo codificado o pulsado.<\/p>\n<p class=\"ql-align-justify\">Circuitos de se\u00f1alizaci\u00f3n. Los terminales de entrada aceptan cables con di\u00e1metros.<\/p>\n<p class=\"ql-align-justify\">entre 18 AWG y 12 AWG (ISO 0.75 mm2 \u00a0y 4 mm2 ).<\/p>\n<p class=\"ql-align-justify\"><strong>Partes incluidas<\/strong><\/p>\n<p class=\"ql-align-justify\"><strong>Cuant. Componente<\/strong><\/p>\n<ul>\n<li class=\"ql-align-justify\">1 altavoz estrobosc\u00f3pico.<\/li>\n<li class=\"ql-align-justify\">1 placa de montaje.<\/li>\n<li class=\"ql-align-justify\">1 paquete de hardware.<\/li>\n<li class=\"ql-align-justify\">1 paquete de literatura.<\/li>\n<\/ul>\n<p><strong>Nota: E90\u201124MCC \u2011 FW Luz estrobosc\u00f3pica de altavoz de bajo perfil (blanco)<\/strong><\/p>\n<p><strong>Blanco, dispositivo de montaje en techo de 24 V CC con audio alto salida con audibilidad clara, capacidad de doble voltaje (25 VRMS o 70 VRMS), tomas seleccionables en campo de 1\/8 W a 2 W, e intensidades estrobosc\u00f3picas de 15 cd, 30 cd, 75 cd o 95 cd.<\/strong><\/p>\n<p><strong>N\u00famero de pedido: E90-24MCC-FW<\/strong><\/p>\n<p class=\"ql-align-justify\"><strong>Principales caracter\u00edsticas<\/strong><\/p>\n<ul>\n<li class=\"ql-align-justify\">24 VDC, filtrados o sin filtrar.<\/li>\n<li class=\"ql-align-justify\">Configuraciones de candela seleccionables en campo (15 cd, 30 cd, 75 cd o 95 cd).<\/li>\n<li class=\"ql-align-justify\">Cumple con ADA, NFPA, ANSI.<\/li>\n<li class=\"ql-align-justify\">Compatible con sincronizaci\u00f3n SM y DSM.<\/li>\n<li class=\"ql-align-justify\">Bajo consumo de corriente promedio con corriente de entrada cero.<\/li>\n<\/ul>\n<p class=\"ql-align-justify\"><strong>Especificaciones<\/strong><\/p>\n<p class=\"ql-align-justify\"><strong>El\u00e9ctrico<\/strong><\/p>\n<p class=\"ql-align-justify\"><strong>Corriente estrobosc\u00f3pica (RMS m\u00e1ximo)<\/strong><\/p>\n<ul>\n<li class=\"ql-align-justify\">VDC: 15 cd = 65 mA; 30 cd = 105 mA; 75 cd = 189 mA; 95 cd = 249 mA.<\/li>\n<li class=\"ql-align-justify\">VFWR: 15 cd = 110 mA; 30 cd = 170 mA; 75 cd = 280 mA; 95 cd = 375 mA.<\/li>\n<\/ul>\n<p class=\"ql-align-justify\"><strong>Voltaje (entrada)<\/strong><\/p>\n<ul>\n<li class=\"ql-align-justify\">Nominal: 24 VDC.<\/li>\n<li class=\"ql-align-justify\">Rango: 16 VDC o FWR a 33 VDC o FWR.<\/li>\n<\/ul>\n<p class=\"ql-align-justify\"><strong>Ambiental<\/strong><\/p>\n<ul>\n<li class=\"ql-align-justify\">Humedad relativa: hasta 85%, sin condensaci\u00f3n<\/li>\n<li class=\"ql-align-justify\">Temperatura (Operando): + 32 \u00b0 F a + 120 \u00b0 F (0 \u00b0 a + 49 \u00b0 C).<\/li>\n<\/ul>\n<p class=\"ql-align-justify\"><strong>Mec\u00e1nicas<\/strong><\/p>\n<p class=\"ql-align-justify\"><strong>Candela<\/strong><\/p>\n<ul>\n<li class=\"ql-align-justify\">Trozos escogidos: 15 cd, 30 cd, 75 cd o 95 cd.<\/li>\n<li class=\"ql-align-justify\">Dimensiones (di\u00e1metro x D): 7,25 pulgadas x 2,5 pulgadas (18,4 cm x 6,4 cm).<\/li>\n<li class=\"ql-align-justify\">Material: Caja de pl\u00e1stico moldeado.<\/li>\n<\/ul>\n<p><strong>Volumen del altavoz a 10 pies (3 m)<\/strong><\/p>\n<ul>\n<li>0.125 (1\/8) W: 77.5 dBA.<\/li>\n<li>0.25 (1\/4) W: 80.4 dBA.<\/li>\n<li>0.5 (1\/2) W: 83.2 dBA.<\/li>\n<li>1 W: 85.7 dBA.<\/li>\n<li class=\"ql-align-justify\">2 W: 87.8 dBA.<\/li>\n<\/ul>\n<p><img decoding=\"async\" class=\"overview-center-img-web\" src=\"https:\/\/tvc.mx\/media\/36222\/Logoopaginas-oficial-1920x400.png\" alt=\"\" \/><\/p>\n","protected":false},"excerpt":{"rendered":"<p>E90\u201124MCC \u2011 FW Luz estrobosc\u00f3pica de altavoz de bajo perfil (blanco) Las luces estrobosc\u00f3picas de altavoces Multi-Candela E90 proporcionan alta salida de audio con audibilidad clara y cuatro ajustes de intensidad de luz seleccionables en campo (15 cd, 30 cd, 75 cd o 95 cd).\u00a0Est\u00e1n&hellip;<\/p>\n","protected":false},"featured_media":5784,"comment_status":"open","ping_status":"closed","template":"","meta":{"om_disable_all_campaigns":false,"_monsterinsights_skip_tracking":false,"_monsterinsights_sitenote_active":false,"_monsterinsights_sitenote_note":"","_monsterinsights_sitenote_category":0},"product_brand":[],"product_cat":[504],"product_tag":[495,497,498,499,500,501,496,502],"class_list":{"0":"post-5785","1":"product","2":"type-product","3":"status-publish","4":"has-post-thumbnail","6":"product_cat-estrobos-y-sirenas","7":"product_tag-control-de-incendio","8":"product_tag-detectores","9":"product_tag-estacion-manual","10":"product_tag-estrobos-y-sirenas","11":"product_tag-modulos","12":"product_tag-paneles-de-control","13":"product_tag-sistemas-de-incendio","14":"product_tag-teclados","16":"first","17":"instock","18":"sale","19":"taxable","20":"shipping-taxable","21":"purchasable","22":"product-type-simple"},"aioseo_notices":[],"_links":{"self":[{"href":"https:\/\/tecsecmty.com\/index.php\/wp-json\/wp\/v2\/product\/5785","targetHints":{"allow":["GET"]}}],"collection":[{"href":"https:\/\/tecsecmty.com\/index.php\/wp-json\/wp\/v2\/product"}],"about":[{"href":"https:\/\/tecsecmty.com\/index.php\/wp-json\/wp\/v2\/types\/product"}],"replies":[{"embeddable":true,"href":"https:\/\/tecsecmty.com\/index.php\/wp-json\/wp\/v2\/comments?post=5785"}],"version-history":[{"count":0,"href":"https:\/\/tecsecmty.com\/index.php\/wp-json\/wp\/v2\/product\/5785\/revisions"}],"wp:featuredmedia":[{"embeddable":true,"href":"https:\/\/tecsecmty.com\/index.php\/wp-json\/wp\/v2\/media\/5784"}],"wp:attachment":[{"href":"https:\/\/tecsecmty.com\/index.php\/wp-json\/wp\/v2\/media?parent=5785"}],"wp:term":[{"taxonomy":"product_brand","embeddable":true,"href":"https:\/\/tecsecmty.com\/index.php\/wp-json\/wp\/v2\/product_brand?post=5785"},{"taxonomy":"product_cat","embeddable":true,"href":"https:\/\/tecsecmty.com\/index.php\/wp-json\/wp\/v2\/product_cat?post=5785"},{"taxonomy":"product_tag","embeddable":true,"href":"https:\/\/tecsecmty.com\/index.php\/wp-json\/wp\/v2\/product_tag?post=5785"}],"curies":[{"name":"wp","href":"https:\/\/api.w.org\/{rel}","templated":true}]}}