{"id":5789,"date":"2023-02-23T11:39:53","date_gmt":"2023-02-23T17:39:53","guid":{"rendered":"https:\/\/tecsecmty.com\/index.php\/producto\/bosch-f_et8024mcwfw-luz-estrobo-de-pared-de-25-a-70-vrms-altavoz-ofertasaaa\/"},"modified":"2023-03-22T23:21:04","modified_gmt":"2023-03-23T05:21:04","slug":"bosch-f_et8024mcwfw-luz-estrobo-de-pared-de-25-a-70-vrms-altavoz-ofertasaaa","status":"publish","type":"product","link":"https:\/\/tecsecmty.com\/index.php\/producto\/bosch-f_et8024mcwfw-luz-estrobo-de-pared-de-25-a-70-vrms-altavoz-ofertasaaa\/","title":{"rendered":"BOSCH F_ET8024MCWFW- LUZ ESTROBO DE PARED\/ DE 25 A 70 VRMS\/ALTAVOZ #OfertasAAA"},"content":{"rendered":"<div class=\"row aling-items-center padding-bottom-2x\">\n<div class=\"col-lg-12\">\n<p class=\"ql-align-justify\"><strong>El ET80 multi-candela altavoz luces estrobosc\u00f3picas<\/strong><\/p>\n<p class=\"ql-align-justify\">satisfacer las necesidades cr\u00edticas de la industria de la seguridad de la vida la voz y la se\u00f1alizaci\u00f3n de tono. Tienen una resistencia al vandalismo fundido a la parrilla, un altavoz de vuelta sellado, y una lente de Lexan para una mayor protecci\u00f3n.<\/p>\n<p class=\"ql-align-justify\"><strong>El altavoz<\/strong>\u00a0de alta eficiencia est\u00e1 dise\u00f1ado para una m\u00e1xima de salida a una potencia m\u00ednima a trav\u00e9s de una gama de frecuencias<\/p>\n<p class=\"ql-align-justify\">de\u00a0<strong>400 Hz a 4 kHz<\/strong>\u00a0y cubre ambos de<strong>\u00a025 V y 75 V<\/strong>\u00a0sistemas de audio con una serie de tomas de voltaje\u00a0<strong>0.125 W a 8 W<\/strong>.<\/p>\n<p class=\"ql-align-justify\">Cuando se utiliza con el SM (single) o DSM (dual)<\/p>\n<p class=\"ql-align-justify\"><strong>Sincronizaci\u00f3n de m\u00f3dulos<\/strong>, la luz estrobosc\u00f3pica produce una flash del estrobosc\u00f3pico sincronizado para el cumplimiento de\u00a0<strong>ADA<\/strong><\/p>\n<p class=\"ql-align-justify\">directrices relativas a la epilepsia fotosensible, todos entrada estrobosc\u00f3pica es compatible con inversa est\u00e1ndar tipo de polaridad supervisi\u00f3n de cableado del circuito por un incendio panel de control de alarma\u00a0<strong>(FACP)<\/strong>.<\/p>\n<p class=\"ql-align-justify\"><strong>Nota: ET80-24MCW FW-v\u00e1ndalo resistente altavoz estrobosc\u00f3pica<\/strong><\/p>\n<p class=\"ql-align-justify\"><strong>(Blanco<\/strong>)<\/p>\n<p class=\"ql-align-justify\">Blanco, resistente al vandalismo, 24 dispositivo VDC proporcionar alta salida de audio con capacidad de audici\u00f3n clara, doble voltaje<\/p>\n<p class=\"ql-align-justify\">de capacidad (25 Vrms o 70 V RMS), grifos de campo seleccionable<\/p>\n<p class=\"ql-align-justify\">1\/8 de W a 8 W, y las intensidades de luz estrobosc\u00f3pica de 15 cd,<\/p>\n<p class=\"ql-align-justify\">30 cd, 75 cd, o 110 cd.<\/p>\n<p class=\"ql-align-justify\"><strong>N\u00famero de pedido: ET80-24MCW-FW.<\/strong><\/p>\n<p><img decoding=\"async\" class=\"overview-center-img- aligncenter\" src=\"https:\/\/tvc.mx\/media\/4866\/Logoopaginas-oficial.png\" alt=\"\" \/><\/div>\n<\/div>\n<div class=\"row aling-items-center padding-bottom-2x\">\n<div class=\"col-lg-12\">\n<p class=\"ql-align-justify\"><strong>Principales caracter\u00edsticas:<\/strong><\/p>\n<ul>\n<li class=\"ql-align-justify\">25 V RMS o 70 V RMS operaci\u00f3n de hasta 8 W.<\/li>\n<li class=\"ql-align-justify\">Consumo de corriente media baja.<\/li>\n<li class=\"ql-align-justify\">Adicional de la protecci\u00f3n y la mejora de la audibilidad a trav\u00e9s.<\/li>\n<li class=\"ql-align-justify\">Posterior sellado de la construcci\u00f3n y del altavoz parrilla resistente al vandalismo<\/li>\n<li class=\"ql-align-justify\">Compatible con SM y Sincronizaci\u00f3n DSM m\u00f3dulos.<\/li>\n<li class=\"ql-align-justify\">F\u00e1cil cableado con terminales de tornillo.<\/li>\n<\/ul>\n<p class=\"ql-align-justify\"><strong>Especificaciones\u00a0<\/strong><\/p>\n<p class=\"ql-align-justify\"><strong>El\u00e9ctrico<\/strong><\/p>\n<p class=\"ql-align-justify\"><strong>Strobe actual (RMS<\/strong>)<\/p>\n<ul>\n<li class=\"ql-align-justify\">VDC: 15 cd: 6 mA, 30 cd: 9,2 mA, 75 cd: 16,5 mA, 110 cd: 22 mA<\/li>\n<li class=\"ql-align-justify\">VFWR: 15 CD: 10,2 mA, 30 cd: 15,5 mA, 75 cd: 25,3 mA, 110 cd: 34.7 mA<\/li>\n<\/ul>\n<p class=\"ql-align-justify\"><strong>Voltaje (entrada)<\/strong><\/p>\n<ul>\n<li class=\"ql-align-justify\">Nominal: 24 V CC.<\/li>\n<li class=\"ql-align-justify\">Rango: 16 VDC o FWR a 33 VDC o FWR<\/li>\n<\/ul>\n<p class=\"ql-align-justify\"><strong>Ambiental<\/strong><\/p>\n<ul>\n<li class=\"ql-align-justify\">Humedad relativa: Hasta 85%, sin condensaci\u00f3n.<\/li>\n<li class=\"ql-align-justify\">Temperatura (en funcionamiento): + 32 \u00b0 F a + 120 \u00b0 F (0 \u00b0 C a + 49 \u00b0 C.)<\/li>\n<\/ul>\n<p class=\"ql-align-justify\"><strong>Mec\u00e1nico<\/strong><\/p>\n<ul>\n<li class=\"ql-align-justify\">Dimensiones: 5.4375 en. cuadrado x 5,6875 in. deep1<\/li>\n<\/ul>\n<p class=\"ql-align-justify\">(13.8 cm x 14.4 cm cuadrados deep1)<\/p>\n<ul>\n<li class=\"ql-align-justify\">Material: estuche moldeado de pl\u00e1stico que incorpora un Xenon tubo de destello y Lexan lente.<\/li>\n<li class=\"ql-align-justify\">Candela Calificaci\u00f3n: 15 cd, 30 cd, 75 cd, o 110 cd<\/li>\n<\/ul>\n<\/div>\n<\/div>\n","protected":false},"excerpt":{"rendered":"<p>El ET80 multi-candela altavoz luces estrobosc\u00f3picas satisfacer las necesidades cr\u00edticas de la industria de la seguridad de la vida la voz y la se\u00f1alizaci\u00f3n de tono. Tienen una resistencia al vandalismo fundido a la parrilla, un altavoz de vuelta sellado, y una lente de Lexan&hellip;<\/p>\n","protected":false},"featured_media":5788,"comment_status":"open","ping_status":"closed","template":"","meta":{"om_disable_all_campaigns":false,"_monsterinsights_skip_tracking":false,"_monsterinsights_sitenote_active":false,"_monsterinsights_sitenote_note":"","_monsterinsights_sitenote_category":0},"product_brand":[],"product_cat":[504],"product_tag":[495,497,498,499,500,501,496,502],"class_list":{"0":"post-5789","1":"product","2":"type-product","3":"status-publish","4":"has-post-thumbnail","6":"product_cat-estrobos-y-sirenas","7":"product_tag-control-de-incendio","8":"product_tag-detectores","9":"product_tag-estacion-manual","10":"product_tag-estrobos-y-sirenas","11":"product_tag-modulos","12":"product_tag-paneles-de-control","13":"product_tag-sistemas-de-incendio","14":"product_tag-teclados","16":"first","17":"instock","18":"sale","19":"taxable","20":"shipping-taxable","21":"purchasable","22":"product-type-simple"},"aioseo_notices":[],"_links":{"self":[{"href":"https:\/\/tecsecmty.com\/index.php\/wp-json\/wp\/v2\/product\/5789","targetHints":{"allow":["GET"]}}],"collection":[{"href":"https:\/\/tecsecmty.com\/index.php\/wp-json\/wp\/v2\/product"}],"about":[{"href":"https:\/\/tecsecmty.com\/index.php\/wp-json\/wp\/v2\/types\/product"}],"replies":[{"embeddable":true,"href":"https:\/\/tecsecmty.com\/index.php\/wp-json\/wp\/v2\/comments?post=5789"}],"version-history":[{"count":0,"href":"https:\/\/tecsecmty.com\/index.php\/wp-json\/wp\/v2\/product\/5789\/revisions"}],"wp:featuredmedia":[{"embeddable":true,"href":"https:\/\/tecsecmty.com\/index.php\/wp-json\/wp\/v2\/media\/5788"}],"wp:attachment":[{"href":"https:\/\/tecsecmty.com\/index.php\/wp-json\/wp\/v2\/media?parent=5789"}],"wp:term":[{"taxonomy":"product_brand","embeddable":true,"href":"https:\/\/tecsecmty.com\/index.php\/wp-json\/wp\/v2\/product_brand?post=5789"},{"taxonomy":"product_cat","embeddable":true,"href":"https:\/\/tecsecmty.com\/index.php\/wp-json\/wp\/v2\/product_cat?post=5789"},{"taxonomy":"product_tag","embeddable":true,"href":"https:\/\/tecsecmty.com\/index.php\/wp-json\/wp\/v2\/product_tag?post=5789"}],"curies":[{"name":"wp","href":"https:\/\/api.w.org\/{rel}","templated":true}]}}