{"id":5795,"date":"2023-02-23T11:40:01","date_gmt":"2023-02-23T17:40:01","guid":{"rendered":"https:\/\/tecsecmty.com\/index.php\/producto\/bosch-f_fnm420abswh-sirena-de-base-para-interiores-color-blanco\/"},"modified":"2023-03-22T23:21:12","modified_gmt":"2023-03-23T05:21:12","slug":"bosch-f_fnm420abswh-sirena-de-base-para-interiores-color-blanco","status":"publish","type":"product","link":"https:\/\/tecsecmty.com\/index.php\/producto\/bosch-f_fnm420abswh-sirena-de-base-para-interiores-color-blanco\/","title":{"rendered":"BOSCH F_FNM420ABSWH &#8211; Sirena de base para interiores color blanco"},"content":{"rendered":"<div class=\"row aling-items-center padding-bottom-2x\">\n<div class=\"col-lg-12\">\n<h5 class=\"card-title text-center\">Base sirena interior FNM-420-A-BS-WH<\/h5>\n<p class=\"ql-align-justify\">\n<p><img decoding=\"async\" class=\"overview-center-img-web\" src=\"https:\/\/tvc.mx\/media\/29712\/Logoopaginas-oficial-1920x400.png\" alt=\"\" \/><\/div>\n<\/div>\n<div class=\"row align-items-center padding-bottom-2x\">\n<div class=\"col-md-5\"><img decoding=\"async\" class=\"d-block m-auto img-thumbnail\" src=\"https:\/\/tvc.mx\/media\/85516\/FNM-420-A-BS-WH-config5.png\" alt=\" \" \/><\/div>\n<div class=\"col-md-7 text-md-left text-center\">\n<h2>Resumen del sistema<\/h2>\n<p class=\"text-muted\">\n<p>Las sirenas de base para interiores se utilizan para la se\u00f1alizaci\u00f3n de una alarma directamente en la ubicaci\u00f3n del incendio. Pueden emplearse como sirenas de base o como sirenas independientes.<\/p>\n<p>&nbsp;<\/p>\n<\/div>\n<\/div>\n<hr class=\"padding-bottom-2x\" \/>\n<div class=\"row align-items-center padding-bottom-2x\">\n<div class=\"col-md-5 order-md-2\"><img decoding=\"async\" class=\"d-block m-auto img-thumbnail\" src=\"https:\/\/tvc.mx\/media\/85520\/FNM-420-A-BS-WH-config6.png\" alt=\" \" \/><\/div>\n<div class=\"col-md-7 order-md-1 text-md-left text-center\">\n<h2>Funciones b\u00e1sicas y Notas de configuraci\u00f3n<\/h2>\n<p class=\"text-muted\">\n<p class=\"ql-align-justify\"><strong>Funciones b\u00e1sicas<\/strong><\/p>\n<p class=\"ql-align-justify\"><strong>El dispositivo permite seleccionar 32 tipos de alarmas y tonos de evacuaci\u00f3n (incluido el tono DIN 33404, parte 3) para diferentes requisitos.<\/strong>\u00a0Puede ajustar la presi\u00f3n ac\u00fastica en cinco niveles, en funci\u00f3n del entorno operativo. Seg\u00fan el tipo de tono y el ajuste de volumen, la presi\u00f3n ac\u00fastica var\u00eda entre\u00a0<strong>65 dB(A) y 92,1 dB(A)<\/strong>. Las sirenas del mismo lazo LSN y con el mismo tipo de tono proporcionan una sincronizaci\u00f3n inmediata. Gracias a dos aisladores integrados, el dispositivo mantiene LSN funciones del lazo en caso de interrupci\u00f3n de cables o cortocircuito. Se pueden realizar cambios en los ajustes del dispositivo en el software de programaci\u00f3n\u00a0<strong>FSP-5000- -RPS.<\/strong><\/p>\n<p class=\"ql-align-justify\"><strong>Certificaciones y aprobaciones Cumple con la norma<\/strong><\/p>\n<ul>\n<li class=\"ql-align-justify\">EN 54-3:2001.<\/li>\n<li class=\"ql-align-justify\">EN 54-17:2005.<\/li>\n<\/ul>\n<p class=\"ql-align-justify\"><strong>Notas de configuraci\u00f3n\/instalaci\u00f3n<\/strong><\/p>\n<ul>\n<li class=\"ql-align-justify\">El dispositivo se ha dise\u00f1ado para usar en interiores.<\/li>\n<li class=\"ql-align-justify\">El consumo de corriente depende del tipo de tono seleccionado, con un m\u00e1ximo de 3.85 mA.<\/li>\n<li class=\"ql-align-justify\">No es posible sincronizar dispositivos con distintos ajustes de LSN (cl\u00e1sico e improved).<\/li>\n<li class=\"ql-align-justify\">El n\u00famero m\u00e1ximo de dispositivos de cada lazo depende del di\u00e1metro del cable y de la corriente total del mismo. Recurra a Bosch Planning Software para dise\u00f1ar el lazo que vaya a utilizar.<\/li>\n<li class=\"ql-align-justify\">La base con sirena puede funcionar con una luz estrobosc\u00f3pica FNS-420-R LSN o con un detector autom\u00e1tico de la serie 420\/425.<\/li>\n<li class=\"ql-align-justify\">En instalaciones con cableado en superficie, se requiere una base de montaje FNM-SPACER para el cableado en superficie.<\/li>\n<li class=\"ql-align-justify\">La dispositivo de aviso ac\u00fastico con base requiere una cubierta cuando se utiliza sin detector o sin luz estrobosc\u00f3pica.<\/li>\n<li class=\"ql-align-justify\">Este dispositivo no puede utilizarse con el controlador de la central FPA-5000 de tipo A.<\/li>\n<li class=\"ql-align-justify\">Se debe montar el clip de bloqueo si el dispositivo se instala en un lugar accesible. Consulte al operador del edificio o a los planificadores especializados en la infraestructura del edificio si se debe montar el bloqueo de extracci\u00f3n.<\/li>\n<\/ul>\n<p>&nbsp;<\/p>\n<\/div>\n<\/div>\n<hr class=\"padding-bottom-2x\" \/>\n<div class=\"row align-items-center padding-bottom-2x\">\n<div class=\"col-md-5\"><img decoding=\"async\" class=\"d-block m-auto img-thumbnail\" src=\"https:\/\/tvc.mx\/media\/85524\/FNM-420-A-BS-WH-config7.png\" alt=\" \" \/><\/div>\n<div class=\"col-md-7 text-md-left text-center\">\n<h2>Caracter\u00edsticas y Especificaciones<\/h2>\n<p class=\"text-muted\">\n<p class=\"ql-align-justify\"><strong>Nota: Base sirena interior FNM-420-A-BS-WH , blanca zumbador para base direccionable anal\u00f3gico para uso en interiores, blanco.<\/strong><\/p>\n<p class=\"ql-align-justify\"><strong>N\u00famero de pedido: FNM-420-A-BS-WH.<\/strong><\/p>\n<p class=\"ql-align-justify\"><strong>Principales caracter\u00edsticas<\/strong><\/p>\n<ul>\n<li class=\"ql-align-justify\">Volumen de hasta 92,1 dB(A).<\/li>\n<li class=\"ql-align-justify\">Consumo m\u00e1ximo de corriente inferior a 3.85 mA.<\/li>\n<li class=\"ql-align-justify\">Hasta 100 sirenas por LSN lazo.<\/li>\n<li class=\"ql-align-justify\">Sincronizaci\u00f3n inmediata.<\/li>\n<li class=\"ql-align-justify\">Se pueden seleccionar 32 tipos de tonos diferentes (incl. el tono DIN)<\/li>\n<\/ul>\n<p class=\"ql-align-justify\"><strong>Especificaciones<\/strong><\/p>\n<p class=\"ql-align-justify\"><strong>El\u00e9ctricas<\/strong><\/p>\n<p class=\"ql-align-justify\"><strong>Tensi\u00f3n en funcionamiento:<\/strong><\/p>\n<ul>\n<li class=\"ql-align-justify\">De 15 V CC a 33 V CC.<\/li>\n<\/ul>\n<p class=\"ql-align-justify\"><strong>Consumo de corriente<\/strong><\/p>\n<ul>\n<li class=\"ql-align-justify\">Estado inactivo &lt; 1 mA. Alarma \u2264 3.85 mA Datos mec\u00e1nicos Conexiones (entradas\/salidas) De 0,28 mm\u00b2 a 2,5 mm\u00b2 Dimensiones (\u00d8 x Al.)<\/li>\n<li class=\"ql-align-justify\">Con placa de montaje 115 x 40 mm.<\/li>\n<li class=\"ql-align-justify\">Con separador para cableado de superficie 115 x 50 mm Carcasa.<\/li>\n<li class=\"ql-align-justify\">Material Pl\u00e1stico, ABS.<\/li>\n<li class=\"ql-align-justify\">Color rojo, similar a RAL 3001 blanco, similar a RAL 9010 Peso.<\/li>\n<li class=\"ql-align-justify\">Sin embalaje 200 g.<\/li>\n<li class=\"ql-align-justify\">Con embalaje 245 g.<\/li>\n<\/ul>\n<p class=\"ql-align-justify\"><strong>Ambientales<\/strong><\/p>\n<ul>\n<li class=\"ql-align-justify\">Temperatura de funcionamiento permitida:De -10 \u00b0C a +55 \u00b0C (De -25 \u00b0C a +70 \u00b0C).<\/li>\n<li class=\"ql-align-justify\">Temperatura de almacenamiento permitida: De -25 \u00b0C a +85 \u00b0C Clase de protecci\u00f3n seg\u00fan EN 60529.<\/li>\n<\/ul>\n<\/div>\n<\/div>\n","protected":false},"excerpt":{"rendered":"<p>Base sirena interior FNM-420-A-BS-WH Resumen del sistema Las sirenas de base para interiores se utilizan para la se\u00f1alizaci\u00f3n de una alarma directamente en la ubicaci\u00f3n del incendio. Pueden emplearse como sirenas de base o como sirenas independientes. &nbsp; Funciones b\u00e1sicas y Notas de configuraci\u00f3n Funciones&hellip;<\/p>\n","protected":false},"featured_media":5794,"comment_status":"open","ping_status":"closed","template":"","meta":{"om_disable_all_campaigns":false,"_monsterinsights_skip_tracking":false,"_monsterinsights_sitenote_active":false,"_monsterinsights_sitenote_note":"","_monsterinsights_sitenote_category":0},"product_brand":[],"product_cat":[504],"product_tag":[495,497,498,499,500,501,496,502],"class_list":{"0":"post-5795","1":"product","2":"type-product","3":"status-publish","4":"has-post-thumbnail","6":"product_cat-estrobos-y-sirenas","7":"product_tag-control-de-incendio","8":"product_tag-detectores","9":"product_tag-estacion-manual","10":"product_tag-estrobos-y-sirenas","11":"product_tag-modulos","12":"product_tag-paneles-de-control","13":"product_tag-sistemas-de-incendio","14":"product_tag-teclados","16":"first","17":"instock","18":"sale","19":"taxable","20":"shipping-taxable","21":"purchasable","22":"product-type-simple"},"aioseo_notices":[],"_links":{"self":[{"href":"https:\/\/tecsecmty.com\/index.php\/wp-json\/wp\/v2\/product\/5795","targetHints":{"allow":["GET"]}}],"collection":[{"href":"https:\/\/tecsecmty.com\/index.php\/wp-json\/wp\/v2\/product"}],"about":[{"href":"https:\/\/tecsecmty.com\/index.php\/wp-json\/wp\/v2\/types\/product"}],"replies":[{"embeddable":true,"href":"https:\/\/tecsecmty.com\/index.php\/wp-json\/wp\/v2\/comments?post=5795"}],"version-history":[{"count":0,"href":"https:\/\/tecsecmty.com\/index.php\/wp-json\/wp\/v2\/product\/5795\/revisions"}],"wp:featuredmedia":[{"embeddable":true,"href":"https:\/\/tecsecmty.com\/index.php\/wp-json\/wp\/v2\/media\/5794"}],"wp:attachment":[{"href":"https:\/\/tecsecmty.com\/index.php\/wp-json\/wp\/v2\/media?parent=5795"}],"wp:term":[{"taxonomy":"product_brand","embeddable":true,"href":"https:\/\/tecsecmty.com\/index.php\/wp-json\/wp\/v2\/product_brand?post=5795"},{"taxonomy":"product_cat","embeddable":true,"href":"https:\/\/tecsecmty.com\/index.php\/wp-json\/wp\/v2\/product_cat?post=5795"},{"taxonomy":"product_tag","embeddable":true,"href":"https:\/\/tecsecmty.com\/index.php\/wp-json\/wp\/v2\/product_tag?post=5795"}],"curies":[{"name":"wp","href":"https:\/\/api.w.org\/{rel}","templated":true}]}}