{"id":5801,"date":"2023-02-23T11:40:12","date_gmt":"2023-02-23T17:40:12","guid":{"rendered":"https:\/\/tecsecmty.com\/index.php\/producto\/bosch-f_fnm420brd-sirena-para-exterior-color-roja-lsn-i-mproved-hasta-102-db-volumenjardin-de-soluciones\/"},"modified":"2023-03-22T23:21:12","modified_gmt":"2023-03-23T05:21:12","slug":"bosch-f_fnm420brd-sirena-para-exterior-color-roja-lsn-i-mproved-hasta-102-db-volumenjardin-de-soluciones","status":"publish","type":"product","link":"https:\/\/tecsecmty.com\/index.php\/producto\/bosch-f_fnm420brd-sirena-para-exterior-color-roja-lsn-i-mproved-hasta-102-db-volumenjardin-de-soluciones\/","title":{"rendered":"BOSCH F_FNM420BRD &#8211; Sirena para exterior \/ Color roja \/ LSN I MPROVED \/ Hasta 102 dB volumen#Jardin de Soluciones"},"content":{"rendered":"<h5 class=\"card-title text-center\">Sirena exterior, roja FNM-420-B-RD<\/h5>\n<p class=\"ql-align-justify\">La sirena de exterior se utiliza de forma independiente para la se\u00f1alizaci\u00f3n de una alarma directamente en el lugar del incendio en el exterior.<\/p>\n<p class=\"ql-align-justify\"><strong>Funciones b\u00e1sicas<\/strong><\/p>\n<p class=\"ql-align-justify\">El dispositivo permite seleccionar 32 tipos de alarmas y tonos de evacuaci\u00f3n (incluido el tono DIN 33404, parte 3) para diferentes requisitos. Puede ajustar la presi\u00f3n ac\u00fastica en cinco niveles, en funci\u00f3n del entorno operativo. Seg\u00fan el tipo de tono y el ajuste de volumen, la presi\u00f3n ac\u00fastica var\u00eda entre 65 dB(A) y 102,5 dB(A). Las sirenas del mismo lazo LSN y con el mismo tipo de tono proporcionan una sincronizaci\u00f3n inmediata. Gracias a dos aisladores integrados, el dispositivo mantiene funciones del lazo LSN en caso de interrupci\u00f3n de cables o cortocircuito. Se pueden realizar cambios en los ajustes del dispositivo en el software de programaci\u00f3n FSP-5000- -RPS.<\/p>\n<p class=\"ql-align-justify\"><strong>Certificaciones y aprobaciones<\/strong><\/p>\n<p class=\"ql-align-justify\"><strong>Cumple con la norma<\/strong><\/p>\n<ul>\n<li class=\"ql-align-justify\">EN 54-3:2001<\/li>\n<li class=\"ql-align-justify\">EN 54-17:2005<\/li>\n<\/ul>\n<p class=\"ql-align-justify\"><strong>Regi\u00f3n<\/strong><\/p>\n<ul>\n<li class=\"ql-align-justify\">Europa CPR 0832-CPR-F1372 FNM-420-B-RD.<\/li>\n<li class=\"ql-align-justify\">Alemania VdS G 210004 FNM-420-B-RD.<\/li>\n<li class=\"ql-align-justify\">Europa CE FNM-420-B-RD.<\/li>\n<li class=\"ql-align-justify\">Hungr\u00eda TMT TMT-54\/2009 FNM-420-A, FNM-420-B.<\/li>\n<li class=\"ql-align-justify\">Ucrania MOE UA1.016.0113311-11 FNM-420-B-RD.<\/li>\n<\/ul>\n<p class=\"ql-align-justify\"><strong>Notas de configuraci\u00f3n\/instalaci\u00f3n<\/strong><\/p>\n<ul>\n<li class=\"ql-align-justify\">El dispositivo se ha dise\u00f1ado para usar en exteriores.<\/li>\n<li class=\"ql-align-justify\">El consumo de corriente depende del tipo de tono seleccionado, con un m\u00e1ximo de 4.05 mA.<\/li>\n<li class=\"ql-align-justify\">El n\u00famero m\u00e1ximo de dispositivos de cada lazo depende del di\u00e1metro del cable y de la corriente total del mismo. Recurra a Bosch Planning Software para dise\u00f1ar el lazo que vaya a utilizar.<\/li>\n<li class=\"ql-align-justify\">Este dispositivo no puede utilizarse con el controlador de la central FPA-5000 de tipo A.<\/li>\n<\/ul>\n<p class=\"ql-align-justify\"><strong>Piezas incluidas<\/strong><\/p>\n<p class=\"ql-align-justify\"><strong>Cantidad Componente<\/strong><\/p>\n<ul>\n<li class=\"ql-align-justify\">1 Dispositivo de aviso ac\u00fastico para exterior.<\/li>\n<li class=\"ql-align-justify\">4 Tornillos para carcasa.<\/li>\n<li class=\"ql-align-justify\">1 Llave Allen.<\/li>\n<\/ul>\n<p class=\"ql-align-justify\"><strong>Nota: Sirena exterior, roja FNM-420-B-RD<\/strong><\/p>\n<p class=\"ql-align-justify\"><strong>Sirena exterior, roja dispositivo de aviso ac\u00fastico independiente anal\u00f3gico direccionable para uso en exterior, rojo.<\/strong><\/p>\n<p class=\"ql-align-justify\"><strong>N\u00famero de pedido: FNM-420-B-RD\u00a0<\/strong><\/p>\n<p class=\"ql-align-justify\"><strong>Principales caracter\u00edsticas<\/strong><\/p>\n<ul>\n<li class=\"ql-align-justify\">Volumen de hasta 102,5 dB(A).<\/li>\n<li class=\"ql-align-justify\">Consumo m\u00e1ximo de corriente inferior a 4.05 mA.<\/li>\n<li class=\"ql-align-justify\">Hasta 75 sirenas por lazo LSN 0300 A y 100 por lazo LSN 1500 A.<\/li>\n<li class=\"ql-align-justify\">Sincronizaci\u00f3n inmediata.<\/li>\n<li class=\"ql-align-justify\">Se pueden seleccionar 32 tipos de tonos diferentes (incl. el tono DIN).<\/li>\n<\/ul>\n<p class=\"ql-align-justify\"><strong>Especificaciones<\/strong><\/p>\n<p class=\"ql-align-justify\">El\u00e9ctricos<\/p>\n<p class=\"ql-align-justify\">Tensi\u00f3n en funcionamiento: De 15 V CC a 33 V CC.<\/p>\n<p class=\"ql-align-justify\"><strong>Consumo de corriente<\/strong><\/p>\n<ul>\n<li class=\"ql-align-justify\">Estado inactivo &lt; 1 mA.<\/li>\n<li class=\"ql-align-justify\">Alarma \u2264 4.05 mA.<\/li>\n<\/ul>\n<p class=\"ql-align-justify\"><strong>Mec\u00e1nicas<\/strong><\/p>\n<ul>\n<li class=\"ql-align-justify\">Conexiones (entradas\/salidas): De 0,28 mm\u00b2 a 2,5 mm\u00b2.<\/li>\n<li class=\"ql-align-justify\">Dimensiones (Al. x An. x Pr.): 110 x 110 x 95 mm.<\/li>\n<\/ul>\n<p class=\"ql-align-justify\"><strong>Carcasa<\/strong><\/p>\n<ul>\n<li class=\"ql-align-justify\">Material Pl\u00e1stico, ABS<\/li>\n<li class=\"ql-align-justify\">Color rojo, similar a RAL 3001<\/li>\n<\/ul>\n<p class=\"ql-align-justify\"><strong>Peso<\/strong><\/p>\n<ul>\n<li class=\"ql-align-justify\">Sin embalaje 250 g<\/li>\n<li class=\"ql-align-justify\">Con embalaje 300 g<\/li>\n<\/ul>\n<p class=\"ql-align-justify\"><strong>Ambientales<\/strong><\/p>\n<ul>\n<li class=\"ql-align-justify\">Temperatura de funcionamiento permitida: De -25 \u00b0C a +70 \u00b0C.<\/li>\n<li class=\"ql-align-justify\">Temperatura de almacenamiento permitida: De -25 \u00b0C a +85 \u00b0C.<\/li>\n<li class=\"ql-align-justify\">Clase de protecci\u00f3n seg\u00fan EN 60529: IP 33 C (IP 66*).<\/li>\n<\/ul>\n<p><img decoding=\"async\" class=\"overview-center-img-web\" src=\"https:\/\/tvc.mx\/media\/36179\/Logoopaginas-oficial-1920x400.png\" alt=\"\" \/><\/p>\n","protected":false},"excerpt":{"rendered":"<p>Sirena exterior, roja FNM-420-B-RD La sirena de exterior se utiliza de forma independiente para la se\u00f1alizaci\u00f3n de una alarma directamente en el lugar del incendio en el exterior. Funciones b\u00e1sicas El dispositivo permite seleccionar 32 tipos de alarmas y tonos de evacuaci\u00f3n (incluido el tono&hellip;<\/p>\n","protected":false},"featured_media":5800,"comment_status":"open","ping_status":"closed","template":"","meta":{"om_disable_all_campaigns":false,"_monsterinsights_skip_tracking":false,"_monsterinsights_sitenote_active":false,"_monsterinsights_sitenote_note":"","_monsterinsights_sitenote_category":0},"product_brand":[],"product_cat":[504],"product_tag":[495,497,498,499,500,501,496,502],"class_list":{"0":"post-5801","1":"product","2":"type-product","3":"status-publish","4":"has-post-thumbnail","6":"product_cat-estrobos-y-sirenas","7":"product_tag-control-de-incendio","8":"product_tag-detectores","9":"product_tag-estacion-manual","10":"product_tag-estrobos-y-sirenas","11":"product_tag-modulos","12":"product_tag-paneles-de-control","13":"product_tag-sistemas-de-incendio","14":"product_tag-teclados","16":"first","17":"instock","18":"sale","19":"taxable","20":"shipping-taxable","21":"purchasable","22":"product-type-simple"},"aioseo_notices":[],"_links":{"self":[{"href":"https:\/\/tecsecmty.com\/index.php\/wp-json\/wp\/v2\/product\/5801","targetHints":{"allow":["GET"]}}],"collection":[{"href":"https:\/\/tecsecmty.com\/index.php\/wp-json\/wp\/v2\/product"}],"about":[{"href":"https:\/\/tecsecmty.com\/index.php\/wp-json\/wp\/v2\/types\/product"}],"replies":[{"embeddable":true,"href":"https:\/\/tecsecmty.com\/index.php\/wp-json\/wp\/v2\/comments?post=5801"}],"version-history":[{"count":0,"href":"https:\/\/tecsecmty.com\/index.php\/wp-json\/wp\/v2\/product\/5801\/revisions"}],"wp:featuredmedia":[{"embeddable":true,"href":"https:\/\/tecsecmty.com\/index.php\/wp-json\/wp\/v2\/media\/5800"}],"wp:attachment":[{"href":"https:\/\/tecsecmty.com\/index.php\/wp-json\/wp\/v2\/media?parent=5801"}],"wp:term":[{"taxonomy":"product_brand","embeddable":true,"href":"https:\/\/tecsecmty.com\/index.php\/wp-json\/wp\/v2\/product_brand?post=5801"},{"taxonomy":"product_cat","embeddable":true,"href":"https:\/\/tecsecmty.com\/index.php\/wp-json\/wp\/v2\/product_cat?post=5801"},{"taxonomy":"product_tag","embeddable":true,"href":"https:\/\/tecsecmty.com\/index.php\/wp-json\/wp\/v2\/product_tag?post=5801"}],"curies":[{"name":"wp","href":"https:\/\/api.w.org\/{rel}","templated":true}]}}