{"id":5807,"date":"2023-02-23T11:40:23","date_gmt":"2023-02-23T17:40:23","guid":{"rendered":"https:\/\/tecsecmty.com\/index.php\/producto\/bosch-f_fns320srd-flash-rojo-para-montaje-en-superficie\/"},"modified":"2023-03-22T23:21:12","modified_gmt":"2023-03-23T05:21:12","slug":"bosch-f_fns320srd-flash-rojo-para-montaje-en-superficie","status":"publish","type":"product","link":"https:\/\/tecsecmty.com\/index.php\/producto\/bosch-f_fns320srd-flash-rojo-para-montaje-en-superficie\/","title":{"rendered":"BOSCH F_FNS320SRD &#8211; Flash rojo para montaje en superficie"},"content":{"rendered":"<h5 class=\"card-title text-center\">FNS-320-SRD Flash rojo para montaje en superficie<\/h5>\n<p class=\"ql-align-justify\"><strong>Los flashes FNS-320 son dispositivos de se\u00f1alizaci\u00f3n universales de alarmas \u00f3pticas<\/strong><\/p>\n<p class=\"ql-align-justify\"><strong>Funciones b\u00e1sicas<\/strong><\/p>\n<p class=\"ql-align-justify\">La l\u00e1mpara del flash se monta en la parte superior transparente del dispositivo. Cuando se activa a trav\u00e9s de la central de incendios, parpadea con una frecuencia de un parpadeo por segundo. Las conexiones est\u00e1n protegidas contra inversi\u00f3n de polaridad.<\/p>\n<p class=\"ql-align-justify\"><strong>Certificados y homologaciones<\/strong><\/p>\n<ul>\n<li class=\"ql-align-justify\">Europa CE FNS-320-SRD, FNS-320-SYE, FNS-320- -SWH, FNS-320-SGR.<\/li>\n<li class=\"ql-align-justify\">Polonia CNBOP 1229\/2012 FNS-320-SRD<\/li>\n<\/ul>\n<p class=\"ql-align-justify\"><strong>Planificaci\u00f3n<\/strong><\/p>\n<ul>\n<li class=\"ql-align-justify\">El dispositivo no est\u00e1 certificado para EN 54-23. No es apto para su uso en alarmas de incendios dentro de la UE.<\/li>\n<li class=\"ql-align-justify\">El dispositivo es apto tanto para uso en interiores como exteriores. (Para el uso en exteriores se necesita un sistema de cableado adecuado no incluido en la entrega).<\/li>\n<li class=\"ql-align-justify\">La parte superior se fija a la base mediante un cierre de bayoneta.<\/li>\n<li class=\"ql-align-justify\">La lente tiene roscas de tornillo, as\u00ed como un tornillo de seguridad para evitar su extracci\u00f3n.<\/li>\n<li class=\"ql-align-justify\">El dispositivo se puede conectar a las siguientes centrales:<\/li>\n<\/ul>\n<ol>\n<li class=\"ql-align-justify\">\u2013 FPA-5000 \/ FPA-1200 con NZM 0002 A o FLM-420-NAC.<\/li>\n<li class=\"ql-align-justify\">\u2013 BZ 500 LSN, UEZ 1000 LSN, UEZ 2000 LSN, UGM 2020.<\/li>\n<\/ol>\n<p class=\"ql-align-justify\"><strong>Piezas incluidas<\/strong><\/p>\n<ul>\n<li class=\"ql-align-justify\">1 Dispositivo de se\u00f1alizaci\u00f3n rojo, transparente, \u00e1mbar o verde.<\/li>\n<li class=\"ql-align-justify\">1 Base de montaje roja para montaje en superficie.<\/li>\n<\/ul>\n<p class=\"ql-align-justify\"><strong>Nota: FNS-320-SRD<\/strong><\/p>\n<p class=\"ql-align-justify\"><strong>Flash rojo para montaje en superficie para se\u00f1alizaciones locales de alarma visual N\u00famero de pedido: FNS-320-SRD.<\/strong><\/p>\n<p class=\"ql-align-justify\"><strong>Principales caracter\u00edsticas<\/strong><\/p>\n<ul>\n<li class=\"ql-align-justify\">Compactos, robustos y exentos de mantenimiento.<\/li>\n<li class=\"ql-align-justify\">Fiables, luz brillante y de larga duraci\u00f3n con flashes de xen\u00f3n.<\/li>\n<li class=\"ql-align-justify\">Para una tensi\u00f3n de funcionamiento de 12 V CC y 24 V CC.<\/li>\n<li class=\"ql-align-justify\">Se pueden utilizar en condiciones ambientales adversas.<\/li>\n<\/ul>\n<p class=\"ql-align-justify\"><strong>Especificaciones<\/strong><\/p>\n<p class=\"ql-align-justify\"><strong>El\u00e9ctricas<\/strong><\/p>\n<p class=\"ql-align-justify\"><strong>Tensi\u00f3n en funcionamiento De 9 V de CC a 30 V de CC.<\/strong><\/p>\n<p class=\"ql-align-justify\"><strong>Consumo de corriente:<\/strong><\/p>\n<ul>\n<li class=\"ql-align-justify\">24 V 88 mA.<\/li>\n<li class=\"ql-align-justify\">12 V 185 mA.<\/li>\n<\/ul>\n<p class=\"ql-align-justify\"><strong>Mec\u00e1nicas<\/strong><\/p>\n<ul>\n<li class=\"ql-align-justify\">Material de la carcasa ABS V0 + PC.<\/li>\n<li class=\"ql-align-justify\">Color de la base Rojo, RAL 3001.<\/li>\n<li class=\"ql-align-justify\">Dimensiones (\u00d8 x Al.) 93 mm x 121 mm.<\/li>\n<li class=\"ql-align-justify\">Peso 180 g.<\/li>\n<\/ul>\n<p class=\"ql-align-justify\"><strong>\u00a0Ambientales<\/strong><\/p>\n<ul>\n<li class=\"ql-align-justify\">Clase de protecci\u00f3n conforme a EN 60529 IP 21C (IP 65).<\/li>\n<li class=\"ql-align-justify\">Temperatura de funcionamiento permitida De -20 \u00b0C a +70 \u00b0C.<\/li>\n<li class=\"ql-align-justify\">Humedad relativa permitida.<\/li>\n<\/ul>\n<p><img decoding=\"async\" class=\"overview-center-img-web\" src=\"https:\/\/tvc.mx\/media\/31611\/Logoopaginas-oficial-1920x400.png\" alt=\"\" \/><\/p>\n","protected":false},"excerpt":{"rendered":"<p>FNS-320-SRD Flash rojo para montaje en superficie Los flashes FNS-320 son dispositivos de se\u00f1alizaci\u00f3n universales de alarmas \u00f3pticas Funciones b\u00e1sicas La l\u00e1mpara del flash se monta en la parte superior transparente del dispositivo. Cuando se activa a trav\u00e9s de la central de incendios, parpadea con&hellip;<\/p>\n","protected":false},"featured_media":5806,"comment_status":"open","ping_status":"closed","template":"","meta":{"om_disable_all_campaigns":false,"_monsterinsights_skip_tracking":false,"_monsterinsights_sitenote_active":false,"_monsterinsights_sitenote_note":"","_monsterinsights_sitenote_category":0},"product_brand":[],"product_cat":[504],"product_tag":[495,497,498,499,500,501,496,502],"class_list":{"0":"post-5807","1":"product","2":"type-product","3":"status-publish","4":"has-post-thumbnail","6":"product_cat-estrobos-y-sirenas","7":"product_tag-control-de-incendio","8":"product_tag-detectores","9":"product_tag-estacion-manual","10":"product_tag-estrobos-y-sirenas","11":"product_tag-modulos","12":"product_tag-paneles-de-control","13":"product_tag-sistemas-de-incendio","14":"product_tag-teclados","16":"first","17":"instock","18":"sale","19":"taxable","20":"shipping-taxable","21":"purchasable","22":"product-type-simple"},"aioseo_notices":[],"_links":{"self":[{"href":"https:\/\/tecsecmty.com\/index.php\/wp-json\/wp\/v2\/product\/5807","targetHints":{"allow":["GET"]}}],"collection":[{"href":"https:\/\/tecsecmty.com\/index.php\/wp-json\/wp\/v2\/product"}],"about":[{"href":"https:\/\/tecsecmty.com\/index.php\/wp-json\/wp\/v2\/types\/product"}],"replies":[{"embeddable":true,"href":"https:\/\/tecsecmty.com\/index.php\/wp-json\/wp\/v2\/comments?post=5807"}],"version-history":[{"count":0,"href":"https:\/\/tecsecmty.com\/index.php\/wp-json\/wp\/v2\/product\/5807\/revisions"}],"wp:featuredmedia":[{"embeddable":true,"href":"https:\/\/tecsecmty.com\/index.php\/wp-json\/wp\/v2\/media\/5806"}],"wp:attachment":[{"href":"https:\/\/tecsecmty.com\/index.php\/wp-json\/wp\/v2\/media?parent=5807"}],"wp:term":[{"taxonomy":"product_brand","embeddable":true,"href":"https:\/\/tecsecmty.com\/index.php\/wp-json\/wp\/v2\/product_brand?post=5807"},{"taxonomy":"product_cat","embeddable":true,"href":"https:\/\/tecsecmty.com\/index.php\/wp-json\/wp\/v2\/product_cat?post=5807"},{"taxonomy":"product_tag","embeddable":true,"href":"https:\/\/tecsecmty.com\/index.php\/wp-json\/wp\/v2\/product_tag?post=5807"}],"curies":[{"name":"wp","href":"https:\/\/api.w.org\/{rel}","templated":true}]}}