{"id":5811,"date":"2023-02-23T11:40:28","date_gmt":"2023-02-23T17:40:28","guid":{"rendered":"https:\/\/tecsecmty.com\/index.php\/producto\/bosch-f_fnx425urfwh-alarma-acustica-visual-rojo-blanca\/"},"modified":"2023-03-22T23:21:12","modified_gmt":"2023-03-23T05:21:12","slug":"bosch-f_fnx425urfwh-alarma-acustica-visual-rojo-blanca","status":"publish","type":"product","link":"https:\/\/tecsecmty.com\/index.php\/producto\/bosch-f_fnx425urfwh-alarma-acustica-visual-rojo-blanca\/","title":{"rendered":"BOSCH F_FNX425URFWH- Alarma ac\u00fastica\/visual rojo, blanca"},"content":{"rendered":"<div class=\"row aling-items-center padding-bottom-2x\">\n<div class=\"col-lg-12\">\n<h5 class=\"card-title text-center\">AVENAR all-in-one 4000<\/h5>\n<p>AVENAR all-in-one 4000<\/p>\n<p><img decoding=\"async\" class=\"overview-center-img-web\" src=\"https:\/\/tvc.mx\/media\/626484\/encabezado-1920x400.png\" alt=\"\" \/><\/div>\n<\/div>\n<div class=\"row align-items-center padding-bottom-2x\">\n<div class=\"col-md-5\"><img decoding=\"async\" class=\"d-block m-auto img-thumbnail\" src=\"https:\/\/tvc.mx\/media\/626691\/logo-400x300-blanco.png\" alt=\" \" \/><\/div>\n<div class=\"col-md-7 text-md-left text-center\">\n<h2>AVENAR all-in-one 4000<\/h2>\n<p class=\"text-muted\">\n<ul>\n<li>Alarma efectiva: certificaci\u00f3n seg\u00fan EN 54-3 y EN 54-23<\/li>\n<li>Se\u00f1alizaci\u00f3n de alarma ininterrumpida, incluso en un ramal LSN<\/li>\n<li>Instalaci\u00f3n y reemplazo sencillos y rentables<\/li>\n<li>Hasta 84 elementos por lazo, hasta 127 si funciona sin detector<\/li>\n<li>Para combinaci\u00f3n con cualquier detector de la serie AVENAR detector 4000<\/li>\n<\/ul>\n<p>&nbsp;<\/p>\n<\/div>\n<\/div>\n<hr class=\"padding-bottom-2x\" \/>\n<div class=\"row aling-items-center padding-bottom-2x\">\n<div class=\"col-lg-12\">\n<h5 class=\"card-title text-center\">Res\u00famen<\/h5>\n<p>AVENAR all-in-one 4000 es una soluci\u00f3n mono-punto fabricada en Alemania para aplicaciones que requieren tanto una se\u00f1alizaci\u00f3n de alarma visual como una se\u00f1alizaci\u00f3n de alarma audible.<\/p>\n<p>El dispositivo no necesita ninguna fuente de alimentaci\u00f3n externa adicional. En modo reposo se alimenta mediante el lazo y en modo de alarma hay una alimentaci\u00f3n adicional disponible a trav\u00e9s de la bater\u00eda integrada. El concepto de bater\u00eda patentado garantiza una gran cantidad de dispositivos por lazo.<\/p>\n<p><img decoding=\"async\" class=\"overview-center-img-web\" src=\"https:\/\/tvc.mx\/media\/626496\/encabezado-1920x400.png\" alt=\"\" \/><\/div>\n<\/div>\n<div class=\"row align-items-center padding-bottom-2x\">\n<div class=\"col-md-5\"><img decoding=\"async\" class=\"d-block m-auto img-thumbnail\" src=\"https:\/\/tvc.mx\/media\/626508\/descripci%C3%B3n-400x300.png\" alt=\" \" \/><\/div>\n<div class=\"col-md-7 text-md-left text-center\">\n<h2>Descripci\u00f3n del Sistema<\/h2>\n<p class=\"text-muted\">\n<p>Si adem\u00e1s se necesita detecci\u00f3n de incendios, el dispositivo se puede combinar con cualquier detector de la serie AVENAR detector 4000<\/p>\n<p>&nbsp;<\/p>\n<\/div>\n<\/div>\n<hr class=\"padding-bottom-2x\" \/>\n<div class=\"row aling-items-center padding-bottom-2x\">\n<div class=\"col-lg-12\">\n<h5 class=\"card-title text-center\">Funciones<\/h5>\n<ul>\n<li class=\"ql-indent-1\">El dispositivo direccionable se puede utilizar en distintas aplicaciones en las que son necesarias las alarmas visuales adem\u00e1s de las alarmas audibles (por ejemplo, edificios p\u00fablicos, hoteles, hospitales).<\/li>\n<li class=\"ql-indent-1\">Instalaci\u00f3n en el techo o en la pared.<\/li>\n<li class=\"ql-indent-1\">32 tipos de tono diferentes, incluido el tono DIN (DIN 33404, pieza 3).<\/li>\n<li class=\"ql-indent-1\">El nivel de presi\u00f3n ac\u00fastica oscila entre 65 dB(A) para el mantenimiento y un m\u00e1ximo de 97 dB(A).<\/li>\n<li class=\"ql-indent-1\">La sincronizaci\u00f3n est\u00e1 garantizada para la alarma visual y la se\u00f1alizaci\u00f3n de alarma audible de los dispositivos AVENAR all-in-one 4000.<\/li>\n<li class=\"ql-indent-1\">Con 12 LED y 360\u00b0 de visibilidad, se consigue la iluminaci\u00f3n que se requiere seg\u00fan la norma EN 54-23. Las 2 velocidades fijas de parpadeo as\u00ed como 3 los distintos vol\u00famenes de cobertura se pueden definir a trav\u00e9s de FSP-5000-RPS.<\/li>\n<li class=\"ql-indent-1\">Siempre y cuando la CDI haya activado ya el dispositivo, la fuente de alimentaci\u00f3n de alto rendimiento garantiza la se\u00f1alizaci\u00f3n de alarma ininterrumpible en l\u00ednea con VdS 3536. Incluso si se interrumpe una l\u00ednea de ramal o el bus LSN est\u00e1 da\u00f1ado de forma permanente.<\/li>\n<li class=\"ql-indent-1\">Instalaci\u00f3n y sustituci\u00f3n asequibles y sencillas (por ejemplo, terminales desconectables). Debido a la configuraci\u00f3n modular del producto, la instalaci\u00f3n y sustituci\u00f3n se pueden realizar en pasos (por ejemplo, montaje previo y cableado de la base)<\/li>\n<\/ul>\n<p><img decoding=\"async\" class=\"overview-center-img-web\" src=\"https:\/\/tvc.mx\/media\/626514\/encabezado-1920x400.png\" alt=\"\" \/><\/div>\n<\/div>\n<div class=\"row align-items-center padding-bottom-2x\">\n<div class=\"col-md-5\"><img decoding=\"async\" class=\"d-block m-auto img-thumbnail\" src=\"https:\/\/tvc.mx\/media\/626532\/certificaciones-400x300.png\" alt=\" \" \/><\/div>\n<div class=\"col-md-7 text-md-left text-center\">\n<h2>Certificaciones y aprobaciones<\/h2>\n<p class=\"text-muted\">\n<p>Certificaciones y aprobaciones<\/p>\n<p>&nbsp;<\/p>\n<\/div>\n<\/div>\n<hr class=\"padding-bottom-2x\" \/>\n<div class=\"row aling-items-center padding-bottom-2x\">\n<div class=\"col-lg-12\">\n<h5 class=\"card-title text-center\">Notas de configuraci\u00f3n\/instalaci\u00f3n<\/h5>\n<ul>\n<li>El dispositivo se ha dise\u00f1ado para usar en interiores. Debido al sellado de la base integrada tiene la certificaci\u00f3n IP42.<\/li>\n<li>El dispositivo est\u00e1 certificado para EN 54-23, categor\u00eda C (techo) y categor\u00eda W (pared).<\/li>\n<li>Posibilidad de cableado de superficie y empotrado.<\/li>\n<li>Para la instalaci\u00f3n de montaje en techo, la distancia m\u00ednima con respecto a las paredes es 300 mm.<\/li>\n<li>Est\u00e1n certificados 3 niveles de intensidad distintos para el sonido y el parpadeo.<\/li>\n<li>El consumo de corriente en el bus LSN esindependiente de los ajustes de sonido y parpadeo.<\/li>\n<li>Si es necesario, el dispositivo se puede usarexclusivamente para la se\u00f1alizaci\u00f3n de alarma audible o para la se\u00f1alizaci\u00f3n de alarma visual.<\/li>\n<li>El dispositivo se puede usar con cualquier detector de la serie AVENAR detector 4000. Cuando se usa sin funci\u00f3n de detecci\u00f3n, es necesario utilizar la cubierta.<\/li>\n<li>Para garantizar que personas no autorizadas tengan acceso al dispositivo, el clip de bloqueo se puede montar de forma opcional. Consulte al operador del edificio o a los planificadores especializados en laconstrucci\u00f3n del edificio si se debe montar el clip de bloqueo.<\/li>\n<li>Utilice Bosch Safety Systems Designer para conseguir un dise\u00f1o fiable.<\/li>\n<\/ul>\n<p><img decoding=\"async\" class=\"overview-center-img-web\" src=\"https:\/\/tvc.mx\/media\/626535\/encabezado-1920x400.png\" alt=\"\" \/><\/div>\n<\/div>\n<div class=\"row align-items-center padding-bottom-2x\">\n<div class=\"col-md-5\"><img decoding=\"async\" class=\"d-block m-auto img-thumbnail\" src=\"https:\/\/tvc.mx\/media\/626553\/400x300-niveles-de-presi%C3%B3n.png\" alt=\" \" \/><\/div>\n<div class=\"col-md-7 text-md-left text-center\">\n<h2>continuaci\u00f3n&#8230;<\/h2>\n<p class=\"text-muted\">\n<p>Niveles de presi\u00f3n ac\u00fastica probados de conformidad con la norma EN 54-3<\/p>\n<p>&nbsp;<\/p>\n<\/div>\n<\/div>\n<hr class=\"padding-bottom-2x\" \/>\n<div class=\"row aling-items-center padding-bottom-2x\">\n<div class=\"col-lg-12\">\n<h5 class=\"card-title text-center\">Especificaciones t\u00e9cnicas<\/h5>\n<p>Especificaciones T\u00e9cnicas<\/p>\n<p><img decoding=\"async\" class=\"overview-center-img-web\" src=\"https:\/\/tvc.mx\/media\/626580\/1920x400-especificaciones-t%C3%A9cnicas.png\" alt=\"\" \/><\/div>\n<\/div>\n","protected":false},"excerpt":{"rendered":"<p>AVENAR all-in-one 4000 AVENAR all-in-one 4000 AVENAR all-in-one 4000 Alarma efectiva: certificaci\u00f3n seg\u00fan EN 54-3 y EN 54-23 Se\u00f1alizaci\u00f3n de alarma ininterrumpida, incluso en un ramal LSN Instalaci\u00f3n y reemplazo sencillos y rentables Hasta 84 elementos por lazo, hasta 127 si funciona sin detector Para&hellip;<\/p>\n","protected":false},"featured_media":5810,"comment_status":"open","ping_status":"closed","template":"","meta":{"om_disable_all_campaigns":false,"_monsterinsights_skip_tracking":false,"_monsterinsights_sitenote_active":false,"_monsterinsights_sitenote_note":"","_monsterinsights_sitenote_category":0},"product_brand":[],"product_cat":[504],"product_tag":[495,497,498,499,500,501,496,502],"class_list":{"0":"post-5811","1":"product","2":"type-product","3":"status-publish","4":"has-post-thumbnail","6":"product_cat-estrobos-y-sirenas","7":"product_tag-control-de-incendio","8":"product_tag-detectores","9":"product_tag-estacion-manual","10":"product_tag-estrobos-y-sirenas","11":"product_tag-modulos","12":"product_tag-paneles-de-control","13":"product_tag-sistemas-de-incendio","14":"product_tag-teclados","16":"first","17":"instock","18":"sale","19":"taxable","20":"shipping-taxable","21":"purchasable","22":"product-type-simple"},"aioseo_notices":[],"_links":{"self":[{"href":"https:\/\/tecsecmty.com\/index.php\/wp-json\/wp\/v2\/product\/5811","targetHints":{"allow":["GET"]}}],"collection":[{"href":"https:\/\/tecsecmty.com\/index.php\/wp-json\/wp\/v2\/product"}],"about":[{"href":"https:\/\/tecsecmty.com\/index.php\/wp-json\/wp\/v2\/types\/product"}],"replies":[{"embeddable":true,"href":"https:\/\/tecsecmty.com\/index.php\/wp-json\/wp\/v2\/comments?post=5811"}],"version-history":[{"count":0,"href":"https:\/\/tecsecmty.com\/index.php\/wp-json\/wp\/v2\/product\/5811\/revisions"}],"wp:featuredmedia":[{"embeddable":true,"href":"https:\/\/tecsecmty.com\/index.php\/wp-json\/wp\/v2\/media\/5810"}],"wp:attachment":[{"href":"https:\/\/tecsecmty.com\/index.php\/wp-json\/wp\/v2\/media?parent=5811"}],"wp:term":[{"taxonomy":"product_brand","embeddable":true,"href":"https:\/\/tecsecmty.com\/index.php\/wp-json\/wp\/v2\/product_brand?post=5811"},{"taxonomy":"product_cat","embeddable":true,"href":"https:\/\/tecsecmty.com\/index.php\/wp-json\/wp\/v2\/product_cat?post=5811"},{"taxonomy":"product_tag","embeddable":true,"href":"https:\/\/tecsecmty.com\/index.php\/wp-json\/wp\/v2\/product_tag?post=5811"}],"curies":[{"name":"wp","href":"https:\/\/api.w.org\/{rel}","templated":true}]}}